{"id":6162,"date":"2022-05-19T13:01:58","date_gmt":"2022-05-19T11:01:58","guid":{"rendered":"https:\/\/findpetgps.com\/producto\/findpet-mini-caixa-de-silicone-preto\/"},"modified":"2022-09-07T13:34:12","modified_gmt":"2022-09-07T11:34:12","slug":"caso-silicone-preto-mini","status":"publish","type":"product","link":"https:\/\/findpetgps.com\/pt-pt\/produto\/caso-silicone-preto-mini\/","title":{"rendered":"FindPet mini caixa de silicone preto"},"content":{"rendered":"<p>Substitui\u00e7\u00e3o da caixa de silicone preto para encontrar MiniPet.<\/p>\n<p>N\u00e3o inclui coleira ou GPS, apenas o caso de silicone de substitui\u00e7\u00e3o<\/p>\n","protected":false},"excerpt":{"rendered":"<p>Substitui\u00e7\u00e3o da caixa de silicone preto para encontrar MiniPet. N\u00e3o inclui coleira ou GPS, apenas o caso de silicone de substitui\u00e7\u00e3o<\/p>\n","protected":false},"featured_media":6160,"template":"","meta":[],"product_brand":[],"product_cat":[346,340],"product_tag":[],"class_list":{"0":"post-6162","1":"product","2":"type-product","3":"status-publish","4":"has-post-thumbnail","6":"product_cat-caes-gps","7":"product_cat-gps-gatos-pt","9":"first","10":"instock","11":"taxable","12":"shipping-taxable","13":"purchasable","14":"product-type-simple"},"bundled_by":[],"bundle_stock_status":"instock","bundle_stock_quantity":null,"bundle_virtual":false,"bundle_layout":"","bundle_add_to_cart_form_location":"","bundle_editable_in_cart":false,"bundle_sold_individually_context":"","bundle_item_grouping":"","bundle_min_size":"","bundle_max_size":"","bundle_price":[],"bundled_items":[],"bundle_sell_ids":[],"yoast_head":"<!-- This site is optimized with the Yoast SEO plugin v27.1.1 - https:\/\/yoast.com\/product\/yoast-seo-wordpress\/ -->\n<title>FindPet mini caixa de silicone preto - FindPetGPS<\/title>\n<meta name=\"robots\" content=\"index, follow, max-snippet:-1, max-image-preview:large, max-video-preview:-1\" \/>\n<link rel=\"canonical\" href=\"https:\/\/findpetgps.com\/pt-pt\/produto\/caso-silicone-preto-mini\/\" \/>\n<meta property=\"og:locale\" content=\"pt_PT\" \/>\n<meta property=\"og:type\" content=\"article\" \/>\n<meta property=\"og:title\" content=\"FindPet mini caixa de silicone preto - FindPetGPS\" \/>\n<meta property=\"og:description\" content=\"Substitui\u00e7\u00e3o da caixa de silicone preto para encontrar MiniPet. N\u00e3o inclui coleira ou GPS, apenas o caso de silicone de substitui\u00e7\u00e3o\" \/>\n<meta property=\"og:url\" content=\"https:\/\/findpetgps.com\/pt-pt\/produto\/caso-silicone-preto-mini\/\" \/>\n<meta property=\"og:site_name\" content=\"FindPetGPS\" \/>\n<meta property=\"article:modified_time\" content=\"2022-09-07T11:34:12+00:00\" \/>\n<meta property=\"og:image\" content=\"https:\/\/findpetgps.com\/wp-content\/uploads\/2022\/05\/rubber-case.jpg\" \/>\n\t<meta property=\"og:image:width\" content=\"750\" \/>\n\t<meta property=\"og:image:height\" content=\"750\" \/>\n\t<meta property=\"og:image:type\" content=\"image\/jpeg\" \/>\n<meta name=\"twitter:card\" content=\"summary_large_image\" \/>\n<script type=\"application\/ld+json\" class=\"yoast-schema-graph\">{\"@context\":\"https:\/\/schema.org\",\"@graph\":[{\"@type\":\"WebPage\",\"@id\":\"https:\/\/findpetgps.com\/pt-pt\/produto\/caso-silicone-preto-mini\/\",\"url\":\"https:\/\/findpetgps.com\/pt-pt\/produto\/caso-silicone-preto-mini\/\",\"name\":\"FindPet mini caixa de silicone preto - FindPetGPS\",\"isPartOf\":{\"@id\":\"https:\/\/findpetgps.com\/pt-pt\/#website\"},\"primaryImageOfPage\":{\"@id\":\"https:\/\/findpetgps.com\/pt-pt\/produto\/caso-silicone-preto-mini\/#primaryimage\"},\"image\":{\"@id\":\"https:\/\/findpetgps.com\/pt-pt\/produto\/caso-silicone-preto-mini\/#primaryimage\"},\"thumbnailUrl\":\"https:\/\/findpetgps.com\/wp-content\/uploads\/2022\/05\/rubber-case.jpg\",\"datePublished\":\"2022-05-19T11:01:58+00:00\",\"dateModified\":\"2022-09-07T11:34:12+00:00\",\"breadcrumb\":{\"@id\":\"https:\/\/findpetgps.com\/pt-pt\/produto\/caso-silicone-preto-mini\/#breadcrumb\"},\"inLanguage\":\"pt-PT\",\"potentialAction\":[{\"@type\":\"ReadAction\",\"target\":[\"https:\/\/findpetgps.com\/pt-pt\/produto\/caso-silicone-preto-mini\/\"]}]},{\"@type\":\"ImageObject\",\"inLanguage\":\"pt-PT\",\"@id\":\"https:\/\/findpetgps.com\/pt-pt\/produto\/caso-silicone-preto-mini\/#primaryimage\",\"url\":\"https:\/\/findpetgps.com\/wp-content\/uploads\/2022\/05\/rubber-case.jpg\",\"contentUrl\":\"https:\/\/findpetgps.com\/wp-content\/uploads\/2022\/05\/rubber-case.jpg\",\"width\":750,\"height\":750},{\"@type\":\"BreadcrumbList\",\"@id\":\"https:\/\/findpetgps.com\/pt-pt\/produto\/caso-silicone-preto-mini\/#breadcrumb\",\"itemListElement\":[{\"@type\":\"ListItem\",\"position\":1,\"name\":\"Portada\",\"item\":\"https:\/\/findpetgps.com\/pt-pt\/\"},{\"@type\":\"ListItem\",\"position\":2,\"name\":\"Loja\",\"item\":\"https:\/\/findpetgps.com\/tienda\/\"},{\"@type\":\"ListItem\",\"position\":3,\"name\":\"FindPet mini caixa de silicone preto\"}]},{\"@type\":\"WebSite\",\"@id\":\"https:\/\/findpetgps.com\/pt-pt\/#website\",\"url\":\"https:\/\/findpetgps.com\/pt-pt\/\",\"name\":\"FindPetGPS\",\"description\":\"Localizadores GPS para c\u00e3es e gatos\",\"publisher\":{\"@id\":\"https:\/\/findpetgps.com\/pt-pt\/#organization\"},\"potentialAction\":[{\"@type\":\"SearchAction\",\"target\":{\"@type\":\"EntryPoint\",\"urlTemplate\":\"https:\/\/findpetgps.com\/pt-pt\/?s={search_term_string}\"},\"query-input\":{\"@type\":\"PropertyValueSpecification\",\"valueRequired\":true,\"valueName\":\"search_term_string\"}}],\"inLanguage\":\"pt-PT\"},{\"@type\":\"Organization\",\"@id\":\"https:\/\/findpetgps.com\/pt-pt\/#organization\",\"name\":\"findPetGPS\",\"url\":\"https:\/\/findpetgps.com\/pt-pt\/\",\"logo\":{\"@type\":\"ImageObject\",\"inLanguage\":\"pt-PT\",\"@id\":\"https:\/\/findpetgps.com\/pt-pt\/#\/schema\/logo\/image\/\",\"url\":\"https:\/\/findpetgps.com\/wp-content\/uploads\/2020\/10\/Findpet-Logo-01-200.png\",\"contentUrl\":\"https:\/\/findpetgps.com\/wp-content\/uploads\/2020\/10\/Findpet-Logo-01-200.png\",\"width\":283,\"height\":200,\"caption\":\"findPetGPS\"},\"image\":{\"@id\":\"https:\/\/findpetgps.com\/pt-pt\/#\/schema\/logo\/image\/\"}}]}<\/script>\n<!-- \/ Yoast SEO plugin. -->","yoast_head_json":{"title":"FindPet mini caixa de silicone preto - FindPetGPS","robots":{"index":"index","follow":"follow","max-snippet":"max-snippet:-1","max-image-preview":"max-image-preview:large","max-video-preview":"max-video-preview:-1"},"canonical":"https:\/\/findpetgps.com\/pt-pt\/produto\/caso-silicone-preto-mini\/","og_locale":"pt_PT","og_type":"article","og_title":"FindPet mini caixa de silicone preto - FindPetGPS","og_description":"Substitui\u00e7\u00e3o da caixa de silicone preto para encontrar MiniPet. N\u00e3o inclui coleira ou GPS, apenas o caso de silicone de substitui\u00e7\u00e3o","og_url":"https:\/\/findpetgps.com\/pt-pt\/produto\/caso-silicone-preto-mini\/","og_site_name":"FindPetGPS","article_modified_time":"2022-09-07T11:34:12+00:00","og_image":[{"width":750,"height":750,"url":"https:\/\/findpetgps.com\/wp-content\/uploads\/2022\/05\/rubber-case.jpg","type":"image\/jpeg"}],"twitter_card":"summary_large_image","schema":{"@context":"https:\/\/schema.org","@graph":[{"@type":"WebPage","@id":"https:\/\/findpetgps.com\/pt-pt\/produto\/caso-silicone-preto-mini\/","url":"https:\/\/findpetgps.com\/pt-pt\/produto\/caso-silicone-preto-mini\/","name":"FindPet mini caixa de silicone preto - FindPetGPS","isPartOf":{"@id":"https:\/\/findpetgps.com\/pt-pt\/#website"},"primaryImageOfPage":{"@id":"https:\/\/findpetgps.com\/pt-pt\/produto\/caso-silicone-preto-mini\/#primaryimage"},"image":{"@id":"https:\/\/findpetgps.com\/pt-pt\/produto\/caso-silicone-preto-mini\/#primaryimage"},"thumbnailUrl":"https:\/\/findpetgps.com\/wp-content\/uploads\/2022\/05\/rubber-case.jpg","datePublished":"2022-05-19T11:01:58+00:00","dateModified":"2022-09-07T11:34:12+00:00","breadcrumb":{"@id":"https:\/\/findpetgps.com\/pt-pt\/produto\/caso-silicone-preto-mini\/#breadcrumb"},"inLanguage":"pt-PT","potentialAction":[{"@type":"ReadAction","target":["https:\/\/findpetgps.com\/pt-pt\/produto\/caso-silicone-preto-mini\/"]}]},{"@type":"ImageObject","inLanguage":"pt-PT","@id":"https:\/\/findpetgps.com\/pt-pt\/produto\/caso-silicone-preto-mini\/#primaryimage","url":"https:\/\/findpetgps.com\/wp-content\/uploads\/2022\/05\/rubber-case.jpg","contentUrl":"https:\/\/findpetgps.com\/wp-content\/uploads\/2022\/05\/rubber-case.jpg","width":750,"height":750},{"@type":"BreadcrumbList","@id":"https:\/\/findpetgps.com\/pt-pt\/produto\/caso-silicone-preto-mini\/#breadcrumb","itemListElement":[{"@type":"ListItem","position":1,"name":"Portada","item":"https:\/\/findpetgps.com\/pt-pt\/"},{"@type":"ListItem","position":2,"name":"Loja","item":"https:\/\/findpetgps.com\/tienda\/"},{"@type":"ListItem","position":3,"name":"FindPet mini caixa de silicone preto"}]},{"@type":"WebSite","@id":"https:\/\/findpetgps.com\/pt-pt\/#website","url":"https:\/\/findpetgps.com\/pt-pt\/","name":"FindPetGPS","description":"Localizadores GPS para c\u00e3es e gatos","publisher":{"@id":"https:\/\/findpetgps.com\/pt-pt\/#organization"},"potentialAction":[{"@type":"SearchAction","target":{"@type":"EntryPoint","urlTemplate":"https:\/\/findpetgps.com\/pt-pt\/?s={search_term_string}"},"query-input":{"@type":"PropertyValueSpecification","valueRequired":true,"valueName":"search_term_string"}}],"inLanguage":"pt-PT"},{"@type":"Organization","@id":"https:\/\/findpetgps.com\/pt-pt\/#organization","name":"findPetGPS","url":"https:\/\/findpetgps.com\/pt-pt\/","logo":{"@type":"ImageObject","inLanguage":"pt-PT","@id":"https:\/\/findpetgps.com\/pt-pt\/#\/schema\/logo\/image\/","url":"https:\/\/findpetgps.com\/wp-content\/uploads\/2020\/10\/Findpet-Logo-01-200.png","contentUrl":"https:\/\/findpetgps.com\/wp-content\/uploads\/2020\/10\/Findpet-Logo-01-200.png","width":283,"height":200,"caption":"findPetGPS"},"image":{"@id":"https:\/\/findpetgps.com\/pt-pt\/#\/schema\/logo\/image\/"}}]}},"_links":{"self":[{"href":"https:\/\/findpetgps.com\/pt-pt\/wp-json\/wp\/v2\/product\/6162","targetHints":{"allow":["GET"]}}],"collection":[{"href":"https:\/\/findpetgps.com\/pt-pt\/wp-json\/wp\/v2\/product"}],"about":[{"href":"https:\/\/findpetgps.com\/pt-pt\/wp-json\/wp\/v2\/types\/product"}],"wp:featuredmedia":[{"embeddable":true,"href":"https:\/\/findpetgps.com\/pt-pt\/wp-json\/wp\/v2\/media\/6160"}],"wp:attachment":[{"href":"https:\/\/findpetgps.com\/pt-pt\/wp-json\/wp\/v2\/media?parent=6162"}],"wp:term":[{"taxonomy":"product_brand","embeddable":true,"href":"https:\/\/findpetgps.com\/pt-pt\/wp-json\/wp\/v2\/product_brand?post=6162"},{"taxonomy":"product_cat","embeddable":true,"href":"https:\/\/findpetgps.com\/pt-pt\/wp-json\/wp\/v2\/product_cat?post=6162"},{"taxonomy":"product_tag","embeddable":true,"href":"https:\/\/findpetgps.com\/pt-pt\/wp-json\/wp\/v2\/product_tag?post=6162"}],"curies":[{"name":"wp","href":"https:\/\/api.w.org\/{rel}","templated":true}]}}