{"id":2680,"date":"2020-10-13T00:30:55","date_gmt":"2020-10-12T22:30:55","guid":{"rendered":"https:\/\/findpetgps.com\/producto\/findpet-gps-mini-para-gatos\/"},"modified":"2022-09-07T13:55:47","modified_gmt":"2022-09-07T11:55:47","slug":"findpet-gps-mini-para-gatos","status":"publish","type":"product","link":"https:\/\/findpetgps.com\/pt-pt\/produto\/findpet-gps-mini-para-gatos\/","title":{"rendered":"findPet GPS mini para gatos"},"content":{"rendered":"<p>encontrar mini localizador GPS para gatos<\/p>\n<ul>\n<li>Posicionamento GPS\/Wi-Fi com cobertura global<\/li>\n<li>O mais leve e menor do mercado, apenas 20gr<\/li>\n<li>Design exclusivo &#8220;cool&#8221;<\/li>\n<li>App propia \u201cfindPet\u201d para Android \/ IOS<\/li>\n<li>Modo ao vivo<\/li>\n<li>Tempo de interposi\u00e7\u00e3o configur\u00e1vel<\/li>\n<li>Rastreio de Atividades<\/li>\n<li>Bateria de dura\u00e7\u00e3o extra longa, entre 2 e 4 dias (dependendo da configura\u00e7\u00e3o e utiliza\u00e7\u00e3o)<\/li>\n<li>Grau de prote\u00e7\u00e3o da \u00e1gua IPx7 (30 minutos em imers\u00e3o)<\/li>\n<li>Inclui caixa de silicone (cor a escolher), gola ajust\u00e1vel e cabo de carregador magn\u00e9tico<\/li>\n<li>Requer um plano de <a href=\"https:\/\/findpetgps.com\/pt-pt\/planos\/\" target=\"_blank\" rel=\"noopener noreferrer\">subscri\u00e7\u00e3o,<\/a>a partir de 2,99 euros\/m\u00eas<\/li>\n<\/ul>\n","protected":false},"excerpt":{"rendered":"<p>Localizador gps para gatos findPet GPS mini, com coleira inclu\u00edda. Localiza\u00e7\u00e3o e Rastreio de Atividades gps e wi-fi.<\/p>\n<p>Requer <a href=\"https:\/\/findpetgps.com\/pt-pt\/planos\/\">um plano de subscri\u00e7\u00e3o<\/a><\/p>\n","protected":false},"featured_media":8140,"template":"","meta":[],"product_brand":[],"product_cat":[340,334],"product_tag":[],"class_list":{"0":"post-2680","1":"product","2":"type-product","3":"status-publish","4":"has-post-thumbnail","6":"product_cat-gps-gatos-pt","7":"product_cat-gps-animais-estimacao","9":"first","10":"outofstock","11":"taxable","12":"shipping-taxable","13":"purchasable","14":"product-type-simple"},"bundled_by":[],"bundle_stock_status":"outofstock","bundle_stock_quantity":null,"bundle_virtual":false,"bundle_layout":"","bundle_add_to_cart_form_location":"","bundle_editable_in_cart":false,"bundle_sold_individually_context":"","bundle_item_grouping":"","bundle_min_size":"","bundle_max_size":"","bundle_price":[],"bundled_items":[],"bundle_sell_ids":[],"yoast_head":"<!-- This site is optimized with the Yoast SEO plugin v27.1.1 - https:\/\/yoast.com\/product\/yoast-seo-wordpress\/ -->\n<title>findPet GPS mini para gatos - FindPetGPS<\/title>\n<meta name=\"description\" content=\"findPet Localizador GPS para Gatos [GPS Mini 2021] El Collar GPS Gatos m\u00e1s Ligero del Mundo, 20gr. Localiza\u00e7\u00e3o em tempo real e rastreio de atividade 24 horas.\" \/>\n<meta name=\"robots\" content=\"index, follow, max-snippet:-1, max-image-preview:large, max-video-preview:-1\" \/>\n<link rel=\"canonical\" href=\"https:\/\/findpetgps.com\/pt-pt\/produto\/findpet-gps-mini-para-gatos\/\" \/>\n<meta property=\"og:locale\" content=\"pt_PT\" \/>\n<meta property=\"og:type\" content=\"article\" \/>\n<meta property=\"og:title\" content=\"findPet GPS mini para gatos - FindPetGPS\" \/>\n<meta property=\"og:description\" content=\"findPet Localizador GPS para Gatos [GPS Mini 2021] El Collar GPS Gatos m\u00e1s Ligero del Mundo, 20gr. Localiza\u00e7\u00e3o em tempo real e rastreio de atividade 24 horas.\" \/>\n<meta property=\"og:url\" content=\"https:\/\/findpetgps.com\/pt-pt\/produto\/findpet-gps-mini-para-gatos\/\" \/>\n<meta property=\"og:site_name\" content=\"FindPetGPS\" \/>\n<meta property=\"article:modified_time\" content=\"2022-09-07T11:55:47+00:00\" \/>\n<meta property=\"og:image\" content=\"https:\/\/findpetgps.com\/wp-content\/uploads\/2020\/10\/findpet-01-imagen-principal.png\" \/>\n\t<meta property=\"og:image:width\" content=\"1200\" \/>\n\t<meta property=\"og:image:height\" content=\"1200\" \/>\n\t<meta property=\"og:image:type\" content=\"image\/png\" \/>\n<meta name=\"twitter:card\" content=\"summary_large_image\" \/>\n<meta name=\"twitter:label1\" content=\"Tempo estimado de leitura\" \/>\n\t<meta name=\"twitter:data1\" content=\"1 minuto\" \/>\n<script type=\"application\/ld+json\" class=\"yoast-schema-graph\">{\"@context\":\"https:\/\/schema.org\",\"@graph\":[{\"@type\":\"WebPage\",\"@id\":\"https:\/\/findpetgps.com\/pt-pt\/produto\/findpet-gps-mini-para-gatos\/\",\"url\":\"https:\/\/findpetgps.com\/pt-pt\/produto\/findpet-gps-mini-para-gatos\/\",\"name\":\"findPet GPS mini para gatos - FindPetGPS\",\"isPartOf\":{\"@id\":\"https:\/\/findpetgps.com\/pt-pt\/#website\"},\"primaryImageOfPage\":{\"@id\":\"https:\/\/findpetgps.com\/pt-pt\/produto\/findpet-gps-mini-para-gatos\/#primaryimage\"},\"image\":{\"@id\":\"https:\/\/findpetgps.com\/pt-pt\/produto\/findpet-gps-mini-para-gatos\/#primaryimage\"},\"thumbnailUrl\":\"https:\/\/findpetgps.com\/wp-content\/uploads\/2020\/10\/findpet-01-imagen-principal.png\",\"datePublished\":\"2020-10-12T22:30:55+00:00\",\"dateModified\":\"2022-09-07T11:55:47+00:00\",\"description\":\"findPet Localizador GPS para Gatos [GPS Mini 2021] El Collar GPS Gatos m\u00e1s Ligero del Mundo, 20gr. Localiza\u00e7\u00e3o em tempo real e rastreio de atividade 24 horas.\",\"breadcrumb\":{\"@id\":\"https:\/\/findpetgps.com\/pt-pt\/produto\/findpet-gps-mini-para-gatos\/#breadcrumb\"},\"inLanguage\":\"pt-PT\",\"potentialAction\":[{\"@type\":\"ReadAction\",\"target\":[\"https:\/\/findpetgps.com\/pt-pt\/produto\/findpet-gps-mini-para-gatos\/\"]}]},{\"@type\":\"ImageObject\",\"inLanguage\":\"pt-PT\",\"@id\":\"https:\/\/findpetgps.com\/pt-pt\/produto\/findpet-gps-mini-para-gatos\/#primaryimage\",\"url\":\"https:\/\/findpetgps.com\/wp-content\/uploads\/2020\/10\/findpet-01-imagen-principal.png\",\"contentUrl\":\"https:\/\/findpetgps.com\/wp-content\/uploads\/2020\/10\/findpet-01-imagen-principal.png\",\"width\":1200,\"height\":1200},{\"@type\":\"BreadcrumbList\",\"@id\":\"https:\/\/findpetgps.com\/pt-pt\/produto\/findpet-gps-mini-para-gatos\/#breadcrumb\",\"itemListElement\":[{\"@type\":\"ListItem\",\"position\":1,\"name\":\"Portada\",\"item\":\"https:\/\/findpetgps.com\/pt-pt\/\"},{\"@type\":\"ListItem\",\"position\":2,\"name\":\"Loja\",\"item\":\"https:\/\/findpetgps.com\/tienda\/\"},{\"@type\":\"ListItem\",\"position\":3,\"name\":\"findPet GPS mini para gatos\"}]},{\"@type\":\"WebSite\",\"@id\":\"https:\/\/findpetgps.com\/pt-pt\/#website\",\"url\":\"https:\/\/findpetgps.com\/pt-pt\/\",\"name\":\"FindPetGPS\",\"description\":\"Localizadores GPS para c\u00e3es e gatos\",\"publisher\":{\"@id\":\"https:\/\/findpetgps.com\/pt-pt\/#organization\"},\"potentialAction\":[{\"@type\":\"SearchAction\",\"target\":{\"@type\":\"EntryPoint\",\"urlTemplate\":\"https:\/\/findpetgps.com\/pt-pt\/?s={search_term_string}\"},\"query-input\":{\"@type\":\"PropertyValueSpecification\",\"valueRequired\":true,\"valueName\":\"search_term_string\"}}],\"inLanguage\":\"pt-PT\"},{\"@type\":\"Organization\",\"@id\":\"https:\/\/findpetgps.com\/pt-pt\/#organization\",\"name\":\"findPetGPS\",\"url\":\"https:\/\/findpetgps.com\/pt-pt\/\",\"logo\":{\"@type\":\"ImageObject\",\"inLanguage\":\"pt-PT\",\"@id\":\"https:\/\/findpetgps.com\/pt-pt\/#\/schema\/logo\/image\/\",\"url\":\"https:\/\/findpetgps.com\/wp-content\/uploads\/2020\/10\/Findpet-Logo-01-200.png\",\"contentUrl\":\"https:\/\/findpetgps.com\/wp-content\/uploads\/2020\/10\/Findpet-Logo-01-200.png\",\"width\":283,\"height\":200,\"caption\":\"findPetGPS\"},\"image\":{\"@id\":\"https:\/\/findpetgps.com\/pt-pt\/#\/schema\/logo\/image\/\"}}]}<\/script>\n<!-- \/ Yoast SEO plugin. -->","yoast_head_json":{"title":"findPet GPS mini para gatos - FindPetGPS","description":"findPet Localizador GPS para Gatos [GPS Mini 2021] El Collar GPS Gatos m\u00e1s Ligero del Mundo, 20gr. Localiza\u00e7\u00e3o em tempo real e rastreio de atividade 24 horas.","robots":{"index":"index","follow":"follow","max-snippet":"max-snippet:-1","max-image-preview":"max-image-preview:large","max-video-preview":"max-video-preview:-1"},"canonical":"https:\/\/findpetgps.com\/pt-pt\/produto\/findpet-gps-mini-para-gatos\/","og_locale":"pt_PT","og_type":"article","og_title":"findPet GPS mini para gatos - FindPetGPS","og_description":"findPet Localizador GPS para Gatos [GPS Mini 2021] El Collar GPS Gatos m\u00e1s Ligero del Mundo, 20gr. Localiza\u00e7\u00e3o em tempo real e rastreio de atividade 24 horas.","og_url":"https:\/\/findpetgps.com\/pt-pt\/produto\/findpet-gps-mini-para-gatos\/","og_site_name":"FindPetGPS","article_modified_time":"2022-09-07T11:55:47+00:00","og_image":[{"width":1200,"height":1200,"url":"https:\/\/findpetgps.com\/wp-content\/uploads\/2020\/10\/findpet-01-imagen-principal.png","type":"image\/png"}],"twitter_card":"summary_large_image","twitter_misc":{"Tempo estimado de leitura":"1 minuto"},"schema":{"@context":"https:\/\/schema.org","@graph":[{"@type":"WebPage","@id":"https:\/\/findpetgps.com\/pt-pt\/produto\/findpet-gps-mini-para-gatos\/","url":"https:\/\/findpetgps.com\/pt-pt\/produto\/findpet-gps-mini-para-gatos\/","name":"findPet GPS mini para gatos - FindPetGPS","isPartOf":{"@id":"https:\/\/findpetgps.com\/pt-pt\/#website"},"primaryImageOfPage":{"@id":"https:\/\/findpetgps.com\/pt-pt\/produto\/findpet-gps-mini-para-gatos\/#primaryimage"},"image":{"@id":"https:\/\/findpetgps.com\/pt-pt\/produto\/findpet-gps-mini-para-gatos\/#primaryimage"},"thumbnailUrl":"https:\/\/findpetgps.com\/wp-content\/uploads\/2020\/10\/findpet-01-imagen-principal.png","datePublished":"2020-10-12T22:30:55+00:00","dateModified":"2022-09-07T11:55:47+00:00","description":"findPet Localizador GPS para Gatos [GPS Mini 2021] El Collar GPS Gatos m\u00e1s Ligero del Mundo, 20gr. Localiza\u00e7\u00e3o em tempo real e rastreio de atividade 24 horas.","breadcrumb":{"@id":"https:\/\/findpetgps.com\/pt-pt\/produto\/findpet-gps-mini-para-gatos\/#breadcrumb"},"inLanguage":"pt-PT","potentialAction":[{"@type":"ReadAction","target":["https:\/\/findpetgps.com\/pt-pt\/produto\/findpet-gps-mini-para-gatos\/"]}]},{"@type":"ImageObject","inLanguage":"pt-PT","@id":"https:\/\/findpetgps.com\/pt-pt\/produto\/findpet-gps-mini-para-gatos\/#primaryimage","url":"https:\/\/findpetgps.com\/wp-content\/uploads\/2020\/10\/findpet-01-imagen-principal.png","contentUrl":"https:\/\/findpetgps.com\/wp-content\/uploads\/2020\/10\/findpet-01-imagen-principal.png","width":1200,"height":1200},{"@type":"BreadcrumbList","@id":"https:\/\/findpetgps.com\/pt-pt\/produto\/findpet-gps-mini-para-gatos\/#breadcrumb","itemListElement":[{"@type":"ListItem","position":1,"name":"Portada","item":"https:\/\/findpetgps.com\/pt-pt\/"},{"@type":"ListItem","position":2,"name":"Loja","item":"https:\/\/findpetgps.com\/tienda\/"},{"@type":"ListItem","position":3,"name":"findPet GPS mini para gatos"}]},{"@type":"WebSite","@id":"https:\/\/findpetgps.com\/pt-pt\/#website","url":"https:\/\/findpetgps.com\/pt-pt\/","name":"FindPetGPS","description":"Localizadores GPS para c\u00e3es e gatos","publisher":{"@id":"https:\/\/findpetgps.com\/pt-pt\/#organization"},"potentialAction":[{"@type":"SearchAction","target":{"@type":"EntryPoint","urlTemplate":"https:\/\/findpetgps.com\/pt-pt\/?s={search_term_string}"},"query-input":{"@type":"PropertyValueSpecification","valueRequired":true,"valueName":"search_term_string"}}],"inLanguage":"pt-PT"},{"@type":"Organization","@id":"https:\/\/findpetgps.com\/pt-pt\/#organization","name":"findPetGPS","url":"https:\/\/findpetgps.com\/pt-pt\/","logo":{"@type":"ImageObject","inLanguage":"pt-PT","@id":"https:\/\/findpetgps.com\/pt-pt\/#\/schema\/logo\/image\/","url":"https:\/\/findpetgps.com\/wp-content\/uploads\/2020\/10\/Findpet-Logo-01-200.png","contentUrl":"https:\/\/findpetgps.com\/wp-content\/uploads\/2020\/10\/Findpet-Logo-01-200.png","width":283,"height":200,"caption":"findPetGPS"},"image":{"@id":"https:\/\/findpetgps.com\/pt-pt\/#\/schema\/logo\/image\/"}}]}},"_links":{"self":[{"href":"https:\/\/findpetgps.com\/pt-pt\/wp-json\/wp\/v2\/product\/2680","targetHints":{"allow":["GET"]}}],"collection":[{"href":"https:\/\/findpetgps.com\/pt-pt\/wp-json\/wp\/v2\/product"}],"about":[{"href":"https:\/\/findpetgps.com\/pt-pt\/wp-json\/wp\/v2\/types\/product"}],"wp:featuredmedia":[{"embeddable":true,"href":"https:\/\/findpetgps.com\/pt-pt\/wp-json\/wp\/v2\/media\/8140"}],"wp:attachment":[{"href":"https:\/\/findpetgps.com\/pt-pt\/wp-json\/wp\/v2\/media?parent=2680"}],"wp:term":[{"taxonomy":"product_brand","embeddable":true,"href":"https:\/\/findpetgps.com\/pt-pt\/wp-json\/wp\/v2\/product_brand?post=2680"},{"taxonomy":"product_cat","embeddable":true,"href":"https:\/\/findpetgps.com\/pt-pt\/wp-json\/wp\/v2\/product_cat?post=2680"},{"taxonomy":"product_tag","embeddable":true,"href":"https:\/\/findpetgps.com\/pt-pt\/wp-json\/wp\/v2\/product_tag?post=2680"}],"curies":[{"name":"wp","href":"https:\/\/api.w.org\/{rel}","templated":true}]}}