{"id":2644,"date":"2020-10-16T00:31:12","date_gmt":"2020-10-15T22:31:12","guid":{"rendered":"https:\/\/findpetgps.com\/producto\/findpet-gps-max-para-caes\/"},"modified":"2023-01-15T00:46:03","modified_gmt":"2023-01-14T23:46:03","slug":"findpet-gps-max-dogs","status":"publish","type":"product","link":"https:\/\/findpetgps.com\/pt-pt\/produto\/findpet-gps-max-dogs\/","title":{"rendered":"findPet GPS Max para c\u00e3es"},"content":{"rendered":"<p>findPet localizador GPS MAX para c\u00e3es<\/p>\n<ul>\n<li>Posicionamento GPS\/Wi-Fi com cobertura global<\/li>\n<li>Autonomia m\u00e1xima da bateria, entre 7 e 15 dias (dependendo da configura\u00e7\u00e3o e utiliza\u00e7\u00e3o).<\/li>\n<li>Leve, apenas 38 gr. Adequado para c\u00e3es m\u00e9dios e grandes<\/li>\n<li>Pr\u00f3pria app &#8220;findPet&#8221; para Android e IOS<\/li>\n<li>Modo ao vivo<\/li>\n<li>Tempo de interposi\u00e7\u00e3o configur\u00e1vel<\/li>\n<li>Rastreio de Atividades<\/li>\n<li>Fun\u00e7\u00e3o de pesquisa<\/li>\n<li>Grau de prote\u00e7\u00e3o da \u00e1gua IPx7 (30 minutos em imers\u00e3o)<\/li>\n<li>Inclui caixa de silicone preto, gola ajust\u00e1vel e cabo do carregador magn\u00e9tico<\/li>\n<li>Requer um plano de <a href=\"https:\/\/findpetgps.com\/pt-pt\/planos\/\" target=\"_blank\" rel=\"noopener noreferrer\">subscri\u00e7\u00e3o,<\/a>a partir de 2,99 euros\/m\u00eas<\/li>\n<\/ul>\n<p>&nbsp;<\/p>\n","protected":false},"excerpt":{"rendered":"<p>Localizador GPS para c\u00e3es FindPet GPS Max, com coleira inclu\u00edda. Localiza\u00e7\u00e3o e rastreio de atividades por GPS e Wi-Fi com dura\u00e7\u00e3o extra-longa da bateria.<\/p>\n<p>Requer <a href=\"https:\/\/findpetgps.com\/pt-pt\/planos\/\">um plano de subscri\u00e7\u00e3o<\/a><\/p>\n","protected":false},"featured_media":2129,"template":"","meta":[],"product_brand":[],"product_cat":[346,334],"product_tag":[],"class_list":{"0":"post-2644","1":"product","2":"type-product","3":"status-publish","4":"has-post-thumbnail","6":"product_cat-caes-gps","7":"product_cat-gps-animais-estimacao","9":"first","10":"outofstock","11":"sale","12":"taxable","13":"shipping-taxable","14":"purchasable","15":"product-type-simple"},"bundled_by":[],"bundle_stock_status":"outofstock","bundle_stock_quantity":0,"bundle_virtual":false,"bundle_layout":"","bundle_add_to_cart_form_location":"","bundle_editable_in_cart":false,"bundle_sold_individually_context":"","bundle_item_grouping":"","bundle_min_size":"","bundle_max_size":"","bundle_price":[],"bundled_items":[],"bundle_sell_ids":[],"yoast_head":"<!-- This site is optimized with the Yoast SEO plugin v27.1.1 - https:\/\/yoast.com\/product\/yoast-seo-wordpress\/ -->\n<title>findPet GPS Max para c\u00e3es - FindPetGPS<\/title>\n<meta name=\"description\" content=\"findPet Localizador GPS de [GPS Perro MAX 2021] C\u00e3o. A localiza\u00e7\u00e3o do seu c\u00e3o em tempo real e 24h Rastreio de Atividade e Bateria 10-15 dias...\" \/>\n<meta name=\"robots\" content=\"index, follow, max-snippet:-1, max-image-preview:large, max-video-preview:-1\" \/>\n<link rel=\"canonical\" href=\"https:\/\/findpetgps.com\/pt-pt\/produto\/findpet-gps-max-dogs\/\" \/>\n<meta property=\"og:locale\" content=\"pt_PT\" \/>\n<meta property=\"og:type\" content=\"article\" \/>\n<meta property=\"og:title\" content=\"findPet GPS Max para c\u00e3es - FindPetGPS\" \/>\n<meta property=\"og:description\" content=\"findPet Localizador GPS de [GPS Perro MAX 2021] C\u00e3o. A localiza\u00e7\u00e3o do seu c\u00e3o em tempo real e 24h Rastreio de Atividade e Bateria 10-15 dias...\" \/>\n<meta property=\"og:url\" content=\"https:\/\/findpetgps.com\/pt-pt\/produto\/findpet-gps-max-dogs\/\" \/>\n<meta property=\"og:site_name\" content=\"FindPetGPS\" \/>\n<meta property=\"article:modified_time\" content=\"2023-01-14T23:46:03+00:00\" \/>\n<meta property=\"og:image\" content=\"https:\/\/findpetgps.com\/wp-content\/uploads\/2020\/10\/HTB1swG7X2fsK1RjSszbq6AqBXXao3.jpg\" \/>\n\t<meta property=\"og:image:width\" content=\"560\" \/>\n\t<meta property=\"og:image:height\" content=\"560\" \/>\n\t<meta property=\"og:image:type\" content=\"image\/jpeg\" \/>\n<meta name=\"twitter:card\" content=\"summary_large_image\" \/>\n<meta name=\"twitter:label1\" content=\"Tempo estimado de leitura\" \/>\n\t<meta name=\"twitter:data1\" content=\"1 minuto\" \/>\n<script type=\"application\/ld+json\" class=\"yoast-schema-graph\">{\"@context\":\"https:\/\/schema.org\",\"@graph\":[{\"@type\":\"WebPage\",\"@id\":\"https:\/\/findpetgps.com\/pt-pt\/produto\/findpet-gps-max-dogs\/\",\"url\":\"https:\/\/findpetgps.com\/pt-pt\/produto\/findpet-gps-max-dogs\/\",\"name\":\"findPet GPS Max para c\u00e3es - FindPetGPS\",\"isPartOf\":{\"@id\":\"https:\/\/findpetgps.com\/pt-pt\/#website\"},\"primaryImageOfPage\":{\"@id\":\"https:\/\/findpetgps.com\/pt-pt\/produto\/findpet-gps-max-dogs\/#primaryimage\"},\"image\":{\"@id\":\"https:\/\/findpetgps.com\/pt-pt\/produto\/findpet-gps-max-dogs\/#primaryimage\"},\"thumbnailUrl\":\"https:\/\/findpetgps.com\/wp-content\/uploads\/2020\/10\/HTB1swG7X2fsK1RjSszbq6AqBXXao3.jpg\",\"datePublished\":\"2020-10-15T22:31:12+00:00\",\"dateModified\":\"2023-01-14T23:46:03+00:00\",\"description\":\"findPet Localizador GPS de [GPS Perro MAX 2021] C\u00e3o. A localiza\u00e7\u00e3o do seu c\u00e3o em tempo real e 24h Rastreio de Atividade e Bateria 10-15 dias...\",\"breadcrumb\":{\"@id\":\"https:\/\/findpetgps.com\/pt-pt\/produto\/findpet-gps-max-dogs\/#breadcrumb\"},\"inLanguage\":\"pt-PT\",\"potentialAction\":[{\"@type\":\"ReadAction\",\"target\":[\"https:\/\/findpetgps.com\/pt-pt\/produto\/findpet-gps-max-dogs\/\"]}]},{\"@type\":\"ImageObject\",\"inLanguage\":\"pt-PT\",\"@id\":\"https:\/\/findpetgps.com\/pt-pt\/produto\/findpet-gps-max-dogs\/#primaryimage\",\"url\":\"https:\/\/findpetgps.com\/wp-content\/uploads\/2020\/10\/HTB1swG7X2fsK1RjSszbq6AqBXXao3.jpg\",\"contentUrl\":\"https:\/\/findpetgps.com\/wp-content\/uploads\/2020\/10\/HTB1swG7X2fsK1RjSszbq6AqBXXao3.jpg\",\"width\":560,\"height\":560,\"caption\":\"encontrar localiza\u00e7\u00e3o gps max para c\u00e3es\"},{\"@type\":\"BreadcrumbList\",\"@id\":\"https:\/\/findpetgps.com\/pt-pt\/produto\/findpet-gps-max-dogs\/#breadcrumb\",\"itemListElement\":[{\"@type\":\"ListItem\",\"position\":1,\"name\":\"Portada\",\"item\":\"https:\/\/findpetgps.com\/pt-pt\/\"},{\"@type\":\"ListItem\",\"position\":2,\"name\":\"Loja\",\"item\":\"https:\/\/findpetgps.com\/tienda\/\"},{\"@type\":\"ListItem\",\"position\":3,\"name\":\"findPet GPS Max para c\u00e3es\"}]},{\"@type\":\"WebSite\",\"@id\":\"https:\/\/findpetgps.com\/pt-pt\/#website\",\"url\":\"https:\/\/findpetgps.com\/pt-pt\/\",\"name\":\"FindPetGPS\",\"description\":\"Localizadores GPS para c\u00e3es e gatos\",\"publisher\":{\"@id\":\"https:\/\/findpetgps.com\/pt-pt\/#organization\"},\"potentialAction\":[{\"@type\":\"SearchAction\",\"target\":{\"@type\":\"EntryPoint\",\"urlTemplate\":\"https:\/\/findpetgps.com\/pt-pt\/?s={search_term_string}\"},\"query-input\":{\"@type\":\"PropertyValueSpecification\",\"valueRequired\":true,\"valueName\":\"search_term_string\"}}],\"inLanguage\":\"pt-PT\"},{\"@type\":\"Organization\",\"@id\":\"https:\/\/findpetgps.com\/pt-pt\/#organization\",\"name\":\"findPetGPS\",\"url\":\"https:\/\/findpetgps.com\/pt-pt\/\",\"logo\":{\"@type\":\"ImageObject\",\"inLanguage\":\"pt-PT\",\"@id\":\"https:\/\/findpetgps.com\/pt-pt\/#\/schema\/logo\/image\/\",\"url\":\"https:\/\/findpetgps.com\/wp-content\/uploads\/2020\/10\/Findpet-Logo-01-200.png\",\"contentUrl\":\"https:\/\/findpetgps.com\/wp-content\/uploads\/2020\/10\/Findpet-Logo-01-200.png\",\"width\":283,\"height\":200,\"caption\":\"findPetGPS\"},\"image\":{\"@id\":\"https:\/\/findpetgps.com\/pt-pt\/#\/schema\/logo\/image\/\"}}]}<\/script>\n<!-- \/ Yoast SEO plugin. -->","yoast_head_json":{"title":"findPet GPS Max para c\u00e3es - FindPetGPS","description":"findPet Localizador GPS de [GPS Perro MAX 2021] C\u00e3o. A localiza\u00e7\u00e3o do seu c\u00e3o em tempo real e 24h Rastreio de Atividade e Bateria 10-15 dias...","robots":{"index":"index","follow":"follow","max-snippet":"max-snippet:-1","max-image-preview":"max-image-preview:large","max-video-preview":"max-video-preview:-1"},"canonical":"https:\/\/findpetgps.com\/pt-pt\/produto\/findpet-gps-max-dogs\/","og_locale":"pt_PT","og_type":"article","og_title":"findPet GPS Max para c\u00e3es - FindPetGPS","og_description":"findPet Localizador GPS de [GPS Perro MAX 2021] C\u00e3o. A localiza\u00e7\u00e3o do seu c\u00e3o em tempo real e 24h Rastreio de Atividade e Bateria 10-15 dias...","og_url":"https:\/\/findpetgps.com\/pt-pt\/produto\/findpet-gps-max-dogs\/","og_site_name":"FindPetGPS","article_modified_time":"2023-01-14T23:46:03+00:00","og_image":[{"width":560,"height":560,"url":"https:\/\/findpetgps.com\/wp-content\/uploads\/2020\/10\/HTB1swG7X2fsK1RjSszbq6AqBXXao3.jpg","type":"image\/jpeg"}],"twitter_card":"summary_large_image","twitter_misc":{"Tempo estimado de leitura":"1 minuto"},"schema":{"@context":"https:\/\/schema.org","@graph":[{"@type":"WebPage","@id":"https:\/\/findpetgps.com\/pt-pt\/produto\/findpet-gps-max-dogs\/","url":"https:\/\/findpetgps.com\/pt-pt\/produto\/findpet-gps-max-dogs\/","name":"findPet GPS Max para c\u00e3es - FindPetGPS","isPartOf":{"@id":"https:\/\/findpetgps.com\/pt-pt\/#website"},"primaryImageOfPage":{"@id":"https:\/\/findpetgps.com\/pt-pt\/produto\/findpet-gps-max-dogs\/#primaryimage"},"image":{"@id":"https:\/\/findpetgps.com\/pt-pt\/produto\/findpet-gps-max-dogs\/#primaryimage"},"thumbnailUrl":"https:\/\/findpetgps.com\/wp-content\/uploads\/2020\/10\/HTB1swG7X2fsK1RjSszbq6AqBXXao3.jpg","datePublished":"2020-10-15T22:31:12+00:00","dateModified":"2023-01-14T23:46:03+00:00","description":"findPet Localizador GPS de [GPS Perro MAX 2021] C\u00e3o. A localiza\u00e7\u00e3o do seu c\u00e3o em tempo real e 24h Rastreio de Atividade e Bateria 10-15 dias...","breadcrumb":{"@id":"https:\/\/findpetgps.com\/pt-pt\/produto\/findpet-gps-max-dogs\/#breadcrumb"},"inLanguage":"pt-PT","potentialAction":[{"@type":"ReadAction","target":["https:\/\/findpetgps.com\/pt-pt\/produto\/findpet-gps-max-dogs\/"]}]},{"@type":"ImageObject","inLanguage":"pt-PT","@id":"https:\/\/findpetgps.com\/pt-pt\/produto\/findpet-gps-max-dogs\/#primaryimage","url":"https:\/\/findpetgps.com\/wp-content\/uploads\/2020\/10\/HTB1swG7X2fsK1RjSszbq6AqBXXao3.jpg","contentUrl":"https:\/\/findpetgps.com\/wp-content\/uploads\/2020\/10\/HTB1swG7X2fsK1RjSszbq6AqBXXao3.jpg","width":560,"height":560,"caption":"encontrar localiza\u00e7\u00e3o gps max para c\u00e3es"},{"@type":"BreadcrumbList","@id":"https:\/\/findpetgps.com\/pt-pt\/produto\/findpet-gps-max-dogs\/#breadcrumb","itemListElement":[{"@type":"ListItem","position":1,"name":"Portada","item":"https:\/\/findpetgps.com\/pt-pt\/"},{"@type":"ListItem","position":2,"name":"Loja","item":"https:\/\/findpetgps.com\/tienda\/"},{"@type":"ListItem","position":3,"name":"findPet GPS Max para c\u00e3es"}]},{"@type":"WebSite","@id":"https:\/\/findpetgps.com\/pt-pt\/#website","url":"https:\/\/findpetgps.com\/pt-pt\/","name":"FindPetGPS","description":"Localizadores GPS para c\u00e3es e gatos","publisher":{"@id":"https:\/\/findpetgps.com\/pt-pt\/#organization"},"potentialAction":[{"@type":"SearchAction","target":{"@type":"EntryPoint","urlTemplate":"https:\/\/findpetgps.com\/pt-pt\/?s={search_term_string}"},"query-input":{"@type":"PropertyValueSpecification","valueRequired":true,"valueName":"search_term_string"}}],"inLanguage":"pt-PT"},{"@type":"Organization","@id":"https:\/\/findpetgps.com\/pt-pt\/#organization","name":"findPetGPS","url":"https:\/\/findpetgps.com\/pt-pt\/","logo":{"@type":"ImageObject","inLanguage":"pt-PT","@id":"https:\/\/findpetgps.com\/pt-pt\/#\/schema\/logo\/image\/","url":"https:\/\/findpetgps.com\/wp-content\/uploads\/2020\/10\/Findpet-Logo-01-200.png","contentUrl":"https:\/\/findpetgps.com\/wp-content\/uploads\/2020\/10\/Findpet-Logo-01-200.png","width":283,"height":200,"caption":"findPetGPS"},"image":{"@id":"https:\/\/findpetgps.com\/pt-pt\/#\/schema\/logo\/image\/"}}]}},"_links":{"self":[{"href":"https:\/\/findpetgps.com\/pt-pt\/wp-json\/wp\/v2\/product\/2644","targetHints":{"allow":["GET"]}}],"collection":[{"href":"https:\/\/findpetgps.com\/pt-pt\/wp-json\/wp\/v2\/product"}],"about":[{"href":"https:\/\/findpetgps.com\/pt-pt\/wp-json\/wp\/v2\/types\/product"}],"wp:featuredmedia":[{"embeddable":true,"href":"https:\/\/findpetgps.com\/pt-pt\/wp-json\/wp\/v2\/media\/2129"}],"wp:attachment":[{"href":"https:\/\/findpetgps.com\/pt-pt\/wp-json\/wp\/v2\/media?parent=2644"}],"wp:term":[{"taxonomy":"product_brand","embeddable":true,"href":"https:\/\/findpetgps.com\/pt-pt\/wp-json\/wp\/v2\/product_brand?post=2644"},{"taxonomy":"product_cat","embeddable":true,"href":"https:\/\/findpetgps.com\/pt-pt\/wp-json\/wp\/v2\/product_cat?post=2644"},{"taxonomy":"product_tag","embeddable":true,"href":"https:\/\/findpetgps.com\/pt-pt\/wp-json\/wp\/v2\/product_tag?post=2644"}],"curies":[{"name":"wp","href":"https:\/\/api.w.org\/{rel}","templated":true}]}}