{"id":5661,"date":"2022-03-16T19:07:41","date_gmt":"2022-03-16T18:07:41","guid":{"rendered":"https:\/\/findpetgps.com\/instrucciones\/"},"modified":"2022-03-19T12:17:42","modified_gmt":"2022-03-19T11:17:42","slug":"instrucoes","status":"publish","type":"page","link":"https:\/\/findpetgps.com\/pt-pt\/instrucoes\/","title":{"rendered":"Instru\u00e7\u00f5es de utiliza\u00e7\u00e3o"},"content":{"rendered":"<h3>Comissionamento<\/h3>\n<p>As medidas a tomar para a coloca\u00e7\u00e3o em funcionamento do dispositivo s\u00e3o as seguintes:<\/p>\n<p>1- Ativa\u00e7\u00e3o do dispositivo. O servi\u00e7o de posicionamento fornecido requer uma subscri\u00e7\u00e3o ativa. Pode aceder \u00e0s v\u00e1rias op\u00e7\u00f5es de Subscri\u00e7\u00e3o <a href=\"https:\/\/findpetgps.com\/pt-pt\/ativar\/\" target=\"_blank\" rel=\"noopener\">aqui.<\/a><\/p>\n<p>Durante o processo de subscri\u00e7\u00e3o ser\u00e1 solicitado o IMEI do dispositivo, que normalmente se encontra na parte de tr\u00e1s do mesmo. Desta forma, certificamo-nos de que ativamos o seu dispositivo e n\u00e3o outro.<\/p>\n<p>O processo de ativa\u00e7\u00e3o do dispositivo nas redes m\u00f3veis do seu pa\u00eds geralmente n\u00e3o demora mais do que 20 a 30 minutos, mas em certos casos, dependendo das redes m\u00f3veis e do pa\u00eds, pode demorar at\u00e9 2 horas. N\u00e3o te preocupes<\/p>\n<p>2.-Descarregue e instale a App <a href=\"https:\/\/findpetgps.com\/download\/\" target=\"_blank\" rel=\"noopener\">&#8220;findPet&#8221;<\/a> no seu telem\u00f3vel Android ou iOS<\/p>\n<p>3.- Na aplica\u00e7\u00e3o, depois de aceder ao seu nome de utilizador e palavra-passe, clique em &#8220;Adicionar dispositivo&#8221; na primeira vez que aceder, e introduza os dados solicitados, entre os quais o IMEI \u00e9 novamente solicitado. A aplica\u00e7\u00e3o pode ler o c\u00f3digo de barras para facilitar o seu trabalho.<\/p>\n<p>4.- Ligue o dispositivo. Pressione o bot\u00e3o central do dispositivo durante alguns segundos at\u00e9 que a m\u00fasica seja reproduzida. Enquanto estiver aceso, uma luz azul pisca quando o bot\u00e3o \u00e9 ligeiramente pressionado.<\/p>\n<p>O processo de ativa\u00e7\u00e3o termina com a obten\u00e7\u00e3o do primeiro sinal GPS (sat\u00e9lite). Para tornar o processo mais r\u00e1pido, \u00e9 conveniente colocar o dispositivo no exterior de qualquer edif\u00edcio. At\u00e9 que a primeira localiza\u00e7\u00e3o seja obtida, ser\u00e1 mostrado &#8220;\u00e0 espera de sinal DE GPS&#8221; na App.<\/p>\n<h3>Uso normal<\/h3>\n<p><strong>Ligando o dispositivo &#8211; <\/strong> Pressione o bot\u00e3o central do dispositivo durante alguns segundos at\u00e9 que a m\u00fasica seja reproduzida. Enquanto estiver aceso, uma luz azul pisca quando o bot\u00e3o \u00e9 ligeiramente pressionado.<\/p>\n<p>Certifique-se de que o aparelho tem carga suficiente da bateria antes de ligar. Se n\u00e3o ligar, poder\u00e1 ter de carregar a bateria.<\/p>\n<p><strong>Paragem do dispositivo<\/strong> &#8211; A paragem do dispositivo pode ser feita a partir da app, sec\u00e7\u00e3o de defini\u00e7\u00f5es (M4), bot\u00e3o desligado (C5)<\/p>\n<p><strong>Saiba a localiza\u00e7\u00e3o do animal de estima\u00e7\u00e3o imediatamente &#8211;<\/strong> Utilize o bot\u00e3o &#8220;Live&#8221; (A1) no mapa, tanto com clique normal (localiza\u00e7\u00e3o instant\u00e2nea) como com clique longo (Live for 1 minuto)<\/p>\n<p><strong>Carregamento do dispositivo &#8211; <\/strong>a dura\u00e7\u00e3o da bateria pode mudar dependendo das condi\u00e7\u00f5es de utiliza\u00e7\u00e3o, intervalo de tempo, cobertura da rede m\u00f3vel, etc. Geralmente dura entre 3 e 5 dias. Para carreg\u00e1-lo, utilize o cabo fornecido ligando-o a um carregador de coenctor USB e ao port\u00e3o de carregamento GPS. A carga dura cerca de 2 horas. Uma vez carregado certifique-se de fechar o port\u00e3o de silicone para evitar sujidade e \u00e1gua<\/p>\n<p><strong>Altere o intervalo entre locais<\/strong> &#8211; Aceda ao menu de defini\u00e7\u00f5es (M4), seletor de intervalos de tempo (C8). Por favor, note que a sele\u00e7\u00e3o ir\u00e1 afetar a vida \u00fatil da bateria do GPS<\/p>\n<p><strong>Estabelecer uma veda\u00e7\u00e3o virtual<\/strong> &#8211; Estabelecer uma cerca virtual com notifica\u00e7\u00f5es requer dois passos:<\/p>\n<p>1- Estabelecimento da cerca. Utilize o bot\u00e3o A2 no menu do mapa (M1) e siga os passos fornecidos. A cerca pode ser redonda ou poligonal.<\/p>\n<p>2- Estabelecimento de notifica\u00e7\u00f5es. Se pretender ser notificado por notifica\u00e7\u00f5es ao seu telem\u00f3vel quando o seu animal de estima\u00e7\u00e3o entrar ou sair da \u00e1rea marcada, certifique-se de que tem notifica\u00e7\u00f5es ativadas no menu de defini\u00e7\u00f5es (M4), drop-down de notifica\u00e7\u00e3o (C10). Al\u00e9m disso, deve verificar se a configura\u00e7\u00e3o do seu telem\u00f3vel o tom\/vibra\u00e7\u00e3o associado \u00e0s notifica\u00e7\u00f5es da App &#8220;findPet&#8221;<\/p>\n<h2>Funcionamento da App<\/h2>\n<h3><a href=\"https:\/\/findpetgps.com\/wp-content\/uploads\/2022\/03\/findPet-intructions-1.png\"><img fetchpriority=\"high\" decoding=\"async\" class=\"alignleft wp-image-5626\" src=\"https:\/\/findpetgps.com\/wp-content\/uploads\/2022\/03\/findPet-intructions-1-461x600.png\" alt=\"\" width=\"180\" height=\"390\" srcset=\"https:\/\/findpetgps.com\/wp-content\/uploads\/2022\/03\/findPet-intructions-1-138x300.png 138w, https:\/\/findpetgps.com\/wp-content\/uploads\/2022\/03\/findPet-intructions-1-160x347.png 160w, https:\/\/findpetgps.com\/wp-content\/uploads\/2022\/03\/findPet-intructions-1-220x477.png 220w, https:\/\/findpetgps.com\/wp-content\/uploads\/2022\/03\/findPet-intructions-1.png 461w\" sizes=\"(max-width: 180px) 100vw, 180px\" \/><\/a> Menu principal<\/h3>\n<p>estas op\u00e7\u00f5es v\u00e3o aparecer em todas as sec\u00e7\u00f5es<\/p>\n<p>M1 &#8211; mapa<\/p>\n<p>M2 &#8211; atividade<\/p>\n<p>M3 &#8211; eventos<\/p>\n<p>M4 &#8211; configura\u00e7\u00e3o<\/p>\n<p>M5 &#8211; informa\u00e7\u00e3o<\/p>\n<h3><\/h3>\n<h3><\/h3>\n<h3 style=\"text-align: left;\">Menu &#8211; Mapa (M1)<\/h3>\n<h4>Informa\u00e7\u00e3o exibida:<\/h4>\n<p>I1 &#8211; mostra a localiza\u00e7\u00e3o do dispositivo no mapa<\/p>\n<p>I2 &#8211; imagem ou foto, e nome do animal de estima\u00e7\u00e3o. Clique para alterar. C\u00edrculo verde ou vermelho dependendo do estado online ou de deficiente<\/p>\n<p>I3 &#8211; clique para obter mais detalhes sobre as informa\u00e7\u00f5es do dispositivo: estado de subscri\u00e7\u00e3o, coordenadas, sat\u00e9lites, etc. Estado da bateria<\/p>\n<p>I4 &#8211; mostra a hora da \u00faltima atualiza\u00e7\u00e3o<\/p>\n<h4>Relat\u00f3rios:<\/h4>\n<p>Nos relat\u00f3rios, depois de clicar, deve selecionar a data ou o intervalo de data do relat\u00f3rio<\/p>\n<p>R1 &#8211; reporte no modo heatmap. Android apenas<\/p>\n<p>R2 &#8211; relat\u00f3rio de rota no mapa<\/p>\n<p>R3 &#8211; relat\u00f3rio de rota m\u00f3vel, modo &#8220;Play&#8221;<\/p>\n<h4>Bot\u00f5es de a\u00e7\u00e3o.<\/h4>\n<p>O mapa suporta controlos padr\u00e3o tais como zoom de dedo, deslocamento, etc.<\/p>\n<p>A1 &#8211; CLIQUE NORMAL &#8211; Localiza\u00e7\u00e3o instant\u00e2nea. Exibe a localiza\u00e7\u00e3o do dispositivo (com um atraso de 10 segundos aprox.), sempre que estiver online<\/p>\n<p>A1 &#8211; CLIQUE EM 2 SEGUNDOS. Modo &#8220;LIVE&#8221; durante 1 minuto. Localiza\u00e7\u00f5es a cada 5-10 segundos. ap\u00f3s este per\u00edodo, o slide reverte para o seu t\u00fanel entre as localiza\u00e7\u00f5es determinadas na sec\u00e7\u00e3o de defini\u00e7\u00f5es (seletor m4 c8)<\/p>\n<p>A2 &#8211; adicionar e\/ou remover cercas virtuais<\/p>\n<p>A3 &#8211; abra o Google Maps para gui\u00e1-lo at\u00e9 \u00e0 localiza\u00e7\u00e3o do seu dispositivo<\/p>\n<p>A4 &#8211; exibi\u00e7\u00f5es (ligados\/desligadas) no ecr\u00e3, no espa\u00e7o reservado do animal de estima\u00e7\u00e3o (I1), o nome do animal de estima\u00e7\u00e3o<\/p>\n<p>A5 &#8211; mostra (ligado\/desligado) no mapa as cercas virtuais do animal de estima\u00e7\u00e3o. Se n\u00e3o h\u00e1 cercas virtuais definidas, n\u00e3o mostra nada<\/p>\n<p>A6 &#8211; mude o modo de mapa. Altere entre o modo sat\u00e9lite (padr\u00e3o) e o modo &#8220;Google Maps&#8221;<\/p>\n<p>A7 &#8211; centrar o mapa na localiza\u00e7\u00e3o do telem\u00f3vel<\/p>\n<p>A8 &#8211; centra o mapa na localiza\u00e7\u00e3o do dispositivo. se houver v\u00e1rios dispositivos que exibe todos eles<\/p>\n<h3>Menu &#8211; Atividades (M2)<\/h3>\n<p><img decoding=\"async\" class=\"size-medium wp-image-5472 alignnone\" src=\"https:\/\/findpetgps.com\/wp-content\/uploads\/2022\/03\/findPet-6-138x300.jpeg\" alt=\"\" width=\"138\" height=\"300\" srcset=\"https:\/\/findpetgps.com\/wp-content\/uploads\/2022\/03\/findPet-6-138x300.jpeg 138w, https:\/\/findpetgps.com\/wp-content\/uploads\/2022\/03\/findPet-6-473x1024.jpeg 473w, https:\/\/findpetgps.com\/wp-content\/uploads\/2022\/03\/findPet-6-768x1664.jpeg 768w, https:\/\/findpetgps.com\/wp-content\/uploads\/2022\/03\/findPet-6-709x1536.jpeg 709w, https:\/\/findpetgps.com\/wp-content\/uploads\/2022\/03\/findPet-6-160x347.jpeg 160w, https:\/\/findpetgps.com\/wp-content\/uploads\/2022\/03\/findPet-6-220x477.jpeg 220w, https:\/\/findpetgps.com\/wp-content\/uploads\/2022\/03\/findPet-6-640x1387.jpeg 640w, https:\/\/findpetgps.com\/wp-content\/uploads\/2022\/03\/findPet-6-600x1300.jpeg 600w, https:\/\/findpetgps.com\/wp-content\/uploads\/2022\/03\/findPet-6.jpeg 945w\" sizes=\"(max-width: 138px) 100vw, 138px\" \/><\/p>\n<p>Esta sec\u00e7\u00e3o mostra a Atividade do animal de estima\u00e7\u00e3o, medido \u00e0 dist\u00e2ncia, passos e tempo de ativa\u00e7\u00e3o.<\/p>\n<p>Pode deslocar horizontalmente barras de tempo e mapas para selecionar outras visualiza\u00e7\u00f5es<\/p>\n<h3>Menu &#8211; Eventos (M3)<\/h3>\n<p><img decoding=\"async\" class=\"size-medium wp-image-5637 alignnone\" src=\"https:\/\/findpetgps.com\/wp-content\/uploads\/2022\/03\/findPet-5-138x300.jpeg\" alt=\"\" width=\"138\" height=\"300\" srcset=\"https:\/\/findpetgps.com\/wp-content\/uploads\/2022\/03\/findPet-5-138x300.jpeg 138w, https:\/\/findpetgps.com\/wp-content\/uploads\/2022\/03\/findPet-5-473x1024.jpeg 473w, https:\/\/findpetgps.com\/wp-content\/uploads\/2022\/03\/findPet-5-768x1664.jpeg 768w, https:\/\/findpetgps.com\/wp-content\/uploads\/2022\/03\/findPet-5-709x1536.jpeg 709w, https:\/\/findpetgps.com\/wp-content\/uploads\/2022\/03\/findPet-5-160x347.jpeg 160w, https:\/\/findpetgps.com\/wp-content\/uploads\/2022\/03\/findPet-5-220x477.jpeg 220w, https:\/\/findpetgps.com\/wp-content\/uploads\/2022\/03\/findPet-5-640x1387.jpeg 640w, https:\/\/findpetgps.com\/wp-content\/uploads\/2022\/03\/findPet-5-600x1300.jpeg 600w, https:\/\/findpetgps.com\/wp-content\/uploads\/2022\/03\/findPet-5.jpeg 945w\" sizes=\"(max-width: 138px) 100vw, 138px\" \/><\/p>\n<p>Na sec\u00e7\u00e3o Eventos, pode visualizar eventos de diapositivos dos \u00faltimos dias. Se um evento incluir uma posi\u00e7\u00e3o, por exemplo, entrando ou saindo de uma cerca virtual, pode clicar nele para ser mostrado no mapa.<\/p>\n<h3>Menu &#8211; Configura\u00e7\u00f5es (M4)<\/h3>\n<p><a href=\"https:\/\/findpetgps.com\/wp-content\/uploads\/2022\/03\/findPet-intructions-2.png\"><img loading=\"lazy\" decoding=\"async\" class=\"alignleft wp-image-5645\" src=\"https:\/\/findpetgps.com\/wp-content\/uploads\/2022\/03\/findPet-intructions-2.png\" alt=\"\" width=\"180\" height=\"390\" srcset=\"https:\/\/findpetgps.com\/wp-content\/uploads\/2022\/03\/findPet-intructions-2.png 461w, https:\/\/findpetgps.com\/wp-content\/uploads\/2022\/03\/findPet-intructions-2-138x300.png 138w, https:\/\/findpetgps.com\/wp-content\/uploads\/2022\/03\/findPet-intructions-2-160x347.png 160w, https:\/\/findpetgps.com\/wp-content\/uploads\/2022\/03\/findPet-intructions-2-220x477.png 220w\" sizes=\"(max-width: 180px) 100vw, 180px\" \/><\/a><\/p>\n<p>C1 &#8211; alterar dados \/ alterar senha. A altera\u00e7\u00e3o da palavra-passe \u00e9 feita enviando um e-mail para o seu endere\u00e7o de e-mail para provar a sua identidade, e afeta tanto o acesso \u00e0 App como o acesso \u00e0 &#8220;minha conta&#8221;<\/p>\n<p>C2 &#8211; Logout de la App<\/p>\n<p>C3 &#8211; &#8220;A minha conta&#8221;. Acesso direto \u00e0 sec\u00e7\u00e3o web da &#8220;minha conta&#8221;, onde pode ver o estado completo das suas assinaturas e encomendas, modific\u00e1-las, etc. Requer o mesmo nome de utilizador e senha que s\u00e3o usados para a App. Se n\u00e3o se lembrar, pode redefinir a sua palavra-passe no bot\u00e3o C1<\/p>\n<p>C4 &#8211; mude de imagem ou tire uma foto e nome do animal de estima\u00e7\u00e3o.<\/p>\n<p>C5 &#8211; Encerramento do aparelho (desde que esteja online). A alimenta\u00e7\u00e3o n\u00e3o pode ser feita a partir da App, deve ser feita a partir do bot\u00e3o principal do dispositivo<\/p>\n<p>C6 &#8211; Reposi\u00e7\u00e3o do dispositivo<\/p>\n<p>C7- Apagar do dispositivo. ATEN\u00c7\u00c3O, todo o hist\u00f3rico de localiza\u00e7\u00e3o do seu animal de estima\u00e7\u00e3o ser\u00e1 permanentemente perdido.<\/p>\n<p>C8 &#8211; Sele\u00e7\u00e3o do intervalo entre locais. \u00c9 o tempo que o dispositivo leva para enviar a sua localiza\u00e7\u00e3o de forma normal. Por predefini\u00e7\u00e3o, \u00e9 configurado em 5 minutos. Menos tempo significa maior precis\u00e3o, mas a vida \u00fatil da bateria ser\u00e1 comprometida.<\/p>\n<p>C9 &#8211; Janela para adicionar um dispositivo. \u00c9 obrigat\u00f3rio faz\u00ea-lo ao iniciar a Aplica\u00e7\u00e3o ap\u00f3s a subscri\u00e7\u00e3o. Pode adicionar v\u00e1rios dispositivos \u00e0 App, cada dispositivo precisa da sua subscri\u00e7\u00e3o.<\/p>\n<p>C10 &#8211; Sele\u00e7\u00e3o de notifica\u00e7\u00f5es que ser\u00e3o enviadas para o telefone.<\/p>\n<p>Toque para desdobrar e ver\u00e1 todas as notifica\u00e7\u00f5es poss\u00edveis que pode receber no seu telem\u00f3vel:<\/p>\n<ul>\n<li>O alarme. Alarme de bateria fraca (recomendado)<\/li>\n<li>O dispositivo entrou numa cerca virtual (recomendada)<\/li>\n<li>O dispositivo saiu de uma cerca virtual (recomendada)<\/li>\n<li>Dispositivo online<\/li>\n<li>Dispositivo offline<\/li>\n<\/ul>\n<p>O tom e\/ou vibra\u00e7\u00e3o que ir\u00e1 receber depender\u00e1 das defini\u00e7\u00f5es gerais de tom\/vibra\u00e7\u00e3o no seu telem\u00f3vel.<\/p>\n<h3>Menu &#8211; Informa\u00e7\u00f5es (M5)<\/h3>\n<p><img loading=\"lazy\" decoding=\"async\" class=\"size-medium wp-image-5451 alignleft\" src=\"https:\/\/findpetgps.com\/wp-content\/uploads\/2022\/03\/findPet-8-138x300.jpeg\" alt=\"\" width=\"138\" height=\"300\" srcset=\"https:\/\/findpetgps.com\/wp-content\/uploads\/2022\/03\/findPet-8-138x300.jpeg 138w, https:\/\/findpetgps.com\/wp-content\/uploads\/2022\/03\/findPet-8-473x1024.jpeg 473w, https:\/\/findpetgps.com\/wp-content\/uploads\/2022\/03\/findPet-8-768x1664.jpeg 768w, https:\/\/findpetgps.com\/wp-content\/uploads\/2022\/03\/findPet-8-709x1536.jpeg 709w, https:\/\/findpetgps.com\/wp-content\/uploads\/2022\/03\/findPet-8-160x347.jpeg 160w, https:\/\/findpetgps.com\/wp-content\/uploads\/2022\/03\/findPet-8-220x477.jpeg 220w, https:\/\/findpetgps.com\/wp-content\/uploads\/2022\/03\/findPet-8-640x1387.jpeg 640w, https:\/\/findpetgps.com\/wp-content\/uploads\/2022\/03\/findPet-8-600x1300.jpeg 600w, https:\/\/findpetgps.com\/wp-content\/uploads\/2022\/03\/findPet-8.jpeg 945w\" sizes=\"(max-width: 138px) 100vw, 138px\" \/>Neste menu pode consultar:<\/p>\n<ul>\n<li>Instru\u00e7\u00f5es de utiliza\u00e7\u00e3o<\/li>\n<li>Termos e Condi\u00e7\u00f5es<\/li>\n<li>Pol\u00edtica de Privacidade<\/li>\n<\/ul>\n<p>Tamb\u00e9m pode contactar-nos atrav\u00e9s de:<\/p>\n<ul>\n<li>Formul\u00e1rio web<\/li>\n<li>WhatsApp (apenas mensagens de texto e imagens)<\/li>\n<\/ul>\n","protected":false},"excerpt":{"rendered":"<p>Comissionamento As medidas a tomar para a coloca\u00e7\u00e3o em funcionamento do dispositivo s\u00e3o as seguintes: 1- Ativa\u00e7\u00e3o do dispositivo. O servi\u00e7o de posicionamento fornecido requer uma subscri\u00e7\u00e3o ativa. Pode aceder \u00e0s v\u00e1rias op\u00e7\u00f5es de Subscri\u00e7\u00e3o aqui. Durante o processo de subscri\u00e7\u00e3o ser\u00e1 solicitado o IMEI do dispositivo, que normalmente se encontra na parte de tr\u00e1s [&hellip;]<\/p>\n","protected":false},"author":1,"featured_media":0,"parent":0,"menu_order":0,"comment_status":"closed","ping_status":"closed","template":"elementor_header_footer","meta":{"footnotes":"","_elementor_edit_mode":"builder","_elementor_template_type":"wp-page","_elementor_data":"","_elementor_page_settings":null,"_elementor_conditions":[]},"class_list":["post-5661","page","type-page","status-publish","hentry"],"yoast_head":"<!-- This site is optimized with the Yoast SEO plugin v27.1.1 - https:\/\/yoast.com\/product\/yoast-seo-wordpress\/ -->\n<title>Instru\u00e7\u00f5es de utiliza\u00e7\u00e3o - FindPetGPS<\/title>\n<meta name=\"robots\" content=\"index, follow, max-snippet:-1, max-image-preview:large, max-video-preview:-1\" \/>\n<link rel=\"canonical\" href=\"https:\/\/findpetgps.com\/pt-pt\/instrucoes\/\" \/>\n<meta property=\"og:locale\" content=\"pt_PT\" \/>\n<meta property=\"og:type\" content=\"article\" \/>\n<meta property=\"og:title\" content=\"Instru\u00e7\u00f5es de utiliza\u00e7\u00e3o - FindPetGPS\" \/>\n<meta property=\"og:description\" content=\"Comissionamento As medidas a tomar para a coloca\u00e7\u00e3o em funcionamento do dispositivo s\u00e3o as seguintes: 1- Ativa\u00e7\u00e3o do dispositivo. O servi\u00e7o de posicionamento fornecido requer uma subscri\u00e7\u00e3o ativa. Pode aceder \u00e0s v\u00e1rias op\u00e7\u00f5es de Subscri\u00e7\u00e3o aqui. Durante o processo de subscri\u00e7\u00e3o ser\u00e1 solicitado o IMEI do dispositivo, que normalmente se encontra na parte de tr\u00e1s [&hellip;]\" \/>\n<meta property=\"og:url\" content=\"https:\/\/findpetgps.com\/pt-pt\/instrucoes\/\" \/>\n<meta property=\"og:site_name\" content=\"FindPetGPS\" \/>\n<meta property=\"article:modified_time\" content=\"2022-03-19T11:17:42+00:00\" \/>\n<meta property=\"og:image\" content=\"https:\/\/findpetgps.com\/wp-content\/uploads\/2022\/03\/findPet-intructions-1-461x600.png\" \/>\n<meta name=\"twitter:card\" content=\"summary_large_image\" \/>\n<meta name=\"twitter:label1\" content=\"Tempo estimado de leitura\" \/>\n\t<meta name=\"twitter:data1\" content=\"7 minutos\" \/>\n<script type=\"application\/ld+json\" class=\"yoast-schema-graph\">{\"@context\":\"https:\/\/schema.org\",\"@graph\":[{\"@type\":\"WebPage\",\"@id\":\"https:\/\/findpetgps.com\/pt-pt\/instrucoes\/\",\"url\":\"https:\/\/findpetgps.com\/pt-pt\/instrucoes\/\",\"name\":\"Instru\u00e7\u00f5es de utiliza\u00e7\u00e3o - FindPetGPS\",\"isPartOf\":{\"@id\":\"https:\/\/findpetgps.com\/pt-pt\/#website\"},\"primaryImageOfPage\":{\"@id\":\"https:\/\/findpetgps.com\/pt-pt\/instrucoes\/#primaryimage\"},\"image\":{\"@id\":\"https:\/\/findpetgps.com\/pt-pt\/instrucoes\/#primaryimage\"},\"thumbnailUrl\":\"https:\/\/findpetgps.com\/wp-content\/uploads\/2022\/03\/findPet-intructions-1-461x600.png\",\"datePublished\":\"2022-03-16T18:07:41+00:00\",\"dateModified\":\"2022-03-19T11:17:42+00:00\",\"breadcrumb\":{\"@id\":\"https:\/\/findpetgps.com\/pt-pt\/instrucoes\/#breadcrumb\"},\"inLanguage\":\"pt-PT\",\"potentialAction\":[{\"@type\":\"ReadAction\",\"target\":[\"https:\/\/findpetgps.com\/pt-pt\/instrucoes\/\"]}]},{\"@type\":\"ImageObject\",\"inLanguage\":\"pt-PT\",\"@id\":\"https:\/\/findpetgps.com\/pt-pt\/instrucoes\/#primaryimage\",\"url\":\"https:\/\/findpetgps.com\/wp-content\/uploads\/2022\/03\/findPet-intructions-1-461x600.png\",\"contentUrl\":\"https:\/\/findpetgps.com\/wp-content\/uploads\/2022\/03\/findPet-intructions-1-461x600.png\"},{\"@type\":\"BreadcrumbList\",\"@id\":\"https:\/\/findpetgps.com\/pt-pt\/instrucoes\/#breadcrumb\",\"itemListElement\":[{\"@type\":\"ListItem\",\"position\":1,\"name\":\"Portada\",\"item\":\"https:\/\/findpetgps.com\/pt-pt\/\"},{\"@type\":\"ListItem\",\"position\":2,\"name\":\"Instru\u00e7\u00f5es de utiliza\u00e7\u00e3o\"}]},{\"@type\":\"WebSite\",\"@id\":\"https:\/\/findpetgps.com\/pt-pt\/#website\",\"url\":\"https:\/\/findpetgps.com\/pt-pt\/\",\"name\":\"FindPetGPS\",\"description\":\"Localizadores GPS para c\u00e3es e gatos\",\"publisher\":{\"@id\":\"https:\/\/findpetgps.com\/pt-pt\/#organization\"},\"potentialAction\":[{\"@type\":\"SearchAction\",\"target\":{\"@type\":\"EntryPoint\",\"urlTemplate\":\"https:\/\/findpetgps.com\/pt-pt\/?s={search_term_string}\"},\"query-input\":{\"@type\":\"PropertyValueSpecification\",\"valueRequired\":true,\"valueName\":\"search_term_string\"}}],\"inLanguage\":\"pt-PT\"},{\"@type\":\"Organization\",\"@id\":\"https:\/\/findpetgps.com\/pt-pt\/#organization\",\"name\":\"findPetGPS\",\"url\":\"https:\/\/findpetgps.com\/pt-pt\/\",\"logo\":{\"@type\":\"ImageObject\",\"inLanguage\":\"pt-PT\",\"@id\":\"https:\/\/findpetgps.com\/pt-pt\/#\/schema\/logo\/image\/\",\"url\":\"https:\/\/findpetgps.com\/wp-content\/uploads\/2020\/10\/Findpet-Logo-01-200.png\",\"contentUrl\":\"https:\/\/findpetgps.com\/wp-content\/uploads\/2020\/10\/Findpet-Logo-01-200.png\",\"width\":283,\"height\":200,\"caption\":\"findPetGPS\"},\"image\":{\"@id\":\"https:\/\/findpetgps.com\/pt-pt\/#\/schema\/logo\/image\/\"}}]}<\/script>\n<!-- \/ Yoast SEO plugin. -->","yoast_head_json":{"title":"Instru\u00e7\u00f5es de utiliza\u00e7\u00e3o - FindPetGPS","robots":{"index":"index","follow":"follow","max-snippet":"max-snippet:-1","max-image-preview":"max-image-preview:large","max-video-preview":"max-video-preview:-1"},"canonical":"https:\/\/findpetgps.com\/pt-pt\/instrucoes\/","og_locale":"pt_PT","og_type":"article","og_title":"Instru\u00e7\u00f5es de utiliza\u00e7\u00e3o - FindPetGPS","og_description":"Comissionamento As medidas a tomar para a coloca\u00e7\u00e3o em funcionamento do dispositivo s\u00e3o as seguintes: 1- Ativa\u00e7\u00e3o do dispositivo. O servi\u00e7o de posicionamento fornecido requer uma subscri\u00e7\u00e3o ativa. Pode aceder \u00e0s v\u00e1rias op\u00e7\u00f5es de Subscri\u00e7\u00e3o aqui. Durante o processo de subscri\u00e7\u00e3o ser\u00e1 solicitado o IMEI do dispositivo, que normalmente se encontra na parte de tr\u00e1s [&hellip;]","og_url":"https:\/\/findpetgps.com\/pt-pt\/instrucoes\/","og_site_name":"FindPetGPS","article_modified_time":"2022-03-19T11:17:42+00:00","og_image":[{"url":"https:\/\/findpetgps.com\/wp-content\/uploads\/2022\/03\/findPet-intructions-1-461x600.png","type":"","width":"","height":""}],"twitter_card":"summary_large_image","twitter_misc":{"Tempo estimado de leitura":"7 minutos"},"schema":{"@context":"https:\/\/schema.org","@graph":[{"@type":"WebPage","@id":"https:\/\/findpetgps.com\/pt-pt\/instrucoes\/","url":"https:\/\/findpetgps.com\/pt-pt\/instrucoes\/","name":"Instru\u00e7\u00f5es de utiliza\u00e7\u00e3o - FindPetGPS","isPartOf":{"@id":"https:\/\/findpetgps.com\/pt-pt\/#website"},"primaryImageOfPage":{"@id":"https:\/\/findpetgps.com\/pt-pt\/instrucoes\/#primaryimage"},"image":{"@id":"https:\/\/findpetgps.com\/pt-pt\/instrucoes\/#primaryimage"},"thumbnailUrl":"https:\/\/findpetgps.com\/wp-content\/uploads\/2022\/03\/findPet-intructions-1-461x600.png","datePublished":"2022-03-16T18:07:41+00:00","dateModified":"2022-03-19T11:17:42+00:00","breadcrumb":{"@id":"https:\/\/findpetgps.com\/pt-pt\/instrucoes\/#breadcrumb"},"inLanguage":"pt-PT","potentialAction":[{"@type":"ReadAction","target":["https:\/\/findpetgps.com\/pt-pt\/instrucoes\/"]}]},{"@type":"ImageObject","inLanguage":"pt-PT","@id":"https:\/\/findpetgps.com\/pt-pt\/instrucoes\/#primaryimage","url":"https:\/\/findpetgps.com\/wp-content\/uploads\/2022\/03\/findPet-intructions-1-461x600.png","contentUrl":"https:\/\/findpetgps.com\/wp-content\/uploads\/2022\/03\/findPet-intructions-1-461x600.png"},{"@type":"BreadcrumbList","@id":"https:\/\/findpetgps.com\/pt-pt\/instrucoes\/#breadcrumb","itemListElement":[{"@type":"ListItem","position":1,"name":"Portada","item":"https:\/\/findpetgps.com\/pt-pt\/"},{"@type":"ListItem","position":2,"name":"Instru\u00e7\u00f5es de utiliza\u00e7\u00e3o"}]},{"@type":"WebSite","@id":"https:\/\/findpetgps.com\/pt-pt\/#website","url":"https:\/\/findpetgps.com\/pt-pt\/","name":"FindPetGPS","description":"Localizadores GPS para c\u00e3es e gatos","publisher":{"@id":"https:\/\/findpetgps.com\/pt-pt\/#organization"},"potentialAction":[{"@type":"SearchAction","target":{"@type":"EntryPoint","urlTemplate":"https:\/\/findpetgps.com\/pt-pt\/?s={search_term_string}"},"query-input":{"@type":"PropertyValueSpecification","valueRequired":true,"valueName":"search_term_string"}}],"inLanguage":"pt-PT"},{"@type":"Organization","@id":"https:\/\/findpetgps.com\/pt-pt\/#organization","name":"findPetGPS","url":"https:\/\/findpetgps.com\/pt-pt\/","logo":{"@type":"ImageObject","inLanguage":"pt-PT","@id":"https:\/\/findpetgps.com\/pt-pt\/#\/schema\/logo\/image\/","url":"https:\/\/findpetgps.com\/wp-content\/uploads\/2020\/10\/Findpet-Logo-01-200.png","contentUrl":"https:\/\/findpetgps.com\/wp-content\/uploads\/2020\/10\/Findpet-Logo-01-200.png","width":283,"height":200,"caption":"findPetGPS"},"image":{"@id":"https:\/\/findpetgps.com\/pt-pt\/#\/schema\/logo\/image\/"}}]}},"_links":{"self":[{"href":"https:\/\/findpetgps.com\/pt-pt\/wp-json\/wp\/v2\/pages\/5661","targetHints":{"allow":["GET"]}}],"collection":[{"href":"https:\/\/findpetgps.com\/pt-pt\/wp-json\/wp\/v2\/pages"}],"about":[{"href":"https:\/\/findpetgps.com\/pt-pt\/wp-json\/wp\/v2\/types\/page"}],"author":[{"embeddable":true,"href":"https:\/\/findpetgps.com\/pt-pt\/wp-json\/wp\/v2\/users\/1"}],"replies":[{"embeddable":true,"href":"https:\/\/findpetgps.com\/pt-pt\/wp-json\/wp\/v2\/comments?post=5661"}],"version-history":[{"count":0,"href":"https:\/\/findpetgps.com\/pt-pt\/wp-json\/wp\/v2\/pages\/5661\/revisions"}],"wp:attachment":[{"href":"https:\/\/findpetgps.com\/pt-pt\/wp-json\/wp\/v2\/media?parent=5661"}],"curies":[{"name":"wp","href":"https:\/\/api.w.org\/{rel}","templated":true}]}}