{"id":2946,"date":"2020-10-16T19:54:14","date_gmt":"2020-10-16T17:54:14","guid":{"rendered":"https:\/\/findpetgps.com\/aviso-legal\/politica-de-privacidade\/"},"modified":"2021-07-09T11:51:43","modified_gmt":"2021-07-09T09:51:43","slug":"politica-de-privacidade","status":"publish","type":"page","link":"https:\/\/findpetgps.com\/pt-pt\/aviso-legal\/politica-de-privacidade\/","title":{"rendered":"Pol\u00edtica de Privacidade"},"content":{"rendered":"\n<p>Consulte a pol\u00edtica de privacidade sobre a loja, dispositivos e servi\u00e7os do FINDPet GPS<\/p>\n\n<p><strong>  1. RECOLHA E TRATAMENTO DE DADOS PESSOAIS.<\/strong><\/p>\n\n<p>Quem \u00e9 o respons\u00e1vel pelo tratamento dos seus dados?<\/p>\n\n<p>O propriet\u00e1rio e respons\u00e1vel pelo processamento do ficheiro automatizado \u00e9 o FindPet, propriet\u00e1rio GPS Consulting, S.L. com cif B816677783 e sede em Boadilla del Monte (Madrid).<\/p>\n\n<p>Para que finalidade tratamos os seus dados pessoais?<\/p>\n\n<p>Na findPetGPS.com utilizamos os seus dados pessoais apenas para as seguintes finalidades:<\/p>\n\n<p><strong>COMPRA\/ REGISTO:<\/strong><\/p>\n\n<ul class=\"wp-block-list\"><li>Gerencie as suas ordens feitas.<\/li><li>Garantir o bom funcionamento da loja online, para a qual iremos atender a todas as suas d\u00favidas, gui\u00e1-lo nos processos e poderemos contact\u00e1-lo em caso de detetar alguma anomalia no processo de compra.<\/li><li>Para atender \u00e0s d\u00favidas e pedidos que pode transferir para n\u00f3s.<\/li><li>Mantenha-o informado sobre ofertas e promo\u00e7\u00f5es.<\/li><li>Crie um perfil no nosso website registando os seus dados b\u00e1sicos num formul\u00e1rio para que possa personalizar as suas compras e aceder a todos os produtos e promo\u00e7\u00f5es na loja.<\/li><\/ul>\n\n<p><strong>CONTACTO E ASSIST\u00caNCIA:<\/strong><\/p>\n\n<ul class=\"wp-block-list\"><li>Para responder a quaisquer perguntas e pedidos que nos possa enviar e prestar-lhe servi\u00e7o t\u00e9cnico se solicitado.<\/li><\/ul>\n\n<p><strong>NEWSLETTER:<\/strong><\/p>\n\n<ul class=\"wp-block-list\"><li>Envie informa\u00e7\u00f5es sobre not\u00edcias, ofertas e promo\u00e7\u00f5es.<\/li><\/ul>\n\n<p>Em qualquer caso, ao navegar no nosso website, pode acompanhar as suas a\u00e7\u00f5es realizadas para nos ajudar a melhor\u00e1-lo, torn\u00e1-lo mais amig\u00e1vel e seguro, bem como ser capaz de lhe oferecer um melhor servi\u00e7o e experi\u00eancia nele.<\/p>\n\n<p><strong>Qual \u00e9 a legitimidade para o tratamento dos seus dados?<\/strong><\/p>\n\n<p>A base legal para o tratamento dos seus dados \u00e9 o consentimento informado para responder \u00e0s consultas levantadas atrav\u00e9s do site, o que implica a aceita\u00e7\u00e3o destas condi\u00e7\u00f5es pelo interessado.<\/p>\n\n<p><strong>A que destinat\u00e1rios os seus dados ser\u00e3o comunicados?<\/strong><\/p>\n\n<p>Os dados pessoais n\u00e3o ser\u00e3o fornecidos a terceiros, exceto a obriga\u00e7\u00e3o legal ou no \u00e2mbito da finalidade acima descrita, por exemplo, \u00e0s administra\u00e7\u00f5es p\u00fablicas ou outros organismos, se necess\u00e1rio para cumprir as obriga\u00e7\u00f5es da organiza\u00e7\u00e3o.<\/p>\n\n<p><strong>Quais s\u00e3o os seus direitos quando nos fornece os seus dados?<\/strong><\/p>\n\n<p>Tem o direito de obter a confirma\u00e7\u00e3o de se FindPetGPS.com est\u00e3o a processar dados pessoais que lhe digam respeito ou n\u00e3o. Tem ainda o direito de aceder aos seus dados pessoais, bem como de solicitar a retifica\u00e7\u00e3o de dados imprecisos ou, se for caso disso, solicitar a sua elimina\u00e7\u00e3o quando, entre outros motivos, os dados deixarem de ser necess\u00e1rios para as finalidades que foram recolhidas.<\/p>\n\n<p>Em determinadas circunst\u00e2ncias, poder\u00e1 solicitar a limita\u00e7\u00e3o do tratamento dos seus dados, caso em que apenas os guardaremos para o exerc\u00edcio ou defesa de reclama\u00e7\u00f5es. Por raz\u00f5es relacionadas com a sua situa\u00e7\u00e3o particular, poder\u00e1 tamb\u00e9m opor-se ao tratamento dos seus dados.<\/p>\n\n<p>FindPetgps.com deixar\u00e1 de processar os dados, exceto por raz\u00f5es leg\u00edtimas, ou pelo exerc\u00edcio ou defesa de poss\u00edveis reclama\u00e7\u00f5es. Lembre-se que a qualquer momento pode apresentar uma queixa \u00e0 autoridade de supervis\u00e3o.<\/p>\n\n<p>Para qualquer esclarecimento ou solicitar o exerc\u00edcio de qualquer um destes direitos pode enviar-nos um pedido <a href=\"mailto:info@findpetgps.com\">info@findpetgps.com<\/a><\/p>\n\n<p><strong>Como obtivemos os seus dados?<\/strong><\/p>\n\n<p>Todas as informa\u00e7\u00f5es confidenciais enviadas atrav\u00e9s do nosso website est\u00e3o encriptadas e, portanto, protegidas de terceiros. Estas informa\u00e7\u00f5es s\u00e3o enviadas atrav\u00e9s do protocolo de seguran\u00e7a Secure Socket Layer (SSL), que encripta as informa\u00e7\u00f5es que nos envia antes de chegar para a proteger de terceiros. Em caso algum s\u00e3o os dados armazenados que podem relacionar a identifica\u00e7\u00e3o dos meios de pagamento com a identidade do seu titular.<\/p>\n\n<p>Os dados pessoais que processamos foram fornecidos diretamente por si atrav\u00e9s dos diferentes formul\u00e1rios dispon\u00edveis no site, apenas os dados de identifica\u00e7\u00e3o e contacto fornecidos ser\u00e3o tratados.<\/p>\n\n<hr class=\"wp-block-separator\"\/>\n\n<p><strong>2. GATEWAY DE PAGAMENTO.<\/strong><\/p>\n\n<p>Qualquer pagamento ou transa\u00e7\u00e3o econ\u00f3mica efetuada atrav\u00e9s do website que exija que o utilizador forne\u00e7a os seus dados de cart\u00e3o de cr\u00e9dito ou d\u00e9bito ser\u00e1 efetuado atrav\u00e9s de um sistema de gateway de pagamento gerido direta e exclusivamente pela Strime (entidade com a qual FindPetgps.com organizou a sua implementa\u00e7\u00e3o). Neste caso, ser\u00e1 o banco a aceder e tratar esses dados com o verdadeiro prop\u00f3sito de pagar os valores devidos. FindPetgps.com n\u00e3o ter\u00e1 qualquer acesso a esses dados.<\/p>\n\n<p><strong>IMPORTANTE<\/strong>: Os dados do cart\u00e3o de cr\u00e9dito s\u00e3o introduzidos diretamente no site seguro do banco, pelo FindPetgps.com n\u00e3o transmita estes dados nem os mantenha nos seus servidores.<\/p>\n\n<hr class=\"wp-block-separator\"\/>\n\n<p><strong>3. DIREITO DE ACESSO, OPOSI\u00c7\u00c3O, RETIFICA\u00c7\u00c3O E CANCELAMENTO.<\/strong><\/p>\n\n<p>O utilizador que insira os seus dados pessoais nos formul\u00e1rios do nosso website ter\u00e1 todo o direito de exercer os seus direitos de acesso, oposi\u00e7\u00e3o, retifica\u00e7\u00e3o e cancelamento a qualquer momento, solicitando-os <a href=\"mailto:info@findpetgps.com\">a info@findPetgps.com,<\/a>acompanhando sempre o pedido de c\u00f3pia do NIF do titular dos dados. Em todo o caso, gps.com compromete-se a cancelar os dados pessoais recolhidos quando j\u00e1 n\u00e3o s\u00e3o necess\u00e1rios ou relevantes para as finalidades para as quais foram recolhidos.<\/p>\n\n<hr class=\"wp-block-separator\"\/>\n\n<p><strong>4. ALTERA\u00c7\u00c3O DOS REGULAMENTOS DE POL\u00cdTICA DE PRIVACIDADE.<\/strong><br\/>findPetgps.com podem modificar ou atualizar a pol\u00edtica de privacidade a qualquer momento, de acordo com as altera\u00e7\u00f5es \u00e0s quais est\u00e3o sujeitas as altera\u00e7\u00f5es \u00e0 legisla\u00e7\u00e3o e regulamentos que regulam esta mat\u00e9ria e protegem os direitos do utilizador, e ser\u00e3o vinculativas assim que forem publicadas nesta mesma sec\u00e7\u00e3o do website. Se n\u00e3o concordar com quaisquer altera\u00e7\u00f5es que possam ser feitas \u00e0 pol\u00edtica de privacidade, recomendamos que deixe de usar este website.<\/p>\n","protected":false},"excerpt":{"rendered":"<p>Consulte a pol\u00edtica de privacidade sobre a loja, dispositivos e servi\u00e7os do FINDPet GPS 1. RECOLHA E TRATAMENTO DE DADOS PESSOAIS. Quem \u00e9 o respons\u00e1vel pelo tratamento dos seus dados? O propriet\u00e1rio e respons\u00e1vel pelo processamento do ficheiro automatizado \u00e9 o FindPet, propriet\u00e1rio GPS Consulting, S.L. com cif B816677783 e sede em Boadilla del Monte [&hellip;]<\/p>\n","protected":false},"author":1,"featured_media":0,"parent":2885,"menu_order":26,"comment_status":"closed","ping_status":"closed","template":"","meta":{"footnotes":"","_elementor_edit_mode":"","_elementor_template_type":"","_elementor_data":"","_elementor_page_settings":null,"_elementor_conditions":[]},"class_list":["post-2946","page","type-page","status-publish","hentry"],"yoast_head":"<!-- This site is optimized with the Yoast SEO plugin v27.1.1 - https:\/\/yoast.com\/product\/yoast-seo-wordpress\/ -->\n<title>Pol\u00edtica de Privacidade - FindPetGPS<\/title>\n<meta name=\"robots\" content=\"index, follow, max-snippet:-1, max-image-preview:large, max-video-preview:-1\" \/>\n<link rel=\"canonical\" href=\"https:\/\/findpetgps.com\/pt-pt\/aviso-legal\/politica-de-privacidade\/\" \/>\n<meta property=\"og:locale\" content=\"pt_PT\" \/>\n<meta property=\"og:type\" content=\"article\" \/>\n<meta property=\"og:title\" content=\"Pol\u00edtica de Privacidade - FindPetGPS\" \/>\n<meta property=\"og:description\" content=\"Consulte a pol\u00edtica de privacidade sobre a loja, dispositivos e servi\u00e7os do FINDPet GPS 1. RECOLHA E TRATAMENTO DE DADOS PESSOAIS. Quem \u00e9 o respons\u00e1vel pelo tratamento dos seus dados? O propriet\u00e1rio e respons\u00e1vel pelo processamento do ficheiro automatizado \u00e9 o FindPet, propriet\u00e1rio GPS Consulting, S.L. com cif B816677783 e sede em Boadilla del Monte [&hellip;]\" \/>\n<meta property=\"og:url\" content=\"https:\/\/findpetgps.com\/pt-pt\/aviso-legal\/politica-de-privacidade\/\" \/>\n<meta property=\"og:site_name\" content=\"FindPetGPS\" \/>\n<meta property=\"article:modified_time\" content=\"2021-07-09T09:51:43+00:00\" \/>\n<meta name=\"twitter:card\" content=\"summary_large_image\" \/>\n<meta name=\"twitter:label1\" content=\"Tempo estimado de leitura\" \/>\n\t<meta name=\"twitter:data1\" content=\"5 minutos\" \/>\n<script type=\"application\/ld+json\" class=\"yoast-schema-graph\">{\"@context\":\"https:\/\/schema.org\",\"@graph\":[{\"@type\":\"WebPage\",\"@id\":\"https:\/\/findpetgps.com\/pt-pt\/aviso-legal\/politica-de-privacidade\/\",\"url\":\"https:\/\/findpetgps.com\/pt-pt\/aviso-legal\/politica-de-privacidade\/\",\"name\":\"Pol\u00edtica de Privacidade - FindPetGPS\",\"isPartOf\":{\"@id\":\"https:\/\/findpetgps.com\/pt-pt\/#website\"},\"datePublished\":\"2020-10-16T17:54:14+00:00\",\"dateModified\":\"2021-07-09T09:51:43+00:00\",\"breadcrumb\":{\"@id\":\"https:\/\/findpetgps.com\/pt-pt\/aviso-legal\/politica-de-privacidade\/#breadcrumb\"},\"inLanguage\":\"pt-PT\",\"potentialAction\":[{\"@type\":\"ReadAction\",\"target\":[\"https:\/\/findpetgps.com\/pt-pt\/aviso-legal\/politica-de-privacidade\/\"]}]},{\"@type\":\"BreadcrumbList\",\"@id\":\"https:\/\/findpetgps.com\/pt-pt\/aviso-legal\/politica-de-privacidade\/#breadcrumb\",\"itemListElement\":[{\"@type\":\"ListItem\",\"position\":1,\"name\":\"Portada\",\"item\":\"https:\/\/findpetgps.com\/pt-pt\/\"},{\"@type\":\"ListItem\",\"position\":2,\"name\":\"Aviso Legal\",\"item\":\"https:\/\/findpetgps.com\/pt-pt\/aviso-legal\/\"},{\"@type\":\"ListItem\",\"position\":3,\"name\":\"Pol\u00edtica de Privacidade\"}]},{\"@type\":\"WebSite\",\"@id\":\"https:\/\/findpetgps.com\/pt-pt\/#website\",\"url\":\"https:\/\/findpetgps.com\/pt-pt\/\",\"name\":\"FindPetGPS\",\"description\":\"Localizadores GPS para c\u00e3es e gatos\",\"publisher\":{\"@id\":\"https:\/\/findpetgps.com\/pt-pt\/#organization\"},\"potentialAction\":[{\"@type\":\"SearchAction\",\"target\":{\"@type\":\"EntryPoint\",\"urlTemplate\":\"https:\/\/findpetgps.com\/pt-pt\/?s={search_term_string}\"},\"query-input\":{\"@type\":\"PropertyValueSpecification\",\"valueRequired\":true,\"valueName\":\"search_term_string\"}}],\"inLanguage\":\"pt-PT\"},{\"@type\":\"Organization\",\"@id\":\"https:\/\/findpetgps.com\/pt-pt\/#organization\",\"name\":\"findPetGPS\",\"url\":\"https:\/\/findpetgps.com\/pt-pt\/\",\"logo\":{\"@type\":\"ImageObject\",\"inLanguage\":\"pt-PT\",\"@id\":\"https:\/\/findpetgps.com\/pt-pt\/#\/schema\/logo\/image\/\",\"url\":\"https:\/\/findpetgps.com\/wp-content\/uploads\/2020\/10\/Findpet-Logo-01-200.png\",\"contentUrl\":\"https:\/\/findpetgps.com\/wp-content\/uploads\/2020\/10\/Findpet-Logo-01-200.png\",\"width\":283,\"height\":200,\"caption\":\"findPetGPS\"},\"image\":{\"@id\":\"https:\/\/findpetgps.com\/pt-pt\/#\/schema\/logo\/image\/\"}}]}<\/script>\n<!-- \/ Yoast SEO plugin. -->","yoast_head_json":{"title":"Pol\u00edtica de Privacidade - FindPetGPS","robots":{"index":"index","follow":"follow","max-snippet":"max-snippet:-1","max-image-preview":"max-image-preview:large","max-video-preview":"max-video-preview:-1"},"canonical":"https:\/\/findpetgps.com\/pt-pt\/aviso-legal\/politica-de-privacidade\/","og_locale":"pt_PT","og_type":"article","og_title":"Pol\u00edtica de Privacidade - FindPetGPS","og_description":"Consulte a pol\u00edtica de privacidade sobre a loja, dispositivos e servi\u00e7os do FINDPet GPS 1. RECOLHA E TRATAMENTO DE DADOS PESSOAIS. Quem \u00e9 o respons\u00e1vel pelo tratamento dos seus dados? O propriet\u00e1rio e respons\u00e1vel pelo processamento do ficheiro automatizado \u00e9 o FindPet, propriet\u00e1rio GPS Consulting, S.L. com cif B816677783 e sede em Boadilla del Monte [&hellip;]","og_url":"https:\/\/findpetgps.com\/pt-pt\/aviso-legal\/politica-de-privacidade\/","og_site_name":"FindPetGPS","article_modified_time":"2021-07-09T09:51:43+00:00","twitter_card":"summary_large_image","twitter_misc":{"Tempo estimado de leitura":"5 minutos"},"schema":{"@context":"https:\/\/schema.org","@graph":[{"@type":"WebPage","@id":"https:\/\/findpetgps.com\/pt-pt\/aviso-legal\/politica-de-privacidade\/","url":"https:\/\/findpetgps.com\/pt-pt\/aviso-legal\/politica-de-privacidade\/","name":"Pol\u00edtica de Privacidade - FindPetGPS","isPartOf":{"@id":"https:\/\/findpetgps.com\/pt-pt\/#website"},"datePublished":"2020-10-16T17:54:14+00:00","dateModified":"2021-07-09T09:51:43+00:00","breadcrumb":{"@id":"https:\/\/findpetgps.com\/pt-pt\/aviso-legal\/politica-de-privacidade\/#breadcrumb"},"inLanguage":"pt-PT","potentialAction":[{"@type":"ReadAction","target":["https:\/\/findpetgps.com\/pt-pt\/aviso-legal\/politica-de-privacidade\/"]}]},{"@type":"BreadcrumbList","@id":"https:\/\/findpetgps.com\/pt-pt\/aviso-legal\/politica-de-privacidade\/#breadcrumb","itemListElement":[{"@type":"ListItem","position":1,"name":"Portada","item":"https:\/\/findpetgps.com\/pt-pt\/"},{"@type":"ListItem","position":2,"name":"Aviso Legal","item":"https:\/\/findpetgps.com\/pt-pt\/aviso-legal\/"},{"@type":"ListItem","position":3,"name":"Pol\u00edtica de Privacidade"}]},{"@type":"WebSite","@id":"https:\/\/findpetgps.com\/pt-pt\/#website","url":"https:\/\/findpetgps.com\/pt-pt\/","name":"FindPetGPS","description":"Localizadores GPS para c\u00e3es e gatos","publisher":{"@id":"https:\/\/findpetgps.com\/pt-pt\/#organization"},"potentialAction":[{"@type":"SearchAction","target":{"@type":"EntryPoint","urlTemplate":"https:\/\/findpetgps.com\/pt-pt\/?s={search_term_string}"},"query-input":{"@type":"PropertyValueSpecification","valueRequired":true,"valueName":"search_term_string"}}],"inLanguage":"pt-PT"},{"@type":"Organization","@id":"https:\/\/findpetgps.com\/pt-pt\/#organization","name":"findPetGPS","url":"https:\/\/findpetgps.com\/pt-pt\/","logo":{"@type":"ImageObject","inLanguage":"pt-PT","@id":"https:\/\/findpetgps.com\/pt-pt\/#\/schema\/logo\/image\/","url":"https:\/\/findpetgps.com\/wp-content\/uploads\/2020\/10\/Findpet-Logo-01-200.png","contentUrl":"https:\/\/findpetgps.com\/wp-content\/uploads\/2020\/10\/Findpet-Logo-01-200.png","width":283,"height":200,"caption":"findPetGPS"},"image":{"@id":"https:\/\/findpetgps.com\/pt-pt\/#\/schema\/logo\/image\/"}}]}},"_links":{"self":[{"href":"https:\/\/findpetgps.com\/pt-pt\/wp-json\/wp\/v2\/pages\/2946","targetHints":{"allow":["GET"]}}],"collection":[{"href":"https:\/\/findpetgps.com\/pt-pt\/wp-json\/wp\/v2\/pages"}],"about":[{"href":"https:\/\/findpetgps.com\/pt-pt\/wp-json\/wp\/v2\/types\/page"}],"author":[{"embeddable":true,"href":"https:\/\/findpetgps.com\/pt-pt\/wp-json\/wp\/v2\/users\/1"}],"replies":[{"embeddable":true,"href":"https:\/\/findpetgps.com\/pt-pt\/wp-json\/wp\/v2\/comments?post=2946"}],"version-history":[{"count":0,"href":"https:\/\/findpetgps.com\/pt-pt\/wp-json\/wp\/v2\/pages\/2946\/revisions"}],"up":[{"embeddable":true,"href":"https:\/\/findpetgps.com\/pt-pt\/wp-json\/wp\/v2\/pages\/2885"}],"wp:attachment":[{"href":"https:\/\/findpetgps.com\/pt-pt\/wp-json\/wp\/v2\/media?parent=2946"}],"curies":[{"name":"wp","href":"https:\/\/api.w.org\/{rel}","templated":true}]}}