{"id":2885,"date":"2020-10-16T20:04:52","date_gmt":"2020-10-16T18:04:52","guid":{"rendered":"https:\/\/findpetgps.com\/aviso-legal\/"},"modified":"2021-07-09T11:46:26","modified_gmt":"2021-07-09T09:46:26","slug":"aviso-legal","status":"publish","type":"page","link":"https:\/\/findpetgps.com\/pt-pt\/aviso-legal\/","title":{"rendered":"Aviso Legal"},"content":{"rendered":"\n<h6 class=\"wp-block-heading\" id=\"h-1-condiciones-de-uso\">1. Termos de Utiliza\u00e7\u00e3o.<\/h6>\n\n<p>As condi\u00e7\u00f5es aqui mencionadas aplicam-se a todas as transa\u00e7\u00f5es efetivas no site www.findpetgps.com, geridas pela GPS Consulting SL, VATID ESB16677783.<\/p>\n\n<p>Findpetgps fornece com este site um servi\u00e7o aos seus clientes. Por favor, reveja os termos e condi\u00e7\u00f5es de venda que regem o nosso website. A utiliza\u00e7\u00e3o do findpetgps.com pelo cliente constitui um acordo com as seguintes condi\u00e7\u00f5es gerais e condi\u00e7\u00f5es de venda. Se n\u00e3o concordar com estes termos, por favor, abstenha-se de usar o site.<\/p>\n\n<p>findpetgps podem modificar ou atualizar no todo ou em parte estes termos de venda e condi\u00e7\u00f5es gerais, tendo em conta poss\u00edveis altera\u00e7\u00f5es na legisla\u00e7\u00e3o e regras em vigor. Os novos termos de venda ser\u00e3o efetivos a partir da data de publica\u00e7\u00e3o no site findpetgps.com. Recomendamos que estes termos e condi\u00e7\u00f5es sejam revistos com frequ\u00eancia. Se n\u00e3o concordar com quaisquer altera\u00e7\u00f5es feitas, por favor, abstenha-se de usar o site.<\/p>\n\n<h6 class=\"wp-block-heading\" id=\"h-2-contenido-de-la-p-gina-web\">2. Conte\u00fado do website.<\/h6>\n\n<p>findpetgps tenta sempre manter o seu conte\u00fado revisto e n\u00e3o cont\u00e9m informa\u00e7\u00f5es incorretas. Em caso de tal erro fora do nosso controlo, procederemos imediatamente \u00e0 sua corre\u00e7\u00e3o.<\/p>\n\n<p>Reservamo-nos o direito de corrigir quaisquer erros, omiss\u00f5es ou imprecis\u00f5es, bem como de alterar ou atualizar informa\u00e7\u00f5es a qualquer momento sem aviso pr\u00e9vio. Reservamo-nos o direito de modificar a oferta comercial do nosso website quando nos dermos bem. Estas altera\u00e7\u00f5es n\u00e3o afetar\u00e3o, em caso algum, as compras j\u00e1 efetua\u00e7\u00f5es.<\/p>\n\n<p><a href=\"https:\/\/findpetgps.com\/pt-pt\/\">findpetgps.com<\/a> n\u00e3o podem ser responsabilizados por qualquer utiliza\u00e7\u00e3o do Website ou dos seus conte\u00fados por cada um dos utilizadores que n\u00e3o respeitem a legisla\u00e7\u00e3o e regulamentos em vigor. O utilizador \u00e9 o \u00fanico e exclusivo respons\u00e1vel pela comunica\u00e7\u00e3o de informa\u00e7\u00f5es e dados incorretos, falsos ou relacionados a terceiros (caso n\u00e3o tenham manifestado consentimento a este respeito), bem como pela sua utiliza\u00e7\u00e3o incorreta.<\/p>\n\n<p>findpetgps tem feito um esfor\u00e7o para exibir com a maior precis\u00e3o poss\u00edvel as cores dos produtos que aparecem na Web. Em todo o caso, as cores que o utilizador ir\u00e1 ver tamb\u00e9m depender\u00e3o do monitor que est\u00e3o a utilizar, pelo que os findpetgps n\u00e3o podem garantir a precis\u00e3o da cor que o referido monitor exibe.<\/p>\n\n<h6 class=\"wp-block-heading\" id=\"h-3-derechos-de-propiedad-intelectual\">3. Direitos de Propriedade Intelectual.<\/h6>\n\n<p>Reconhece e reconhece que todos os direitos de autor, desenhos, fotografias incluindo direitos de imagem, gr\u00e1ficos, sons, m\u00fasica, v\u00eddeo, \u00e1udio, texto, marcas comerciais, e todos os outros conte\u00fados e direitos e materiais intelectuais relativos aos conte\u00fados aqui descritos est\u00e3o protegidos pelos direitos de autor e outros direitos de propriedade intelectual dos findpetgps e outros detentores de direitos.<\/p>\n\n<p>Este website destina-se ao uso pessoal do utilizador e n\u00e3o comercial. \u00c9 proibido copiar, modificar, distribuir, transmitir, publicar ou explorar comercialmente qualquer conte\u00fado, produto ou servi\u00e7o neste website.<\/p>\n\n<h6 class=\"wp-block-heading\" id=\"h-4-comentarios-de-usuarios\">4. Feedback do utilizador.<\/h6>\n\n<p>Todos os coment\u00e1rios, ideias, opini\u00f5es, opini\u00f5es, opini\u00f5es, etc. oferecidos \u00e0 findpetgps.com devem continuar a ser propriedade da empresa. A utiliza\u00e7\u00e3o de provas de tais coment\u00e1rios, opini\u00f5es e outros n\u00e3o ser\u00e1, de modo alguma, limitada para fins comerciais ou outros.<\/p>\n\n<p>O utilizador compromete-se a n\u00e3o fazer coment\u00e1rios que violem os direitos de terceiros. O utilizador compromete-se tamb\u00e9m a n\u00e3o emitir coment\u00e1rios que possam conter conota\u00e7\u00f5es obscenas, ilegais ou abusivas. O utilizador ser\u00e1 o \u00fanico respons\u00e1vel pelo conte\u00fado dos coment\u00e1rios que estois.<\/p>\n\n<h6 class=\"wp-block-heading\" id=\"h-5-enlaces-con-otros-sitios-web\">5. Liga\u00e7\u00f5es a outros websites.<\/h6>\n\n<p>findpetgps pode incluir links ou links na Web para sites de terceiros. Findpetgps n\u00e3o rev\u00ea todos os websites de terceiros ou efetua controlos sobre os mesmos, pelo que ache que os gastos n\u00e3o podem ser responsabilizados em qualquer caso pelo conte\u00fado destes websites ou pelas medidas que tomam no que diz respeito \u00e0 privacidade ou tratamento dos dados pessoais do utilizador.<\/p>\n\n<h6 class=\"wp-block-heading\" id=\"h-6-enlaces-con-findpetgps-com\">6. Liga\u00e7\u00f5es a findpetgps.com.<\/h6>\n\n<p>Se estiver interessado em ativar um link para findpetgps.com, contacte findpetgps atrav\u00e9s do endere\u00e7o de e-mail: info@findpetgps.com<\/p>\n\n<h6 class=\"wp-block-heading\" id=\"h-7-legislaci-n-aplicable-y-jurisdicci-n-competente\">7. Lei aplic\u00e1vel e jurisdi\u00e7\u00e3o competente.<\/h6>\n\n<p>As vendas feitas com findpetgps.com est\u00e3o sujeitas \u00e0 lei espanhola. As partes submetem, a seu op\u00e7\u00e3o, a resolu\u00e7\u00e3o de lit\u00edgios e a desresposi\u00e7\u00e3o de qualquer outra lei, aos tribunais e tribunais do domic\u00edlio do utilizador.<\/p>\n\n<h6 class=\"wp-block-heading\" id=\"h-8-uso-de-cookies\">8. Utiliza\u00e7\u00e3o de cookies.<\/h6>\n\n<p>Este site utiliza cookies. Caso deseje, poder\u00e1 recusar o tratamento de dados ou informa\u00e7\u00f5es rejeitando a utiliza\u00e7\u00e3o de cookies configurando o seu navegador de Internet adequadamente, no entanto, deve ser notado que, se o fizer, poder\u00e1 n\u00e3o conseguir utilizar a funcionalidade completa deste website.<\/p>\n","protected":false},"excerpt":{"rendered":"<p>1. Termos de Utiliza\u00e7\u00e3o. As condi\u00e7\u00f5es aqui mencionadas aplicam-se a todas as transa\u00e7\u00f5es efetivas no site www.findpetgps.com, geridas pela GPS Consulting SL, VATID ESB16677783. Findpetgps fornece com este site um servi\u00e7o aos seus clientes. Por favor, reveja os termos e condi\u00e7\u00f5es de venda que regem o nosso website. A utiliza\u00e7\u00e3o do findpetgps.com pelo cliente constitui [&hellip;]<\/p>\n","protected":false},"author":1,"featured_media":0,"parent":0,"menu_order":23,"comment_status":"closed","ping_status":"closed","template":"","meta":{"footnotes":"","_elementor_edit_mode":"","_elementor_template_type":"","_elementor_data":"","_elementor_page_settings":null,"_elementor_conditions":[]},"class_list":["post-2885","page","type-page","status-publish","hentry"],"yoast_head":"<!-- This site is optimized with the Yoast SEO plugin v27.4 - https:\/\/yoast.com\/product\/yoast-seo-wordpress\/ -->\n<title>Aviso Legal - FindPetGPS<\/title>\n<meta name=\"robots\" content=\"index, follow, max-snippet:-1, max-image-preview:large, max-video-preview:-1\" \/>\n<link rel=\"canonical\" href=\"https:\/\/findpetgps.com\/pt-pt\/aviso-legal\/\" \/>\n<meta property=\"og:locale\" content=\"pt_PT\" \/>\n<meta property=\"og:type\" content=\"article\" \/>\n<meta property=\"og:title\" content=\"Aviso Legal - FindPetGPS\" \/>\n<meta property=\"og:description\" content=\"1. Termos de Utiliza\u00e7\u00e3o. As condi\u00e7\u00f5es aqui mencionadas aplicam-se a todas as transa\u00e7\u00f5es efetivas no site www.findpetgps.com, geridas pela GPS Consulting SL, VATID ESB16677783. Findpetgps fornece com este site um servi\u00e7o aos seus clientes. Por favor, reveja os termos e condi\u00e7\u00f5es de venda que regem o nosso website. A utiliza\u00e7\u00e3o do findpetgps.com pelo cliente constitui [&hellip;]\" \/>\n<meta property=\"og:url\" content=\"https:\/\/findpetgps.com\/pt-pt\/aviso-legal\/\" \/>\n<meta property=\"og:site_name\" content=\"FindPetGPS\" \/>\n<meta property=\"article:modified_time\" content=\"2021-07-09T09:46:26+00:00\" \/>\n<meta name=\"twitter:card\" content=\"summary_large_image\" \/>\n<meta name=\"twitter:label1\" content=\"Tempo estimado de leitura\" \/>\n\t<meta name=\"twitter:data1\" content=\"4 minutos\" \/>\n<script type=\"application\/ld+json\" class=\"yoast-schema-graph\">{\"@context\":\"https:\\\/\\\/schema.org\",\"@graph\":[{\"@type\":\"WebPage\",\"@id\":\"https:\\\/\\\/findpetgps.com\\\/pt-pt\\\/aviso-legal\\\/\",\"url\":\"https:\\\/\\\/findpetgps.com\\\/pt-pt\\\/aviso-legal\\\/\",\"name\":\"Aviso Legal - FindPetGPS\",\"isPartOf\":{\"@id\":\"https:\\\/\\\/findpetgps.com\\\/pt-pt\\\/#website\"},\"datePublished\":\"2020-10-16T18:04:52+00:00\",\"dateModified\":\"2021-07-09T09:46:26+00:00\",\"breadcrumb\":{\"@id\":\"https:\\\/\\\/findpetgps.com\\\/pt-pt\\\/aviso-legal\\\/#breadcrumb\"},\"inLanguage\":\"pt-PT\",\"potentialAction\":[{\"@type\":\"ReadAction\",\"target\":[\"https:\\\/\\\/findpetgps.com\\\/pt-pt\\\/aviso-legal\\\/\"]}]},{\"@type\":\"BreadcrumbList\",\"@id\":\"https:\\\/\\\/findpetgps.com\\\/pt-pt\\\/aviso-legal\\\/#breadcrumb\",\"itemListElement\":[{\"@type\":\"ListItem\",\"position\":1,\"name\":\"Portada\",\"item\":\"https:\\\/\\\/findpetgps.com\\\/pt-pt\\\/\"},{\"@type\":\"ListItem\",\"position\":2,\"name\":\"Aviso Legal\"}]},{\"@type\":\"WebSite\",\"@id\":\"https:\\\/\\\/findpetgps.com\\\/pt-pt\\\/#website\",\"url\":\"https:\\\/\\\/findpetgps.com\\\/pt-pt\\\/\",\"name\":\"FindPetGPS\",\"description\":\"Localizadores GPS para c\u00e3es e gatos\",\"publisher\":{\"@id\":\"https:\\\/\\\/findpetgps.com\\\/pt-pt\\\/#organization\"},\"potentialAction\":[{\"@type\":\"SearchAction\",\"target\":{\"@type\":\"EntryPoint\",\"urlTemplate\":\"https:\\\/\\\/findpetgps.com\\\/pt-pt\\\/?s={search_term_string}\"},\"query-input\":{\"@type\":\"PropertyValueSpecification\",\"valueRequired\":true,\"valueName\":\"search_term_string\"}}],\"inLanguage\":\"pt-PT\"},{\"@type\":\"Organization\",\"@id\":\"https:\\\/\\\/findpetgps.com\\\/pt-pt\\\/#organization\",\"name\":\"findPetGPS\",\"url\":\"https:\\\/\\\/findpetgps.com\\\/pt-pt\\\/\",\"logo\":{\"@type\":\"ImageObject\",\"inLanguage\":\"pt-PT\",\"@id\":\"https:\\\/\\\/findpetgps.com\\\/pt-pt\\\/#\\\/schema\\\/logo\\\/image\\\/\",\"url\":\"https:\\\/\\\/findpetgps.com\\\/wp-content\\\/uploads\\\/2020\\\/10\\\/Findpet-Logo-01-200.png\",\"contentUrl\":\"https:\\\/\\\/findpetgps.com\\\/wp-content\\\/uploads\\\/2020\\\/10\\\/Findpet-Logo-01-200.png\",\"width\":283,\"height\":200,\"caption\":\"findPetGPS\"},\"image\":{\"@id\":\"https:\\\/\\\/findpetgps.com\\\/pt-pt\\\/#\\\/schema\\\/logo\\\/image\\\/\"}}]}<\/script>\n<!-- \/ Yoast SEO plugin. -->","yoast_head_json":{"title":"Aviso Legal - FindPetGPS","robots":{"index":"index","follow":"follow","max-snippet":"max-snippet:-1","max-image-preview":"max-image-preview:large","max-video-preview":"max-video-preview:-1"},"canonical":"https:\/\/findpetgps.com\/pt-pt\/aviso-legal\/","og_locale":"pt_PT","og_type":"article","og_title":"Aviso Legal - FindPetGPS","og_description":"1. Termos de Utiliza\u00e7\u00e3o. As condi\u00e7\u00f5es aqui mencionadas aplicam-se a todas as transa\u00e7\u00f5es efetivas no site www.findpetgps.com, geridas pela GPS Consulting SL, VATID ESB16677783. Findpetgps fornece com este site um servi\u00e7o aos seus clientes. Por favor, reveja os termos e condi\u00e7\u00f5es de venda que regem o nosso website. A utiliza\u00e7\u00e3o do findpetgps.com pelo cliente constitui [&hellip;]","og_url":"https:\/\/findpetgps.com\/pt-pt\/aviso-legal\/","og_site_name":"FindPetGPS","article_modified_time":"2021-07-09T09:46:26+00:00","twitter_card":"summary_large_image","twitter_misc":{"Tempo estimado de leitura":"4 minutos"},"schema":{"@context":"https:\/\/schema.org","@graph":[{"@type":"WebPage","@id":"https:\/\/findpetgps.com\/pt-pt\/aviso-legal\/","url":"https:\/\/findpetgps.com\/pt-pt\/aviso-legal\/","name":"Aviso Legal - FindPetGPS","isPartOf":{"@id":"https:\/\/findpetgps.com\/pt-pt\/#website"},"datePublished":"2020-10-16T18:04:52+00:00","dateModified":"2021-07-09T09:46:26+00:00","breadcrumb":{"@id":"https:\/\/findpetgps.com\/pt-pt\/aviso-legal\/#breadcrumb"},"inLanguage":"pt-PT","potentialAction":[{"@type":"ReadAction","target":["https:\/\/findpetgps.com\/pt-pt\/aviso-legal\/"]}]},{"@type":"BreadcrumbList","@id":"https:\/\/findpetgps.com\/pt-pt\/aviso-legal\/#breadcrumb","itemListElement":[{"@type":"ListItem","position":1,"name":"Portada","item":"https:\/\/findpetgps.com\/pt-pt\/"},{"@type":"ListItem","position":2,"name":"Aviso Legal"}]},{"@type":"WebSite","@id":"https:\/\/findpetgps.com\/pt-pt\/#website","url":"https:\/\/findpetgps.com\/pt-pt\/","name":"FindPetGPS","description":"Localizadores GPS para c\u00e3es e gatos","publisher":{"@id":"https:\/\/findpetgps.com\/pt-pt\/#organization"},"potentialAction":[{"@type":"SearchAction","target":{"@type":"EntryPoint","urlTemplate":"https:\/\/findpetgps.com\/pt-pt\/?s={search_term_string}"},"query-input":{"@type":"PropertyValueSpecification","valueRequired":true,"valueName":"search_term_string"}}],"inLanguage":"pt-PT"},{"@type":"Organization","@id":"https:\/\/findpetgps.com\/pt-pt\/#organization","name":"findPetGPS","url":"https:\/\/findpetgps.com\/pt-pt\/","logo":{"@type":"ImageObject","inLanguage":"pt-PT","@id":"https:\/\/findpetgps.com\/pt-pt\/#\/schema\/logo\/image\/","url":"https:\/\/findpetgps.com\/wp-content\/uploads\/2020\/10\/Findpet-Logo-01-200.png","contentUrl":"https:\/\/findpetgps.com\/wp-content\/uploads\/2020\/10\/Findpet-Logo-01-200.png","width":283,"height":200,"caption":"findPetGPS"},"image":{"@id":"https:\/\/findpetgps.com\/pt-pt\/#\/schema\/logo\/image\/"}}]}},"_links":{"self":[{"href":"https:\/\/findpetgps.com\/pt-pt\/wp-json\/wp\/v2\/pages\/2885","targetHints":{"allow":["GET"]}}],"collection":[{"href":"https:\/\/findpetgps.com\/pt-pt\/wp-json\/wp\/v2\/pages"}],"about":[{"href":"https:\/\/findpetgps.com\/pt-pt\/wp-json\/wp\/v2\/types\/page"}],"author":[{"embeddable":true,"href":"https:\/\/findpetgps.com\/pt-pt\/wp-json\/wp\/v2\/users\/1"}],"replies":[{"embeddable":true,"href":"https:\/\/findpetgps.com\/pt-pt\/wp-json\/wp\/v2\/comments?post=2885"}],"version-history":[{"count":0,"href":"https:\/\/findpetgps.com\/pt-pt\/wp-json\/wp\/v2\/pages\/2885\/revisions"}],"wp:attachment":[{"href":"https:\/\/findpetgps.com\/pt-pt\/wp-json\/wp\/v2\/media?parent=2885"}],"curies":[{"name":"wp","href":"https:\/\/api.w.org\/{rel}","templated":true}]}}