{"id":2873,"date":"2020-10-16T20:00:31","date_gmt":"2020-10-16T18:00:31","guid":{"rendered":"https:\/\/findpetgps.com\/politica-de-cookies\/"},"modified":"2020-11-06T19:22:46","modified_gmt":"2020-11-06T17:22:46","slug":"politica-de-cookies","status":"publish","type":"page","link":"https:\/\/findpetgps.com\/pt-pt\/aviso-legal\/politica-de-cookies\/","title":{"rendered":"Pol\u00edtica de Cookies"},"content":{"rendered":"\n<h3 class=\"wp-block-heading\" id=\"h-cookies\">Cookies<\/h3>\n\n<p>Um <em>cookie<\/em> \u00e9 um pequeno arquivo de texto que \u00e9 armazenado no seu navegador quando visita quase qualquer site. A sua utilidade \u00e9 que o site \u00e9 capaz de se lembrar da sua visita quando navega novamente nessa p\u00e1gina. Os cookies <em>normalmente<\/em> armazenam informa\u00e7\u00f5es t\u00e9cnicas, prefer\u00eancias pessoais, personaliza\u00e7\u00e3o de conte\u00fados, estat\u00edsticas de utiliza\u00e7\u00e3o, links para redes sociais, acesso a contas de utilizador, etc. O objetivo do <em>cookie<\/em> \u00e9 adaptar o conte\u00fado do site ao seu perfil e <em>necessidades, sem cookies os servi\u00e7os oferecidos<\/em> por qualquer p\u00e1gina seriam significativamente reduzidos.<\/p>\n\n<p>Se deixar um coment\u00e1rio no nosso site pode optar por guardar o seu nome, endere\u00e7o de e-mail e website nos cookies. Isto \u00e9 para sua conveni\u00eancia, para que n\u00e3o tenha que encher os seus dados quando deixar outro coment\u00e1rio. Estes cookies v\u00e3o durar um ano.<\/p>\n\n<p>Se tiver uma conta e se ligar a este site, instalaremos um cookie tempor\u00e1rio para determinar se o seu navegador aceita cookies. Este cookie n\u00e3o cont\u00e9m dados pessoais e \u00e9 eliminado quando fecha o seu navegador.<\/p>\n\n<p>Quando aceder, tamb\u00e9m instalaremos v\u00e1rios cookies para guardar as suas op\u00e7\u00f5es de acesso e exibi\u00e7\u00e3o de ecr\u00e3. Os cookies de acesso duram dois dias e os cookies de op\u00e7\u00e3o de ecr\u00e3 duram um ano. Se selecionar Lembre-me, o seu acesso durar\u00e1 duas semanas. Se sair da sua conta, os cookies de acesso ser\u00e3o eliminados.<\/p>\n\n<p>Se editar ou publicar um artigo, um cookie adicional ser\u00e1 guardado no seu navegador. Este cookie n\u00e3o inclui dados pessoais e simplesmente indica o ID do item que acaba de editar. Expira depois de 1 dia.<\/p>\n\n<p>Seguindo as diretrizes da Ag\u00eancia Espanhola de Prote\u00e7\u00e3o de Dados procedemos ao detalhe <em>da utiliza\u00e7\u00e3o de cookies<\/em> escamados por este website de forma a inform\u00e1-lo com a maior precis\u00e3o poss\u00edvel.<\/p>\n\n<p>Este site utiliza os <strong>seguintes cookies pr\u00f3prios:<\/strong><\/p>\n\n<ul class=\"wp-block-list\"><li>Cookies de sess\u00e3o, para garantir que os utilizadores que escrevem coment\u00e1rios e preencham encomendas e formul\u00e1rios no blog s\u00e3o aplica\u00e7\u00f5es humanas e n\u00e3o automatizadas. Isto combate <em>o spam.<\/em><\/li><\/ul>\n\n<p>Este site utiliza os <strong>seguintes cookies de terceiros:<\/strong><\/p>\n\n<ul class=\"wp-block-list\"><li>Google Analytics: Armazena <em>cookies para<\/em> poder compilar estat\u00edsticas sobre o tr\u00e1fego e volume de visitas a este site. Ao utilizar este website est\u00e1 a consentir o processamento de informa\u00e7\u00f5es sobre si pelo Google. Por isso, o exerc\u00edcio de qualquer direito a este respeito deve faz\u00ea-lo comunicando diretamente com a Google.<\/li><li>Redes sociais: Cada rede social utiliza os seus <em>pr\u00f3prios cookies<\/em> para que possa clicar em <em>bot\u00f5es semelhantes<\/em> <em>ou<\/em> partilhar bot\u00f5es.<\/li><\/ul>\n","protected":false},"excerpt":{"rendered":"<p>Cookies Um cookie \u00e9 um pequeno arquivo de texto que \u00e9 armazenado no seu navegador quando visita quase qualquer site. A sua utilidade \u00e9 que o site \u00e9 capaz de se lembrar da sua visita quando navega novamente nessa p\u00e1gina. Os cookies normalmente armazenam informa\u00e7\u00f5es t\u00e9cnicas, prefer\u00eancias pessoais, personaliza\u00e7\u00e3o de conte\u00fados, estat\u00edsticas de utiliza\u00e7\u00e3o, links [&hellip;]<\/p>\n","protected":false},"author":1,"featured_media":0,"parent":2885,"menu_order":25,"comment_status":"closed","ping_status":"closed","template":"","meta":{"footnotes":"","_elementor_edit_mode":"","_elementor_template_type":"","_elementor_data":"","_elementor_page_settings":null,"_elementor_conditions":[]},"class_list":["post-2873","page","type-page","status-publish","hentry"],"yoast_head":"<!-- This site is optimized with the Yoast SEO plugin v27.1.1 - https:\/\/yoast.com\/product\/yoast-seo-wordpress\/ -->\n<title>Pol\u00edtica de Cookies - FindPetGPS<\/title>\n<meta name=\"robots\" content=\"index, follow, max-snippet:-1, max-image-preview:large, max-video-preview:-1\" \/>\n<link rel=\"canonical\" href=\"https:\/\/findpetgps.com\/pt-pt\/aviso-legal\/politica-de-cookies\/\" \/>\n<meta property=\"og:locale\" content=\"pt_PT\" \/>\n<meta property=\"og:type\" content=\"article\" \/>\n<meta property=\"og:title\" content=\"Pol\u00edtica de Cookies - FindPetGPS\" \/>\n<meta property=\"og:description\" content=\"Cookies Um cookie \u00e9 um pequeno arquivo de texto que \u00e9 armazenado no seu navegador quando visita quase qualquer site. A sua utilidade \u00e9 que o site \u00e9 capaz de se lembrar da sua visita quando navega novamente nessa p\u00e1gina. Os cookies normalmente armazenam informa\u00e7\u00f5es t\u00e9cnicas, prefer\u00eancias pessoais, personaliza\u00e7\u00e3o de conte\u00fados, estat\u00edsticas de utiliza\u00e7\u00e3o, links [&hellip;]\" \/>\n<meta property=\"og:url\" content=\"https:\/\/findpetgps.com\/pt-pt\/aviso-legal\/politica-de-cookies\/\" \/>\n<meta property=\"og:site_name\" content=\"FindPetGPS\" \/>\n<meta property=\"article:modified_time\" content=\"2020-11-06T17:22:46+00:00\" \/>\n<meta name=\"twitter:card\" content=\"summary_large_image\" \/>\n<meta name=\"twitter:label1\" content=\"Tempo estimado de leitura\" \/>\n\t<meta name=\"twitter:data1\" content=\"2 minutos\" \/>\n<script type=\"application\/ld+json\" class=\"yoast-schema-graph\">{\"@context\":\"https:\/\/schema.org\",\"@graph\":[{\"@type\":\"WebPage\",\"@id\":\"https:\/\/findpetgps.com\/pt-pt\/aviso-legal\/politica-de-cookies\/\",\"url\":\"https:\/\/findpetgps.com\/pt-pt\/aviso-legal\/politica-de-cookies\/\",\"name\":\"Pol\u00edtica de Cookies - FindPetGPS\",\"isPartOf\":{\"@id\":\"https:\/\/findpetgps.com\/pt-pt\/#website\"},\"datePublished\":\"2020-10-16T18:00:31+00:00\",\"dateModified\":\"2020-11-06T17:22:46+00:00\",\"breadcrumb\":{\"@id\":\"https:\/\/findpetgps.com\/pt-pt\/aviso-legal\/politica-de-cookies\/#breadcrumb\"},\"inLanguage\":\"pt-PT\",\"potentialAction\":[{\"@type\":\"ReadAction\",\"target\":[\"https:\/\/findpetgps.com\/pt-pt\/aviso-legal\/politica-de-cookies\/\"]}]},{\"@type\":\"BreadcrumbList\",\"@id\":\"https:\/\/findpetgps.com\/pt-pt\/aviso-legal\/politica-de-cookies\/#breadcrumb\",\"itemListElement\":[{\"@type\":\"ListItem\",\"position\":1,\"name\":\"Portada\",\"item\":\"https:\/\/findpetgps.com\/pt-pt\/\"},{\"@type\":\"ListItem\",\"position\":2,\"name\":\"Aviso Legal\",\"item\":\"https:\/\/findpetgps.com\/pt-pt\/aviso-legal\/\"},{\"@type\":\"ListItem\",\"position\":3,\"name\":\"Pol\u00edtica de Cookies\"}]},{\"@type\":\"WebSite\",\"@id\":\"https:\/\/findpetgps.com\/pt-pt\/#website\",\"url\":\"https:\/\/findpetgps.com\/pt-pt\/\",\"name\":\"FindPetGPS\",\"description\":\"Localizadores GPS para c\u00e3es e gatos\",\"publisher\":{\"@id\":\"https:\/\/findpetgps.com\/pt-pt\/#organization\"},\"potentialAction\":[{\"@type\":\"SearchAction\",\"target\":{\"@type\":\"EntryPoint\",\"urlTemplate\":\"https:\/\/findpetgps.com\/pt-pt\/?s={search_term_string}\"},\"query-input\":{\"@type\":\"PropertyValueSpecification\",\"valueRequired\":true,\"valueName\":\"search_term_string\"}}],\"inLanguage\":\"pt-PT\"},{\"@type\":\"Organization\",\"@id\":\"https:\/\/findpetgps.com\/pt-pt\/#organization\",\"name\":\"findPetGPS\",\"url\":\"https:\/\/findpetgps.com\/pt-pt\/\",\"logo\":{\"@type\":\"ImageObject\",\"inLanguage\":\"pt-PT\",\"@id\":\"https:\/\/findpetgps.com\/pt-pt\/#\/schema\/logo\/image\/\",\"url\":\"https:\/\/findpetgps.com\/wp-content\/uploads\/2020\/10\/Findpet-Logo-01-200.png\",\"contentUrl\":\"https:\/\/findpetgps.com\/wp-content\/uploads\/2020\/10\/Findpet-Logo-01-200.png\",\"width\":283,\"height\":200,\"caption\":\"findPetGPS\"},\"image\":{\"@id\":\"https:\/\/findpetgps.com\/pt-pt\/#\/schema\/logo\/image\/\"}}]}<\/script>\n<!-- \/ Yoast SEO plugin. -->","yoast_head_json":{"title":"Pol\u00edtica de Cookies - FindPetGPS","robots":{"index":"index","follow":"follow","max-snippet":"max-snippet:-1","max-image-preview":"max-image-preview:large","max-video-preview":"max-video-preview:-1"},"canonical":"https:\/\/findpetgps.com\/pt-pt\/aviso-legal\/politica-de-cookies\/","og_locale":"pt_PT","og_type":"article","og_title":"Pol\u00edtica de Cookies - FindPetGPS","og_description":"Cookies Um cookie \u00e9 um pequeno arquivo de texto que \u00e9 armazenado no seu navegador quando visita quase qualquer site. A sua utilidade \u00e9 que o site \u00e9 capaz de se lembrar da sua visita quando navega novamente nessa p\u00e1gina. Os cookies normalmente armazenam informa\u00e7\u00f5es t\u00e9cnicas, prefer\u00eancias pessoais, personaliza\u00e7\u00e3o de conte\u00fados, estat\u00edsticas de utiliza\u00e7\u00e3o, links [&hellip;]","og_url":"https:\/\/findpetgps.com\/pt-pt\/aviso-legal\/politica-de-cookies\/","og_site_name":"FindPetGPS","article_modified_time":"2020-11-06T17:22:46+00:00","twitter_card":"summary_large_image","twitter_misc":{"Tempo estimado de leitura":"2 minutos"},"schema":{"@context":"https:\/\/schema.org","@graph":[{"@type":"WebPage","@id":"https:\/\/findpetgps.com\/pt-pt\/aviso-legal\/politica-de-cookies\/","url":"https:\/\/findpetgps.com\/pt-pt\/aviso-legal\/politica-de-cookies\/","name":"Pol\u00edtica de Cookies - FindPetGPS","isPartOf":{"@id":"https:\/\/findpetgps.com\/pt-pt\/#website"},"datePublished":"2020-10-16T18:00:31+00:00","dateModified":"2020-11-06T17:22:46+00:00","breadcrumb":{"@id":"https:\/\/findpetgps.com\/pt-pt\/aviso-legal\/politica-de-cookies\/#breadcrumb"},"inLanguage":"pt-PT","potentialAction":[{"@type":"ReadAction","target":["https:\/\/findpetgps.com\/pt-pt\/aviso-legal\/politica-de-cookies\/"]}]},{"@type":"BreadcrumbList","@id":"https:\/\/findpetgps.com\/pt-pt\/aviso-legal\/politica-de-cookies\/#breadcrumb","itemListElement":[{"@type":"ListItem","position":1,"name":"Portada","item":"https:\/\/findpetgps.com\/pt-pt\/"},{"@type":"ListItem","position":2,"name":"Aviso Legal","item":"https:\/\/findpetgps.com\/pt-pt\/aviso-legal\/"},{"@type":"ListItem","position":3,"name":"Pol\u00edtica de Cookies"}]},{"@type":"WebSite","@id":"https:\/\/findpetgps.com\/pt-pt\/#website","url":"https:\/\/findpetgps.com\/pt-pt\/","name":"FindPetGPS","description":"Localizadores GPS para c\u00e3es e gatos","publisher":{"@id":"https:\/\/findpetgps.com\/pt-pt\/#organization"},"potentialAction":[{"@type":"SearchAction","target":{"@type":"EntryPoint","urlTemplate":"https:\/\/findpetgps.com\/pt-pt\/?s={search_term_string}"},"query-input":{"@type":"PropertyValueSpecification","valueRequired":true,"valueName":"search_term_string"}}],"inLanguage":"pt-PT"},{"@type":"Organization","@id":"https:\/\/findpetgps.com\/pt-pt\/#organization","name":"findPetGPS","url":"https:\/\/findpetgps.com\/pt-pt\/","logo":{"@type":"ImageObject","inLanguage":"pt-PT","@id":"https:\/\/findpetgps.com\/pt-pt\/#\/schema\/logo\/image\/","url":"https:\/\/findpetgps.com\/wp-content\/uploads\/2020\/10\/Findpet-Logo-01-200.png","contentUrl":"https:\/\/findpetgps.com\/wp-content\/uploads\/2020\/10\/Findpet-Logo-01-200.png","width":283,"height":200,"caption":"findPetGPS"},"image":{"@id":"https:\/\/findpetgps.com\/pt-pt\/#\/schema\/logo\/image\/"}}]}},"_links":{"self":[{"href":"https:\/\/findpetgps.com\/pt-pt\/wp-json\/wp\/v2\/pages\/2873","targetHints":{"allow":["GET"]}}],"collection":[{"href":"https:\/\/findpetgps.com\/pt-pt\/wp-json\/wp\/v2\/pages"}],"about":[{"href":"https:\/\/findpetgps.com\/pt-pt\/wp-json\/wp\/v2\/types\/page"}],"author":[{"embeddable":true,"href":"https:\/\/findpetgps.com\/pt-pt\/wp-json\/wp\/v2\/users\/1"}],"replies":[{"embeddable":true,"href":"https:\/\/findpetgps.com\/pt-pt\/wp-json\/wp\/v2\/comments?post=2873"}],"version-history":[{"count":0,"href":"https:\/\/findpetgps.com\/pt-pt\/wp-json\/wp\/v2\/pages\/2873\/revisions"}],"up":[{"embeddable":true,"href":"https:\/\/findpetgps.com\/pt-pt\/wp-json\/wp\/v2\/pages\/2885"}],"wp:attachment":[{"href":"https:\/\/findpetgps.com\/pt-pt\/wp-json\/wp\/v2\/media?parent=2873"}],"curies":[{"name":"wp","href":"https:\/\/api.w.org\/{rel}","templated":true}]}}