{"id":2774,"date":"2020-10-16T19:41:41","date_gmt":"2020-10-16T17:41:41","guid":{"rendered":"https:\/\/findpetgps.com\/termos-e-condicoes\/"},"modified":"2021-07-09T11:51:58","modified_gmt":"2021-07-09T09:51:58","slug":"termos-e-condicoes","status":"publish","type":"page","link":"https:\/\/findpetgps.com\/pt-pt\/aviso-legal\/termos-e-condicoes\/","title":{"rendered":"Termos e Condi\u00e7\u00f5es"},"content":{"rendered":"\n<h4 class=\"wp-block-heading\" id=\"h-t-rminos-de-compra-de-findpet-gps\"><strong>encontrar Termos de Compra GPS do Fare<\/strong><\/h4>\n\n<h5 class=\"wp-block-heading\" id=\"h-1-pedido\"><strong>1. ENCOMENDA<\/strong><\/h5>\n\n<p>Qualquer encomenda de produtos localizadores de animais findPet, pode ser colocada online atrav\u00e9s do nosso site www.FindPetGPS.com.<\/p>\n\n<p>Assim que o processo de compra estiver conclu\u00eddo com sucesso, receber\u00e1 um e-mail de confirma\u00e7\u00e3o com o n\u00famero de refer\u00eancia que identifica a sua encomenda e o resumo da compra. Por favor, reveja-o e guarde-o como recibo do que est\u00e1 a comprar, para futuras comunica\u00e7\u00f5es.<\/p>\n\n<hr class=\"wp-block-separator\"\/>\n\n<h5 class=\"wp-block-heading\" id=\"h-2-precio\"><strong>2. PRE\u00c7O<\/strong><\/h5>\n\n<p>Todos os nossos pre\u00e7os est\u00e3o indicados em euros, e incluem IVA para venda na Uni\u00e3o Europeia. A \u00fanica despesa suplementar aplic\u00e1vel \u00e9 o envio. Para envios especiais reservamo-nos o direito de faturar, com a sua aceita\u00e7\u00e3o, os custos reais do transporte.<\/p>\n\n<hr class=\"wp-block-separator\"\/>\n\n<h5 class=\"wp-block-heading\" id=\"h-3-pago\"><strong>3. PAGAMENTO<\/strong><\/h5>\n\n<p>As encomendas ser\u00e3o enviadas ap\u00f3s receber e identificar o pagamento.<\/p>\n\n<ul class=\"wp-block-list\"><li>Cart\u00e3o de cr\u00e9dito. Gateway 100% seguro.<\/li><li>Paypal.<\/li><\/ul>\n\n<hr class=\"wp-block-separator\"\/>\n\n<h5 class=\"wp-block-heading\" id=\"h-4-pol-tica-de-env-o\"><strong>4. POL\u00cdTICA DE TRANSPORTE MAR\u00cdTIMO<\/strong><\/h5>\n\n<p>FindPet GPS entrega na Europa.<\/p>\n\n<p>Na Espanha continental e nas Ilhas Baleares entregamos via Correio Expresso ou correio.<\/p>\n\n<ul class=\"wp-block-list\"><li>O prazo de entrega \u00e9 de 1 a 7 dias \u00fateis. Cumprindo 24-48 horas na maioria dos envios para a Pen\u00ednsula e Ilhas Baleares, exceto per\u00edodos espec\u00edficos.<\/li><li>Em caso de quebra de stock, entraremos em contato consigo para resolver o incidente e inform\u00e1-lo-emos das diferentes solu\u00e7\u00f5es.<\/li><\/ul>\n\n<p>Nas Ilhas Can\u00e1rias, Ceuta e Melilla fazemos entregas atrav\u00e9s de Correos.<\/p>\n\n<h6 class=\"wp-block-heading\" id=\"h-todos-los-gastos-de-env-o-son-gratis\"><em><strong>TODOS OS CUSTOS DE ENVIO S\u00c3O GRATUITOS*<\/strong><\/em><\/h6>\n\n<h6 class=\"wp-block-heading\" id=\"h-pen-nsula-y-baleares\"><em><strong>*(PEN\u00cdNSULA E BALEARES)<\/strong><\/em><\/h6>\n\n<p>Para as Ilhas Can\u00e1rias, Ceuta, Melilla e outros pa\u00edses, os custos de envio s\u00e3o de 5\u20ac. Em todo o caso, ser\u00e3o indicados durante o processo de compra.<\/p>\n\n<h6 class=\"wp-block-heading\" id=\"h-direcciones-incorrectas\">ENDERE\u00c7OS INCORRETOS:<\/h6>\n\n<p>Verifique se o seu endere\u00e7o de entrega \u00e9 o mais completo e preciso poss\u00edvel, o telefone e o e-mail est\u00e3o corretos.<\/p>\n\n<p><em>N\u00e3o perca mais de 7 dias da nossa notifica\u00e7\u00e3o por e-mail sem reclamar a encomenda. Certifique-se de que o e-mail que nos forneceu est\u00e1 correto para que possa receber a notifica\u00e7\u00e3o de envio sem problemas.<\/em><\/p>\n\n<p><em>Ao confirmar estes TERMOS DE COMPRA, o cliente concorda em pagar o segundo frete em caso de devolu\u00e7\u00f5es de endere\u00e7os incompletos, n\u00e3o conclu\u00eddas pelo mesmo e para envios n\u00e3o reclamados a tempo.<\/em><\/p>\n\n<p>O GPS <em>findPet<\/em>n\u00e3o pode ser<em>responsabilizado .com se n\u00e3o puder enviar a encomenda solicitada devido a circunst\u00e2ncias fora do seu controlo, incluindo atrasos dos nossos fornecedores, inc\u00eandios, inunda\u00e7\u00f5es, greves, problemas el\u00e9tricos, etc.<\/em><\/p>\n\n<hr class=\"wp-block-separator\"\/>\n\n<h5 class=\"wp-block-heading\" id=\"h-5-devoluciones\"><strong>5. DEVOLU\u00c7\u00d5ES<\/strong><\/h5>\n\n<p>Se, ap\u00f3s a rece\u00e7\u00e3o da sua encomenda, n\u00e3o estiver satisfeito, pode exercer o seu direito de retirada ao abrigo da Lei Geral de Defesa dos Consumidores e Utilizadores, solicitando a sua devolu\u00e7\u00e3o dentro de um prazo  <strong>20 dias<\/strong> de calend\u00e1rio a contar da data em que recebeu o pedido, utilizando a embalagem original em que recebeu o seu pedido. Os produtos a devolver devem estar em perfeitas condi\u00e7\u00f5es, sem que a sua utiliza\u00e7\u00e3o seja limitada. Uma vez verificada a verifica\u00e7\u00e3o de que estas condi\u00e7\u00f5es est\u00e3o reunidas, o montante total do produto ou produtos afetados ser\u00e1 reembolsado. O consumidor deve pagar os custos de envio da devolu\u00e7\u00e3o dos bens.<\/p>\n\n<p>No caso de a devolu\u00e7\u00e3o ser vi\u00e1vel, o pre\u00e7o da compra ser\u00e1 devolvido na \u00edntegra de acordo com o m\u00e9todo de pagamento efetuado. O cr\u00e9dito ser\u00e1 feito assim que recebermos o produto a ser devolvido e confirmamos que cumpre os nossos requisitos m\u00ednimos. Os compradores s\u00f3 ser\u00e3o respons\u00e1veis pelas Taxas Postais que cobram ao devolver os produtos.<\/p>\n\n<p>O pedido de remessas err\u00f3neas deve ser feito com um m\u00e1ximo de 48-72h a partir da rece\u00e7\u00e3o da embalagem.<\/p>\n\n<p>Os servi\u00e7os de subscri\u00e7\u00e3o n\u00e3o s\u00e3o reembols\u00e1veis, exceto na sua primeira subscri\u00e7\u00e3o, a partir da qual poder\u00e1 retirar-se dentro do prazo legal de 15 dias. Ser\u00e1 deduzido do valor a reembolsar a parte proporcional dos dias de subscri\u00e7\u00e3o consumidos desde o in\u00edcio at\u00e9 \u00e0 rece\u00e7\u00e3o da sua liberta\u00e7\u00e3o do pr\u00e9mio. A renova\u00e7\u00e3o da subscri\u00e7\u00e3o n\u00e3o est\u00e1 sujeita a des-imento.<\/p>\n\n<p>Para fazer uma devolu\u00e7\u00e3o ou comunica\u00e7\u00e3o de retirada pode usar o modelo de formul\u00e1rio de retirada que aparece abaixo: <a href=\"https:\/\/findpetgps.com\/wp-content\/uploads\/FORMULARIO-DE-DESISTIMIENTO.pdf\">formul\u00e1rio de retirada<\/a><\/p>\n\n<p>Este formul\u00e1rio deve ser convenientemente preenchido e assinado juntamente com o produto que devolver.<\/p>\n\n<hr class=\"wp-block-separator\"\/>\n\n<h5 class=\"wp-block-heading\" id=\"h-6-garant-a\"><strong>6. GARANTIA<\/strong><\/h5>\n\n<p>FindPetgps.com oferece uma garantia de dois anos que come\u00e7a a partir do momento da entrega do produto ao cliente. A fatura \u00e9 a garantia, por favor, guarde-a. Esta garantia cobre o fabrico e as avarias do material que podem ocorrer quando os produtos foram utilizados seguindo as instru\u00e7\u00f5es de utiliza\u00e7\u00e3o. A garantia n\u00e3o cobre danos no produto em resultado de utiliza\u00e7\u00e3o incorreta, falta de cuidado ou modifica\u00e7\u00e3o.<\/p>\n\n<p>Se aparecer um defeito e o FindPet receber um pedido de ativa\u00e7\u00e3o da garantia dentro do per\u00edodo de garantia relevante, a FindPet decidir\u00e1, conforme previsto na lei, tr\u00eas op\u00e7\u00f5es, repara\u00e7\u00e3o do produto(1), troca por um novo produto(2), devolu\u00e7\u00e3o de dinheiro(3). Qualquer produto de substitui\u00e7\u00e3o ser\u00e1 garantido pelo tempo remanescente da garantia original ou por um per\u00edodo de trinta (30) dias (o per\u00edodo mais longo), ou por qualquer per\u00edodo adicional exigido pela lei aplic\u00e1vel.<\/p>\n\n<p>Para fazer um pedido de assist\u00eancia t\u00e9cnica, pode utilizar o formul\u00e1rio de suporte de ativa\u00e7\u00e3o da garantia do modelo abaixo.  <a href=\"https:\/\/findpetgps.com\/wp-content\/uploads\/ASISTENCIA-2020GPS.pdf\" target=\"_blank\" rel=\"noreferrer noopener\">Formul\u00e1rio de descarregamento para servi\u00e7o t\u00e9cnico.  <\/a><\/p>\n\n<p>Este formul\u00e1rio de autoriza\u00e7\u00e3o de ativa\u00e7\u00e3o da garantia deve ser inclu\u00eddo juntamente com o produto para assist\u00eancia n\u00e3o se esque\u00e7a de indicar o n\u00famero da sua encomenda no mesmo.<\/p>\n\n<h6 class=\"wp-block-heading\" id=\"h-limitaciones\">Limita\u00e7\u00f5es:<\/h6>\n\n<p>Esta Garantia limitada do Produto aplica-se apenas ao comprador original do Produto que foi comprado a findPetgps.com ou distribuidor autorizado e fabricado por ou para a FindPet. Esta garantia n\u00e3o se aplica a um produto ou partes de um produto que tenha sido reparado, alterado, restaurado ou modificado por qualquer pessoa n\u00e3o autorizada pela FindPet, nem se aplica a quaisquer danos cosm\u00e9ticos, tais como arranh\u00f5es, colis\u00f5es e amolgadelas. Al\u00e9m disso, esta garantia limitada do produto n\u00e3o se aplica a danos ou defeitos causados por a Utiliza\u00e7\u00e3o com produtos n\u00e3o encontradosPet; b Acidentes, abusos, utiliza\u00e7\u00e3o indevida, manuseamento defeituoso, inunda\u00e7\u00f5es, inc\u00eandios, terramotos ou outras causas externas; c Desgaste normal ou desgaste do Produto como descolora\u00e7\u00e3o ou alongamento; Ou d Utiliza\u00e7\u00e3o do Produto fora das utiliza\u00e7\u00f5es para as quais se destina, sem estar de acordo com as instru\u00e7\u00f5es fornecidas pelo FINDPet GPS, ou com uma tens\u00e3o ou alimenta\u00e7\u00e3o inadequadas.<\/p>\n\n<p>Nenhum revendedor de GPS FindPet, distribuidor, agente ou empregado est\u00e1 autorizado a escoar qualquer modifica\u00e7\u00e3o, extens\u00e3o ou adi\u00e7\u00e3o a esta Garantia limitada do produto. Se qualquer termo deste documento for considerado ilegal ou inexplic\u00e1vel, a legalidade ou a aplicabilidade dos restantes termos n\u00e3o ser\u00e3o afetados ou prejudicados.<\/p>\n","protected":false},"excerpt":{"rendered":"<p>encontrar Termos de Compra GPS do Fare 1. ENCOMENDA Qualquer encomenda de produtos localizadores de animais findPet, pode ser colocada online atrav\u00e9s do nosso site www.FindPetGPS.com. Assim que o processo de compra estiver conclu\u00eddo com sucesso, receber\u00e1 um e-mail de confirma\u00e7\u00e3o com o n\u00famero de refer\u00eancia que identifica a sua encomenda e o resumo da [&hellip;]<\/p>\n","protected":false},"author":1,"featured_media":0,"parent":2885,"menu_order":24,"comment_status":"closed","ping_status":"closed","template":"","meta":{"footnotes":"","_elementor_edit_mode":"","_elementor_template_type":"","_elementor_data":"","_elementor_page_settings":null,"_elementor_conditions":[]},"class_list":["post-2774","page","type-page","status-publish","hentry"],"yoast_head":"<!-- This site is optimized with the Yoast SEO plugin v27.1.1 - https:\/\/yoast.com\/product\/yoast-seo-wordpress\/ -->\n<title>Termos e Condi\u00e7\u00f5es - FindPetGPS<\/title>\n<meta name=\"robots\" content=\"index, follow, max-snippet:-1, max-image-preview:large, max-video-preview:-1\" \/>\n<link rel=\"canonical\" href=\"https:\/\/findpetgps.com\/pt-pt\/aviso-legal\/termos-e-condicoes\/\" \/>\n<meta property=\"og:locale\" content=\"pt_PT\" \/>\n<meta property=\"og:type\" content=\"article\" \/>\n<meta property=\"og:title\" content=\"Termos e Condi\u00e7\u00f5es - FindPetGPS\" \/>\n<meta property=\"og:description\" content=\"encontrar Termos de Compra GPS do Fare 1. ENCOMENDA Qualquer encomenda de produtos localizadores de animais findPet, pode ser colocada online atrav\u00e9s do nosso site www.FindPetGPS.com. Assim que o processo de compra estiver conclu\u00eddo com sucesso, receber\u00e1 um e-mail de confirma\u00e7\u00e3o com o n\u00famero de refer\u00eancia que identifica a sua encomenda e o resumo da [&hellip;]\" \/>\n<meta property=\"og:url\" content=\"https:\/\/findpetgps.com\/pt-pt\/aviso-legal\/termos-e-condicoes\/\" \/>\n<meta property=\"og:site_name\" content=\"FindPetGPS\" \/>\n<meta property=\"article:modified_time\" content=\"2021-07-09T09:51:58+00:00\" \/>\n<meta name=\"twitter:card\" content=\"summary_large_image\" \/>\n<meta name=\"twitter:label1\" content=\"Tempo estimado de leitura\" \/>\n\t<meta name=\"twitter:data1\" content=\"6 minutos\" \/>\n<script type=\"application\/ld+json\" class=\"yoast-schema-graph\">{\"@context\":\"https:\/\/schema.org\",\"@graph\":[{\"@type\":\"WebPage\",\"@id\":\"https:\/\/findpetgps.com\/pt-pt\/aviso-legal\/termos-e-condicoes\/\",\"url\":\"https:\/\/findpetgps.com\/pt-pt\/aviso-legal\/termos-e-condicoes\/\",\"name\":\"Termos e Condi\u00e7\u00f5es - FindPetGPS\",\"isPartOf\":{\"@id\":\"https:\/\/findpetgps.com\/pt-pt\/#website\"},\"datePublished\":\"2020-10-16T17:41:41+00:00\",\"dateModified\":\"2021-07-09T09:51:58+00:00\",\"breadcrumb\":{\"@id\":\"https:\/\/findpetgps.com\/pt-pt\/aviso-legal\/termos-e-condicoes\/#breadcrumb\"},\"inLanguage\":\"pt-PT\",\"potentialAction\":[{\"@type\":\"ReadAction\",\"target\":[\"https:\/\/findpetgps.com\/pt-pt\/aviso-legal\/termos-e-condicoes\/\"]}]},{\"@type\":\"BreadcrumbList\",\"@id\":\"https:\/\/findpetgps.com\/pt-pt\/aviso-legal\/termos-e-condicoes\/#breadcrumb\",\"itemListElement\":[{\"@type\":\"ListItem\",\"position\":1,\"name\":\"Portada\",\"item\":\"https:\/\/findpetgps.com\/pt-pt\/\"},{\"@type\":\"ListItem\",\"position\":2,\"name\":\"Aviso Legal\",\"item\":\"https:\/\/findpetgps.com\/pt-pt\/aviso-legal\/\"},{\"@type\":\"ListItem\",\"position\":3,\"name\":\"Termos e Condi\u00e7\u00f5es\"}]},{\"@type\":\"WebSite\",\"@id\":\"https:\/\/findpetgps.com\/pt-pt\/#website\",\"url\":\"https:\/\/findpetgps.com\/pt-pt\/\",\"name\":\"FindPetGPS\",\"description\":\"Localizadores GPS para c\u00e3es e gatos\",\"publisher\":{\"@id\":\"https:\/\/findpetgps.com\/pt-pt\/#organization\"},\"potentialAction\":[{\"@type\":\"SearchAction\",\"target\":{\"@type\":\"EntryPoint\",\"urlTemplate\":\"https:\/\/findpetgps.com\/pt-pt\/?s={search_term_string}\"},\"query-input\":{\"@type\":\"PropertyValueSpecification\",\"valueRequired\":true,\"valueName\":\"search_term_string\"}}],\"inLanguage\":\"pt-PT\"},{\"@type\":\"Organization\",\"@id\":\"https:\/\/findpetgps.com\/pt-pt\/#organization\",\"name\":\"findPetGPS\",\"url\":\"https:\/\/findpetgps.com\/pt-pt\/\",\"logo\":{\"@type\":\"ImageObject\",\"inLanguage\":\"pt-PT\",\"@id\":\"https:\/\/findpetgps.com\/pt-pt\/#\/schema\/logo\/image\/\",\"url\":\"https:\/\/findpetgps.com\/wp-content\/uploads\/2020\/10\/Findpet-Logo-01-200.png\",\"contentUrl\":\"https:\/\/findpetgps.com\/wp-content\/uploads\/2020\/10\/Findpet-Logo-01-200.png\",\"width\":283,\"height\":200,\"caption\":\"findPetGPS\"},\"image\":{\"@id\":\"https:\/\/findpetgps.com\/pt-pt\/#\/schema\/logo\/image\/\"}}]}<\/script>\n<!-- \/ Yoast SEO plugin. -->","yoast_head_json":{"title":"Termos e Condi\u00e7\u00f5es - FindPetGPS","robots":{"index":"index","follow":"follow","max-snippet":"max-snippet:-1","max-image-preview":"max-image-preview:large","max-video-preview":"max-video-preview:-1"},"canonical":"https:\/\/findpetgps.com\/pt-pt\/aviso-legal\/termos-e-condicoes\/","og_locale":"pt_PT","og_type":"article","og_title":"Termos e Condi\u00e7\u00f5es - FindPetGPS","og_description":"encontrar Termos de Compra GPS do Fare 1. ENCOMENDA Qualquer encomenda de produtos localizadores de animais findPet, pode ser colocada online atrav\u00e9s do nosso site www.FindPetGPS.com. Assim que o processo de compra estiver conclu\u00eddo com sucesso, receber\u00e1 um e-mail de confirma\u00e7\u00e3o com o n\u00famero de refer\u00eancia que identifica a sua encomenda e o resumo da [&hellip;]","og_url":"https:\/\/findpetgps.com\/pt-pt\/aviso-legal\/termos-e-condicoes\/","og_site_name":"FindPetGPS","article_modified_time":"2021-07-09T09:51:58+00:00","twitter_card":"summary_large_image","twitter_misc":{"Tempo estimado de leitura":"6 minutos"},"schema":{"@context":"https:\/\/schema.org","@graph":[{"@type":"WebPage","@id":"https:\/\/findpetgps.com\/pt-pt\/aviso-legal\/termos-e-condicoes\/","url":"https:\/\/findpetgps.com\/pt-pt\/aviso-legal\/termos-e-condicoes\/","name":"Termos e Condi\u00e7\u00f5es - FindPetGPS","isPartOf":{"@id":"https:\/\/findpetgps.com\/pt-pt\/#website"},"datePublished":"2020-10-16T17:41:41+00:00","dateModified":"2021-07-09T09:51:58+00:00","breadcrumb":{"@id":"https:\/\/findpetgps.com\/pt-pt\/aviso-legal\/termos-e-condicoes\/#breadcrumb"},"inLanguage":"pt-PT","potentialAction":[{"@type":"ReadAction","target":["https:\/\/findpetgps.com\/pt-pt\/aviso-legal\/termos-e-condicoes\/"]}]},{"@type":"BreadcrumbList","@id":"https:\/\/findpetgps.com\/pt-pt\/aviso-legal\/termos-e-condicoes\/#breadcrumb","itemListElement":[{"@type":"ListItem","position":1,"name":"Portada","item":"https:\/\/findpetgps.com\/pt-pt\/"},{"@type":"ListItem","position":2,"name":"Aviso Legal","item":"https:\/\/findpetgps.com\/pt-pt\/aviso-legal\/"},{"@type":"ListItem","position":3,"name":"Termos e Condi\u00e7\u00f5es"}]},{"@type":"WebSite","@id":"https:\/\/findpetgps.com\/pt-pt\/#website","url":"https:\/\/findpetgps.com\/pt-pt\/","name":"FindPetGPS","description":"Localizadores GPS para c\u00e3es e gatos","publisher":{"@id":"https:\/\/findpetgps.com\/pt-pt\/#organization"},"potentialAction":[{"@type":"SearchAction","target":{"@type":"EntryPoint","urlTemplate":"https:\/\/findpetgps.com\/pt-pt\/?s={search_term_string}"},"query-input":{"@type":"PropertyValueSpecification","valueRequired":true,"valueName":"search_term_string"}}],"inLanguage":"pt-PT"},{"@type":"Organization","@id":"https:\/\/findpetgps.com\/pt-pt\/#organization","name":"findPetGPS","url":"https:\/\/findpetgps.com\/pt-pt\/","logo":{"@type":"ImageObject","inLanguage":"pt-PT","@id":"https:\/\/findpetgps.com\/pt-pt\/#\/schema\/logo\/image\/","url":"https:\/\/findpetgps.com\/wp-content\/uploads\/2020\/10\/Findpet-Logo-01-200.png","contentUrl":"https:\/\/findpetgps.com\/wp-content\/uploads\/2020\/10\/Findpet-Logo-01-200.png","width":283,"height":200,"caption":"findPetGPS"},"image":{"@id":"https:\/\/findpetgps.com\/pt-pt\/#\/schema\/logo\/image\/"}}]}},"_links":{"self":[{"href":"https:\/\/findpetgps.com\/pt-pt\/wp-json\/wp\/v2\/pages\/2774","targetHints":{"allow":["GET"]}}],"collection":[{"href":"https:\/\/findpetgps.com\/pt-pt\/wp-json\/wp\/v2\/pages"}],"about":[{"href":"https:\/\/findpetgps.com\/pt-pt\/wp-json\/wp\/v2\/types\/page"}],"author":[{"embeddable":true,"href":"https:\/\/findpetgps.com\/pt-pt\/wp-json\/wp\/v2\/users\/1"}],"replies":[{"embeddable":true,"href":"https:\/\/findpetgps.com\/pt-pt\/wp-json\/wp\/v2\/comments?post=2774"}],"version-history":[{"count":0,"href":"https:\/\/findpetgps.com\/pt-pt\/wp-json\/wp\/v2\/pages\/2774\/revisions"}],"up":[{"embeddable":true,"href":"https:\/\/findpetgps.com\/pt-pt\/wp-json\/wp\/v2\/pages\/2885"}],"wp:attachment":[{"href":"https:\/\/findpetgps.com\/pt-pt\/wp-json\/wp\/v2\/media?parent=2774"}],"curies":[{"name":"wp","href":"https:\/\/api.w.org\/{rel}","templated":true}]}}