{"id":5660,"date":"2022-03-16T19:07:41","date_gmt":"2022-03-16T18:07:41","guid":{"rendered":"https:\/\/findpetgps.com\/instrucciones\/"},"modified":"2022-03-19T12:10:45","modified_gmt":"2022-03-19T11:10:45","slug":"istruzioni","status":"publish","type":"page","link":"https:\/\/findpetgps.com\/it\/istruzioni\/","title":{"rendered":"Istruzioni per l&#8217;uso"},"content":{"rendered":"<h3>Impostare<\/h3>\n<p>I passaggi da eseguire per mettere in funzione il dispositivo sono i seguenti:<\/p>\n<p>1- Attivazione del dispositivo. Il servizio di posizionamento fornito richiede un abbonamento attivo. Puoi accedere alle diverse opzioni di abbonamento <a href=\"https:\/\/findpetgps.com\/it\/attivazione\/\" target=\"_blank\" rel=\"noopener\">qui.<\/a><\/p>\n<p>Durante la procedura di abbonamento ti verr\u00e0 chiesto l&#8217;IMEI del dispositivo, che di solito si trova sul retro del dispositivo. In questo modo ci assicuriamo di attivare il tuo dispositivo e non un altro.<\/p>\n<p>Il processo di attivazione del dispositivo sulle reti mobili nel tuo paese in genere non richiede pi\u00f9 di 20-30 minuti, ma in alcuni casi, a seconda delle reti mobili e del paese, pu\u00f2 richiedere fino a 2 ore. Non preoccuparti<\/p>\n<p>2.-Scarica e installa l&#8217; <a href=\"https:\/\/findpetgps.com\/download\/\" target=\"_blank\" rel=\"noopener\">app &#8220;findPet&#8221;<\/a> sul tuo cellulare Android o iOS<\/p>\n<p>3.- Nell&#8217;app, dopo aver effettuato l&#8217;accesso con username e password, al primo accesso clicca su &#8220;Aggiungi dispositivo&#8221; ed inserisci i dati richiesti, tra i quali viene nuovamente richiesto l&#8217;IMEI. L&#8217;app pu\u00f2 leggere il codice a barre per semplificare il tuo lavoro.<\/p>\n<p>4.- Accendere il dispositivo. Premere il pulsante centrale del dispositivo per alcuni secondi fino a quando non si sente la musica di accensione. Quando \u00e8 acceso, una luce blu lampeggia quando il pulsante viene premuto leggermente.<\/p>\n<p>Il processo di attivazione si conclude con l&#8217;acquisizione del primo segnale GPS (satellitare). Per rendere il processo pi\u00f9 veloce, \u00e8 conveniente posizionare il dispositivo all&#8217;esterno di qualsiasi edificio. Fino a quando non viene ottenuta la prima posizione, sull&#8217;app verr\u00e0 visualizzato &#8220;in attesa del segnale GPS&#8221;.<\/p>\n<h3>uso normale<\/h3>\n<p><strong>Accensione del dispositivo &#8211;<\/strong> Premere il pulsante centrale del dispositivo per alcuni secondi fino a quando non si sente la musica di accensione. Quando \u00e8 acceso, una luce blu lampeggia quando il pulsante viene premuto leggermente.<\/p>\n<p>Assicurati che il dispositivo abbia una carica della batteria sufficiente prima di accenderlo. Se non si accende, potrebbe essere necessario caricare la batteria.<\/p>\n<p>Spegnimento del <strong>dispositivo<\/strong> &#8211; Lo spegnimento del dispositivo pu\u00f2 essere effettuato dall&#8217;app, sezione di configurazione (M4), pulsante di spegnimento (C5)<\/p>\n<p><strong>Conoscere immediatamente la posizione dell&#8217;animale &#8211;<\/strong> Utilizzare il pulsante &#8220;Live&#8221; (A1) sulla mappa, sia con il clic normale (posizione istantanea) che con il clic lungo (Live per 1 minuto)<\/p>\n<p><strong>Ricarica del dispositivo: la<\/strong> durata della batteria pu\u00f2 variare a seconda delle condizioni di utilizzo, dell&#8217;intervallo di tempo, della copertura della rete mobile, ecc. Di solito dura dai 3 ai 5 giorni. Per caricarlo, utilizzare il cavo in dotazione collegandolo a un caricabatteria con connettore di tipo USB, e alla porta di ricarica GPS. La ricarica richiede circa 2 ore. Una volta caricato, assicurarsi di chiudere lo sportello in silicone per evitare sporco e acqua.<\/p>\n<p><strong>Modifica dell&#8217;intervallo tra le posizioni<\/strong> &#8211; Accedere al menu di configurazione (M4), selettore intervallo di tempo (C8). Si noti che la selezione influir\u00e0 sulla durata della batteria del GPS<\/p>\n<p><strong>Configurazione di una recinzione virtuale<\/strong> &#8211; La configurazione di una recinzione virtuale con notifiche richiede due passaggi:<\/p>\n<p>1- Istituzione della recinzione. Utilizzare il pulsante A2 dal menu mappa (M1) e seguire i passaggi indicati. La recinzione pu\u00f2 essere rotonda o poligonale.<\/p>\n<p>2- Istituzione delle notifiche. Se vuoi essere avvisato tramite notifiche sul tuo cellulare quando il tuo animale domestico entra o esce dall&#8217;area contrassegnata, assicurati di avere le notifiche attivate nel menu di configurazione (M4), menu a tendina delle notifiche (C10). Inoltre, dovresti controllare che il tono\/vibrazione associato alle notifiche dell&#8217;app &#8220;findPet&#8221; sia configurato sul tuo cellulare.<\/p>\n<h2>Funzionamento dell&#8217;app<\/h2>\n<h3><a href=\"https:\/\/findpetgps.com\/wp-content\/uploads\/2022\/03\/findPet-intructions-1.png\"><img fetchpriority=\"high\" decoding=\"async\" class=\"alignleft wp-image-5625\" src=\"https:\/\/findpetgps.com\/wp-content\/uploads\/2022\/03\/findPet-intructions-1-461x600.png\" alt=\"\" width=\"180\" height=\"390\" srcset=\"https:\/\/findpetgps.com\/wp-content\/uploads\/2022\/03\/findPet-intructions-1-138x300.png 138w, https:\/\/findpetgps.com\/wp-content\/uploads\/2022\/03\/findPet-intructions-1-160x347.png 160w, https:\/\/findpetgps.com\/wp-content\/uploads\/2022\/03\/findPet-intructions-1-220x477.png 220w, https:\/\/findpetgps.com\/wp-content\/uploads\/2022\/03\/findPet-intructions-1.png 461w\" sizes=\"(max-width: 180px) 100vw, 180px\" \/><\/a> Menu principale<\/h3>\n<p>Queste opzioni appariranno in tutte le sezioni<\/p>\n<p>M1 &#8211; mappa<\/p>\n<p>M2 &#8211; attivit\u00e0<\/p>\n<p>M3 &#8211; eventi<\/p>\n<p>M4 &#8211; configurazione<\/p>\n<p>M5 &#8211; info<\/p>\n<h3><\/h3>\n<h3><\/h3>\n<h3 style=\"text-align: left;\">Menu &#8211; Mappa (M1)<\/h3>\n<h4>Informazioni visualizzate:<\/h4>\n<p>I1 &#8211; mostra la posizione del dispositivo sulla mappa<\/p>\n<p>I2 &#8211; immagine o foto e nome dell&#8217;animale. Fare clic per modificare. Cerchio verde o rosso a seconda dello stato online o offline<\/p>\n<p>I3 &#8211; fare clic per informazioni pi\u00f9 dettagliate sul dispositivo: stato dell&#8217;abbonamento, coordinate, satelliti, ecc. stato della batteria<\/p>\n<p>I4 &#8211; mostra l&#8217;ora dell&#8217;ultimo aggiornamento<\/p>\n<h4>Rapporti:<\/h4>\n<p>Nei rapporti, dopo aver cliccato \u00e8 necessario selezionare la data o l&#8217;intervallo di date del rapporto<\/p>\n<p>R1 &#8211; report in modalit\u00e0 heatmap. solo Android<\/p>\n<p>R2 &#8211; rapporto del percorso sulla mappa<\/p>\n<p>R3 &#8211; rapporto di percorso in movimento, modalit\u00e0 &#8220;Play&#8221;.<\/p>\n<h4>Pulsanti di azione.<\/h4>\n<p>La mappa supporta controlli standard come lo zoom del dito, lo scorrimento, ecc.<\/p>\n<p>A1 &#8211; CLIC NORMALE &#8211; Localizzazione istantanea. Mostra la posizione del dispositivo (con un ritardo di circa 10 secondi), purch\u00e9 sia online<\/p>\n<p>A1 &#8211; CLICCA 2 SECONDI. Modalit\u00e0 &#8220;LIVE&#8221; per 1 minuto. Posizioni ogni 5-10 secondi. Trascorso questo tempo, il dispositivo ritorna all&#8217;intervallo tra le posizioni determinato nella sezione di configurazione (M4, selettore C8)<\/p>\n<p>A2 &#8211; aggiungi e\/o rimuovi recinti virtuali<\/p>\n<p>A3 &#8211; apri Google Maps per essere guidato alla posizione del dispositivo<\/p>\n<p>A4 &#8211; mostra (on\/off) sullo schermo, nell&#8217;indicatore di posizione dell&#8217;animale domestico (I1), il nome dell&#8217;animale<\/p>\n<p>A5 &#8211; mostra (on\/off) i recinti virtuali dell&#8217;animale sulla mappa. Se non ci sono recinti virtuali impostati, non mostra nulla<\/p>\n<p>A6 &#8211; cambia la modalit\u00e0 mappa. Passa dalla modalit\u00e0 satellitare (predefinita) alla modalit\u00e0 &#8220;Google Maps&#8221;.<\/p>\n<p>A7 &#8211; centra la mappa sulla posizione del cellulare<\/p>\n<p>A8 &#8211; centra la mappa sulla posizione del dispositivo. Se sono presenti pi\u00f9 dispositivi, mostrali tutti<\/p>\n<h3>Menu &#8211; Attivit\u00e0 (M2)<\/h3>\n<p><img decoding=\"async\" class=\"size-medium wp-image-5471 alignnone\" src=\"https:\/\/findpetgps.com\/wp-content\/uploads\/2022\/03\/findPet-6-138x300.jpeg\" alt=\"\" width=\"138\" height=\"300\" srcset=\"https:\/\/findpetgps.com\/wp-content\/uploads\/2022\/03\/findPet-6-138x300.jpeg 138w, https:\/\/findpetgps.com\/wp-content\/uploads\/2022\/03\/findPet-6-473x1024.jpeg 473w, https:\/\/findpetgps.com\/wp-content\/uploads\/2022\/03\/findPet-6-768x1664.jpeg 768w, https:\/\/findpetgps.com\/wp-content\/uploads\/2022\/03\/findPet-6-709x1536.jpeg 709w, https:\/\/findpetgps.com\/wp-content\/uploads\/2022\/03\/findPet-6-160x347.jpeg 160w, https:\/\/findpetgps.com\/wp-content\/uploads\/2022\/03\/findPet-6-220x477.jpeg 220w, https:\/\/findpetgps.com\/wp-content\/uploads\/2022\/03\/findPet-6-640x1387.jpeg 640w, https:\/\/findpetgps.com\/wp-content\/uploads\/2022\/03\/findPet-6-600x1300.jpeg 600w, https:\/\/findpetgps.com\/wp-content\/uploads\/2022\/03\/findPet-6.jpeg 945w\" sizes=\"(max-width: 138px) 100vw, 138px\" \/><\/p>\n<p>Questa sezione mostra l&#8217;Attivit\u00e0 dell&#8217;animale, misurata in distanza, passi e tempo di attivit\u00e0.<\/p>\n<p>\u00c8 possibile scorrere orizzontalmente le barre temporali e le mappe per selezionare altre visualizzazioni<\/p>\n<h3>Menu &#8211; Eventi (M3)<\/h3>\n<p><img decoding=\"async\" class=\"size-medium wp-image-5636 alignnone\" src=\"https:\/\/findpetgps.com\/wp-content\/uploads\/2022\/03\/findPet-5-138x300.jpeg\" alt=\"\" width=\"138\" height=\"300\" srcset=\"https:\/\/findpetgps.com\/wp-content\/uploads\/2022\/03\/findPet-5-138x300.jpeg 138w, https:\/\/findpetgps.com\/wp-content\/uploads\/2022\/03\/findPet-5-473x1024.jpeg 473w, https:\/\/findpetgps.com\/wp-content\/uploads\/2022\/03\/findPet-5-768x1664.jpeg 768w, https:\/\/findpetgps.com\/wp-content\/uploads\/2022\/03\/findPet-5-709x1536.jpeg 709w, https:\/\/findpetgps.com\/wp-content\/uploads\/2022\/03\/findPet-5-160x347.jpeg 160w, https:\/\/findpetgps.com\/wp-content\/uploads\/2022\/03\/findPet-5-220x477.jpeg 220w, https:\/\/findpetgps.com\/wp-content\/uploads\/2022\/03\/findPet-5-640x1387.jpeg 640w, https:\/\/findpetgps.com\/wp-content\/uploads\/2022\/03\/findPet-5-600x1300.jpeg 600w, https:\/\/findpetgps.com\/wp-content\/uploads\/2022\/03\/findPet-5.jpeg 945w\" sizes=\"(max-width: 138px) 100vw, 138px\" \/><\/p>\n<p>Nella sezione eventi puoi vedere gli eventi del dispositivo degli ultimi giorni. Se un evento include una posizione, ad esempio l&#8217;ingresso o l&#8217;uscita da una recinzione virtuale, puoi fare clic su di essa per mostrarla sulla mappa.<\/p>\n<h3>Menu &#8211; Impostazioni (M4)<\/h3>\n<p><a href=\"https:\/\/findpetgps.com\/wp-content\/uploads\/2022\/03\/findPet-intructions-2.png\"><img loading=\"lazy\" decoding=\"async\" class=\"alignleft wp-image-5644\" src=\"https:\/\/findpetgps.com\/wp-content\/uploads\/2022\/03\/findPet-intructions-2.png\" alt=\"\" width=\"180\" height=\"390\" srcset=\"https:\/\/findpetgps.com\/wp-content\/uploads\/2022\/03\/findPet-intructions-2.png 461w, https:\/\/findpetgps.com\/wp-content\/uploads\/2022\/03\/findPet-intructions-2-138x300.png 138w, https:\/\/findpetgps.com\/wp-content\/uploads\/2022\/03\/findPet-intructions-2-160x347.png 160w, https:\/\/findpetgps.com\/wp-content\/uploads\/2022\/03\/findPet-intructions-2-220x477.png 220w\" sizes=\"(max-width: 180px) 100vw, 180px\" \/><\/a><\/p>\n<p>C1 &#8211; cambia dati \/ cambia password. La modifica della password avviene inviando un&#8217;e-mail al tuo indirizzo e-mail per dimostrare la tua identit\u00e0, e riguarda sia l&#8217;accesso all&#8217;App che l&#8217;accesso al &#8220;mio account&#8221;<\/p>\n<p>C2 &#8211; Disconnessione dall&#8217;app<\/p>\n<p>C3 &#8211; &#8220;Il mio account&#8221;. Accesso diretto alla sezione web de &#8220;il mio account&#8221;, dove puoi vedere lo stato completo dei tuoi abbonamenti e ordini, modificarli, ecc. Richiede lo stesso nome utente e password utilizzati per l&#8217;app. Se non ricordi, puoi reimpostare la password sul pulsante C1<\/p>\n<p>C4 &#8211; cambia immagine o scatta una foto e il nome dell&#8217;animale.<\/p>\n<p>C5 &#8211; Spegnimento del dispositivo (purch\u00e9 sia online). L&#8217;accensione non pu\u00f2 essere fatta dall&#8217;App, va fatta dal pulsante principale del dispositivo<\/p>\n<p>C6 &#8211; Ripristino del dispositivo<\/p>\n<p>C7- Cancellazione del dispositivo. ATTENZIONE, tutta la cronologia delle posizioni del tuo animale domestico andr\u00e0 persa definitivamente.<\/p>\n<p>C8 &#8211; Selezione dell&#8217;intervallo tra le localit\u00e0. Questo \u00e8 il tempo impiegato dal dispositivo per inviare normalmente la sua posizione. Per impostazione predefinita \u00e8 impostato su 5 minuti. Un periodo pi\u00f9 breve significa una migliore precisione, ma la durata della batteria sar\u00e0 compromessa.<\/p>\n<p>C9 &#8211; Finestra per aggiungere un dispositivo. \u00c8 obbligatorio farlo all&#8217;avvio dell&#8217;Applicazione dopo la sottoscrizione. Puoi aggiungere pi\u00f9 dispositivi all&#8217;app, ogni dispositivo ha bisogno del tuo abbonamento.<\/p>\n<p>C10 &#8211; Selezione delle notifiche che verranno inviate al telefono.<\/p>\n<p>Premi per visualizzare, e appariranno tutte le possibili notifiche che puoi ricevere sul tuo cellulare:<\/p>\n<ul>\n<li>Allarme. Allarme batteria scarica (consigliato)<\/li>\n<li>Il dispositivo \u00e8 entrato in una recinzione virtuale (consigliato)<\/li>\n<li>Il dispositivo \u00e8 uscito da un recinto virtuale (consigliato)<\/li>\n<li>dispositivo in linea<\/li>\n<li>dispositivo offline<\/li>\n<\/ul>\n<p>Il tono e\/o la vibrazione che riceverai dipenderanno dalle impostazioni generali del tono\/vibrazione sul tuo cellulare.<\/p>\n<h3>Menu &#8211; Info (M5)<\/h3>\n<p><img loading=\"lazy\" decoding=\"async\" class=\"size-medium wp-image-5450 alignleft\" src=\"https:\/\/findpetgps.com\/wp-content\/uploads\/2022\/03\/findPet-8-138x300.jpeg\" alt=\"\" width=\"138\" height=\"300\" srcset=\"https:\/\/findpetgps.com\/wp-content\/uploads\/2022\/03\/findPet-8-138x300.jpeg 138w, https:\/\/findpetgps.com\/wp-content\/uploads\/2022\/03\/findPet-8-473x1024.jpeg 473w, https:\/\/findpetgps.com\/wp-content\/uploads\/2022\/03\/findPet-8-768x1664.jpeg 768w, https:\/\/findpetgps.com\/wp-content\/uploads\/2022\/03\/findPet-8-709x1536.jpeg 709w, https:\/\/findpetgps.com\/wp-content\/uploads\/2022\/03\/findPet-8-160x347.jpeg 160w, https:\/\/findpetgps.com\/wp-content\/uploads\/2022\/03\/findPet-8-220x477.jpeg 220w, https:\/\/findpetgps.com\/wp-content\/uploads\/2022\/03\/findPet-8-640x1387.jpeg 640w, https:\/\/findpetgps.com\/wp-content\/uploads\/2022\/03\/findPet-8-600x1300.jpeg 600w, https:\/\/findpetgps.com\/wp-content\/uploads\/2022\/03\/findPet-8.jpeg 945w\" sizes=\"(max-width: 138px) 100vw, 138px\" \/>In questo menu puoi controllare:<\/p>\n<ul>\n<li>Istruzioni per l&#8217;uso<\/li>\n<li>Termini e Condizioni<\/li>\n<li>politica sulla riservatezza<\/li>\n<\/ul>\n<p>Puoi contattarci anche tramite:<\/p>\n<ul>\n<li>modulo web<\/li>\n<li>WhatsApp (solo SMS e MMS)<\/li>\n<\/ul>\n","protected":false},"excerpt":{"rendered":"<p>Impostare I passaggi da eseguire per mettere in funzione il dispositivo sono i seguenti: 1- Attivazione del dispositivo. Il servizio di posizionamento fornito richiede un abbonamento attivo. Puoi accedere alle diverse opzioni di abbonamento qui. Durante la procedura di abbonamento ti verr\u00e0 chiesto l&#8217;IMEI del dispositivo, che di solito si trova sul retro del dispositivo. [&hellip;]<\/p>\n","protected":false},"author":1,"featured_media":0,"parent":0,"menu_order":0,"comment_status":"closed","ping_status":"closed","template":"elementor_header_footer","meta":{"footnotes":"","_elementor_edit_mode":"builder","_elementor_template_type":"wp-page","_elementor_data":"","_elementor_page_settings":null,"_elementor_conditions":[]},"class_list":["post-5660","page","type-page","status-publish","hentry"],"yoast_head":"<!-- This site is optimized with the Yoast SEO plugin v27.1.1 - https:\/\/yoast.com\/product\/yoast-seo-wordpress\/ -->\n<title>Istruzioni per l&#039;uso - findPetGPS<\/title>\n<meta name=\"robots\" content=\"index, follow, max-snippet:-1, max-image-preview:large, max-video-preview:-1\" \/>\n<link rel=\"canonical\" href=\"https:\/\/findpetgps.com\/it\/istruzioni\/\" \/>\n<meta property=\"og:locale\" content=\"it_IT\" \/>\n<meta property=\"og:type\" content=\"article\" \/>\n<meta property=\"og:title\" content=\"Istruzioni per l&#039;uso - findPetGPS\" \/>\n<meta property=\"og:description\" content=\"Impostare I passaggi da eseguire per mettere in funzione il dispositivo sono i seguenti: 1- Attivazione del dispositivo. Il servizio di posizionamento fornito richiede un abbonamento attivo. Puoi accedere alle diverse opzioni di abbonamento qui. Durante la procedura di abbonamento ti verr\u00e0 chiesto l&#8217;IMEI del dispositivo, che di solito si trova sul retro del dispositivo. [&hellip;]\" \/>\n<meta property=\"og:url\" content=\"https:\/\/findpetgps.com\/it\/istruzioni\/\" \/>\n<meta property=\"og:site_name\" content=\"findPetGPS\" \/>\n<meta property=\"article:modified_time\" content=\"2022-03-19T11:10:45+00:00\" \/>\n<meta property=\"og:image\" content=\"https:\/\/findpetgps.com\/wp-content\/uploads\/2022\/03\/findPet-intructions-1-461x600.png\" \/>\n<meta name=\"twitter:card\" content=\"summary_large_image\" \/>\n<meta name=\"twitter:label1\" content=\"Tempo di lettura stimato\" \/>\n\t<meta name=\"twitter:data1\" content=\"7 minuti\" \/>\n<script type=\"application\/ld+json\" class=\"yoast-schema-graph\">{\"@context\":\"https:\/\/schema.org\",\"@graph\":[{\"@type\":\"WebPage\",\"@id\":\"https:\/\/findpetgps.com\/it\/istruzioni\/\",\"url\":\"https:\/\/findpetgps.com\/it\/istruzioni\/\",\"name\":\"Istruzioni per l'uso - findPetGPS\",\"isPartOf\":{\"@id\":\"https:\/\/findpetgps.com\/it\/#website\"},\"primaryImageOfPage\":{\"@id\":\"https:\/\/findpetgps.com\/it\/istruzioni\/#primaryimage\"},\"image\":{\"@id\":\"https:\/\/findpetgps.com\/it\/istruzioni\/#primaryimage\"},\"thumbnailUrl\":\"https:\/\/findpetgps.com\/wp-content\/uploads\/2022\/03\/findPet-intructions-1-461x600.png\",\"datePublished\":\"2022-03-16T18:07:41+00:00\",\"dateModified\":\"2022-03-19T11:10:45+00:00\",\"breadcrumb\":{\"@id\":\"https:\/\/findpetgps.com\/it\/istruzioni\/#breadcrumb\"},\"inLanguage\":\"it-IT\",\"potentialAction\":[{\"@type\":\"ReadAction\",\"target\":[\"https:\/\/findpetgps.com\/it\/istruzioni\/\"]}]},{\"@type\":\"ImageObject\",\"inLanguage\":\"it-IT\",\"@id\":\"https:\/\/findpetgps.com\/it\/istruzioni\/#primaryimage\",\"url\":\"https:\/\/findpetgps.com\/wp-content\/uploads\/2022\/03\/findPet-intructions-1-461x600.png\",\"contentUrl\":\"https:\/\/findpetgps.com\/wp-content\/uploads\/2022\/03\/findPet-intructions-1-461x600.png\"},{\"@type\":\"BreadcrumbList\",\"@id\":\"https:\/\/findpetgps.com\/it\/istruzioni\/#breadcrumb\",\"itemListElement\":[{\"@type\":\"ListItem\",\"position\":1,\"name\":\"Portada\",\"item\":\"https:\/\/findpetgps.com\/it\/\"},{\"@type\":\"ListItem\",\"position\":2,\"name\":\"Istruzioni per l&#8217;uso\"}]},{\"@type\":\"WebSite\",\"@id\":\"https:\/\/findpetgps.com\/it\/#website\",\"url\":\"https:\/\/findpetgps.com\/it\/\",\"name\":\"findPetGPS\",\"description\":\"Localizzatori GPS per cani e gatti\",\"publisher\":{\"@id\":\"https:\/\/findpetgps.com\/it\/#organization\"},\"potentialAction\":[{\"@type\":\"SearchAction\",\"target\":{\"@type\":\"EntryPoint\",\"urlTemplate\":\"https:\/\/findpetgps.com\/it\/?s={search_term_string}\"},\"query-input\":{\"@type\":\"PropertyValueSpecification\",\"valueRequired\":true,\"valueName\":\"search_term_string\"}}],\"inLanguage\":\"it-IT\"},{\"@type\":\"Organization\",\"@id\":\"https:\/\/findpetgps.com\/it\/#organization\",\"name\":\"findPetGPS\",\"url\":\"https:\/\/findpetgps.com\/it\/\",\"logo\":{\"@type\":\"ImageObject\",\"inLanguage\":\"it-IT\",\"@id\":\"https:\/\/findpetgps.com\/it\/#\/schema\/logo\/image\/\",\"url\":\"https:\/\/findpetgps.com\/wp-content\/uploads\/2020\/10\/Findpet-Logo-01-200.png\",\"contentUrl\":\"https:\/\/findpetgps.com\/wp-content\/uploads\/2020\/10\/Findpet-Logo-01-200.png\",\"width\":283,\"height\":200,\"caption\":\"findPetGPS\"},\"image\":{\"@id\":\"https:\/\/findpetgps.com\/it\/#\/schema\/logo\/image\/\"}}]}<\/script>\n<!-- \/ Yoast SEO plugin. -->","yoast_head_json":{"title":"Istruzioni per l'uso - findPetGPS","robots":{"index":"index","follow":"follow","max-snippet":"max-snippet:-1","max-image-preview":"max-image-preview:large","max-video-preview":"max-video-preview:-1"},"canonical":"https:\/\/findpetgps.com\/it\/istruzioni\/","og_locale":"it_IT","og_type":"article","og_title":"Istruzioni per l'uso - findPetGPS","og_description":"Impostare I passaggi da eseguire per mettere in funzione il dispositivo sono i seguenti: 1- Attivazione del dispositivo. Il servizio di posizionamento fornito richiede un abbonamento attivo. Puoi accedere alle diverse opzioni di abbonamento qui. Durante la procedura di abbonamento ti verr\u00e0 chiesto l&#8217;IMEI del dispositivo, che di solito si trova sul retro del dispositivo. [&hellip;]","og_url":"https:\/\/findpetgps.com\/it\/istruzioni\/","og_site_name":"findPetGPS","article_modified_time":"2022-03-19T11:10:45+00:00","og_image":[{"url":"https:\/\/findpetgps.com\/wp-content\/uploads\/2022\/03\/findPet-intructions-1-461x600.png","type":"","width":"","height":""}],"twitter_card":"summary_large_image","twitter_misc":{"Tempo di lettura stimato":"7 minuti"},"schema":{"@context":"https:\/\/schema.org","@graph":[{"@type":"WebPage","@id":"https:\/\/findpetgps.com\/it\/istruzioni\/","url":"https:\/\/findpetgps.com\/it\/istruzioni\/","name":"Istruzioni per l'uso - findPetGPS","isPartOf":{"@id":"https:\/\/findpetgps.com\/it\/#website"},"primaryImageOfPage":{"@id":"https:\/\/findpetgps.com\/it\/istruzioni\/#primaryimage"},"image":{"@id":"https:\/\/findpetgps.com\/it\/istruzioni\/#primaryimage"},"thumbnailUrl":"https:\/\/findpetgps.com\/wp-content\/uploads\/2022\/03\/findPet-intructions-1-461x600.png","datePublished":"2022-03-16T18:07:41+00:00","dateModified":"2022-03-19T11:10:45+00:00","breadcrumb":{"@id":"https:\/\/findpetgps.com\/it\/istruzioni\/#breadcrumb"},"inLanguage":"it-IT","potentialAction":[{"@type":"ReadAction","target":["https:\/\/findpetgps.com\/it\/istruzioni\/"]}]},{"@type":"ImageObject","inLanguage":"it-IT","@id":"https:\/\/findpetgps.com\/it\/istruzioni\/#primaryimage","url":"https:\/\/findpetgps.com\/wp-content\/uploads\/2022\/03\/findPet-intructions-1-461x600.png","contentUrl":"https:\/\/findpetgps.com\/wp-content\/uploads\/2022\/03\/findPet-intructions-1-461x600.png"},{"@type":"BreadcrumbList","@id":"https:\/\/findpetgps.com\/it\/istruzioni\/#breadcrumb","itemListElement":[{"@type":"ListItem","position":1,"name":"Portada","item":"https:\/\/findpetgps.com\/it\/"},{"@type":"ListItem","position":2,"name":"Istruzioni per l&#8217;uso"}]},{"@type":"WebSite","@id":"https:\/\/findpetgps.com\/it\/#website","url":"https:\/\/findpetgps.com\/it\/","name":"findPetGPS","description":"Localizzatori GPS per cani e gatti","publisher":{"@id":"https:\/\/findpetgps.com\/it\/#organization"},"potentialAction":[{"@type":"SearchAction","target":{"@type":"EntryPoint","urlTemplate":"https:\/\/findpetgps.com\/it\/?s={search_term_string}"},"query-input":{"@type":"PropertyValueSpecification","valueRequired":true,"valueName":"search_term_string"}}],"inLanguage":"it-IT"},{"@type":"Organization","@id":"https:\/\/findpetgps.com\/it\/#organization","name":"findPetGPS","url":"https:\/\/findpetgps.com\/it\/","logo":{"@type":"ImageObject","inLanguage":"it-IT","@id":"https:\/\/findpetgps.com\/it\/#\/schema\/logo\/image\/","url":"https:\/\/findpetgps.com\/wp-content\/uploads\/2020\/10\/Findpet-Logo-01-200.png","contentUrl":"https:\/\/findpetgps.com\/wp-content\/uploads\/2020\/10\/Findpet-Logo-01-200.png","width":283,"height":200,"caption":"findPetGPS"},"image":{"@id":"https:\/\/findpetgps.com\/it\/#\/schema\/logo\/image\/"}}]}},"_links":{"self":[{"href":"https:\/\/findpetgps.com\/it\/wp-json\/wp\/v2\/pages\/5660","targetHints":{"allow":["GET"]}}],"collection":[{"href":"https:\/\/findpetgps.com\/it\/wp-json\/wp\/v2\/pages"}],"about":[{"href":"https:\/\/findpetgps.com\/it\/wp-json\/wp\/v2\/types\/page"}],"author":[{"embeddable":true,"href":"https:\/\/findpetgps.com\/it\/wp-json\/wp\/v2\/users\/1"}],"replies":[{"embeddable":true,"href":"https:\/\/findpetgps.com\/it\/wp-json\/wp\/v2\/comments?post=5660"}],"version-history":[{"count":0,"href":"https:\/\/findpetgps.com\/it\/wp-json\/wp\/v2\/pages\/5660\/revisions"}],"wp:attachment":[{"href":"https:\/\/findpetgps.com\/it\/wp-json\/wp\/v2\/media?parent=5660"}],"curies":[{"name":"wp","href":"https:\/\/api.w.org\/{rel}","templated":true}]}}