{"id":2883,"date":"2020-10-16T20:04:52","date_gmt":"2020-10-16T18:04:52","guid":{"rendered":"https:\/\/findpetgps.com\/avviso-legale\/"},"modified":"2021-07-09T11:46:04","modified_gmt":"2021-07-09T09:46:04","slug":"avviso-legale","status":"publish","type":"page","link":"https:\/\/findpetgps.com\/it\/avviso-legale\/","title":{"rendered":"Avviso legale"},"content":{"rendered":"\n<h6 class=\"wp-block-heading\" id=\"h-1-condiciones-de-uso\">1. Termini di utilizzo.<\/h6>\n\n<p>Le condizioni qui menzionate si applicano a tutte le transazioni effettuate sul sito web www.findpetgps.com, gestito da GPS Consulting SL, P.IVA ESB16677783.<\/p>\n\n<p>findpetgps fornisce un servizio ai propri clienti con questo sito web. Si prega di consultare i termini e le condizioni di vendita che regolano il nostro sito web. L&#8217;utilizzo da parte del cliente di findpetgps.com costituisce un accordo con le seguenti condizioni generali e termini di vendita. Se non si accettano questi termini, si prega di astenersi dall&#8217;utilizzare il sito web.<\/p>\n\n<p>findpetgps pu\u00f2 modificare o aggiornare in tutto o in parte le presenti condizioni di vendita e condizioni generali, tenendo conto di eventuali variazioni della legislazione e dei regolamenti vigenti. Le nuove condizioni di vendita saranno efficaci dalla data di pubblicazione sul sito findpetgps.com. Si consiglia di rivedere frequentemente questi termini e condizioni. Se non sei d&#8217;accordo con le modifiche apportate, ti preghiamo di astenersi dall&#8217;utilizzare il sito web.<\/p>\n\n<h6 class=\"wp-block-heading\" id=\"h-2-contenido-de-la-p-gina-web\">2. Contenuto del sito web.<\/h6>\n\n<p>findpetgps cerca sempre di garantire che i suoi contenuti vengano esaminati e non contengano informazioni errate. In caso di errore di questo tipo al di fuori del nostro controllo, procederemo a correggerlo immediatamente.<\/p>\n\n<p>Ci riserviamo il diritto di correggere eventuali errori, omissioni o imprecisioni e di modificare o aggiornare le informazioni in qualsiasi momento senza preavviso. Ci riserviamo il diritto di modificare l&#8217;offerta commerciale del nostro sito web quando lo riterremo opportuno. Tali modifiche non influenzeranno in nessun caso gli acquisti gi\u00e0 effettuati.<\/p>\n\n<p><a href=\"https:\/\/findpetgps.com\/it\/\">findpetgps.com<\/a> Non pu\u00f2 essere ritenuta responsabile per qualsiasi utilizzo del Web o dei suoi contenuti da parte di ciascuno degli utenti che non rispetti la legislazione e le normative in vigore. L&#8217;utente \u00e8 l&#8217;unico ed esclusivo responsabile della comunicazione di informazioni e dati errati, falsi o relativi a terzi (qualora non abbiano espresso il consenso in tal senso), nonch\u00e9 del loro uso improprio.<\/p>\n\n<p>findpetgps ha fatto uno sforzo per visualizzare nel modo pi\u00f9 accurato possibile i colori dei prodotti che appaiono sul web. In ogni caso, i colori che l&#8217;utente vedr\u00e0 dipenderanno anche dal monitor che sta utilizzando, pertanto findpetgps non pu\u00f2 garantire l&#8217;accuratezza del colore che tale monitor visualizza.<\/p>\n\n<h6 class=\"wp-block-heading\" id=\"h-3-derechos-de-propiedad-intelectual\">3. Diritti di propriet\u00e0 intellettuale.<\/h6>\n\n<p>L&#8217;utente riconosce e ammette che tutti i diritti d&#8217;autore, i disegni, le fotografie inclusi i diritti di immagine, la grafica, i suoni, la musica, i video, l&#8217;audio, il testo, i marchi e tutti gli altri contenuti e diritti intellettuali e materiali I contenuti qui descritti sono protetti dal diritto d&#8217;autore e da altri diritti di propriet\u00e0 intellettuale di findpetgps e degli altri titolari dei diritti.<\/p>\n\n<p>Questo sito web \u00e8 per uso personale e non commerciale dell&#8217;utente. \u00c8 vietato copiare, modificare, distribuire, trasmettere, pubblicare o sfruttare commercialmente qualsiasi contenuto, prodotto o servizio su questo sito web.<\/p>\n\n<h6 class=\"wp-block-heading\" id=\"h-4-comentarios-de-usuarios\">4. Commenti degli utenti.<\/h6>\n\n<p>Tutti i commenti, idee, opinioni, critiche ecc. offerto a findpetgps.com dovrebbe rimanere di propriet\u00e0 dell&#8217;azienda. L&#8217;uso di findpetgps di tali commenti, opinioni e altri non dovrebbe essere limitato in alcun modo per scopi commerciali o di altro tipo.<\/p>\n\n<p>L&#8217;utente si impegna a non fare commenti che possano violare i diritti di terzi. L&#8217;utente si impegna inoltre a non rilasciare commenti che possano contenere connotazioni oscene, illegali o abusive. L&#8217;utente sar\u00e0 l&#8217;unico responsabile del contenuto dei commenti effettuati.<\/p>\n\n<h6 class=\"wp-block-heading\" id=\"h-5-enlaces-con-otros-sitios-web\">5. Collegamenti ad altri siti web.<\/h6>\n\n<p>findpetgps pu\u00f2 includere collegamenti o collegamenti sul Web a siti Web di terzi. findpetgps non esamina tutti i siti Web di terze parti n\u00e9 effettua controlli su di essi, pertanto findpetgps non pu\u00f2 essere ritenuto in alcun modo responsabile per i contenuti di questi siti Web o le misure che adottano in merito alla privacy o al trattamento dei dati personali dell&#8217;utente.<\/p>\n\n<h6 class=\"wp-block-heading\" id=\"h-6-enlaces-con-findpetgps-com\">6. Collegamenti a findpetgps.com.<\/h6>\n\n<p>Se sei interessato ad attivare un collegamento a findpetgps.com, contatta findpetgps tramite l&#8217;indirizzo email: info@findpetgps.com<\/p>\n\n<h6 class=\"wp-block-heading\" id=\"h-7-legislaci-n-aplicable-y-jurisdicci-n-competente\">7. Legislazione applicabile e giurisdizione competente.<\/h6>\n\n<p>Gli acquisti effettuati con findpetgps.com sono soggetti alla legislazione spagnola. Le parti si sottopongono, a loro scelta, per la risoluzione dei conflitti e rinunciando a qualsiasi altra giurisdizione, alle corti e ai tribunali del domicilio dell&#8217;utente.<\/p>\n\n<h6 class=\"wp-block-heading\" id=\"h-8-uso-de-cookies\">8. Utilizzo dei cookie.<\/h6>\n\n<p>Questo sito web utilizza i cookie. Se lo desideri, puoi rifiutare il trattamento dei dati o delle informazioni rifiutando l&#8217;uso dei cookie attraverso l&#8217;apposita configurazione del tuo browser Internet, tuttavia, devi tenere presente che, se lo fai, potresti non essere in grado di utilizzare tutti la funzionalit\u00e0 di questo sito web.<\/p>\n","protected":false},"excerpt":{"rendered":"<p>1. Termini di utilizzo. Le condizioni qui menzionate si applicano a tutte le transazioni effettuate sul sito web www.findpetgps.com, gestito da GPS Consulting SL, P.IVA ESB16677783. findpetgps fornisce un servizio ai propri clienti con questo sito web. Si prega di consultare i termini e le condizioni di vendita che regolano il nostro sito web. L&#8217;utilizzo [&hellip;]<\/p>\n","protected":false},"author":1,"featured_media":0,"parent":0,"menu_order":23,"comment_status":"closed","ping_status":"closed","template":"","meta":{"footnotes":"","_elementor_edit_mode":"","_elementor_template_type":"","_elementor_data":"","_elementor_page_settings":null,"_elementor_conditions":[]},"class_list":["post-2883","page","type-page","status-publish","hentry"],"yoast_head":"<!-- This site is optimized with the Yoast SEO plugin v27.1.1 - https:\/\/yoast.com\/product\/yoast-seo-wordpress\/ -->\n<title>Avviso legale - findPetGPS<\/title>\n<meta name=\"robots\" content=\"index, follow, max-snippet:-1, max-image-preview:large, max-video-preview:-1\" \/>\n<link rel=\"canonical\" href=\"https:\/\/findpetgps.com\/it\/avviso-legale\/\" \/>\n<meta property=\"og:locale\" content=\"it_IT\" \/>\n<meta property=\"og:type\" content=\"article\" \/>\n<meta property=\"og:title\" content=\"Avviso legale - findPetGPS\" \/>\n<meta property=\"og:description\" content=\"1. Termini di utilizzo. Le condizioni qui menzionate si applicano a tutte le transazioni effettuate sul sito web www.findpetgps.com, gestito da GPS Consulting SL, P.IVA ESB16677783. findpetgps fornisce un servizio ai propri clienti con questo sito web. Si prega di consultare i termini e le condizioni di vendita che regolano il nostro sito web. L&#8217;utilizzo [&hellip;]\" \/>\n<meta property=\"og:url\" content=\"https:\/\/findpetgps.com\/it\/avviso-legale\/\" \/>\n<meta property=\"og:site_name\" content=\"findPetGPS\" \/>\n<meta property=\"article:modified_time\" content=\"2021-07-09T09:46:04+00:00\" \/>\n<meta name=\"twitter:card\" content=\"summary_large_image\" \/>\n<meta name=\"twitter:label1\" content=\"Tempo di lettura stimato\" \/>\n\t<meta name=\"twitter:data1\" content=\"4 minuti\" \/>\n<script type=\"application\/ld+json\" class=\"yoast-schema-graph\">{\"@context\":\"https:\/\/schema.org\",\"@graph\":[{\"@type\":\"WebPage\",\"@id\":\"https:\/\/findpetgps.com\/it\/avviso-legale\/\",\"url\":\"https:\/\/findpetgps.com\/it\/avviso-legale\/\",\"name\":\"Avviso legale - findPetGPS\",\"isPartOf\":{\"@id\":\"https:\/\/findpetgps.com\/it\/#website\"},\"datePublished\":\"2020-10-16T18:04:52+00:00\",\"dateModified\":\"2021-07-09T09:46:04+00:00\",\"breadcrumb\":{\"@id\":\"https:\/\/findpetgps.com\/it\/avviso-legale\/#breadcrumb\"},\"inLanguage\":\"it-IT\",\"potentialAction\":[{\"@type\":\"ReadAction\",\"target\":[\"https:\/\/findpetgps.com\/it\/avviso-legale\/\"]}]},{\"@type\":\"BreadcrumbList\",\"@id\":\"https:\/\/findpetgps.com\/it\/avviso-legale\/#breadcrumb\",\"itemListElement\":[{\"@type\":\"ListItem\",\"position\":1,\"name\":\"Portada\",\"item\":\"https:\/\/findpetgps.com\/it\/\"},{\"@type\":\"ListItem\",\"position\":2,\"name\":\"Avviso legale\"}]},{\"@type\":\"WebSite\",\"@id\":\"https:\/\/findpetgps.com\/it\/#website\",\"url\":\"https:\/\/findpetgps.com\/it\/\",\"name\":\"findPetGPS\",\"description\":\"Localizzatori GPS per cani e gatti\",\"publisher\":{\"@id\":\"https:\/\/findpetgps.com\/it\/#organization\"},\"potentialAction\":[{\"@type\":\"SearchAction\",\"target\":{\"@type\":\"EntryPoint\",\"urlTemplate\":\"https:\/\/findpetgps.com\/it\/?s={search_term_string}\"},\"query-input\":{\"@type\":\"PropertyValueSpecification\",\"valueRequired\":true,\"valueName\":\"search_term_string\"}}],\"inLanguage\":\"it-IT\"},{\"@type\":\"Organization\",\"@id\":\"https:\/\/findpetgps.com\/it\/#organization\",\"name\":\"findPetGPS\",\"url\":\"https:\/\/findpetgps.com\/it\/\",\"logo\":{\"@type\":\"ImageObject\",\"inLanguage\":\"it-IT\",\"@id\":\"https:\/\/findpetgps.com\/it\/#\/schema\/logo\/image\/\",\"url\":\"https:\/\/findpetgps.com\/wp-content\/uploads\/2020\/10\/Findpet-Logo-01-200.png\",\"contentUrl\":\"https:\/\/findpetgps.com\/wp-content\/uploads\/2020\/10\/Findpet-Logo-01-200.png\",\"width\":283,\"height\":200,\"caption\":\"findPetGPS\"},\"image\":{\"@id\":\"https:\/\/findpetgps.com\/it\/#\/schema\/logo\/image\/\"}}]}<\/script>\n<!-- \/ Yoast SEO plugin. -->","yoast_head_json":{"title":"Avviso legale - findPetGPS","robots":{"index":"index","follow":"follow","max-snippet":"max-snippet:-1","max-image-preview":"max-image-preview:large","max-video-preview":"max-video-preview:-1"},"canonical":"https:\/\/findpetgps.com\/it\/avviso-legale\/","og_locale":"it_IT","og_type":"article","og_title":"Avviso legale - findPetGPS","og_description":"1. Termini di utilizzo. Le condizioni qui menzionate si applicano a tutte le transazioni effettuate sul sito web www.findpetgps.com, gestito da GPS Consulting SL, P.IVA ESB16677783. findpetgps fornisce un servizio ai propri clienti con questo sito web. Si prega di consultare i termini e le condizioni di vendita che regolano il nostro sito web. L&#8217;utilizzo [&hellip;]","og_url":"https:\/\/findpetgps.com\/it\/avviso-legale\/","og_site_name":"findPetGPS","article_modified_time":"2021-07-09T09:46:04+00:00","twitter_card":"summary_large_image","twitter_misc":{"Tempo di lettura stimato":"4 minuti"},"schema":{"@context":"https:\/\/schema.org","@graph":[{"@type":"WebPage","@id":"https:\/\/findpetgps.com\/it\/avviso-legale\/","url":"https:\/\/findpetgps.com\/it\/avviso-legale\/","name":"Avviso legale - findPetGPS","isPartOf":{"@id":"https:\/\/findpetgps.com\/it\/#website"},"datePublished":"2020-10-16T18:04:52+00:00","dateModified":"2021-07-09T09:46:04+00:00","breadcrumb":{"@id":"https:\/\/findpetgps.com\/it\/avviso-legale\/#breadcrumb"},"inLanguage":"it-IT","potentialAction":[{"@type":"ReadAction","target":["https:\/\/findpetgps.com\/it\/avviso-legale\/"]}]},{"@type":"BreadcrumbList","@id":"https:\/\/findpetgps.com\/it\/avviso-legale\/#breadcrumb","itemListElement":[{"@type":"ListItem","position":1,"name":"Portada","item":"https:\/\/findpetgps.com\/it\/"},{"@type":"ListItem","position":2,"name":"Avviso legale"}]},{"@type":"WebSite","@id":"https:\/\/findpetgps.com\/it\/#website","url":"https:\/\/findpetgps.com\/it\/","name":"findPetGPS","description":"Localizzatori GPS per cani e gatti","publisher":{"@id":"https:\/\/findpetgps.com\/it\/#organization"},"potentialAction":[{"@type":"SearchAction","target":{"@type":"EntryPoint","urlTemplate":"https:\/\/findpetgps.com\/it\/?s={search_term_string}"},"query-input":{"@type":"PropertyValueSpecification","valueRequired":true,"valueName":"search_term_string"}}],"inLanguage":"it-IT"},{"@type":"Organization","@id":"https:\/\/findpetgps.com\/it\/#organization","name":"findPetGPS","url":"https:\/\/findpetgps.com\/it\/","logo":{"@type":"ImageObject","inLanguage":"it-IT","@id":"https:\/\/findpetgps.com\/it\/#\/schema\/logo\/image\/","url":"https:\/\/findpetgps.com\/wp-content\/uploads\/2020\/10\/Findpet-Logo-01-200.png","contentUrl":"https:\/\/findpetgps.com\/wp-content\/uploads\/2020\/10\/Findpet-Logo-01-200.png","width":283,"height":200,"caption":"findPetGPS"},"image":{"@id":"https:\/\/findpetgps.com\/it\/#\/schema\/logo\/image\/"}}]}},"_links":{"self":[{"href":"https:\/\/findpetgps.com\/it\/wp-json\/wp\/v2\/pages\/2883","targetHints":{"allow":["GET"]}}],"collection":[{"href":"https:\/\/findpetgps.com\/it\/wp-json\/wp\/v2\/pages"}],"about":[{"href":"https:\/\/findpetgps.com\/it\/wp-json\/wp\/v2\/types\/page"}],"author":[{"embeddable":true,"href":"https:\/\/findpetgps.com\/it\/wp-json\/wp\/v2\/users\/1"}],"replies":[{"embeddable":true,"href":"https:\/\/findpetgps.com\/it\/wp-json\/wp\/v2\/comments?post=2883"}],"version-history":[{"count":0,"href":"https:\/\/findpetgps.com\/it\/wp-json\/wp\/v2\/pages\/2883\/revisions"}],"wp:attachment":[{"href":"https:\/\/findpetgps.com\/it\/wp-json\/wp\/v2\/media?parent=2883"}],"curies":[{"name":"wp","href":"https:\/\/api.w.org\/{rel}","templated":true}]}}