{"id":2773,"date":"2020-10-16T19:41:41","date_gmt":"2020-10-16T17:41:41","guid":{"rendered":"https:\/\/findpetgps.com\/termini-e-condizioni\/"},"modified":"2021-07-09T11:47:25","modified_gmt":"2021-07-09T09:47:25","slug":"termini-e-condizioni","status":"publish","type":"page","link":"https:\/\/findpetgps.com\/it\/avviso-legale\/termini-e-condizioni\/","title":{"rendered":"Termini e condizioni"},"content":{"rendered":"\n<h4 class=\"wp-block-heading\" id=\"h-t-rminos-de-compra-de-findpet-gps\"><strong>Condizioni di acquisto del GPS FindPet<\/strong><\/h4>\n\n<h5 class=\"wp-block-heading\" id=\"h-1-pedido\"><strong>1. ORDINE<\/strong><\/h5>\n\n<p>Qualsiasi ordine per i prodotti localizzatore di animali domestici FindPet GPS pu\u00f2 essere effettuato online tramite il nostro sito Web www.FindPetGPS.com.<\/p>\n\n<p>Una volta completato con successo il processo di acquisto, riceverai una mail di conferma con il numero di riferimento che identifica il tuo ordine e il riepilogo dell&#8217;acquisto. Si prega di esaminarlo e conservarlo come ricevuta di ci\u00f2 che si acquista per comunicazioni future.<\/p>\n\n<hr class=\"wp-block-separator\"\/>\n\n<h5 class=\"wp-block-heading\" id=\"h-2-precio\"><strong>2. PREZZO<\/strong><\/h5>\n\n<p>Tutti i nostri prezzi sono indicati in euro e sono comprensivi di IVA per la vendita all&#8217;interno dell&#8217;Unione Europea. L&#8217;unico costo aggiuntivo applicabile \u00e8 la spedizione. Per spedizioni speciali ci riserviamo il diritto di fatturare, con la vostra accettazione, le effettive spese di trasporto.<\/p>\n\n<hr class=\"wp-block-separator\"\/>\n\n<h5 class=\"wp-block-heading\" id=\"h-3-pago\"><strong>3. PAGAMENTO<\/strong><\/h5>\n\n<p>Gli ordini verranno spediti dopo che il pagamento \u00e8 stato ricevuto e identificato.<\/p>\n\n<ul class=\"wp-block-list\"><li>Carta di credito. Passerella sicura al 100%.<\/li><li>PayPal.<\/li><\/ul>\n\n<hr class=\"wp-block-separator\"\/>\n\n<h5 class=\"wp-block-heading\" id=\"h-4-pol-tica-de-env-o\"><strong>4. POLITICA DI SPEDIZIONE<\/strong><\/h5>\n\n<p>FindPet GPS effettua le sue consegne in Europa.<\/p>\n\n<p>Nella Spagna peninsulare e nelle Isole Baleari effettuiamo consegne tramite corriere espresso o corriere.<\/p>\n\n<ul class=\"wp-block-list\"><li>Il tempo di consegna \u00e8 di 1-7 giorni lavorativi. Rispettando 24-48 ore nella maggior parte delle spedizioni verso la Penisola e le Isole Baleari ad eccezione di periodi specifici.<\/li><li>In caso di rottura di stock, ti contatteremo per risolvere l&#8217;incidente e informarti delle diverse soluzioni.<\/li><\/ul>\n\n<p>Nelle Isole Canarie, Ceuta e Melilla effettuiamo consegne tramite l&#8217;ufficio postale.<\/p>\n\n<h6 class=\"wp-block-heading\" id=\"h-todos-los-gastos-de-env-o-son-gratis\"><em><strong>TUTTE LE SPESE DI SPEDIZIONE SONO GRATUITE *<\/strong><\/em><\/h6>\n\n<h6 class=\"wp-block-heading\" id=\"h-pen-nsula-y-baleares\"><em><strong>* (PENISOLA E ISOLE BALEARI)<\/strong><\/em><\/h6>\n\n<p>Per le Isole Canarie, Ceuta, Melilla e altri paesi, le spese di spedizione sono di \u20ac 5. In ogni caso verranno indicati durante la procedura di acquisto.<\/p>\n\n<h6 class=\"wp-block-heading\" id=\"h-direcciones-incorrectas\">INDIRIZZI ERRATI:<\/h6>\n\n<p>Per favore, controlla che il tuo indirizzo di consegna sia il pi\u00f9 completo e preciso possibile, il numero di telefono e l&#8217;indirizzo email siano corretti.<\/p>\n\n<p><em>Non consentire pi\u00f9 di 7 giorni dalla nostra notifica di spedizione tramite e-mail senza richiedere l&#8217;ordine. Assicurati che l&#8217;email che hai fornito sia corretta per ricevere la notifica di spedizione senza problemi.<\/em><\/p>\n\n<p><em>Confermando le presenti CONDIZIONI DI ACQUISTO il cliente si impegna a pagare la seconda affrancatura in caso di resi per indirizzi incompleti, non perfezionati dallo stesso e per spedizioni non reclamate in tempo.<\/em><\/p>\n\n<p><em>FindPet non pu\u00f2 essere ritenuto responsabile<\/em> GPS<em> .com se non puoi spedire l&#8217;ordine richiesto a causa di circostanze al di fuori del tuo controllo, inclusi RITARDI da parte dei nostri fornitori, incendi, inondazioni, scioperi, problemi elettrici, ecc.<\/em><\/p>\n\n<hr class=\"wp-block-separator\"\/>\n\n<h5 class=\"wp-block-heading\" id=\"h-5-devoluciones\"><strong>5. RESI<\/strong><\/h5>\n\n<p>Se al ricevimento del tuo ordine non sei soddisfatto, puoi esercitare il tuo diritto di recesso contenuto nella Legge Generale per la Difesa dei Consumatori e degli Utenti richiedendone la restituzione entro un periodo di <strong>20 giorni di calendario<\/strong> a partire dalla data in cui hai ricevuto l&#8217;ordine, utilizzando la confezione originale in cui hai ricevuto l&#8217;ordine. I prodotti da restituire devono essere in perfette condizioni, senza che il loro utilizzo sia limitato. Una volta verificato il rispetto di queste condizioni, verr\u00e0 rimborsato l&#8217;importo totale del prodotto o dei prodotti interessati. Il consumatore dovr\u00e0 sostenere le spese di spedizione per la restituzione della merce.<\/p>\n\n<p>Nel caso in cui il reso sia fattibile, il prezzo di acquisto verr\u00e0 restituito per intero secondo la forma di pagamento effettuata. Il pagamento verr\u00e0 effettuato non appena avremo ricevuto il prodotto da restituire e avremo confermato che soddisfa i nostri requisiti minimi. Gli acquirenti saranno responsabili solo delle spese di ufficio postale che applica loro al momento della restituzione dei prodotti.<\/p>\n\n<p>Il reclamo per spedizioni errate deve essere effettuato entro un massimo di 48-72h dal ricevimento del pacco.<\/p>\n\n<p>I servizi in abbonamento non sono rimborsabili, ad eccezione del primo abbonamento, che puoi revocare entro il periodo legale di 15 giorni. La parte proporzionale dei giorni di abbonamento consumati dall&#8217;inizio fino al ricevimento della tua comunicazione di recesso verr\u00e0 detratta dall&#8217;importo da rimborsare. Il rinnovo degli abbonamenti non \u00e8 soggetto a recesso.<\/p>\n\n<p>Per effettuare un reso o una comunicazione di recesso, puoi utilizzare il modello di modulo di recesso che compare di seguito:<a href=\"https:\/\/findpetgps.com\/wp-content\/uploads\/FORMULARIO-DE-DESISTIMIENTO.pdf\"> modulo di recesso<\/a><\/p>\n\n<p>Questo modulo deve essere incluso, debitamente compilato e firmato, insieme al prodotto restituito.<\/p>\n\n<hr class=\"wp-block-separator\"\/>\n\n<h5 class=\"wp-block-heading\" id=\"h-6-garant-a\"><strong>6. GARANZIA<\/strong><\/h5>\n\n<p>FindPetgps.com offre una garanzia di due anni che decorre dal momento in cui il prodotto viene consegnato al cliente. La fattura \u00e8 la garanzia, ti preghiamo di conservarla. Questa garanzia copre i difetti di fabbricazione e dei materiali che possono manifestarsi quando i prodotti sono stati utilizzati secondo le istruzioni per l&#8217;uso. La garanzia non copre i danni al prodotto causati da un uso improprio, mancanza di cura o modifiche.<\/p>\n\n<p>Se compare un difetto e FindPet riceve una richiesta di attivazione della garanzia entro il relativo Periodo di garanzia, FindPet decider\u00e0 come previsto dalla legge tre opzioni, riparazione del prodotto (1), sostituzione con un nuovo prodotto (2), rimborso (3). Qualsiasi prodotto sostitutivo sar\u00e0 garantito per il resto della garanzia originale o per un periodo di trenta (30) giorni (a seconda di quale sia il pi\u00f9 lungo), o per qualsiasi periodo di tempo aggiuntivo richiesto dalla legge applicabile.<\/p>\n\n<p>Per effettuare una richiesta di assistenza tecnica \u00e8 possibile utilizzare il modello del modulo di assistenza tecnica per l&#8217;attivazione della garanzia che compare di seguito. <a href=\"https:\/\/findpetgps.com\/wp-content\/uploads\/ASISTENCIA-2020GPS.pdf\" target=\"_blank\" rel=\"noreferrer noopener\">Scarica il modulo per il servizio tecnico. <\/a><\/p>\n\n<p>Detto modulo di autorizzazione per l&#8217;attivazione della garanzia deve essere incluso con il prodotto per l&#8217;assistenza, non dimenticare di indicare il numero dell&#8217;ordine.<\/p>\n\n<h6 class=\"wp-block-heading\" id=\"h-limitaciones\">Limitazioni:<\/h6>\n\n<p>La presente garanzia limitata del prodotto si applica solo all&#8217;acquirente originale del prodotto acquistato da FindPetgps.com o da un rivenditore autorizzato e prodotto da o per FindPet. Questa garanzia non si applica a un prodotto o parti di un prodotto che \u00e8 stato riparato, alterato, ripristinato o modificato da qualcuno non autorizzato da FindPet, n\u00e9 si applica a danni estetici come graffi, ammaccature e ammaccature. Inoltre, questa garanzia limitata del prodotto non si applica ai danni o ai difetti causati da (a) utilizzo con prodotti non FindPet; (b) incidenti, abuso, uso improprio, uso improprio, inondazioni, incendi, terremoti o altre cause esterne; (c) normale usura o invecchiamento del Prodotto come scolorimento o allungamento; o (d) utilizzo del Prodotto al di fuori degli usi per i quali \u00e8 previsto, senza essere conforme alle istruzioni fornite da FindPet GPS, o con una tensione o alimentazione inadeguata.<\/p>\n\n<p>Nessun rivenditore, distributore, agente o dipendente di FindPet GPS \u00e8 autorizzato ad apportare modifiche, estensioni o aggiunte alla presente Garanzia limitata del prodotto. Se qualsiasi termine in questo documento \u00e8 considerato illegale o inapplicabile, la legalit\u00e0 o l&#8217;applicabilit\u00e0 del resto dei termini non sar\u00e0 influenzata o danneggiata.<\/p>\n","protected":false},"excerpt":{"rendered":"<p>Condizioni di acquisto del GPS FindPet 1. ORDINE Qualsiasi ordine per i prodotti localizzatore di animali domestici FindPet GPS pu\u00f2 essere effettuato online tramite il nostro sito Web www.FindPetGPS.com. Una volta completato con successo il processo di acquisto, riceverai una mail di conferma con il numero di riferimento che identifica il tuo ordine e il [&hellip;]<\/p>\n","protected":false},"author":1,"featured_media":0,"parent":2883,"menu_order":24,"comment_status":"closed","ping_status":"closed","template":"","meta":{"footnotes":"","_elementor_edit_mode":"","_elementor_template_type":"","_elementor_data":"","_elementor_page_settings":null,"_elementor_conditions":[]},"class_list":["post-2773","page","type-page","status-publish","hentry"],"yoast_head":"<!-- This site is optimized with the Yoast SEO plugin v27.1.1 - https:\/\/yoast.com\/product\/yoast-seo-wordpress\/ -->\n<title>Termini e condizioni - findPetGPS<\/title>\n<meta name=\"robots\" content=\"index, follow, max-snippet:-1, max-image-preview:large, max-video-preview:-1\" \/>\n<link rel=\"canonical\" href=\"https:\/\/findpetgps.com\/it\/avviso-legale\/termini-e-condizioni\/\" \/>\n<meta property=\"og:locale\" content=\"it_IT\" \/>\n<meta property=\"og:type\" content=\"article\" \/>\n<meta property=\"og:title\" content=\"Termini e condizioni - findPetGPS\" \/>\n<meta property=\"og:description\" content=\"Condizioni di acquisto del GPS FindPet 1. ORDINE Qualsiasi ordine per i prodotti localizzatore di animali domestici FindPet GPS pu\u00f2 essere effettuato online tramite il nostro sito Web www.FindPetGPS.com. Una volta completato con successo il processo di acquisto, riceverai una mail di conferma con il numero di riferimento che identifica il tuo ordine e il [&hellip;]\" \/>\n<meta property=\"og:url\" content=\"https:\/\/findpetgps.com\/it\/avviso-legale\/termini-e-condizioni\/\" \/>\n<meta property=\"og:site_name\" content=\"findPetGPS\" \/>\n<meta property=\"article:modified_time\" content=\"2021-07-09T09:47:25+00:00\" \/>\n<meta name=\"twitter:card\" content=\"summary_large_image\" \/>\n<meta name=\"twitter:label1\" content=\"Tempo di lettura stimato\" \/>\n\t<meta name=\"twitter:data1\" content=\"5 minuti\" \/>\n<script type=\"application\/ld+json\" class=\"yoast-schema-graph\">{\"@context\":\"https:\/\/schema.org\",\"@graph\":[{\"@type\":\"WebPage\",\"@id\":\"https:\/\/findpetgps.com\/it\/avviso-legale\/termini-e-condizioni\/\",\"url\":\"https:\/\/findpetgps.com\/it\/avviso-legale\/termini-e-condizioni\/\",\"name\":\"Termini e condizioni - findPetGPS\",\"isPartOf\":{\"@id\":\"https:\/\/findpetgps.com\/it\/#website\"},\"datePublished\":\"2020-10-16T17:41:41+00:00\",\"dateModified\":\"2021-07-09T09:47:25+00:00\",\"breadcrumb\":{\"@id\":\"https:\/\/findpetgps.com\/it\/avviso-legale\/termini-e-condizioni\/#breadcrumb\"},\"inLanguage\":\"it-IT\",\"potentialAction\":[{\"@type\":\"ReadAction\",\"target\":[\"https:\/\/findpetgps.com\/it\/avviso-legale\/termini-e-condizioni\/\"]}]},{\"@type\":\"BreadcrumbList\",\"@id\":\"https:\/\/findpetgps.com\/it\/avviso-legale\/termini-e-condizioni\/#breadcrumb\",\"itemListElement\":[{\"@type\":\"ListItem\",\"position\":1,\"name\":\"Portada\",\"item\":\"https:\/\/findpetgps.com\/it\/\"},{\"@type\":\"ListItem\",\"position\":2,\"name\":\"Avviso legale\",\"item\":\"https:\/\/findpetgps.com\/it\/aviso-legal\/\"},{\"@type\":\"ListItem\",\"position\":3,\"name\":\"Termini e condizioni\"}]},{\"@type\":\"WebSite\",\"@id\":\"https:\/\/findpetgps.com\/it\/#website\",\"url\":\"https:\/\/findpetgps.com\/it\/\",\"name\":\"findPetGPS\",\"description\":\"Localizzatori GPS per cani e gatti\",\"publisher\":{\"@id\":\"https:\/\/findpetgps.com\/it\/#organization\"},\"potentialAction\":[{\"@type\":\"SearchAction\",\"target\":{\"@type\":\"EntryPoint\",\"urlTemplate\":\"https:\/\/findpetgps.com\/it\/?s={search_term_string}\"},\"query-input\":{\"@type\":\"PropertyValueSpecification\",\"valueRequired\":true,\"valueName\":\"search_term_string\"}}],\"inLanguage\":\"it-IT\"},{\"@type\":\"Organization\",\"@id\":\"https:\/\/findpetgps.com\/it\/#organization\",\"name\":\"findPetGPS\",\"url\":\"https:\/\/findpetgps.com\/it\/\",\"logo\":{\"@type\":\"ImageObject\",\"inLanguage\":\"it-IT\",\"@id\":\"https:\/\/findpetgps.com\/it\/#\/schema\/logo\/image\/\",\"url\":\"https:\/\/findpetgps.com\/wp-content\/uploads\/2020\/10\/Findpet-Logo-01-200.png\",\"contentUrl\":\"https:\/\/findpetgps.com\/wp-content\/uploads\/2020\/10\/Findpet-Logo-01-200.png\",\"width\":283,\"height\":200,\"caption\":\"findPetGPS\"},\"image\":{\"@id\":\"https:\/\/findpetgps.com\/it\/#\/schema\/logo\/image\/\"}}]}<\/script>\n<!-- \/ Yoast SEO plugin. -->","yoast_head_json":{"title":"Termini e condizioni - findPetGPS","robots":{"index":"index","follow":"follow","max-snippet":"max-snippet:-1","max-image-preview":"max-image-preview:large","max-video-preview":"max-video-preview:-1"},"canonical":"https:\/\/findpetgps.com\/it\/avviso-legale\/termini-e-condizioni\/","og_locale":"it_IT","og_type":"article","og_title":"Termini e condizioni - findPetGPS","og_description":"Condizioni di acquisto del GPS FindPet 1. ORDINE Qualsiasi ordine per i prodotti localizzatore di animali domestici FindPet GPS pu\u00f2 essere effettuato online tramite il nostro sito Web www.FindPetGPS.com. Una volta completato con successo il processo di acquisto, riceverai una mail di conferma con il numero di riferimento che identifica il tuo ordine e il [&hellip;]","og_url":"https:\/\/findpetgps.com\/it\/avviso-legale\/termini-e-condizioni\/","og_site_name":"findPetGPS","article_modified_time":"2021-07-09T09:47:25+00:00","twitter_card":"summary_large_image","twitter_misc":{"Tempo di lettura stimato":"5 minuti"},"schema":{"@context":"https:\/\/schema.org","@graph":[{"@type":"WebPage","@id":"https:\/\/findpetgps.com\/it\/avviso-legale\/termini-e-condizioni\/","url":"https:\/\/findpetgps.com\/it\/avviso-legale\/termini-e-condizioni\/","name":"Termini e condizioni - findPetGPS","isPartOf":{"@id":"https:\/\/findpetgps.com\/it\/#website"},"datePublished":"2020-10-16T17:41:41+00:00","dateModified":"2021-07-09T09:47:25+00:00","breadcrumb":{"@id":"https:\/\/findpetgps.com\/it\/avviso-legale\/termini-e-condizioni\/#breadcrumb"},"inLanguage":"it-IT","potentialAction":[{"@type":"ReadAction","target":["https:\/\/findpetgps.com\/it\/avviso-legale\/termini-e-condizioni\/"]}]},{"@type":"BreadcrumbList","@id":"https:\/\/findpetgps.com\/it\/avviso-legale\/termini-e-condizioni\/#breadcrumb","itemListElement":[{"@type":"ListItem","position":1,"name":"Portada","item":"https:\/\/findpetgps.com\/it\/"},{"@type":"ListItem","position":2,"name":"Avviso legale","item":"https:\/\/findpetgps.com\/it\/aviso-legal\/"},{"@type":"ListItem","position":3,"name":"Termini e condizioni"}]},{"@type":"WebSite","@id":"https:\/\/findpetgps.com\/it\/#website","url":"https:\/\/findpetgps.com\/it\/","name":"findPetGPS","description":"Localizzatori GPS per cani e gatti","publisher":{"@id":"https:\/\/findpetgps.com\/it\/#organization"},"potentialAction":[{"@type":"SearchAction","target":{"@type":"EntryPoint","urlTemplate":"https:\/\/findpetgps.com\/it\/?s={search_term_string}"},"query-input":{"@type":"PropertyValueSpecification","valueRequired":true,"valueName":"search_term_string"}}],"inLanguage":"it-IT"},{"@type":"Organization","@id":"https:\/\/findpetgps.com\/it\/#organization","name":"findPetGPS","url":"https:\/\/findpetgps.com\/it\/","logo":{"@type":"ImageObject","inLanguage":"it-IT","@id":"https:\/\/findpetgps.com\/it\/#\/schema\/logo\/image\/","url":"https:\/\/findpetgps.com\/wp-content\/uploads\/2020\/10\/Findpet-Logo-01-200.png","contentUrl":"https:\/\/findpetgps.com\/wp-content\/uploads\/2020\/10\/Findpet-Logo-01-200.png","width":283,"height":200,"caption":"findPetGPS"},"image":{"@id":"https:\/\/findpetgps.com\/it\/#\/schema\/logo\/image\/"}}]}},"_links":{"self":[{"href":"https:\/\/findpetgps.com\/it\/wp-json\/wp\/v2\/pages\/2773","targetHints":{"allow":["GET"]}}],"collection":[{"href":"https:\/\/findpetgps.com\/it\/wp-json\/wp\/v2\/pages"}],"about":[{"href":"https:\/\/findpetgps.com\/it\/wp-json\/wp\/v2\/types\/page"}],"author":[{"embeddable":true,"href":"https:\/\/findpetgps.com\/it\/wp-json\/wp\/v2\/users\/1"}],"replies":[{"embeddable":true,"href":"https:\/\/findpetgps.com\/it\/wp-json\/wp\/v2\/comments?post=2773"}],"version-history":[{"count":0,"href":"https:\/\/findpetgps.com\/it\/wp-json\/wp\/v2\/pages\/2773\/revisions"}],"up":[{"embeddable":true,"href":"https:\/\/findpetgps.com\/it\/wp-json\/wp\/v2\/pages\/2883"}],"wp:attachment":[{"href":"https:\/\/findpetgps.com\/it\/wp-json\/wp\/v2\/media?parent=2773"}],"curies":[{"name":"wp","href":"https:\/\/api.w.org\/{rel}","templated":true}]}}