{"id":2650,"date":"2020-10-15T12:32:53","date_gmt":"2020-10-15T10:32:53","guid":{"rendered":"https:\/\/findpetgps.com\/producto\/findpet-gps-mini-pour-chiens\/"},"modified":"2022-04-20T18:21:34","modified_gmt":"2022-04-20T16:21:34","slug":"findpet-gps-mini-pour-chiens","status":"publish","type":"product","link":"https:\/\/findpetgps.com\/fr\/produit\/findpet-gps-mini-pour-chiens\/","title":{"rendered":"findPet GPS mini pour chiens"},"content":{"rendered":"<p>FindPet mini localisateur GPS pour chiens<\/p>\n<ul>\n<li>Positionnement GPS \/ WiFi avec une couverture mondiale<\/li>\n<li>Le plus l\u00e9ger et le plus petit du march\u00e9, seulement 20gr<\/li>\n<li>Conception exclusive<\/li>\n<li>Propre application \u00ab\u00a0findPet\u00a0\u00bb pour Android et IOS<\/li>\n<li>Mode en direct<\/li>\n<li>Temps configurable entre les positions<\/li>\n<li>Suivi d&rsquo;activit\u00e9<\/li>\n<li>Autonomie extra longue, entre 2 et 4 jours (selon configuration et utilisation)<\/li>\n<li>Degr\u00e9 de protection contre l&rsquo;eau IPx7 (30 minutes d&rsquo;immersion)<\/li>\n<li>Comprend un manchon en silicone noir, un collier r\u00e9glable et un c\u00e2ble de chargeur magn\u00e9tique<\/li>\n<li>N\u00e9cessite<a href=\"https:\/\/findpetgps.com\/fr\/des-plans\/\" target=\"_blank\" rel=\"noopener noreferrer\"> plan d&rsquo;abonnement<\/a> , \u00e0 partir de 2,99 \u20ac \/ mois<\/li>\n<\/ul>\n<p>&nbsp;<\/p>\n","protected":false},"excerpt":{"rendered":"<p>findPet GPS mini localisateur GPS pour chiens, avec collier inclus. Localisation GPS et WiFi et suivi des activit\u00e9s.<\/p>\n<p>N\u00e9cessite<a href=\"https:\/\/findpetgps.com\/fr\/des-plans\/\"> plan d&rsquo;abonnement<\/a><\/p>\n","protected":false},"featured_media":8174,"template":"","meta":[],"product_brand":[],"product_cat":[341,355],"product_tag":[],"class_list":{"0":"post-2650","1":"product","2":"type-product","3":"status-publish","4":"has-post-thumbnail","6":"product_cat-animaux-compagnie-gps","7":"product_cat-chiens-gps","9":"first","10":"outofstock","11":"taxable","12":"shipping-taxable","13":"purchasable","14":"product-type-simple"},"bundled_by":[],"bundle_stock_status":"outofstock","bundle_stock_quantity":null,"bundle_virtual":false,"bundle_layout":"","bundle_add_to_cart_form_location":"","bundle_editable_in_cart":false,"bundle_sold_individually_context":"","bundle_item_grouping":"","bundle_min_size":"","bundle_max_size":"","bundle_price":[],"bundled_items":[],"bundle_sell_ids":[],"yoast_head":"<!-- This site is optimized with the Yoast SEO plugin v27.1.1 - https:\/\/yoast.com\/product\/yoast-seo-wordpress\/ -->\n<title>findPet GPS mini pour chiens - findPetGPS<\/title>\n<meta name=\"description\" content=\"findPet GPS Tracker pour chiens[GPS Mini 2021] Le collier GPS le plus l\u00e9ger au monde pour chiens et chats, 20gr. Localisation en temps r\u00e9el et suivi d&#039;activit\u00e9 24h.\" \/>\n<meta name=\"robots\" content=\"index, follow, max-snippet:-1, max-image-preview:large, max-video-preview:-1\" \/>\n<link rel=\"canonical\" href=\"https:\/\/findpetgps.com\/fr\/produit\/findpet-gps-mini-pour-chiens\/\" \/>\n<meta property=\"og:locale\" content=\"fr_FR\" \/>\n<meta property=\"og:type\" content=\"article\" \/>\n<meta property=\"og:title\" content=\"findPet GPS mini pour chiens - findPetGPS\" \/>\n<meta property=\"og:description\" content=\"findPet GPS Tracker pour chiens[GPS Mini 2021] Le collier GPS le plus l\u00e9ger au monde pour chiens et chats, 20gr. Localisation en temps r\u00e9el et suivi d&#039;activit\u00e9 24h.\" \/>\n<meta property=\"og:url\" content=\"https:\/\/findpetgps.com\/fr\/produit\/findpet-gps-mini-pour-chiens\/\" \/>\n<meta property=\"og:site_name\" content=\"findPetGPS\" \/>\n<meta property=\"article:modified_time\" content=\"2022-04-20T16:21:34+00:00\" \/>\n<meta property=\"og:image\" content=\"http:\/\/findpetgps.com\/wp-content\/uploads\/2020\/10\/findpet-01-imagen-principal-1.png\" \/>\n\t<meta property=\"og:image:width\" content=\"1200\" \/>\n\t<meta property=\"og:image:height\" content=\"1200\" \/>\n\t<meta property=\"og:image:type\" content=\"image\/png\" \/>\n<meta name=\"twitter:card\" content=\"summary_large_image\" \/>\n<script type=\"application\/ld+json\" class=\"yoast-schema-graph\">{\"@context\":\"https:\/\/schema.org\",\"@graph\":[{\"@type\":\"WebPage\",\"@id\":\"https:\/\/findpetgps.com\/fr\/produit\/findpet-gps-mini-pour-chiens\/\",\"url\":\"https:\/\/findpetgps.com\/fr\/produit\/findpet-gps-mini-pour-chiens\/\",\"name\":\"findPet GPS mini pour chiens - findPetGPS\",\"isPartOf\":{\"@id\":\"https:\/\/findpetgps.com\/fr\/#website\"},\"primaryImageOfPage\":{\"@id\":\"https:\/\/findpetgps.com\/fr\/produit\/findpet-gps-mini-pour-chiens\/#primaryimage\"},\"image\":{\"@id\":\"https:\/\/findpetgps.com\/fr\/produit\/findpet-gps-mini-pour-chiens\/#primaryimage\"},\"thumbnailUrl\":\"https:\/\/findpetgps.com\/wp-content\/uploads\/2020\/10\/findpet-01-imagen-principal-1.png\",\"datePublished\":\"2020-10-15T10:32:53+00:00\",\"dateModified\":\"2022-04-20T16:21:34+00:00\",\"description\":\"findPet GPS Tracker pour chiens[GPS Mini 2021] Le collier GPS le plus l\u00e9ger au monde pour chiens et chats, 20gr. Localisation en temps r\u00e9el et suivi d'activit\u00e9 24h.\",\"breadcrumb\":{\"@id\":\"https:\/\/findpetgps.com\/fr\/produit\/findpet-gps-mini-pour-chiens\/#breadcrumb\"},\"inLanguage\":\"fr-FR\",\"potentialAction\":[{\"@type\":\"ReadAction\",\"target\":[\"https:\/\/findpetgps.com\/fr\/produit\/findpet-gps-mini-pour-chiens\/\"]}]},{\"@type\":\"ImageObject\",\"inLanguage\":\"fr-FR\",\"@id\":\"https:\/\/findpetgps.com\/fr\/produit\/findpet-gps-mini-pour-chiens\/#primaryimage\",\"url\":\"https:\/\/findpetgps.com\/wp-content\/uploads\/2020\/10\/findpet-01-imagen-principal-1.png\",\"contentUrl\":\"https:\/\/findpetgps.com\/wp-content\/uploads\/2020\/10\/findpet-01-imagen-principal-1.png\",\"width\":1200,\"height\":1200},{\"@type\":\"BreadcrumbList\",\"@id\":\"https:\/\/findpetgps.com\/fr\/produit\/findpet-gps-mini-pour-chiens\/#breadcrumb\",\"itemListElement\":[{\"@type\":\"ListItem\",\"position\":1,\"name\":\"Portada\",\"item\":\"https:\/\/findpetgps.com\/fr\/\"},{\"@type\":\"ListItem\",\"position\":2,\"name\":\"boutique\",\"item\":\"https:\/\/findpetgps.com\/tienda\/\"},{\"@type\":\"ListItem\",\"position\":3,\"name\":\"findPet GPS mini pour chiens\"}]},{\"@type\":\"WebSite\",\"@id\":\"https:\/\/findpetgps.com\/fr\/#website\",\"url\":\"https:\/\/findpetgps.com\/fr\/\",\"name\":\"findPetGPS\",\"description\":\"Localisateurs GPS pour chiens et chats\",\"publisher\":{\"@id\":\"https:\/\/findpetgps.com\/fr\/#organization\"},\"potentialAction\":[{\"@type\":\"SearchAction\",\"target\":{\"@type\":\"EntryPoint\",\"urlTemplate\":\"https:\/\/findpetgps.com\/fr\/?s={search_term_string}\"},\"query-input\":{\"@type\":\"PropertyValueSpecification\",\"valueRequired\":true,\"valueName\":\"search_term_string\"}}],\"inLanguage\":\"fr-FR\"},{\"@type\":\"Organization\",\"@id\":\"https:\/\/findpetgps.com\/fr\/#organization\",\"name\":\"findPetGPS\",\"url\":\"https:\/\/findpetgps.com\/fr\/\",\"logo\":{\"@type\":\"ImageObject\",\"inLanguage\":\"fr-FR\",\"@id\":\"https:\/\/findpetgps.com\/fr\/#\/schema\/logo\/image\/\",\"url\":\"https:\/\/findpetgps.com\/wp-content\/uploads\/2020\/10\/Findpet-Logo-01-200.png\",\"contentUrl\":\"https:\/\/findpetgps.com\/wp-content\/uploads\/2020\/10\/Findpet-Logo-01-200.png\",\"width\":283,\"height\":200,\"caption\":\"findPetGPS\"},\"image\":{\"@id\":\"https:\/\/findpetgps.com\/fr\/#\/schema\/logo\/image\/\"}}]}<\/script>\n<!-- \/ Yoast SEO plugin. -->","yoast_head_json":{"title":"findPet GPS mini pour chiens - findPetGPS","description":"findPet GPS Tracker pour chiens[GPS Mini 2021] Le collier GPS le plus l\u00e9ger au monde pour chiens et chats, 20gr. Localisation en temps r\u00e9el et suivi d'activit\u00e9 24h.","robots":{"index":"index","follow":"follow","max-snippet":"max-snippet:-1","max-image-preview":"max-image-preview:large","max-video-preview":"max-video-preview:-1"},"canonical":"https:\/\/findpetgps.com\/fr\/produit\/findpet-gps-mini-pour-chiens\/","og_locale":"fr_FR","og_type":"article","og_title":"findPet GPS mini pour chiens - findPetGPS","og_description":"findPet GPS Tracker pour chiens[GPS Mini 2021] Le collier GPS le plus l\u00e9ger au monde pour chiens et chats, 20gr. Localisation en temps r\u00e9el et suivi d'activit\u00e9 24h.","og_url":"https:\/\/findpetgps.com\/fr\/produit\/findpet-gps-mini-pour-chiens\/","og_site_name":"findPetGPS","article_modified_time":"2022-04-20T16:21:34+00:00","og_image":[{"width":1200,"height":1200,"url":"http:\/\/findpetgps.com\/wp-content\/uploads\/2020\/10\/findpet-01-imagen-principal-1.png","type":"image\/png"}],"twitter_card":"summary_large_image","schema":{"@context":"https:\/\/schema.org","@graph":[{"@type":"WebPage","@id":"https:\/\/findpetgps.com\/fr\/produit\/findpet-gps-mini-pour-chiens\/","url":"https:\/\/findpetgps.com\/fr\/produit\/findpet-gps-mini-pour-chiens\/","name":"findPet GPS mini pour chiens - findPetGPS","isPartOf":{"@id":"https:\/\/findpetgps.com\/fr\/#website"},"primaryImageOfPage":{"@id":"https:\/\/findpetgps.com\/fr\/produit\/findpet-gps-mini-pour-chiens\/#primaryimage"},"image":{"@id":"https:\/\/findpetgps.com\/fr\/produit\/findpet-gps-mini-pour-chiens\/#primaryimage"},"thumbnailUrl":"https:\/\/findpetgps.com\/wp-content\/uploads\/2020\/10\/findpet-01-imagen-principal-1.png","datePublished":"2020-10-15T10:32:53+00:00","dateModified":"2022-04-20T16:21:34+00:00","description":"findPet GPS Tracker pour chiens[GPS Mini 2021] Le collier GPS le plus l\u00e9ger au monde pour chiens et chats, 20gr. Localisation en temps r\u00e9el et suivi d'activit\u00e9 24h.","breadcrumb":{"@id":"https:\/\/findpetgps.com\/fr\/produit\/findpet-gps-mini-pour-chiens\/#breadcrumb"},"inLanguage":"fr-FR","potentialAction":[{"@type":"ReadAction","target":["https:\/\/findpetgps.com\/fr\/produit\/findpet-gps-mini-pour-chiens\/"]}]},{"@type":"ImageObject","inLanguage":"fr-FR","@id":"https:\/\/findpetgps.com\/fr\/produit\/findpet-gps-mini-pour-chiens\/#primaryimage","url":"https:\/\/findpetgps.com\/wp-content\/uploads\/2020\/10\/findpet-01-imagen-principal-1.png","contentUrl":"https:\/\/findpetgps.com\/wp-content\/uploads\/2020\/10\/findpet-01-imagen-principal-1.png","width":1200,"height":1200},{"@type":"BreadcrumbList","@id":"https:\/\/findpetgps.com\/fr\/produit\/findpet-gps-mini-pour-chiens\/#breadcrumb","itemListElement":[{"@type":"ListItem","position":1,"name":"Portada","item":"https:\/\/findpetgps.com\/fr\/"},{"@type":"ListItem","position":2,"name":"boutique","item":"https:\/\/findpetgps.com\/tienda\/"},{"@type":"ListItem","position":3,"name":"findPet GPS mini pour chiens"}]},{"@type":"WebSite","@id":"https:\/\/findpetgps.com\/fr\/#website","url":"https:\/\/findpetgps.com\/fr\/","name":"findPetGPS","description":"Localisateurs GPS pour chiens et chats","publisher":{"@id":"https:\/\/findpetgps.com\/fr\/#organization"},"potentialAction":[{"@type":"SearchAction","target":{"@type":"EntryPoint","urlTemplate":"https:\/\/findpetgps.com\/fr\/?s={search_term_string}"},"query-input":{"@type":"PropertyValueSpecification","valueRequired":true,"valueName":"search_term_string"}}],"inLanguage":"fr-FR"},{"@type":"Organization","@id":"https:\/\/findpetgps.com\/fr\/#organization","name":"findPetGPS","url":"https:\/\/findpetgps.com\/fr\/","logo":{"@type":"ImageObject","inLanguage":"fr-FR","@id":"https:\/\/findpetgps.com\/fr\/#\/schema\/logo\/image\/","url":"https:\/\/findpetgps.com\/wp-content\/uploads\/2020\/10\/Findpet-Logo-01-200.png","contentUrl":"https:\/\/findpetgps.com\/wp-content\/uploads\/2020\/10\/Findpet-Logo-01-200.png","width":283,"height":200,"caption":"findPetGPS"},"image":{"@id":"https:\/\/findpetgps.com\/fr\/#\/schema\/logo\/image\/"}}]}},"_links":{"self":[{"href":"https:\/\/findpetgps.com\/fr\/wp-json\/wp\/v2\/product\/2650","targetHints":{"allow":["GET"]}}],"collection":[{"href":"https:\/\/findpetgps.com\/fr\/wp-json\/wp\/v2\/product"}],"about":[{"href":"https:\/\/findpetgps.com\/fr\/wp-json\/wp\/v2\/types\/product"}],"wp:featuredmedia":[{"embeddable":true,"href":"https:\/\/findpetgps.com\/fr\/wp-json\/wp\/v2\/media\/8174"}],"wp:attachment":[{"href":"https:\/\/findpetgps.com\/fr\/wp-json\/wp\/v2\/media?parent=2650"}],"wp:term":[{"taxonomy":"product_brand","embeddable":true,"href":"https:\/\/findpetgps.com\/fr\/wp-json\/wp\/v2\/product_brand?post=2650"},{"taxonomy":"product_cat","embeddable":true,"href":"https:\/\/findpetgps.com\/fr\/wp-json\/wp\/v2\/product_cat?post=2650"},{"taxonomy":"product_tag","embeddable":true,"href":"https:\/\/findpetgps.com\/fr\/wp-json\/wp\/v2\/product_tag?post=2650"}],"curies":[{"name":"wp","href":"https:\/\/api.w.org\/{rel}","templated":true}]}}