{"id":2638,"date":"2020-10-16T00:31:12","date_gmt":"2020-10-15T22:31:12","guid":{"rendered":"https:\/\/findpetgps.com\/producto\/findpet-gps-max-pour-chiens\/"},"modified":"2023-01-15T00:46:03","modified_gmt":"2023-01-14T23:46:03","slug":"findpet-gps-max-chiens","status":"publish","type":"product","link":"https:\/\/findpetgps.com\/fr\/produit\/findpet-gps-max-chiens\/","title":{"rendered":"findPet GPS Max pour chiens"},"content":{"rendered":"<p>Localisateur findPet GPS Max pour chiens<\/p>\n<ul>\n<li>Positionnement GPS \/ WiFi avec une couverture mondiale<\/li>\n<li>Autonomie maximale de la batterie, entre 7 et 15 jours (selon la configuration et l&rsquo;utilisation).<\/li>\n<li>L\u00e9ger, seulement 38 gr. Indiqu\u00e9 pour les chiens de taille moyenne et grande<\/li>\n<li>Propre application \u00ab\u00a0findPet\u00a0\u00bb pour Android et IOS<\/li>\n<li>Mode en direct<\/li>\n<li>Temps configurable entre les positions<\/li>\n<li>Suivi d&rsquo;activit\u00e9<\/li>\n<li>Rechercher une fonction<\/li>\n<li>Degr\u00e9 de protection contre l&rsquo;eau IPx7 (30 minutes d&rsquo;immersion)<\/li>\n<li>Comprend un manchon en silicone noir, un collier r\u00e9glable et un c\u00e2ble de chargeur magn\u00e9tique<\/li>\n<li>N\u00e9cessite<a href=\"https:\/\/findpetgps.com\/fr\/des-plans\/\" target=\"_blank\" rel=\"noopener noreferrer\"> plan d&rsquo;abonnement<\/a> , \u00e0 partir de 2,99 \u20ac \/ mois<\/li>\n<\/ul>\n<p>&nbsp;<\/p>\n","protected":false},"excerpt":{"rendered":"<p>Localisateur GPS findPet GPS Max pour chiens, avec collier inclus. Localisation GPS et WiFi et suivi des activit\u00e9s avec une autonomie tr\u00e8s longue.<\/p>\n<p>N\u00e9cessite<a href=\"https:\/\/findpetgps.com\/fr\/des-plans\/\"> plan d&rsquo;abonnement<\/a><\/p>\n","protected":false},"featured_media":2126,"template":"","meta":[],"product_brand":[],"product_cat":[341,355],"product_tag":[],"class_list":{"0":"post-2638","1":"product","2":"type-product","3":"status-publish","4":"has-post-thumbnail","6":"product_cat-animaux-compagnie-gps","7":"product_cat-chiens-gps","9":"first","10":"outofstock","11":"sale","12":"taxable","13":"shipping-taxable","14":"purchasable","15":"product-type-simple"},"bundled_by":[],"bundle_stock_status":"outofstock","bundle_stock_quantity":0,"bundle_virtual":false,"bundle_layout":"","bundle_add_to_cart_form_location":"","bundle_editable_in_cart":false,"bundle_sold_individually_context":"","bundle_item_grouping":"","bundle_min_size":"","bundle_max_size":"","bundle_price":[],"bundled_items":[],"bundle_sell_ids":[],"yoast_head":"<!-- This site is optimized with the Yoast SEO plugin v27.1.1 - https:\/\/yoast.com\/product\/yoast-seo-wordpress\/ -->\n<title>findPet GPS Max pour chiens - findPetGPS<\/title>\n<meta name=\"description\" content=\"findPet GPS Tracker pour chiens[GPS Perro MAX 2021] . La localisation de votre chien en temps r\u00e9el et suivi d&#039;activit\u00e9 24h et batterie 10-15 jours...\" \/>\n<meta name=\"robots\" content=\"index, follow, max-snippet:-1, max-image-preview:large, max-video-preview:-1\" \/>\n<link rel=\"canonical\" href=\"https:\/\/findpetgps.com\/fr\/produit\/findpet-gps-max-chiens\/\" \/>\n<meta property=\"og:locale\" content=\"fr_FR\" \/>\n<meta property=\"og:type\" content=\"article\" \/>\n<meta property=\"og:title\" content=\"findPet GPS Max pour chiens - findPetGPS\" \/>\n<meta property=\"og:description\" content=\"findPet GPS Tracker pour chiens[GPS Perro MAX 2021] . La localisation de votre chien en temps r\u00e9el et suivi d&#039;activit\u00e9 24h et batterie 10-15 jours...\" \/>\n<meta property=\"og:url\" content=\"https:\/\/findpetgps.com\/fr\/produit\/findpet-gps-max-chiens\/\" \/>\n<meta property=\"og:site_name\" content=\"findPetGPS\" \/>\n<meta property=\"article:modified_time\" content=\"2023-01-14T23:46:03+00:00\" \/>\n<meta property=\"og:image\" content=\"https:\/\/findpetgps.com\/wp-content\/uploads\/2020\/10\/HTB1swG7X2fsK1RjSszbq6AqBXXao3.jpg\" \/>\n\t<meta property=\"og:image:width\" content=\"560\" \/>\n\t<meta property=\"og:image:height\" content=\"560\" \/>\n\t<meta property=\"og:image:type\" content=\"image\/jpeg\" \/>\n<meta name=\"twitter:card\" content=\"summary_large_image\" \/>\n<meta name=\"twitter:label1\" content=\"Dur\u00e9e de lecture estim\u00e9e\" \/>\n\t<meta name=\"twitter:data1\" content=\"1 minute\" \/>\n<script type=\"application\/ld+json\" class=\"yoast-schema-graph\">{\"@context\":\"https:\/\/schema.org\",\"@graph\":[{\"@type\":\"WebPage\",\"@id\":\"https:\/\/findpetgps.com\/fr\/produit\/findpet-gps-max-chiens\/\",\"url\":\"https:\/\/findpetgps.com\/fr\/produit\/findpet-gps-max-chiens\/\",\"name\":\"findPet GPS Max pour chiens - findPetGPS\",\"isPartOf\":{\"@id\":\"https:\/\/findpetgps.com\/fr\/#website\"},\"primaryImageOfPage\":{\"@id\":\"https:\/\/findpetgps.com\/fr\/produit\/findpet-gps-max-chiens\/#primaryimage\"},\"image\":{\"@id\":\"https:\/\/findpetgps.com\/fr\/produit\/findpet-gps-max-chiens\/#primaryimage\"},\"thumbnailUrl\":\"https:\/\/findpetgps.com\/wp-content\/uploads\/2020\/10\/HTB1swG7X2fsK1RjSszbq6AqBXXao3.jpg\",\"datePublished\":\"2020-10-15T22:31:12+00:00\",\"dateModified\":\"2023-01-14T23:46:03+00:00\",\"description\":\"findPet GPS Tracker pour chiens[GPS Perro MAX 2021] . La localisation de votre chien en temps r\u00e9el et suivi d'activit\u00e9 24h et batterie 10-15 jours...\",\"breadcrumb\":{\"@id\":\"https:\/\/findpetgps.com\/fr\/produit\/findpet-gps-max-chiens\/#breadcrumb\"},\"inLanguage\":\"fr-FR\",\"potentialAction\":[{\"@type\":\"ReadAction\",\"target\":[\"https:\/\/findpetgps.com\/fr\/produit\/findpet-gps-max-chiens\/\"]}]},{\"@type\":\"ImageObject\",\"inLanguage\":\"fr-FR\",\"@id\":\"https:\/\/findpetgps.com\/fr\/produit\/findpet-gps-max-chiens\/#primaryimage\",\"url\":\"https:\/\/findpetgps.com\/wp-content\/uploads\/2020\/10\/HTB1swG7X2fsK1RjSszbq6AqBXXao3.jpg\",\"contentUrl\":\"https:\/\/findpetgps.com\/wp-content\/uploads\/2020\/10\/HTB1swG7X2fsK1RjSszbq6AqBXXao3.jpg\",\"width\":560,\"height\":560,\"caption\":\"findpet max localisateur gps pour chiens\"},{\"@type\":\"BreadcrumbList\",\"@id\":\"https:\/\/findpetgps.com\/fr\/produit\/findpet-gps-max-chiens\/#breadcrumb\",\"itemListElement\":[{\"@type\":\"ListItem\",\"position\":1,\"name\":\"Portada\",\"item\":\"https:\/\/findpetgps.com\/fr\/\"},{\"@type\":\"ListItem\",\"position\":2,\"name\":\"boutique\",\"item\":\"https:\/\/findpetgps.com\/tienda\/\"},{\"@type\":\"ListItem\",\"position\":3,\"name\":\"findPet GPS Max pour chiens\"}]},{\"@type\":\"WebSite\",\"@id\":\"https:\/\/findpetgps.com\/fr\/#website\",\"url\":\"https:\/\/findpetgps.com\/fr\/\",\"name\":\"findPetGPS\",\"description\":\"Localisateurs GPS pour chiens et chats\",\"publisher\":{\"@id\":\"https:\/\/findpetgps.com\/fr\/#organization\"},\"potentialAction\":[{\"@type\":\"SearchAction\",\"target\":{\"@type\":\"EntryPoint\",\"urlTemplate\":\"https:\/\/findpetgps.com\/fr\/?s={search_term_string}\"},\"query-input\":{\"@type\":\"PropertyValueSpecification\",\"valueRequired\":true,\"valueName\":\"search_term_string\"}}],\"inLanguage\":\"fr-FR\"},{\"@type\":\"Organization\",\"@id\":\"https:\/\/findpetgps.com\/fr\/#organization\",\"name\":\"findPetGPS\",\"url\":\"https:\/\/findpetgps.com\/fr\/\",\"logo\":{\"@type\":\"ImageObject\",\"inLanguage\":\"fr-FR\",\"@id\":\"https:\/\/findpetgps.com\/fr\/#\/schema\/logo\/image\/\",\"url\":\"https:\/\/findpetgps.com\/wp-content\/uploads\/2020\/10\/Findpet-Logo-01-200.png\",\"contentUrl\":\"https:\/\/findpetgps.com\/wp-content\/uploads\/2020\/10\/Findpet-Logo-01-200.png\",\"width\":283,\"height\":200,\"caption\":\"findPetGPS\"},\"image\":{\"@id\":\"https:\/\/findpetgps.com\/fr\/#\/schema\/logo\/image\/\"}}]}<\/script>\n<!-- \/ Yoast SEO plugin. -->","yoast_head_json":{"title":"findPet GPS Max pour chiens - findPetGPS","description":"findPet GPS Tracker pour chiens[GPS Perro MAX 2021] . La localisation de votre chien en temps r\u00e9el et suivi d'activit\u00e9 24h et batterie 10-15 jours...","robots":{"index":"index","follow":"follow","max-snippet":"max-snippet:-1","max-image-preview":"max-image-preview:large","max-video-preview":"max-video-preview:-1"},"canonical":"https:\/\/findpetgps.com\/fr\/produit\/findpet-gps-max-chiens\/","og_locale":"fr_FR","og_type":"article","og_title":"findPet GPS Max pour chiens - findPetGPS","og_description":"findPet GPS Tracker pour chiens[GPS Perro MAX 2021] . La localisation de votre chien en temps r\u00e9el et suivi d'activit\u00e9 24h et batterie 10-15 jours...","og_url":"https:\/\/findpetgps.com\/fr\/produit\/findpet-gps-max-chiens\/","og_site_name":"findPetGPS","article_modified_time":"2023-01-14T23:46:03+00:00","og_image":[{"width":560,"height":560,"url":"https:\/\/findpetgps.com\/wp-content\/uploads\/2020\/10\/HTB1swG7X2fsK1RjSszbq6AqBXXao3.jpg","type":"image\/jpeg"}],"twitter_card":"summary_large_image","twitter_misc":{"Dur\u00e9e de lecture estim\u00e9e":"1 minute"},"schema":{"@context":"https:\/\/schema.org","@graph":[{"@type":"WebPage","@id":"https:\/\/findpetgps.com\/fr\/produit\/findpet-gps-max-chiens\/","url":"https:\/\/findpetgps.com\/fr\/produit\/findpet-gps-max-chiens\/","name":"findPet GPS Max pour chiens - findPetGPS","isPartOf":{"@id":"https:\/\/findpetgps.com\/fr\/#website"},"primaryImageOfPage":{"@id":"https:\/\/findpetgps.com\/fr\/produit\/findpet-gps-max-chiens\/#primaryimage"},"image":{"@id":"https:\/\/findpetgps.com\/fr\/produit\/findpet-gps-max-chiens\/#primaryimage"},"thumbnailUrl":"https:\/\/findpetgps.com\/wp-content\/uploads\/2020\/10\/HTB1swG7X2fsK1RjSszbq6AqBXXao3.jpg","datePublished":"2020-10-15T22:31:12+00:00","dateModified":"2023-01-14T23:46:03+00:00","description":"findPet GPS Tracker pour chiens[GPS Perro MAX 2021] . La localisation de votre chien en temps r\u00e9el et suivi d'activit\u00e9 24h et batterie 10-15 jours...","breadcrumb":{"@id":"https:\/\/findpetgps.com\/fr\/produit\/findpet-gps-max-chiens\/#breadcrumb"},"inLanguage":"fr-FR","potentialAction":[{"@type":"ReadAction","target":["https:\/\/findpetgps.com\/fr\/produit\/findpet-gps-max-chiens\/"]}]},{"@type":"ImageObject","inLanguage":"fr-FR","@id":"https:\/\/findpetgps.com\/fr\/produit\/findpet-gps-max-chiens\/#primaryimage","url":"https:\/\/findpetgps.com\/wp-content\/uploads\/2020\/10\/HTB1swG7X2fsK1RjSszbq6AqBXXao3.jpg","contentUrl":"https:\/\/findpetgps.com\/wp-content\/uploads\/2020\/10\/HTB1swG7X2fsK1RjSszbq6AqBXXao3.jpg","width":560,"height":560,"caption":"findpet max localisateur gps pour chiens"},{"@type":"BreadcrumbList","@id":"https:\/\/findpetgps.com\/fr\/produit\/findpet-gps-max-chiens\/#breadcrumb","itemListElement":[{"@type":"ListItem","position":1,"name":"Portada","item":"https:\/\/findpetgps.com\/fr\/"},{"@type":"ListItem","position":2,"name":"boutique","item":"https:\/\/findpetgps.com\/tienda\/"},{"@type":"ListItem","position":3,"name":"findPet GPS Max pour chiens"}]},{"@type":"WebSite","@id":"https:\/\/findpetgps.com\/fr\/#website","url":"https:\/\/findpetgps.com\/fr\/","name":"findPetGPS","description":"Localisateurs GPS pour chiens et chats","publisher":{"@id":"https:\/\/findpetgps.com\/fr\/#organization"},"potentialAction":[{"@type":"SearchAction","target":{"@type":"EntryPoint","urlTemplate":"https:\/\/findpetgps.com\/fr\/?s={search_term_string}"},"query-input":{"@type":"PropertyValueSpecification","valueRequired":true,"valueName":"search_term_string"}}],"inLanguage":"fr-FR"},{"@type":"Organization","@id":"https:\/\/findpetgps.com\/fr\/#organization","name":"findPetGPS","url":"https:\/\/findpetgps.com\/fr\/","logo":{"@type":"ImageObject","inLanguage":"fr-FR","@id":"https:\/\/findpetgps.com\/fr\/#\/schema\/logo\/image\/","url":"https:\/\/findpetgps.com\/wp-content\/uploads\/2020\/10\/Findpet-Logo-01-200.png","contentUrl":"https:\/\/findpetgps.com\/wp-content\/uploads\/2020\/10\/Findpet-Logo-01-200.png","width":283,"height":200,"caption":"findPetGPS"},"image":{"@id":"https:\/\/findpetgps.com\/fr\/#\/schema\/logo\/image\/"}}]}},"_links":{"self":[{"href":"https:\/\/findpetgps.com\/fr\/wp-json\/wp\/v2\/product\/2638","targetHints":{"allow":["GET"]}}],"collection":[{"href":"https:\/\/findpetgps.com\/fr\/wp-json\/wp\/v2\/product"}],"about":[{"href":"https:\/\/findpetgps.com\/fr\/wp-json\/wp\/v2\/types\/product"}],"wp:featuredmedia":[{"embeddable":true,"href":"https:\/\/findpetgps.com\/fr\/wp-json\/wp\/v2\/media\/2126"}],"wp:attachment":[{"href":"https:\/\/findpetgps.com\/fr\/wp-json\/wp\/v2\/media?parent=2638"}],"wp:term":[{"taxonomy":"product_brand","embeddable":true,"href":"https:\/\/findpetgps.com\/fr\/wp-json\/wp\/v2\/product_brand?post=2638"},{"taxonomy":"product_cat","embeddable":true,"href":"https:\/\/findpetgps.com\/fr\/wp-json\/wp\/v2\/product_cat?post=2638"},{"taxonomy":"product_tag","embeddable":true,"href":"https:\/\/findpetgps.com\/fr\/wp-json\/wp\/v2\/product_tag?post=2638"}],"curies":[{"name":"wp","href":"https:\/\/api.w.org\/{rel}","templated":true}]}}