{"id":5658,"date":"2022-03-16T19:07:41","date_gmt":"2022-03-16T18:07:41","guid":{"rendered":"https:\/\/findpetgps.com\/instrucciones\/"},"modified":"2022-03-19T12:08:38","modified_gmt":"2022-03-19T11:08:38","slug":"mode-emploi","status":"publish","type":"page","link":"https:\/\/findpetgps.com\/fr\/mode-emploi\/","title":{"rendered":"Mode d&#8217;emploi"},"content":{"rendered":"<h3>Mettre en place<\/h3>\n<p>Les \u00e9tapes \u00e0 suivre pour mettre l&rsquo;appareil en service sont les suivantes :<\/p>\n<p>1- Activation de l&rsquo;appareil. Le service de positionnement fourni n\u00e9cessite un abonnement actif. Vous pouvez acc\u00e9der aux diff\u00e9rentes options d&rsquo;abonnement <a href=\"https:\/\/findpetgps.com\/fr\/activation\/\" target=\"_blank\" rel=\"noopener\">ici.<\/a><\/p>\n<p>Au cours du processus d&rsquo;abonnement, il vous sera demand\u00e9 l&rsquo;IMEI de l&rsquo;appareil, qui se trouve g\u00e9n\u00e9ralement \u00e0 l&rsquo;arri\u00e8re de l&rsquo;appareil. De cette fa\u00e7on, nous nous assurons d&rsquo;activer votre appareil et pas un autre.<\/p>\n<p>Le processus d&rsquo;activation de l&rsquo;appareil sur les r\u00e9seaux mobiles de votre pays ne prend g\u00e9n\u00e9ralement pas plus de 20 \u00e0 30 minutes, mais dans certains cas, selon les r\u00e9seaux mobiles et le pays, cela peut prendre jusqu&rsquo;\u00e0 2 heures. Ne vous inqui\u00e9tez pas<\/p>\n<p>2.-T\u00e9l\u00e9chargez et installez l&rsquo; <a href=\"https:\/\/findpetgps.com\/download\/\" target=\"_blank\" rel=\"noopener\">application \u00ab\u00a0findPet\u00a0\u00bb<\/a> sur votre t\u00e9l\u00e9phone mobile Android ou iOS<\/p>\n<p>3.- Dans l&rsquo;application, apr\u00e8s avoir acc\u00e9d\u00e9 avec votre nom d&rsquo;utilisateur et votre mot de passe, cliquez sur \u00ab\u00a0Ajouter un appareil\u00a0\u00bb la premi\u00e8re fois que vous acc\u00e9dez, et entrez les donn\u00e9es demand\u00e9es, parmi lesquelles l&rsquo;IMEI est \u00e0 nouveau demand\u00e9. L&rsquo;application peut lire le code-barres pour vous faciliter la t\u00e2che.<\/p>\n<p>4.- Allumez l&rsquo;appareil. Appuyez sur le bouton central de l&rsquo;appareil pendant quelques secondes jusqu&rsquo;\u00e0 ce que la musique de mise sous tension se fasse entendre. Lorsqu&rsquo;il est allum\u00e9, un voyant bleu clignote lorsque le bouton est l\u00e9g\u00e8rement enfonc\u00e9.<\/p>\n<p>Le processus d&rsquo;activation se termine par l&rsquo;acquisition du premier signal GPS (satellite). Pour acc\u00e9l\u00e9rer le processus, il est pratique de placer l&rsquo;appareil \u00e0 l&rsquo;ext\u00e9rieur de tout b\u00e2timent. Jusqu&rsquo;\u00e0 ce que le premier emplacement soit obtenu, \u00ab\u00a0en attente du signal GPS\u00a0\u00bb s&rsquo;affichera sur l&rsquo;application.<\/p>\n<h3>utilisation normale<\/h3>\n<p><strong>Allumer l&rsquo;appareil &#8211;<\/strong> Appuyez quelques secondes sur le bouton central de l&rsquo;appareil jusqu&rsquo;\u00e0 entendre la musique de mise sous tension. Lorsqu&rsquo;il est allum\u00e9, un voyant bleu clignote lorsque le bouton est l\u00e9g\u00e8rement enfonc\u00e9.<\/p>\n<p>Assurez-vous que l&rsquo;appareil dispose d&rsquo;une batterie suffisante avant de le mettre sous tension. S&rsquo;il ne s&rsquo;allume pas, vous devrez peut-\u00eatre recharger la batterie.<\/p>\n<p>Arr\u00eat de l&rsquo; <strong>appareil<\/strong> &#8211; L&rsquo;arr\u00eat de l&rsquo;appareil peut \u00eatre effectu\u00e9 \u00e0 partir de l&rsquo;application, section de configuration (M4), bouton d&rsquo;arr\u00eat (C5)<\/p>\n<p><strong>Connaissez imm\u00e9diatement l&#8217;emplacement de l&rsquo;animal &#8211;<\/strong> Utilisez le bouton \u00ab\u00a0En direct\u00a0\u00bb (A1) sur la carte, \u00e0 la fois avec un clic normal (emplacement instantan\u00e9) et un clic long (En direct pendant 1 minute)<\/p>\n<p>Chargement de l&rsquo; <strong>appareil &#8211;<\/strong> la dur\u00e9e de vie de la batterie peut varier en fonction des conditions d&rsquo;utilisation, de l&rsquo;intervalle de temps, de la couverture du r\u00e9seau mobile, etc. Elle dure g\u00e9n\u00e9ralement entre 3 et 5 jours. Pour le charger, utilisez le c\u00e2ble fourni le reliant \u00e0 un chargeur avec un connecteur de type USB, et au port de charge GPS. La charge prend environ 2 heures. Une fois charg\u00e9, assurez-vous de fermer la porte en silicone pour \u00e9viter la salet\u00e9 et l&rsquo;eau.<\/p>\n<p><strong>Modifier l&rsquo;intervalle entre les emplacements<\/strong> &#8211; Acc\u00e9der au menu de configuration (M4), s\u00e9lecteur d&rsquo;intervalle de temps (C8). Veuillez noter que la s\u00e9lection affectera la dur\u00e9e de vie de la batterie du GPS<\/p>\n<p><strong>Configurer une cl\u00f4ture virtuelle<\/strong> &#8211; La configuration d&rsquo;une cl\u00f4ture virtuelle avec notifications n\u00e9cessite deux \u00e9tapes\u00a0:<\/p>\n<p>1- Mise en place de la cl\u00f4ture. Utilisez le bouton A2 du menu de la carte (M1) et suivez les \u00e9tapes indiqu\u00e9es. La cl\u00f4ture peut \u00eatre ronde ou polygonale.<\/p>\n<p>2- Etablissement des notifications. Si vous souhaitez \u00eatre averti par des notifications sur votre mobile lorsque votre animal entre ou sort de la zone marqu\u00e9e, assurez-vous que les notifications sont activ\u00e9es dans le menu de configuration (M4), menu d\u00e9roulant des notifications (C10). De plus, vous devez v\u00e9rifier que la tonalit\u00e9\/vibration associ\u00e9e aux notifications de l&rsquo;application \u00ab\u00a0findPet\u00a0\u00bb est configur\u00e9e sur votre t\u00e9l\u00e9phone mobile.<\/p>\n<h2>Fonctionnement de l&rsquo;application<\/h2>\n<h3><a href=\"https:\/\/findpetgps.com\/wp-content\/uploads\/2022\/03\/findPet-intructions-1.png\"><img fetchpriority=\"high\" decoding=\"async\" class=\"alignleft wp-image-5623\" src=\"https:\/\/findpetgps.com\/wp-content\/uploads\/2022\/03\/findPet-intructions-1-461x600.png\" alt=\"\" width=\"180\" height=\"390\" srcset=\"https:\/\/findpetgps.com\/wp-content\/uploads\/2022\/03\/findPet-intructions-1-138x300.png 138w, https:\/\/findpetgps.com\/wp-content\/uploads\/2022\/03\/findPet-intructions-1-160x347.png 160w, https:\/\/findpetgps.com\/wp-content\/uploads\/2022\/03\/findPet-intructions-1-220x477.png 220w, https:\/\/findpetgps.com\/wp-content\/uploads\/2022\/03\/findPet-intructions-1.png 461w\" sizes=\"(max-width: 180px) 100vw, 180px\" \/><\/a> Menu principal<\/h3>\n<p>Ces options appara\u00eetront dans toutes les sections<\/p>\n<p>M1 &#8211; carte<\/p>\n<p>M2 &#8211; activit\u00e9<\/p>\n<p>M3 &#8211; \u00e9v\u00e9nements<\/p>\n<p>M4-configuration<\/p>\n<p>M5 &#8211; infos<\/p>\n<h3><\/h3>\n<h3><\/h3>\n<h3 style=\"text-align: left;\">Menu &#8211; Carte (M1)<\/h3>\n<h4>Informations affich\u00e9es\u00a0:<\/h4>\n<p>I1 &#8211; affiche l&#8217;emplacement de l&rsquo;appareil sur la carte<\/p>\n<p>I2 &#8211; image ou photo et nom de l&rsquo;animal. Cliquez pour changer. Cercle vert ou rouge selon le statut en ligne ou hors ligne<\/p>\n<p>I3 &#8211; cliquez pour obtenir des informations plus d\u00e9taill\u00e9es sur l&rsquo;appareil\u00a0: statut de l&rsquo;abonnement, coordonn\u00e9es, satellites, etc. \u00e9tat de la batterie<\/p>\n<p>I4 &#8211; affiche l&rsquo;heure de la derni\u00e8re mise \u00e0 jour<\/p>\n<h4>Rapports:<\/h4>\n<p>Dans les rapports, apr\u00e8s avoir cliqu\u00e9, vous devez s\u00e9lectionner la date ou la plage de dates du rapport<\/p>\n<p>R1 &#8211; rapport en mode heatmap. Android uniquement<\/p>\n<p>R2 &#8211; rapport d&rsquo;itin\u00e9raire sur la carte<\/p>\n<p>R3 &#8211; rapport d&rsquo;itin\u00e9raire en mouvement, mode \u00ab\u00a0Play\u00a0\u00bb<\/p>\n<h4>Boutons d&rsquo;actions.<\/h4>\n<p>La carte prend en charge les commandes standard telles que le zoom au doigt, le d\u00e9filement, etc.<\/p>\n<p>A1 &#8211; CLIC NORMAL &#8211; Localisation instantan\u00e9e. Indique l&#8217;emplacement de l&rsquo;appareil (avec un d\u00e9lai d&rsquo;environ 10 secondes), tant qu&rsquo;il est en ligne<\/p>\n<p>A1 &#8211; CLIQUEZ 2 SECONDES. Mode \u00ab\u00a0LIVE\u00a0\u00bb pendant 1 minute. Emplacements toutes les 5 \u00e0 10 secondes. Apr\u00e8s ce temps, l&rsquo;appareil revient \u00e0 son intervalle entre les emplacements d\u00e9termin\u00e9s dans la section de configuration (M4, s\u00e9lecteur C8)<\/p>\n<p>A2 &#8211; ajouter et\/ou supprimer des cl\u00f4tures virtuelles<\/p>\n<p>A3 &#8211; ouvrez Google Maps pour \u00eatre guid\u00e9 vers l&#8217;emplacement de l&rsquo;appareil<\/p>\n<p>A4 &#8211; affiche (marche\/arr\u00eat) \u00e0 l&rsquo;\u00e9cran, dans le rep\u00e8re de position de l&rsquo;animal (I1), le nom de l&rsquo;animal<\/p>\n<p>A5 &#8211; affiche (on\/off) les cl\u00f4tures virtuelles de l&rsquo;animal sur la carte. S&rsquo;il n&rsquo;y a pas de cl\u00f4tures virtuelles d\u00e9finies, rien ne s&rsquo;affiche<\/p>\n<p>A6 &#8211; changer le mode de la carte. Basculer entre le mode satellite (par d\u00e9faut) et le mode \u00ab\u00a0Google Maps\u00a0\u00bb<\/p>\n<p>A7 &#8211; centrer la carte sur l&#8217;emplacement du t\u00e9l\u00e9phone portable<\/p>\n<p>A8 &#8211; centrez la carte sur l&#8217;emplacement de l&rsquo;appareil. S&rsquo;il y a plusieurs appareils, affichez-les tous<\/p>\n<h3>Menu &#8211; Activit\u00e9 (M2)<\/h3>\n<p><img decoding=\"async\" class=\"size-medium wp-image-5469 alignnone\" src=\"https:\/\/findpetgps.com\/wp-content\/uploads\/2022\/03\/findPet-6-138x300.jpeg\" alt=\"\" width=\"138\" height=\"300\" srcset=\"https:\/\/findpetgps.com\/wp-content\/uploads\/2022\/03\/findPet-6-138x300.jpeg 138w, https:\/\/findpetgps.com\/wp-content\/uploads\/2022\/03\/findPet-6-473x1024.jpeg 473w, https:\/\/findpetgps.com\/wp-content\/uploads\/2022\/03\/findPet-6-768x1664.jpeg 768w, https:\/\/findpetgps.com\/wp-content\/uploads\/2022\/03\/findPet-6-709x1536.jpeg 709w, https:\/\/findpetgps.com\/wp-content\/uploads\/2022\/03\/findPet-6-160x347.jpeg 160w, https:\/\/findpetgps.com\/wp-content\/uploads\/2022\/03\/findPet-6-220x477.jpeg 220w, https:\/\/findpetgps.com\/wp-content\/uploads\/2022\/03\/findPet-6-640x1387.jpeg 640w, https:\/\/findpetgps.com\/wp-content\/uploads\/2022\/03\/findPet-6-600x1300.jpeg 600w, https:\/\/findpetgps.com\/wp-content\/uploads\/2022\/03\/findPet-6.jpeg 945w\" sizes=\"(max-width: 138px) 100vw, 138px\" \/><\/p>\n<p>Cette section affiche l&rsquo;activit\u00e9 de l&rsquo;animal, mesur\u00e9e en distance, pas et temps d&rsquo;activit\u00e9.<\/p>\n<p>Vous pouvez faire d\u00e9filer les barres de temps et les cartes horizontalement pour s\u00e9lectionner d&rsquo;autres affichages<\/p>\n<h3>Menu &#8211; \u00c9v\u00e9nements (M3)<\/h3>\n<p><img decoding=\"async\" class=\"size-medium wp-image-5634 alignnone\" src=\"https:\/\/findpetgps.com\/wp-content\/uploads\/2022\/03\/findPet-5-138x300.jpeg\" alt=\"\" width=\"138\" height=\"300\" srcset=\"https:\/\/findpetgps.com\/wp-content\/uploads\/2022\/03\/findPet-5-138x300.jpeg 138w, https:\/\/findpetgps.com\/wp-content\/uploads\/2022\/03\/findPet-5-473x1024.jpeg 473w, https:\/\/findpetgps.com\/wp-content\/uploads\/2022\/03\/findPet-5-768x1664.jpeg 768w, https:\/\/findpetgps.com\/wp-content\/uploads\/2022\/03\/findPet-5-709x1536.jpeg 709w, https:\/\/findpetgps.com\/wp-content\/uploads\/2022\/03\/findPet-5-160x347.jpeg 160w, https:\/\/findpetgps.com\/wp-content\/uploads\/2022\/03\/findPet-5-220x477.jpeg 220w, https:\/\/findpetgps.com\/wp-content\/uploads\/2022\/03\/findPet-5-640x1387.jpeg 640w, https:\/\/findpetgps.com\/wp-content\/uploads\/2022\/03\/findPet-5-600x1300.jpeg 600w, https:\/\/findpetgps.com\/wp-content\/uploads\/2022\/03\/findPet-5.jpeg 945w\" sizes=\"(max-width: 138px) 100vw, 138px\" \/><\/p>\n<p>Dans la section des \u00e9v\u00e9nements, vous pouvez voir les \u00e9v\u00e9nements de l&rsquo;appareil des derniers jours. Si un \u00e9v\u00e9nement inclut une position, par exemple l&rsquo;entr\u00e9e ou la sortie d&rsquo;une cl\u00f4ture virtuelle, vous pouvez cliquer dessus pour l&rsquo;afficher sur la carte.<\/p>\n<h3>Menu &#8211; Param\u00e8tres (M4)<\/h3>\n<p><a href=\"https:\/\/findpetgps.com\/wp-content\/uploads\/2022\/03\/findPet-intructions-2.png\"><img loading=\"lazy\" decoding=\"async\" class=\"alignleft wp-image-5642\" src=\"https:\/\/findpetgps.com\/wp-content\/uploads\/2022\/03\/findPet-intructions-2.png\" alt=\"\" width=\"180\" height=\"390\" srcset=\"https:\/\/findpetgps.com\/wp-content\/uploads\/2022\/03\/findPet-intructions-2.png 461w, https:\/\/findpetgps.com\/wp-content\/uploads\/2022\/03\/findPet-intructions-2-138x300.png 138w, https:\/\/findpetgps.com\/wp-content\/uploads\/2022\/03\/findPet-intructions-2-160x347.png 160w, https:\/\/findpetgps.com\/wp-content\/uploads\/2022\/03\/findPet-intructions-2-220x477.png 220w\" sizes=\"(max-width: 180px) 100vw, 180px\" \/><\/a><\/p>\n<p>C1 &#8211; modifier les donn\u00e9es \/ modifier le mot de passe. Le changement de mot de passe se fait en envoyant un e-mail \u00e0 votre adresse e-mail pour prouver votre identit\u00e9, et affecte \u00e0 la fois l&rsquo;acc\u00e8s \u00e0 l&rsquo;application et l&rsquo;acc\u00e8s \u00e0 \u00ab\u00a0mon compte\u00a0\u00bb<\/p>\n<p>C2 &#8211; D\u00e9connexion de l&rsquo;application<\/p>\n<p>C3 &#8211; \u00ab\u00a0Mon compte\u00a0\u00bb. Acc\u00e8s direct \u00e0 la section web de \u00ab\u00a0mon compte\u00a0\u00bb, o\u00f9 vous pouvez voir l&rsquo;\u00e9tat complet de vos abonnements et commandes, les modifier, etc. Il n\u00e9cessite le m\u00eame nom d&rsquo;utilisateur et mot de passe que ceux utilis\u00e9s pour l&rsquo;application. Si vous ne vous en souvenez pas, vous pouvez r\u00e9initialiser votre mot de passe sur le bouton C1<\/p>\n<p>C4 &#8211; changer d&rsquo;image ou prendre une photo et le nom de l&rsquo;animal.<\/p>\n<p>C5 &#8211; Arr\u00eat de l&rsquo;appareil (tant qu&rsquo;il est en ligne). L&rsquo;allumage ne peut pas se faire depuis l&rsquo;App, il doit se faire depuis le bouton principal de l&rsquo;appareil<\/p>\n<p>C6 &#8211; R\u00e9initialisation de l&rsquo;appareil<\/p>\n<p>C7- Effacement de l&rsquo;appareil. ATTENTION, tout l&rsquo;historique de localisation de votre animal sera d\u00e9finitivement perdu.<\/p>\n<p>C8 &#8211; S\u00e9lection de l&rsquo;intervalle entre les emplacements. C&rsquo;est le temps qu&rsquo;il faut \u00e0 l&rsquo;appareil pour envoyer sa position normalement. Par d\u00e9faut, il est r\u00e9gl\u00e9 sur 5 minutes. Une p\u00e9riode plus courte signifie une meilleure pr\u00e9cision, mais la dur\u00e9e de vie de la batterie sera compromise.<\/p>\n<p>C9 &#8211; Fen\u00eatre pour ajouter un appareil. Il est obligatoire de le faire au d\u00e9marrage de l&rsquo;Application apr\u00e8s la souscription. Vous pouvez ajouter plusieurs appareils \u00e0 l&rsquo;application, chaque appareil a besoin de votre abonnement.<\/p>\n<p>C10 &#8211; S\u00e9lection des notifications qui seront envoy\u00e9es au t\u00e9l\u00e9phone.<\/p>\n<p>Appuyez sur pour afficher, et toutes les notifications possibles que vous pouvez recevoir sur votre t\u00e9l\u00e9phone portable appara\u00eetront\u00a0:<\/p>\n<ul>\n<li>Alarme. Alarme de batterie faible (recommand\u00e9)<\/li>\n<li>L&rsquo;appareil est entr\u00e9 dans une cl\u00f4ture virtuelle (recommand\u00e9)<\/li>\n<li>L&rsquo;appareil a quitt\u00e9 une cl\u00f4ture virtuelle (recommand\u00e9)<\/li>\n<li>appareil en ligne<\/li>\n<li>appareil hors ligne<\/li>\n<\/ul>\n<p>La tonalit\u00e9 et\/ou la vibration que vous recevrez d\u00e9pendront des param\u00e8tres g\u00e9n\u00e9raux de tonalit\u00e9\/vibration de votre t\u00e9l\u00e9phone mobile.<\/p>\n<h3>Menu &#8211; Infos (M5)<\/h3>\n<p><img loading=\"lazy\" decoding=\"async\" class=\"size-medium wp-image-5448 alignleft\" src=\"https:\/\/findpetgps.com\/wp-content\/uploads\/2022\/03\/findPet-8-138x300.jpeg\" alt=\"\" width=\"138\" height=\"300\" srcset=\"https:\/\/findpetgps.com\/wp-content\/uploads\/2022\/03\/findPet-8-138x300.jpeg 138w, https:\/\/findpetgps.com\/wp-content\/uploads\/2022\/03\/findPet-8-473x1024.jpeg 473w, https:\/\/findpetgps.com\/wp-content\/uploads\/2022\/03\/findPet-8-768x1664.jpeg 768w, https:\/\/findpetgps.com\/wp-content\/uploads\/2022\/03\/findPet-8-709x1536.jpeg 709w, https:\/\/findpetgps.com\/wp-content\/uploads\/2022\/03\/findPet-8-160x347.jpeg 160w, https:\/\/findpetgps.com\/wp-content\/uploads\/2022\/03\/findPet-8-220x477.jpeg 220w, https:\/\/findpetgps.com\/wp-content\/uploads\/2022\/03\/findPet-8-640x1387.jpeg 640w, https:\/\/findpetgps.com\/wp-content\/uploads\/2022\/03\/findPet-8-600x1300.jpeg 600w, https:\/\/findpetgps.com\/wp-content\/uploads\/2022\/03\/findPet-8.jpeg 945w\" sizes=\"(max-width: 138px) 100vw, 138px\" \/>Dans ce menu, vous pouvez v\u00e9rifier :<\/p>\n<ul>\n<li>Mode d&#8217;emploi<\/li>\n<li>Termes et conditions<\/li>\n<li>Politique de confidentialit\u00e9<\/li>\n<\/ul>\n<p>Vous pouvez \u00e9galement nous contacter par :<\/p>\n<ul>\n<li>formulaire web<\/li>\n<li>WhatsApp (messages texte et image uniquement)<\/li>\n<\/ul>\n","protected":false},"excerpt":{"rendered":"<p>Mettre en place Les \u00e9tapes \u00e0 suivre pour mettre l&rsquo;appareil en service sont les suivantes : 1- Activation de l&rsquo;appareil. Le service de positionnement fourni n\u00e9cessite un abonnement actif. Vous pouvez acc\u00e9der aux diff\u00e9rentes options d&rsquo;abonnement ici. Au cours du processus d&rsquo;abonnement, il vous sera demand\u00e9 l&rsquo;IMEI de l&rsquo;appareil, qui se trouve g\u00e9n\u00e9ralement \u00e0 l&rsquo;arri\u00e8re [&hellip;]<\/p>\n","protected":false},"author":1,"featured_media":0,"parent":0,"menu_order":0,"comment_status":"closed","ping_status":"closed","template":"elementor_header_footer","meta":{"footnotes":"","_elementor_edit_mode":"builder","_elementor_template_type":"wp-page","_elementor_data":"","_elementor_page_settings":null,"_elementor_conditions":[]},"class_list":["post-5658","page","type-page","status-publish","hentry"],"yoast_head":"<!-- This site is optimized with the Yoast SEO plugin v27.1.1 - https:\/\/yoast.com\/product\/yoast-seo-wordpress\/ -->\n<title>Mode d&#039;emploi - findPetGPS<\/title>\n<meta name=\"robots\" content=\"index, follow, max-snippet:-1, max-image-preview:large, max-video-preview:-1\" \/>\n<link rel=\"canonical\" href=\"https:\/\/findpetgps.com\/fr\/mode-emploi\/\" \/>\n<meta property=\"og:locale\" content=\"fr_FR\" \/>\n<meta property=\"og:type\" content=\"article\" \/>\n<meta property=\"og:title\" content=\"Mode d&#039;emploi - findPetGPS\" \/>\n<meta property=\"og:description\" content=\"Mettre en place Les \u00e9tapes \u00e0 suivre pour mettre l&rsquo;appareil en service sont les suivantes : 1- Activation de l&rsquo;appareil. Le service de positionnement fourni n\u00e9cessite un abonnement actif. Vous pouvez acc\u00e9der aux diff\u00e9rentes options d&rsquo;abonnement ici. Au cours du processus d&rsquo;abonnement, il vous sera demand\u00e9 l&rsquo;IMEI de l&rsquo;appareil, qui se trouve g\u00e9n\u00e9ralement \u00e0 l&rsquo;arri\u00e8re [&hellip;]\" \/>\n<meta property=\"og:url\" content=\"https:\/\/findpetgps.com\/fr\/mode-emploi\/\" \/>\n<meta property=\"og:site_name\" content=\"findPetGPS\" \/>\n<meta property=\"article:modified_time\" content=\"2022-03-19T11:08:38+00:00\" \/>\n<meta property=\"og:image\" content=\"https:\/\/findpetgps.com\/wp-content\/uploads\/2022\/03\/findPet-intructions-1-461x600.png\" \/>\n<meta name=\"twitter:card\" content=\"summary_large_image\" \/>\n<meta name=\"twitter:label1\" content=\"Dur\u00e9e de lecture estim\u00e9e\" \/>\n\t<meta name=\"twitter:data1\" content=\"7 minutes\" \/>\n<script type=\"application\/ld+json\" class=\"yoast-schema-graph\">{\"@context\":\"https:\/\/schema.org\",\"@graph\":[{\"@type\":\"WebPage\",\"@id\":\"https:\/\/findpetgps.com\/fr\/mode-emploi\/\",\"url\":\"https:\/\/findpetgps.com\/fr\/mode-emploi\/\",\"name\":\"Mode d'emploi - findPetGPS\",\"isPartOf\":{\"@id\":\"https:\/\/findpetgps.com\/fr\/#website\"},\"primaryImageOfPage\":{\"@id\":\"https:\/\/findpetgps.com\/fr\/mode-emploi\/#primaryimage\"},\"image\":{\"@id\":\"https:\/\/findpetgps.com\/fr\/mode-emploi\/#primaryimage\"},\"thumbnailUrl\":\"https:\/\/findpetgps.com\/wp-content\/uploads\/2022\/03\/findPet-intructions-1-461x600.png\",\"datePublished\":\"2022-03-16T18:07:41+00:00\",\"dateModified\":\"2022-03-19T11:08:38+00:00\",\"breadcrumb\":{\"@id\":\"https:\/\/findpetgps.com\/fr\/mode-emploi\/#breadcrumb\"},\"inLanguage\":\"fr-FR\",\"potentialAction\":[{\"@type\":\"ReadAction\",\"target\":[\"https:\/\/findpetgps.com\/fr\/mode-emploi\/\"]}]},{\"@type\":\"ImageObject\",\"inLanguage\":\"fr-FR\",\"@id\":\"https:\/\/findpetgps.com\/fr\/mode-emploi\/#primaryimage\",\"url\":\"https:\/\/findpetgps.com\/wp-content\/uploads\/2022\/03\/findPet-intructions-1-461x600.png\",\"contentUrl\":\"https:\/\/findpetgps.com\/wp-content\/uploads\/2022\/03\/findPet-intructions-1-461x600.png\"},{\"@type\":\"BreadcrumbList\",\"@id\":\"https:\/\/findpetgps.com\/fr\/mode-emploi\/#breadcrumb\",\"itemListElement\":[{\"@type\":\"ListItem\",\"position\":1,\"name\":\"Portada\",\"item\":\"https:\/\/findpetgps.com\/fr\/\"},{\"@type\":\"ListItem\",\"position\":2,\"name\":\"Mode d&#8217;emploi\"}]},{\"@type\":\"WebSite\",\"@id\":\"https:\/\/findpetgps.com\/fr\/#website\",\"url\":\"https:\/\/findpetgps.com\/fr\/\",\"name\":\"findPetGPS\",\"description\":\"Localisateurs GPS pour chiens et chats\",\"publisher\":{\"@id\":\"https:\/\/findpetgps.com\/fr\/#organization\"},\"potentialAction\":[{\"@type\":\"SearchAction\",\"target\":{\"@type\":\"EntryPoint\",\"urlTemplate\":\"https:\/\/findpetgps.com\/fr\/?s={search_term_string}\"},\"query-input\":{\"@type\":\"PropertyValueSpecification\",\"valueRequired\":true,\"valueName\":\"search_term_string\"}}],\"inLanguage\":\"fr-FR\"},{\"@type\":\"Organization\",\"@id\":\"https:\/\/findpetgps.com\/fr\/#organization\",\"name\":\"findPetGPS\",\"url\":\"https:\/\/findpetgps.com\/fr\/\",\"logo\":{\"@type\":\"ImageObject\",\"inLanguage\":\"fr-FR\",\"@id\":\"https:\/\/findpetgps.com\/fr\/#\/schema\/logo\/image\/\",\"url\":\"https:\/\/findpetgps.com\/wp-content\/uploads\/2020\/10\/Findpet-Logo-01-200.png\",\"contentUrl\":\"https:\/\/findpetgps.com\/wp-content\/uploads\/2020\/10\/Findpet-Logo-01-200.png\",\"width\":283,\"height\":200,\"caption\":\"findPetGPS\"},\"image\":{\"@id\":\"https:\/\/findpetgps.com\/fr\/#\/schema\/logo\/image\/\"}}]}<\/script>\n<!-- \/ Yoast SEO plugin. -->","yoast_head_json":{"title":"Mode d'emploi - findPetGPS","robots":{"index":"index","follow":"follow","max-snippet":"max-snippet:-1","max-image-preview":"max-image-preview:large","max-video-preview":"max-video-preview:-1"},"canonical":"https:\/\/findpetgps.com\/fr\/mode-emploi\/","og_locale":"fr_FR","og_type":"article","og_title":"Mode d'emploi - findPetGPS","og_description":"Mettre en place Les \u00e9tapes \u00e0 suivre pour mettre l&rsquo;appareil en service sont les suivantes : 1- Activation de l&rsquo;appareil. Le service de positionnement fourni n\u00e9cessite un abonnement actif. Vous pouvez acc\u00e9der aux diff\u00e9rentes options d&rsquo;abonnement ici. Au cours du processus d&rsquo;abonnement, il vous sera demand\u00e9 l&rsquo;IMEI de l&rsquo;appareil, qui se trouve g\u00e9n\u00e9ralement \u00e0 l&rsquo;arri\u00e8re [&hellip;]","og_url":"https:\/\/findpetgps.com\/fr\/mode-emploi\/","og_site_name":"findPetGPS","article_modified_time":"2022-03-19T11:08:38+00:00","og_image":[{"url":"https:\/\/findpetgps.com\/wp-content\/uploads\/2022\/03\/findPet-intructions-1-461x600.png","type":"","width":"","height":""}],"twitter_card":"summary_large_image","twitter_misc":{"Dur\u00e9e de lecture estim\u00e9e":"7 minutes"},"schema":{"@context":"https:\/\/schema.org","@graph":[{"@type":"WebPage","@id":"https:\/\/findpetgps.com\/fr\/mode-emploi\/","url":"https:\/\/findpetgps.com\/fr\/mode-emploi\/","name":"Mode d'emploi - findPetGPS","isPartOf":{"@id":"https:\/\/findpetgps.com\/fr\/#website"},"primaryImageOfPage":{"@id":"https:\/\/findpetgps.com\/fr\/mode-emploi\/#primaryimage"},"image":{"@id":"https:\/\/findpetgps.com\/fr\/mode-emploi\/#primaryimage"},"thumbnailUrl":"https:\/\/findpetgps.com\/wp-content\/uploads\/2022\/03\/findPet-intructions-1-461x600.png","datePublished":"2022-03-16T18:07:41+00:00","dateModified":"2022-03-19T11:08:38+00:00","breadcrumb":{"@id":"https:\/\/findpetgps.com\/fr\/mode-emploi\/#breadcrumb"},"inLanguage":"fr-FR","potentialAction":[{"@type":"ReadAction","target":["https:\/\/findpetgps.com\/fr\/mode-emploi\/"]}]},{"@type":"ImageObject","inLanguage":"fr-FR","@id":"https:\/\/findpetgps.com\/fr\/mode-emploi\/#primaryimage","url":"https:\/\/findpetgps.com\/wp-content\/uploads\/2022\/03\/findPet-intructions-1-461x600.png","contentUrl":"https:\/\/findpetgps.com\/wp-content\/uploads\/2022\/03\/findPet-intructions-1-461x600.png"},{"@type":"BreadcrumbList","@id":"https:\/\/findpetgps.com\/fr\/mode-emploi\/#breadcrumb","itemListElement":[{"@type":"ListItem","position":1,"name":"Portada","item":"https:\/\/findpetgps.com\/fr\/"},{"@type":"ListItem","position":2,"name":"Mode d&#8217;emploi"}]},{"@type":"WebSite","@id":"https:\/\/findpetgps.com\/fr\/#website","url":"https:\/\/findpetgps.com\/fr\/","name":"findPetGPS","description":"Localisateurs GPS pour chiens et chats","publisher":{"@id":"https:\/\/findpetgps.com\/fr\/#organization"},"potentialAction":[{"@type":"SearchAction","target":{"@type":"EntryPoint","urlTemplate":"https:\/\/findpetgps.com\/fr\/?s={search_term_string}"},"query-input":{"@type":"PropertyValueSpecification","valueRequired":true,"valueName":"search_term_string"}}],"inLanguage":"fr-FR"},{"@type":"Organization","@id":"https:\/\/findpetgps.com\/fr\/#organization","name":"findPetGPS","url":"https:\/\/findpetgps.com\/fr\/","logo":{"@type":"ImageObject","inLanguage":"fr-FR","@id":"https:\/\/findpetgps.com\/fr\/#\/schema\/logo\/image\/","url":"https:\/\/findpetgps.com\/wp-content\/uploads\/2020\/10\/Findpet-Logo-01-200.png","contentUrl":"https:\/\/findpetgps.com\/wp-content\/uploads\/2020\/10\/Findpet-Logo-01-200.png","width":283,"height":200,"caption":"findPetGPS"},"image":{"@id":"https:\/\/findpetgps.com\/fr\/#\/schema\/logo\/image\/"}}]}},"_links":{"self":[{"href":"https:\/\/findpetgps.com\/fr\/wp-json\/wp\/v2\/pages\/5658","targetHints":{"allow":["GET"]}}],"collection":[{"href":"https:\/\/findpetgps.com\/fr\/wp-json\/wp\/v2\/pages"}],"about":[{"href":"https:\/\/findpetgps.com\/fr\/wp-json\/wp\/v2\/types\/page"}],"author":[{"embeddable":true,"href":"https:\/\/findpetgps.com\/fr\/wp-json\/wp\/v2\/users\/1"}],"replies":[{"embeddable":true,"href":"https:\/\/findpetgps.com\/fr\/wp-json\/wp\/v2\/comments?post=5658"}],"version-history":[{"count":0,"href":"https:\/\/findpetgps.com\/fr\/wp-json\/wp\/v2\/pages\/5658\/revisions"}],"wp:attachment":[{"href":"https:\/\/findpetgps.com\/fr\/wp-json\/wp\/v2\/media?parent=5658"}],"curies":[{"name":"wp","href":"https:\/\/api.w.org\/{rel}","templated":true}]}}