{"id":2950,"date":"2020-10-16T19:54:14","date_gmt":"2020-10-16T17:54:14","guid":{"rendered":"https:\/\/findpetgps.com\/avis-juridique\/politique-de-confidentialite\/"},"modified":"2021-07-09T11:51:11","modified_gmt":"2021-07-09T09:51:11","slug":"politique-de-confidentialite","status":"publish","type":"page","link":"https:\/\/findpetgps.com\/fr\/avis-juridique\/politique-de-confidentialite\/","title":{"rendered":"Politique de confidentialit\u00e9"},"content":{"rendered":"\n<p>Consultez la politique de confidentialit\u00e9 concernant la boutique, les appareils et les services GPS findPet<\/p>\n\n<p><strong>  1. COLLECTE ET TRAITEMENT DES DONN\u00c9ES PERSONNELLES.<\/strong><\/p>\n\n<p>Qui est responsable du traitement de vos donn\u00e9es?<\/p>\n\n<p>Le propri\u00e9taire et le contr\u00f4leur du fichier automatis\u00e9 est findPet, propri\u00e9taire GPS Consulting, SL avec CIF B816677783 et si\u00e8ge social \u00e0 Boadilla del Monte (Madrid).<\/p>\n\n<p>Dans quel but traitons-nous vos donn\u00e9es personnelles?<\/p>\n\n<p>Chez findPetGPS.com, nous utilisons vos donn\u00e9es personnelles uniquement aux fins suivantes :<\/p>\n\n<p><strong>ACHAT \/ INSCRIPTION:<\/strong><\/p>\n\n<ul class=\"wp-block-list\"><li>G\u00e9rez vos commandes.<\/li><li>Garantir le bon fonctionnement de la boutique en ligne, pour laquelle nous r\u00e9pondrons \u00e0 toutes vos questions, vous guiderons \u00e0 travers les processus et nous pourrons vous contacter en cas de d\u00e9tection d&rsquo;une anomalie dans le processus d&rsquo;achat.<\/li><li>R\u00e9pondez aux doutes et demandes que vous pouvez nous envoyer.<\/li><li>Tenez-vous inform\u00e9 des offres et promotions.<\/li><li>Cr\u00e9ez un profil sur notre site Web en saisissant vos donn\u00e9es de base dans un formulaire afin que vous puissiez personnaliser vos achats et acc\u00e9der \u00e0 tous les produits et promotions de la boutique.<\/li><\/ul>\n\n<p><strong>CONTACT et ASSISTANCE:<\/strong><\/p>\n\n<ul class=\"wp-block-list\"><li>R\u00e9pondez aux doutes et aux demandes que vous pouvez nous envoyer et fournissez un service technique sur demande.<\/li><\/ul>\n\n<p><strong>BULLETIN:<\/strong><\/p>\n\n<ul class=\"wp-block-list\"><li>Envoyez des informations sur les nouvelles, les offres et les promotions.<\/li><\/ul>\n\n<p>Dans tous les cas, lorsque vous naviguez sur notre site Web, vous pouvez suivre vos actions pour nous aider \u00e0 l&rsquo;am\u00e9liorer, le rendre plus convivial et plus s\u00fbr, ainsi que pouvoir vous offrir un meilleur service et une meilleure exp\u00e9rience.<\/p>\n\n<p><strong>Quelle est la l\u00e9gitimit\u00e9 du traitement de vos donn\u00e9es?<\/strong><\/p>\n\n<p>La base juridique du traitement de vos donn\u00e9es est le consentement \u00e9clair\u00e9 pour r\u00e9pondre aux questions pos\u00e9es via le site Web, ce qui implique l&rsquo;acceptation de ces conditions par l&rsquo;int\u00e9ress\u00e9.<\/p>\n\n<p><strong>\u00c0 quels destinataires vos donn\u00e9es seront-elles communiqu\u00e9es?<\/strong><\/p>\n\n<p>Les donn\u00e9es personnelles ne seront pas fournies \u00e0 des tiers sauf obligation l\u00e9gale ou dans le cadre de la finalit\u00e9 d\u00e9crite ci-dessus, par exemple, aux administrations publiques ou \u00e0 d&rsquo;autres organismes, si n\u00e9cessaire pour se conformer aux obligations de l&rsquo;organisation.<\/p>\n\n<p><strong>Quels sont vos droits lorsque vous nous fournissez vos donn\u00e9es?<\/strong><\/p>\n\n<p>Vous avez le droit d&rsquo;obtenir la confirmation que FindPetGPS.com traite ou non les donn\u00e9es personnelles qui vous concernent. Vous avez \u00e9galement le droit d&rsquo;acc\u00e9der \u00e0 vos donn\u00e9es personnelles, ainsi que de demander la rectification de donn\u00e9es inexactes ou, le cas \u00e9ch\u00e9ant, de demander leur suppression lorsque, entre autres raisons, les donn\u00e9es ne sont plus n\u00e9cessaires aux fins pour lesquelles elles ont \u00e9t\u00e9 collect\u00e9es.<\/p>\n\n<p>Dans certaines circonstances, vous pouvez demander la limitation du traitement de vos donn\u00e9es, auquel cas nous ne les conserverons que pour l&rsquo;exercice ou la d\u00e9fense de r\u00e9clamations. Pour des raisons li\u00e9es \u00e0 votre situation particuli\u00e8re, vous pouvez \u00e9galement vous opposer au traitement de vos donn\u00e9es.<\/p>\n\n<p>FindPetgps.com cessera de traiter les donn\u00e9es, sauf pour des raisons l\u00e9gitimes imp\u00e9rieuses, ou pour l&rsquo;exercice ou la d\u00e9fense d&rsquo;\u00e9ventuelles r\u00e9clamations. N&rsquo;oubliez pas qu&rsquo;\u00e0 tout moment, vous pouvez d\u00e9poser une r\u00e9clamation aupr\u00e8s de l&rsquo;autorit\u00e9 de contr\u00f4le.<\/p>\n\n<p>Pour toute clarification ou demande d&rsquo;exercice de l&rsquo;un de ces droits, vous pouvez nous adresser une demande \u00e0<a href=\"mailto:info@findpetgps.com\"> info@findpetgps.com<\/a><\/p>\n\n<p><strong>Comment avons-nous obtenu vos donn\u00e9es?<\/strong><\/p>\n\n<p>Toutes les informations confidentielles envoy\u00e9es via notre site Web sont crypt\u00e9es et donc prot\u00e9g\u00e9es contre les tiers. L&rsquo;envoi de ces informations se fait via le protocole de s\u00e9curit\u00e9 SSL (Secure Socket Layer), qui crypte les informations que vous nous envoyez avant qu&rsquo;elles ne nous parviennent afin de les prot\u00e9ger des tiers. En aucun cas, les donn\u00e9es pouvant relier l&rsquo;identification du moyen de paiement \u00e0 l&rsquo;identit\u00e9 de son propri\u00e9taire ne sont stock\u00e9es.<\/p>\n\n<p>Les donn\u00e9es personnelles que nous traitons ont \u00e9t\u00e9 fournies directement par vous via les diff\u00e9rents formulaires disponibles sur le site, seules les donn\u00e9es d&rsquo;identification et de contact fournies seront trait\u00e9es.<\/p>\n\n<hr class=\"wp-block-separator\"\/>\n\n<p><strong>2. PASSERELLE DE PAIEMENT.<\/strong><\/p>\n\n<p>Tout paiement ou transaction \u00e9conomique effectu\u00e9 via le site Web qui oblige l&rsquo;utilisateur \u00e0 fournir ses coordonn\u00e9es de carte de cr\u00e9dit ou de d\u00e9bit sera effectu\u00e9 via un syst\u00e8me de passerelle de paiement g\u00e9r\u00e9 directement et exclusivement par Strime (entit\u00e9 avec laquelle FindPetgps. com a organis\u00e9 sa mise en \u0153uvre). Dans ce cas, ce sera la banque qui acc\u00e9dera et traitera lesdites donn\u00e9es dans le v\u00e9ritable but de payer les sommes dues. FindPetgps.com n&rsquo;aura aucun acc\u00e8s \u00e0 ces donn\u00e9es.<\/p>\n\n<p><strong>IMPORTANT<\/strong> : Les donn\u00e9es de la carte de cr\u00e9dit sont saisies directement sur le site s\u00e9curis\u00e9 de la banque, FindPetgps.com ne les transmet pas et ne les conserve pas sur ses serveurs.<\/p>\n\n<hr class=\"wp-block-separator\"\/>\n\n<p><strong>3. DROIT D&rsquo;ACC\u00c8S, D&rsquo;OPPOSITION, DE RECTIFICATION ET D&rsquo;ANNULATION.<\/strong><\/p>\n\n<p>L&rsquo;utilisateur qui saisit ses donn\u00e9es personnelles dans les formulaires de notre site Internet aura le plein droit d&rsquo;exercer ses droits d&rsquo;acc\u00e8s, d&rsquo;opposition, de rectification et d&rsquo;annulation \u00e0 tout moment en le demandant \u00e0<a href=\"mailto:info@findpetgps.com\"> info@findPetgps.com<\/a> , accompagnant toujours la demande de copie du NIF du titulaire des donn\u00e9es. Dans tous les cas, gps.com s&rsquo;engage \u00e0 annuler les donn\u00e9es personnelles collect\u00e9es lorsqu&rsquo;elles ne sont plus n\u00e9cessaires ou pertinentes aux fins pour lesquelles elles ont \u00e9t\u00e9 collect\u00e9es.<\/p>\n\n<hr class=\"wp-block-separator\"\/>\n\n<p><strong>4. MODIFICATION DU R\u00c8GLEMENT DE LA POLITIQUE DE CONFIDENTIALIT\u00c9.<\/strong><br\/>findPetgps.com peut modifier ou mettre \u00e0 jour la politique de confidentialit\u00e9 \u00e0 tout moment conform\u00e9ment aux modifications de la l\u00e9gislation et des r\u00e9glementations qui r\u00e9gissent cette question et prot\u00e8gent les droits de l&rsquo;utilisateur, et sera contraignante d\u00e8s leur publication dans la section du site Web. . Si l&rsquo;utilisateur n&rsquo;est pas d&rsquo;accord avec les modifications qui peuvent \u00eatre apport\u00e9es \u00e0 la politique de confidentialit\u00e9, nous lui recommandons d&rsquo;arr\u00eater d&rsquo;utiliser ce site Web.<\/p>\n","protected":false},"excerpt":{"rendered":"<p>Consultez la politique de confidentialit\u00e9 concernant la boutique, les appareils et les services GPS findPet 1. COLLECTE ET TRAITEMENT DES DONN\u00c9ES PERSONNELLES. Qui est responsable du traitement de vos donn\u00e9es? Le propri\u00e9taire et le contr\u00f4leur du fichier automatis\u00e9 est findPet, propri\u00e9taire GPS Consulting, SL avec CIF B816677783 et si\u00e8ge social \u00e0 Boadilla del Monte (Madrid). [&hellip;]<\/p>\n","protected":false},"author":1,"featured_media":0,"parent":2780,"menu_order":26,"comment_status":"closed","ping_status":"closed","template":"","meta":{"footnotes":"","_elementor_edit_mode":"","_elementor_template_type":"","_elementor_data":"","_elementor_page_settings":null,"_elementor_conditions":[]},"class_list":["post-2950","page","type-page","status-publish","hentry"],"yoast_head":"<!-- This site is optimized with the Yoast SEO plugin v27.1.1 - https:\/\/yoast.com\/product\/yoast-seo-wordpress\/ -->\n<title>Politique de confidentialit\u00e9 - findPetGPS<\/title>\n<meta name=\"robots\" content=\"index, follow, max-snippet:-1, max-image-preview:large, max-video-preview:-1\" \/>\n<link rel=\"canonical\" href=\"https:\/\/findpetgps.com\/fr\/avis-juridique\/politique-de-confidentialite\/\" \/>\n<meta property=\"og:locale\" content=\"fr_FR\" \/>\n<meta property=\"og:type\" content=\"article\" \/>\n<meta property=\"og:title\" content=\"Politique de confidentialit\u00e9 - findPetGPS\" \/>\n<meta property=\"og:description\" content=\"Consultez la politique de confidentialit\u00e9 concernant la boutique, les appareils et les services GPS findPet 1. COLLECTE ET TRAITEMENT DES DONN\u00c9ES PERSONNELLES. Qui est responsable du traitement de vos donn\u00e9es? Le propri\u00e9taire et le contr\u00f4leur du fichier automatis\u00e9 est findPet, propri\u00e9taire GPS Consulting, SL avec CIF B816677783 et si\u00e8ge social \u00e0 Boadilla del Monte (Madrid). [&hellip;]\" \/>\n<meta property=\"og:url\" content=\"https:\/\/findpetgps.com\/fr\/avis-juridique\/politique-de-confidentialite\/\" \/>\n<meta property=\"og:site_name\" content=\"findPetGPS\" \/>\n<meta property=\"article:modified_time\" content=\"2021-07-09T09:51:11+00:00\" \/>\n<meta name=\"twitter:card\" content=\"summary_large_image\" \/>\n<meta name=\"twitter:label1\" content=\"Dur\u00e9e de lecture estim\u00e9e\" \/>\n\t<meta name=\"twitter:data1\" content=\"5 minutes\" \/>\n<script type=\"application\/ld+json\" class=\"yoast-schema-graph\">{\"@context\":\"https:\/\/schema.org\",\"@graph\":[{\"@type\":\"WebPage\",\"@id\":\"https:\/\/findpetgps.com\/fr\/avis-juridique\/politique-de-confidentialite\/\",\"url\":\"https:\/\/findpetgps.com\/fr\/avis-juridique\/politique-de-confidentialite\/\",\"name\":\"Politique de confidentialit\u00e9 - findPetGPS\",\"isPartOf\":{\"@id\":\"https:\/\/findpetgps.com\/fr\/#website\"},\"datePublished\":\"2020-10-16T17:54:14+00:00\",\"dateModified\":\"2021-07-09T09:51:11+00:00\",\"breadcrumb\":{\"@id\":\"https:\/\/findpetgps.com\/fr\/avis-juridique\/politique-de-confidentialite\/#breadcrumb\"},\"inLanguage\":\"fr-FR\",\"potentialAction\":[{\"@type\":\"ReadAction\",\"target\":[\"https:\/\/findpetgps.com\/fr\/avis-juridique\/politique-de-confidentialite\/\"]}]},{\"@type\":\"BreadcrumbList\",\"@id\":\"https:\/\/findpetgps.com\/fr\/avis-juridique\/politique-de-confidentialite\/#breadcrumb\",\"itemListElement\":[{\"@type\":\"ListItem\",\"position\":1,\"name\":\"Portada\",\"item\":\"https:\/\/findpetgps.com\/fr\/\"},{\"@type\":\"ListItem\",\"position\":2,\"name\":\"Avis juridique\",\"item\":\"https:\/\/findpetgps.com\/fr\/aviso-legal\/\"},{\"@type\":\"ListItem\",\"position\":3,\"name\":\"Politique de confidentialit\u00e9\"}]},{\"@type\":\"WebSite\",\"@id\":\"https:\/\/findpetgps.com\/fr\/#website\",\"url\":\"https:\/\/findpetgps.com\/fr\/\",\"name\":\"findPetGPS\",\"description\":\"Localisateurs GPS pour chiens et chats\",\"publisher\":{\"@id\":\"https:\/\/findpetgps.com\/fr\/#organization\"},\"potentialAction\":[{\"@type\":\"SearchAction\",\"target\":{\"@type\":\"EntryPoint\",\"urlTemplate\":\"https:\/\/findpetgps.com\/fr\/?s={search_term_string}\"},\"query-input\":{\"@type\":\"PropertyValueSpecification\",\"valueRequired\":true,\"valueName\":\"search_term_string\"}}],\"inLanguage\":\"fr-FR\"},{\"@type\":\"Organization\",\"@id\":\"https:\/\/findpetgps.com\/fr\/#organization\",\"name\":\"findPetGPS\",\"url\":\"https:\/\/findpetgps.com\/fr\/\",\"logo\":{\"@type\":\"ImageObject\",\"inLanguage\":\"fr-FR\",\"@id\":\"https:\/\/findpetgps.com\/fr\/#\/schema\/logo\/image\/\",\"url\":\"https:\/\/findpetgps.com\/wp-content\/uploads\/2020\/10\/Findpet-Logo-01-200.png\",\"contentUrl\":\"https:\/\/findpetgps.com\/wp-content\/uploads\/2020\/10\/Findpet-Logo-01-200.png\",\"width\":283,\"height\":200,\"caption\":\"findPetGPS\"},\"image\":{\"@id\":\"https:\/\/findpetgps.com\/fr\/#\/schema\/logo\/image\/\"}}]}<\/script>\n<!-- \/ Yoast SEO plugin. -->","yoast_head_json":{"title":"Politique de confidentialit\u00e9 - findPetGPS","robots":{"index":"index","follow":"follow","max-snippet":"max-snippet:-1","max-image-preview":"max-image-preview:large","max-video-preview":"max-video-preview:-1"},"canonical":"https:\/\/findpetgps.com\/fr\/avis-juridique\/politique-de-confidentialite\/","og_locale":"fr_FR","og_type":"article","og_title":"Politique de confidentialit\u00e9 - findPetGPS","og_description":"Consultez la politique de confidentialit\u00e9 concernant la boutique, les appareils et les services GPS findPet 1. COLLECTE ET TRAITEMENT DES DONN\u00c9ES PERSONNELLES. Qui est responsable du traitement de vos donn\u00e9es? Le propri\u00e9taire et le contr\u00f4leur du fichier automatis\u00e9 est findPet, propri\u00e9taire GPS Consulting, SL avec CIF B816677783 et si\u00e8ge social \u00e0 Boadilla del Monte (Madrid). [&hellip;]","og_url":"https:\/\/findpetgps.com\/fr\/avis-juridique\/politique-de-confidentialite\/","og_site_name":"findPetGPS","article_modified_time":"2021-07-09T09:51:11+00:00","twitter_card":"summary_large_image","twitter_misc":{"Dur\u00e9e de lecture estim\u00e9e":"5 minutes"},"schema":{"@context":"https:\/\/schema.org","@graph":[{"@type":"WebPage","@id":"https:\/\/findpetgps.com\/fr\/avis-juridique\/politique-de-confidentialite\/","url":"https:\/\/findpetgps.com\/fr\/avis-juridique\/politique-de-confidentialite\/","name":"Politique de confidentialit\u00e9 - findPetGPS","isPartOf":{"@id":"https:\/\/findpetgps.com\/fr\/#website"},"datePublished":"2020-10-16T17:54:14+00:00","dateModified":"2021-07-09T09:51:11+00:00","breadcrumb":{"@id":"https:\/\/findpetgps.com\/fr\/avis-juridique\/politique-de-confidentialite\/#breadcrumb"},"inLanguage":"fr-FR","potentialAction":[{"@type":"ReadAction","target":["https:\/\/findpetgps.com\/fr\/avis-juridique\/politique-de-confidentialite\/"]}]},{"@type":"BreadcrumbList","@id":"https:\/\/findpetgps.com\/fr\/avis-juridique\/politique-de-confidentialite\/#breadcrumb","itemListElement":[{"@type":"ListItem","position":1,"name":"Portada","item":"https:\/\/findpetgps.com\/fr\/"},{"@type":"ListItem","position":2,"name":"Avis juridique","item":"https:\/\/findpetgps.com\/fr\/aviso-legal\/"},{"@type":"ListItem","position":3,"name":"Politique de confidentialit\u00e9"}]},{"@type":"WebSite","@id":"https:\/\/findpetgps.com\/fr\/#website","url":"https:\/\/findpetgps.com\/fr\/","name":"findPetGPS","description":"Localisateurs GPS pour chiens et chats","publisher":{"@id":"https:\/\/findpetgps.com\/fr\/#organization"},"potentialAction":[{"@type":"SearchAction","target":{"@type":"EntryPoint","urlTemplate":"https:\/\/findpetgps.com\/fr\/?s={search_term_string}"},"query-input":{"@type":"PropertyValueSpecification","valueRequired":true,"valueName":"search_term_string"}}],"inLanguage":"fr-FR"},{"@type":"Organization","@id":"https:\/\/findpetgps.com\/fr\/#organization","name":"findPetGPS","url":"https:\/\/findpetgps.com\/fr\/","logo":{"@type":"ImageObject","inLanguage":"fr-FR","@id":"https:\/\/findpetgps.com\/fr\/#\/schema\/logo\/image\/","url":"https:\/\/findpetgps.com\/wp-content\/uploads\/2020\/10\/Findpet-Logo-01-200.png","contentUrl":"https:\/\/findpetgps.com\/wp-content\/uploads\/2020\/10\/Findpet-Logo-01-200.png","width":283,"height":200,"caption":"findPetGPS"},"image":{"@id":"https:\/\/findpetgps.com\/fr\/#\/schema\/logo\/image\/"}}]}},"_links":{"self":[{"href":"https:\/\/findpetgps.com\/fr\/wp-json\/wp\/v2\/pages\/2950","targetHints":{"allow":["GET"]}}],"collection":[{"href":"https:\/\/findpetgps.com\/fr\/wp-json\/wp\/v2\/pages"}],"about":[{"href":"https:\/\/findpetgps.com\/fr\/wp-json\/wp\/v2\/types\/page"}],"author":[{"embeddable":true,"href":"https:\/\/findpetgps.com\/fr\/wp-json\/wp\/v2\/users\/1"}],"replies":[{"embeddable":true,"href":"https:\/\/findpetgps.com\/fr\/wp-json\/wp\/v2\/comments?post=2950"}],"version-history":[{"count":0,"href":"https:\/\/findpetgps.com\/fr\/wp-json\/wp\/v2\/pages\/2950\/revisions"}],"up":[{"embeddable":true,"href":"https:\/\/findpetgps.com\/fr\/wp-json\/wp\/v2\/pages\/2780"}],"wp:attachment":[{"href":"https:\/\/findpetgps.com\/fr\/wp-json\/wp\/v2\/media?parent=2950"}],"curies":[{"name":"wp","href":"https:\/\/api.w.org\/{rel}","templated":true}]}}