{"id":2780,"date":"2020-10-16T20:04:52","date_gmt":"2020-10-16T18:04:52","guid":{"rendered":"https:\/\/findpetgps.com\/avis-juridique\/"},"modified":"2021-07-09T11:45:15","modified_gmt":"2021-07-09T09:45:15","slug":"avis-juridique","status":"publish","type":"page","link":"https:\/\/findpetgps.com\/fr\/avis-juridique\/","title":{"rendered":"Avis juridique"},"content":{"rendered":"\n<h6 class=\"wp-block-heading\" id=\"h-1-condiciones-de-uso\">1. Conditions d&rsquo;utilisation.<\/h6>\n\n<p>Les conditions mentionn\u00e9es ici s&rsquo;appliquent \u00e0 toutes les transactions effectu\u00e9es sur le site Web www.findpetgps.com, g\u00e9r\u00e9 par GPS Consulting SL, VATID ESB16677783.<\/p>\n\n<p>findpetgps fournit un service \u00e0 ses clients avec ce site Web. Veuillez consulter les conditions g\u00e9n\u00e9rales de vente qui r\u00e9gissent notre site Web. L&rsquo;utilisation par le client de findpetgps.com constitue un accord avec les conditions g\u00e9n\u00e9rales et conditions de vente suivantes. Si vous n&rsquo;acceptez pas ces conditions, veuillez ne pas utiliser le site Web.<\/p>\n\n<p>findpetgps peut modifier ou mettre \u00e0 jour tout ou partie des pr\u00e9sentes conditions g\u00e9n\u00e9rales de vente et des conditions g\u00e9n\u00e9rales, en tenant compte d&rsquo;\u00e9ventuelles modifications de la l\u00e9gislation et de la r\u00e9glementation en vigueur. Les nouvelles conditions de vente entreront en vigueur \u00e0 la date de leur publication sur le site findpetgps.com. Nous recommandons que ces termes et conditions soient revus fr\u00e9quemment. Si vous n&rsquo;\u00eates pas d&rsquo;accord avec les modifications apport\u00e9es, veuillez ne pas utiliser le site Web.<\/p>\n\n<h6 class=\"wp-block-heading\" id=\"h-2-contenido-de-la-p-gina-web\">2. Contenu du site Web.<\/h6>\n\n<p>findpetgps essaie toujours de s&rsquo;assurer que son contenu est examin\u00e9 et ne contient pas d&rsquo;informations incorrectes. En cas d&rsquo;erreur de ce type ind\u00e9pendante de notre volont\u00e9, nous proc\u00e9derons \u00e0 sa correction imm\u00e9diatement.<\/p>\n\n<p>Nous nous r\u00e9servons le droit de corriger toute erreur, omission ou inexactitude, ainsi que de modifier ou de mettre \u00e0 jour les informations \u00e0 tout moment sans pr\u00e9avis. Nous nous r\u00e9servons le droit de modifier l&rsquo;offre commerciale de notre site Internet lorsque nous le jugeons opportun. Ces modifications n&rsquo;affecteront en aucun cas les achats d\u00e9j\u00e0 effectu\u00e9s.<\/p>\n\n<p><a href=\"https:\/\/findpetgps.com\/fr\/\">findpetgps.com<\/a> Il ne peut \u00eatre tenu responsable de toute utilisation du Web ou de son contenu par chacun des utilisateurs qui ne respecterait pas la l\u00e9gislation et la r\u00e9glementation en vigueur. L&rsquo;utilisateur est seul et exclusivement responsable de la communication d&rsquo;informations et de donn\u00e9es incorrectes, fausses ou connexes \u00e0 des tiers (dans le cas o\u00f9 ils n&rsquo;ont pas exprim\u00e9 leur consentement \u00e0 cet \u00e9gard), ainsi que de leur utilisation incorrecte.<\/p>\n\n<p>findpetgps s&rsquo;est efforc\u00e9 d&rsquo;afficher le plus fid\u00e8lement possible les couleurs des produits qui apparaissent sur le Web. Dans tous les cas, les couleurs que l&rsquo;utilisateur verra d\u00e9pendront \u00e9galement du moniteur qu&rsquo;il utilise, par cons\u00e9quent findpetgps ne peut pas garantir l&rsquo;exactitude de la couleur que ledit moniteur affiche.<\/p>\n\n<h6 class=\"wp-block-heading\" id=\"h-3-derechos-de-propiedad-intelectual\">3. Droits de propri\u00e9t\u00e9 intellectuelle.<\/h6>\n\n<p>L&rsquo;utilisateur reconna\u00eet et admet que tous les droits d&rsquo;auteur, conceptions, photographies, y compris les droits d&rsquo;image, graphiques, sons, musique, vid\u00e9o, audio, texte, marques d\u00e9pos\u00e9es et tout autre contenu et droits intellectuels et mat\u00e9riels En ce qui concerne le contenu d\u00e9crit ici, ils sont prot\u00e9g\u00e9s par le droit d&rsquo;auteur et autres droits de propri\u00e9t\u00e9 intellectuelle de findpetgps et des autres titulaires de droits.<\/p>\n\n<p>Ce site Web est destin\u00e9 \u00e0 un usage personnel et non commercial de l&rsquo;utilisateur. Il est interdit de copier, modifier, distribuer, transmettre, publier ou exploiter commercialement tout contenu, produit ou service sur ce site Web.<\/p>\n\n<h6 class=\"wp-block-heading\" id=\"h-4-comentarios-de-usuarios\">4. Commentaires des utilisateurs.<\/h6>\n\n<p>Tous les commentaires, id\u00e9es, opinions, critiques, etc. propos\u00e9 \u00e0 findpetgps.com doit rester la propri\u00e9t\u00e9 de la soci\u00e9t\u00e9. L&rsquo;utilisation de findpetgps de tels commentaires, opinions et autres ne doit en aucun cas \u00eatre limit\u00e9e \u00e0 des fins commerciales ou autres.<\/p>\n\n<p>L&rsquo;utilisateur s&rsquo;engage \u00e0 ne pas faire de commentaires susceptibles de violer les droits de tiers. L&rsquo;utilisateur s&rsquo;engage \u00e9galement \u00e0 ne pas \u00e9mettre de commentaires pouvant contenir des connotations obsc\u00e8nes, ill\u00e9gales ou abusives. L&rsquo;utilisateur sera seul responsable du contenu des commentaires \u00e9mis.<\/p>\n\n<h6 class=\"wp-block-heading\" id=\"h-5-enlaces-con-otros-sitios-web\">5. Liens vers d&rsquo;autres sites Web.<\/h6>\n\n<p>findpetgps peut inclure des liens ou des liens sur le Web vers des sites Web tiers. findpetgps n&rsquo;examine pas tous les sites Web tiers ni n&rsquo;effectue de contr\u00f4le sur ceux-ci, par cons\u00e9quent findpetgps ne peut en aucun cas \u00eatre tenu responsable du contenu de ces sites Web ou des mesures qu&rsquo;ils adoptent en ce qui concerne la confidentialit\u00e9 ou le traitement de la donn\u00e9es personnelles de l&rsquo;utilisateur.<\/p>\n\n<h6 class=\"wp-block-heading\" id=\"h-6-enlaces-con-findpetgps-com\">6. Liens vers findpetgps.com.<\/h6>\n\n<p>Si vous souhaitez activer un lien vers findpetgps.com, veuillez contacter findpetgps via l&rsquo;adresse e-mail : info@findpetgps.com<\/p>\n\n<h6 class=\"wp-block-heading\" id=\"h-7-legislaci-n-aplicable-y-jurisdicci-n-competente\">7. L\u00e9gislation applicable et juridiction comp\u00e9tente.<\/h6>\n\n<p>Les achats effectu\u00e9s sur findpetgps.com sont soumis \u00e0 la l\u00e9gislation espagnole. Les parties se soumettent, \u00e0 leur choix, pour la r\u00e9solution des conflits et renoncement \u00e0 toute autre juridiction, aux cours et tribunaux du domicile de l&rsquo;utilisateur.<\/p>\n\n<h6 class=\"wp-block-heading\" id=\"h-8-uso-de-cookies\">8. Utilisation des cookies.<\/h6>\n\n<p>Ce site web utilise des cookies. Si vous le souhaitez, vous pouvez refuser le traitement de donn\u00e9es ou d&rsquo;informations en refusant l&rsquo;utilisation de cookies via la configuration appropri\u00e9e de votre navigateur Internet, mais vous devez garder \u00e0 l&rsquo;esprit que, si vous le faites, vous ne pourrez peut-\u00eatre pas utiliser tous la fonctionnalit\u00e9 de ce site Web.<\/p>\n","protected":false},"excerpt":{"rendered":"<p>1. Conditions d&rsquo;utilisation. Les conditions mentionn\u00e9es ici s&rsquo;appliquent \u00e0 toutes les transactions effectu\u00e9es sur le site Web www.findpetgps.com, g\u00e9r\u00e9 par GPS Consulting SL, VATID ESB16677783. findpetgps fournit un service \u00e0 ses clients avec ce site Web. Veuillez consulter les conditions g\u00e9n\u00e9rales de vente qui r\u00e9gissent notre site Web. L&rsquo;utilisation par le client de findpetgps.com constitue [&hellip;]<\/p>\n","protected":false},"author":1,"featured_media":0,"parent":0,"menu_order":23,"comment_status":"closed","ping_status":"closed","template":"","meta":{"footnotes":"","_elementor_edit_mode":"","_elementor_template_type":"","_elementor_data":"","_elementor_page_settings":null,"_elementor_conditions":[]},"class_list":["post-2780","page","type-page","status-publish","hentry"],"yoast_head":"<!-- This site is optimized with the Yoast SEO plugin v27.1.1 - https:\/\/yoast.com\/product\/yoast-seo-wordpress\/ -->\n<title>Avis juridique - findPetGPS<\/title>\n<meta name=\"robots\" content=\"index, follow, max-snippet:-1, max-image-preview:large, max-video-preview:-1\" \/>\n<link rel=\"canonical\" href=\"https:\/\/findpetgps.com\/fr\/avis-juridique\/\" \/>\n<meta property=\"og:locale\" content=\"fr_FR\" \/>\n<meta property=\"og:type\" content=\"article\" \/>\n<meta property=\"og:title\" content=\"Avis juridique - findPetGPS\" \/>\n<meta property=\"og:description\" content=\"1. Conditions d&rsquo;utilisation. Les conditions mentionn\u00e9es ici s&rsquo;appliquent \u00e0 toutes les transactions effectu\u00e9es sur le site Web www.findpetgps.com, g\u00e9r\u00e9 par GPS Consulting SL, VATID ESB16677783. findpetgps fournit un service \u00e0 ses clients avec ce site Web. Veuillez consulter les conditions g\u00e9n\u00e9rales de vente qui r\u00e9gissent notre site Web. L&rsquo;utilisation par le client de findpetgps.com constitue [&hellip;]\" \/>\n<meta property=\"og:url\" content=\"https:\/\/findpetgps.com\/fr\/avis-juridique\/\" \/>\n<meta property=\"og:site_name\" content=\"findPetGPS\" \/>\n<meta property=\"article:modified_time\" content=\"2021-07-09T09:45:15+00:00\" \/>\n<meta name=\"twitter:card\" content=\"summary_large_image\" \/>\n<meta name=\"twitter:label1\" content=\"Dur\u00e9e de lecture estim\u00e9e\" \/>\n\t<meta name=\"twitter:data1\" content=\"4 minutes\" \/>\n<script type=\"application\/ld+json\" class=\"yoast-schema-graph\">{\"@context\":\"https:\/\/schema.org\",\"@graph\":[{\"@type\":\"WebPage\",\"@id\":\"https:\/\/findpetgps.com\/fr\/avis-juridique\/\",\"url\":\"https:\/\/findpetgps.com\/fr\/avis-juridique\/\",\"name\":\"Avis juridique - findPetGPS\",\"isPartOf\":{\"@id\":\"https:\/\/findpetgps.com\/fr\/#website\"},\"datePublished\":\"2020-10-16T18:04:52+00:00\",\"dateModified\":\"2021-07-09T09:45:15+00:00\",\"breadcrumb\":{\"@id\":\"https:\/\/findpetgps.com\/fr\/avis-juridique\/#breadcrumb\"},\"inLanguage\":\"fr-FR\",\"potentialAction\":[{\"@type\":\"ReadAction\",\"target\":[\"https:\/\/findpetgps.com\/fr\/avis-juridique\/\"]}]},{\"@type\":\"BreadcrumbList\",\"@id\":\"https:\/\/findpetgps.com\/fr\/avis-juridique\/#breadcrumb\",\"itemListElement\":[{\"@type\":\"ListItem\",\"position\":1,\"name\":\"Portada\",\"item\":\"https:\/\/findpetgps.com\/fr\/\"},{\"@type\":\"ListItem\",\"position\":2,\"name\":\"Avis juridique\"}]},{\"@type\":\"WebSite\",\"@id\":\"https:\/\/findpetgps.com\/fr\/#website\",\"url\":\"https:\/\/findpetgps.com\/fr\/\",\"name\":\"findPetGPS\",\"description\":\"Localisateurs GPS pour chiens et chats\",\"publisher\":{\"@id\":\"https:\/\/findpetgps.com\/fr\/#organization\"},\"potentialAction\":[{\"@type\":\"SearchAction\",\"target\":{\"@type\":\"EntryPoint\",\"urlTemplate\":\"https:\/\/findpetgps.com\/fr\/?s={search_term_string}\"},\"query-input\":{\"@type\":\"PropertyValueSpecification\",\"valueRequired\":true,\"valueName\":\"search_term_string\"}}],\"inLanguage\":\"fr-FR\"},{\"@type\":\"Organization\",\"@id\":\"https:\/\/findpetgps.com\/fr\/#organization\",\"name\":\"findPetGPS\",\"url\":\"https:\/\/findpetgps.com\/fr\/\",\"logo\":{\"@type\":\"ImageObject\",\"inLanguage\":\"fr-FR\",\"@id\":\"https:\/\/findpetgps.com\/fr\/#\/schema\/logo\/image\/\",\"url\":\"https:\/\/findpetgps.com\/wp-content\/uploads\/2020\/10\/Findpet-Logo-01-200.png\",\"contentUrl\":\"https:\/\/findpetgps.com\/wp-content\/uploads\/2020\/10\/Findpet-Logo-01-200.png\",\"width\":283,\"height\":200,\"caption\":\"findPetGPS\"},\"image\":{\"@id\":\"https:\/\/findpetgps.com\/fr\/#\/schema\/logo\/image\/\"}}]}<\/script>\n<!-- \/ Yoast SEO plugin. -->","yoast_head_json":{"title":"Avis juridique - findPetGPS","robots":{"index":"index","follow":"follow","max-snippet":"max-snippet:-1","max-image-preview":"max-image-preview:large","max-video-preview":"max-video-preview:-1"},"canonical":"https:\/\/findpetgps.com\/fr\/avis-juridique\/","og_locale":"fr_FR","og_type":"article","og_title":"Avis juridique - findPetGPS","og_description":"1. Conditions d&rsquo;utilisation. Les conditions mentionn\u00e9es ici s&rsquo;appliquent \u00e0 toutes les transactions effectu\u00e9es sur le site Web www.findpetgps.com, g\u00e9r\u00e9 par GPS Consulting SL, VATID ESB16677783. findpetgps fournit un service \u00e0 ses clients avec ce site Web. Veuillez consulter les conditions g\u00e9n\u00e9rales de vente qui r\u00e9gissent notre site Web. L&rsquo;utilisation par le client de findpetgps.com constitue [&hellip;]","og_url":"https:\/\/findpetgps.com\/fr\/avis-juridique\/","og_site_name":"findPetGPS","article_modified_time":"2021-07-09T09:45:15+00:00","twitter_card":"summary_large_image","twitter_misc":{"Dur\u00e9e de lecture estim\u00e9e":"4 minutes"},"schema":{"@context":"https:\/\/schema.org","@graph":[{"@type":"WebPage","@id":"https:\/\/findpetgps.com\/fr\/avis-juridique\/","url":"https:\/\/findpetgps.com\/fr\/avis-juridique\/","name":"Avis juridique - findPetGPS","isPartOf":{"@id":"https:\/\/findpetgps.com\/fr\/#website"},"datePublished":"2020-10-16T18:04:52+00:00","dateModified":"2021-07-09T09:45:15+00:00","breadcrumb":{"@id":"https:\/\/findpetgps.com\/fr\/avis-juridique\/#breadcrumb"},"inLanguage":"fr-FR","potentialAction":[{"@type":"ReadAction","target":["https:\/\/findpetgps.com\/fr\/avis-juridique\/"]}]},{"@type":"BreadcrumbList","@id":"https:\/\/findpetgps.com\/fr\/avis-juridique\/#breadcrumb","itemListElement":[{"@type":"ListItem","position":1,"name":"Portada","item":"https:\/\/findpetgps.com\/fr\/"},{"@type":"ListItem","position":2,"name":"Avis juridique"}]},{"@type":"WebSite","@id":"https:\/\/findpetgps.com\/fr\/#website","url":"https:\/\/findpetgps.com\/fr\/","name":"findPetGPS","description":"Localisateurs GPS pour chiens et chats","publisher":{"@id":"https:\/\/findpetgps.com\/fr\/#organization"},"potentialAction":[{"@type":"SearchAction","target":{"@type":"EntryPoint","urlTemplate":"https:\/\/findpetgps.com\/fr\/?s={search_term_string}"},"query-input":{"@type":"PropertyValueSpecification","valueRequired":true,"valueName":"search_term_string"}}],"inLanguage":"fr-FR"},{"@type":"Organization","@id":"https:\/\/findpetgps.com\/fr\/#organization","name":"findPetGPS","url":"https:\/\/findpetgps.com\/fr\/","logo":{"@type":"ImageObject","inLanguage":"fr-FR","@id":"https:\/\/findpetgps.com\/fr\/#\/schema\/logo\/image\/","url":"https:\/\/findpetgps.com\/wp-content\/uploads\/2020\/10\/Findpet-Logo-01-200.png","contentUrl":"https:\/\/findpetgps.com\/wp-content\/uploads\/2020\/10\/Findpet-Logo-01-200.png","width":283,"height":200,"caption":"findPetGPS"},"image":{"@id":"https:\/\/findpetgps.com\/fr\/#\/schema\/logo\/image\/"}}]}},"_links":{"self":[{"href":"https:\/\/findpetgps.com\/fr\/wp-json\/wp\/v2\/pages\/2780","targetHints":{"allow":["GET"]}}],"collection":[{"href":"https:\/\/findpetgps.com\/fr\/wp-json\/wp\/v2\/pages"}],"about":[{"href":"https:\/\/findpetgps.com\/fr\/wp-json\/wp\/v2\/types\/page"}],"author":[{"embeddable":true,"href":"https:\/\/findpetgps.com\/fr\/wp-json\/wp\/v2\/users\/1"}],"replies":[{"embeddable":true,"href":"https:\/\/findpetgps.com\/fr\/wp-json\/wp\/v2\/comments?post=2780"}],"version-history":[{"count":0,"href":"https:\/\/findpetgps.com\/fr\/wp-json\/wp\/v2\/pages\/2780\/revisions"}],"wp:attachment":[{"href":"https:\/\/findpetgps.com\/fr\/wp-json\/wp\/v2\/media?parent=2780"}],"curies":[{"name":"wp","href":"https:\/\/api.w.org\/{rel}","templated":true}]}}