{"id":2768,"date":"2020-10-16T19:41:41","date_gmt":"2020-10-16T17:41:41","guid":{"rendered":"https:\/\/findpetgps.com\/termes-et-conditions\/"},"modified":"2021-07-09T11:52:23","modified_gmt":"2021-07-09T09:52:23","slug":"termes-et-conditions","status":"publish","type":"page","link":"https:\/\/findpetgps.com\/fr\/avis-juridique\/termes-et-conditions\/","title":{"rendered":"Termes et conditions"},"content":{"rendered":"\n<h4 class=\"wp-block-heading\" id=\"h-t-rminos-de-compra-de-findpet-gps\"><strong>Conditions d&rsquo;achat du GPS FindPet<\/strong><\/h4>\n\n<h5 class=\"wp-block-heading\" id=\"h-1-pedido\"><strong>1. COMMANDE<\/strong><\/h5>\n\n<p>Toute commande de produits de localisation d&rsquo;animaux FindPet peut \u00eatre effectu\u00e9e en ligne via notre site Web www.FindPetGPS.com.<\/p>\n\n<p>Une fois le processus d&rsquo;achat termin\u00e9, vous recevrez un e-mail de confirmation avec le num\u00e9ro de r\u00e9f\u00e9rence qui identifie votre commande et le r\u00e9capitulatif d&rsquo;achat. Veuillez l&rsquo;examiner et le conserver comme re\u00e7u de ce que vous achetez pour une communication future.<\/p>\n\n<hr class=\"wp-block-separator\"\/>\n\n<h5 class=\"wp-block-heading\" id=\"h-2-precio\"><strong>2. PRIX<\/strong><\/h5>\n\n<p>Tous nos prix sont indiqu\u00e9s en euros, et incluent la TVA pour la vente au sein de l&rsquo;Union Europ\u00e9enne. Le seul co\u00fbt suppl\u00e9mentaire applicable est l&rsquo;exp\u00e9dition. Pour les envois sp\u00e9ciaux, nous nous r\u00e9servons le droit de facturer, avec votre acceptation, les frais de transport r\u00e9els.<\/p>\n\n<hr class=\"wp-block-separator\"\/>\n\n<h5 class=\"wp-block-heading\" id=\"h-3-pago\"><strong>3. PAIEMENT<\/strong><\/h5>\n\n<p>Les commandes seront exp\u00e9di\u00e9es apr\u00e8s r\u00e9ception et identification du paiement.<\/p>\n\n<ul class=\"wp-block-list\"><li>Carte de cr\u00e9dit. Passerelle 100% s\u00fbre.<\/li><li>Pay Pal.<\/li><\/ul>\n\n<hr class=\"wp-block-separator\"\/>\n\n<h5 class=\"wp-block-heading\" id=\"h-4-pol-tica-de-env-o\"><strong>4. POLITIQUE D&rsquo;EXP\u00c9DITION<\/strong><\/h5>\n\n<p>FindPet GPS effectue ses livraisons en Europe.<\/p>\n\n<p>En Espagne p\u00e9ninsulaire et aux \u00eeles Bal\u00e9ares, nous livrons par courrier express ou par courrier.<\/p>\n\n<ul class=\"wp-block-list\"><li>Le d\u00e9lai de livraison est de 1 \u00e0 7 jours ouvrables. Respect de 24 \u00e0 48 heures dans la plupart des envois vers la p\u00e9ninsule et les \u00eeles Bal\u00e9ares, sauf pour des p\u00e9riodes sp\u00e9cifiques.<\/li><li>En cas de rupture de stock, nous vous contacterons pour r\u00e9soudre l&rsquo;incident et vous informer des diff\u00e9rentes solutions.<\/li><\/ul>\n\n<p>Aux \u00eeles Canaries, Ceuta et Melilla, nous effectuons des livraisons par la poste.<\/p>\n\n<h6 class=\"wp-block-heading\" id=\"h-todos-los-gastos-de-env-o-son-gratis\"><em><strong>TOUS LES FRAIS D&rsquo;EXP\u00c9DITION SONT GRATUITS *<\/strong><\/em><\/h6>\n\n<h6 class=\"wp-block-heading\" id=\"h-pen-nsula-y-baleares\"><em><strong>* (P\u00c9NINSULE ET \u00ceLES BAL\u00c9ARES)<\/strong><\/em><\/h6>\n\n<p>Pour les \u00eeles Canaries, Ceuta, Melilla et d&rsquo;autres pays, les frais de port sont de 5 \u20ac. Dans tous les cas, ils seront indiqu\u00e9s lors du processus d&rsquo;achat.<\/p>\n\n<h6 class=\"wp-block-heading\" id=\"h-direcciones-incorrectas\">ADRESSES INCORRECTES:<\/h6>\n\n<p>Veuillez v\u00e9rifier que votre adresse de livraison est la plus compl\u00e8te et exacte possible, le num\u00e9ro de t\u00e9l\u00e9phone et l&rsquo;adresse e-mail sont corrects.<\/p>\n\n<p><em>Ne laissez pas plus de 7 jours \u00e0 compter de notre notification d&rsquo;exp\u00e9dition par e-mail sans r\u00e9clamer la commande. Assurez-vous que l&rsquo;e-mail que vous avez fourni est correct afin que vous puissiez recevoir la notification d&rsquo;exp\u00e9dition sans probl\u00e8me.<\/em><\/p>\n\n<p><em>En confirmant ces CONDITIONS D&rsquo;ACHAT, le client s&rsquo;engage \u00e0 payer un deuxi\u00e8me affranchissement en cas de retour d&rsquo;adresses incompl\u00e8tes, non compl\u00e9t\u00e9es par les m\u00eames et pour des envois non r\u00e9clam\u00e9s \u00e0 temps.<\/em><\/p>\n\n<p><em>FindPet ne peut \u00eatre tenu responsable<\/em> GPS<em> .com si vous ne pouvez pas exp\u00e9dier la commande demand\u00e9e en raison de circonstances ind\u00e9pendantes de votre volont\u00e9, y compris les RETARDS de nos fournisseurs, les incendies, les inondations, les gr\u00e8ves, les probl\u00e8mes \u00e9lectriques, etc.<\/em><\/p>\n\n<hr class=\"wp-block-separator\"\/>\n\n<h5 class=\"wp-block-heading\" id=\"h-5-devoluciones\"><strong>5. RETOURS<\/strong><\/h5>\n\n<p>Si \u00e0 r\u00e9ception de votre commande vous n&rsquo;\u00eates pas satisfait, vous pouvez exercer votre droit de r\u00e9tractation contenu dans la loi g\u00e9n\u00e9rale pour la d\u00e9fense des consommateurs et des utilisateurs demandant son retour dans un d\u00e9lai de <strong>20 jours calendaires<\/strong> \u00e0 compter de la date de r\u00e9ception de la commande, en utilisant l&#8217;emballage d&rsquo;origine dans lequel vous avez re\u00e7u votre commande. Les produits \u00e0 retourner doivent \u00eatre en parfait \u00e9tat, sans que leur utilisation soit limit\u00e9e. Une fois qu&rsquo;il aura \u00e9t\u00e9 v\u00e9rifi\u00e9 que ces conditions sont remplies, le montant total du ou des produits concern\u00e9s sera rembours\u00e9. Le consommateur doit payer les frais d&rsquo;exp\u00e9dition pour le retour de la marchandise.<\/p>\n\n<p>Dans le cas o\u00f9 le retour est possible, le prix d&rsquo;achat sera retourn\u00e9 en totalit\u00e9 selon le mode de paiement effectu\u00e9. Le paiement sera effectu\u00e9 d\u00e8s que nous aurons re\u00e7u le produit \u00e0 retourner et nous avons confirm\u00e9 qu&rsquo;il r\u00e9pond \u00e0 nos exigences minimales. Les acheteurs ne seront responsables que des frais de port qui leur sont appliqu\u00e9s lors du retour des produits.<\/p>\n\n<p>La r\u00e9clamation pour envoi erron\u00e9 doit \u00eatre effectu\u00e9e dans un d\u00e9lai maximum de 48 \u00e0 72h \u00e0 compter de la r\u00e9ception du colis.<\/p>\n\n<p>Les services d&rsquo;abonnement ne sont pas remboursables, \u00e0 l&rsquo;exception de votre premier abonnement, que vous pouvez retirer dans le d\u00e9lai l\u00e9gal de 15 jours. La partie proportionnelle des jours d&rsquo;abonnement consomm\u00e9s depuis le d\u00e9but jusqu&rsquo;\u00e0 la r\u00e9ception de votre avis de r\u00e9tractation sera d\u00e9duite du montant \u00e0 rembourser. Le renouvellement des abonnements n&rsquo;est pas sujet \u00e0 retrait.<\/p>\n\n<p>Pour effectuer un retour ou une communication de r\u00e9tractation, vous pouvez utiliser le mod\u00e8le de formulaire de r\u00e9tractation qui figure ci-dessous :<a href=\"https:\/\/findpetgps.com\/wp-content\/uploads\/FORMULARIO-DE-DESISTIMIENTO.pdf\"> formulaire de r\u00e9tractation<\/a><\/p>\n\n<p>Ce formulaire doit \u00eatre joint, d\u00fbment rempli et sign\u00e9, avec le produit retourn\u00e9.<\/p>\n\n<hr class=\"wp-block-separator\"\/>\n\n<h5 class=\"wp-block-heading\" id=\"h-6-garant-a\"><strong>6. GARANTIE<\/strong><\/h5>\n\n<p>FindPetgps.com offre une garantie de deux ans qui commence \u00e0 partir du moment o\u00f9 le produit est livr\u00e9 au client. La facture est la garantie, veuillez la conserver. Cette garantie couvre les d\u00e9fauts de fabrication et de mat\u00e9riaux qui peuvent appara\u00eetre lorsque les produits ont \u00e9t\u00e9 utilis\u00e9s conform\u00e9ment aux instructions d&rsquo;utilisation. La garantie ne couvre pas les dommages au produit r\u00e9sultant d&rsquo;une mauvaise utilisation, d&rsquo;un manque de soin ou de modifications.<\/p>\n\n<p>Si un d\u00e9faut appara\u00eet et que FindPet re\u00e7oit une demande d&rsquo;activation de garantie au cours de la p\u00e9riode de garantie concern\u00e9e, FindPet d\u00e9cidera, conform\u00e9ment \u00e0 la loi, de trois options, r\u00e9paration du produit (1), \u00e9change contre un nouveau produit (2), remboursement (3). Tout produit de remplacement sera garanti pour le reste de la garantie d&rsquo;origine ou pour une p\u00e9riode de trente (30) jours (selon la p\u00e9riode la plus longue), ou pour toute p\u00e9riode suppl\u00e9mentaire requise par la loi applicable.<\/p>\n\n<p>Pour faire une demande d&rsquo;assistance technique, vous pouvez utiliser le mod\u00e8le du formulaire d&rsquo;assistance technique d&rsquo;activation de la garantie qui appara\u00eet ci-dessous. <a href=\"https:\/\/findpetgps.com\/wp-content\/uploads\/ASISTENCIA-2020GPS.pdf\" target=\"_blank\" rel=\"noreferrer noopener\">T\u00e9l\u00e9chargez le formulaire pour le service technique. <\/a><\/p>\n\n<p>Ce formulaire d&rsquo;autorisation d&rsquo;activation de la garantie doit \u00eatre joint au produit pour assistance, n&rsquo;oubliez pas d&rsquo;indiquer votre num\u00e9ro de commande.<\/p>\n\n<h6 class=\"wp-block-heading\" id=\"h-limitaciones\">Limites:<\/h6>\n\n<p>Cette garantie limit\u00e9e du produit s&rsquo;applique uniquement \u00e0 l&rsquo;acheteur original du produit qui a \u00e9t\u00e9 achet\u00e9 sur FindPetgps.com ou un revendeur agr\u00e9\u00e9 et fabriqu\u00e9 par ou pour FindPet. Cette garantie ne s&rsquo;applique pas \u00e0 un produit ou \u00e0 des pi\u00e8ces d&rsquo;un produit qui ont \u00e9t\u00e9 r\u00e9par\u00e9s, alt\u00e9r\u00e9s, restaur\u00e9s ou modifi\u00e9s par une personne non autoris\u00e9e par FindPet, ni \u00e0 des dommages esth\u00e9tiques tels que des rayures, des coups et des bosses. De plus, cette garantie limit\u00e9e du produit ne s&rsquo;applique pas aux dommages ou d\u00e9fauts caus\u00e9s par (a) utilisation avec des produits autres que FindPet; (b) accident, abus, mauvaise utilisation, mauvaise manipulation, inondation, incendie, tremblement de terre ou autres causes externes; (c) l&rsquo;usure normale ou le vieillissement du produit tel que la d\u00e9coloration ou l&rsquo;allongement; ou (d) utilisation du Produit en dehors des utilisations pour lesquelles il est pr\u00e9vu, sans \u00eatre conforme aux instructions fournies par FindPet GPS, ou avec une tension ou une alimentation \u00e9lectrique inappropri\u00e9e.<\/p>\n\n<p>Aucun revendeur, distributeur, agent ou employ\u00e9 de FindPet GPS n&rsquo;est autoris\u00e9 \u00e0 apporter des modifications, des extensions ou des ajouts \u00e0 cette garantie limit\u00e9e du produit. Si un terme de ce document est consid\u00e9r\u00e9 comme ill\u00e9gal ou inapplicable, la l\u00e9galit\u00e9 ou l&rsquo;applicabilit\u00e9 du reste des conditions ne sera pas affect\u00e9e ou l\u00e9s\u00e9e.<\/p>\n","protected":false},"excerpt":{"rendered":"<p>Conditions d&rsquo;achat du GPS FindPet 1. COMMANDE Toute commande de produits de localisation d&rsquo;animaux FindPet peut \u00eatre effectu\u00e9e en ligne via notre site Web www.FindPetGPS.com. Une fois le processus d&rsquo;achat termin\u00e9, vous recevrez un e-mail de confirmation avec le num\u00e9ro de r\u00e9f\u00e9rence qui identifie votre commande et le r\u00e9capitulatif d&rsquo;achat. Veuillez l&rsquo;examiner et le conserver [&hellip;]<\/p>\n","protected":false},"author":1,"featured_media":0,"parent":2780,"menu_order":24,"comment_status":"closed","ping_status":"closed","template":"","meta":{"footnotes":"","_elementor_edit_mode":"","_elementor_template_type":"","_elementor_data":"","_elementor_page_settings":null,"_elementor_conditions":[]},"class_list":["post-2768","page","type-page","status-publish","hentry"],"yoast_head":"<!-- This site is optimized with the Yoast SEO plugin v27.1.1 - https:\/\/yoast.com\/product\/yoast-seo-wordpress\/ -->\n<title>Termes et conditions - findPetGPS<\/title>\n<meta name=\"robots\" content=\"index, follow, max-snippet:-1, max-image-preview:large, max-video-preview:-1\" \/>\n<link rel=\"canonical\" href=\"https:\/\/findpetgps.com\/fr\/avis-juridique\/termes-et-conditions\/\" \/>\n<meta property=\"og:locale\" content=\"fr_FR\" \/>\n<meta property=\"og:type\" content=\"article\" \/>\n<meta property=\"og:title\" content=\"Termes et conditions - findPetGPS\" \/>\n<meta property=\"og:description\" content=\"Conditions d&rsquo;achat du GPS FindPet 1. COMMANDE Toute commande de produits de localisation d&rsquo;animaux FindPet peut \u00eatre effectu\u00e9e en ligne via notre site Web www.FindPetGPS.com. Une fois le processus d&rsquo;achat termin\u00e9, vous recevrez un e-mail de confirmation avec le num\u00e9ro de r\u00e9f\u00e9rence qui identifie votre commande et le r\u00e9capitulatif d&rsquo;achat. Veuillez l&rsquo;examiner et le conserver [&hellip;]\" \/>\n<meta property=\"og:url\" content=\"https:\/\/findpetgps.com\/fr\/avis-juridique\/termes-et-conditions\/\" \/>\n<meta property=\"og:site_name\" content=\"findPetGPS\" \/>\n<meta property=\"article:modified_time\" content=\"2021-07-09T09:52:23+00:00\" \/>\n<meta name=\"twitter:card\" content=\"summary_large_image\" \/>\n<meta name=\"twitter:label1\" content=\"Dur\u00e9e de lecture estim\u00e9e\" \/>\n\t<meta name=\"twitter:data1\" content=\"6 minutes\" \/>\n<script type=\"application\/ld+json\" class=\"yoast-schema-graph\">{\"@context\":\"https:\/\/schema.org\",\"@graph\":[{\"@type\":\"WebPage\",\"@id\":\"https:\/\/findpetgps.com\/fr\/avis-juridique\/termes-et-conditions\/\",\"url\":\"https:\/\/findpetgps.com\/fr\/avis-juridique\/termes-et-conditions\/\",\"name\":\"Termes et conditions - findPetGPS\",\"isPartOf\":{\"@id\":\"https:\/\/findpetgps.com\/fr\/#website\"},\"datePublished\":\"2020-10-16T17:41:41+00:00\",\"dateModified\":\"2021-07-09T09:52:23+00:00\",\"breadcrumb\":{\"@id\":\"https:\/\/findpetgps.com\/fr\/avis-juridique\/termes-et-conditions\/#breadcrumb\"},\"inLanguage\":\"fr-FR\",\"potentialAction\":[{\"@type\":\"ReadAction\",\"target\":[\"https:\/\/findpetgps.com\/fr\/avis-juridique\/termes-et-conditions\/\"]}]},{\"@type\":\"BreadcrumbList\",\"@id\":\"https:\/\/findpetgps.com\/fr\/avis-juridique\/termes-et-conditions\/#breadcrumb\",\"itemListElement\":[{\"@type\":\"ListItem\",\"position\":1,\"name\":\"Portada\",\"item\":\"https:\/\/findpetgps.com\/fr\/\"},{\"@type\":\"ListItem\",\"position\":2,\"name\":\"Avis juridique\",\"item\":\"https:\/\/findpetgps.com\/fr\/aviso-legal\/\"},{\"@type\":\"ListItem\",\"position\":3,\"name\":\"Termes et conditions\"}]},{\"@type\":\"WebSite\",\"@id\":\"https:\/\/findpetgps.com\/fr\/#website\",\"url\":\"https:\/\/findpetgps.com\/fr\/\",\"name\":\"findPetGPS\",\"description\":\"Localisateurs GPS pour chiens et chats\",\"publisher\":{\"@id\":\"https:\/\/findpetgps.com\/fr\/#organization\"},\"potentialAction\":[{\"@type\":\"SearchAction\",\"target\":{\"@type\":\"EntryPoint\",\"urlTemplate\":\"https:\/\/findpetgps.com\/fr\/?s={search_term_string}\"},\"query-input\":{\"@type\":\"PropertyValueSpecification\",\"valueRequired\":true,\"valueName\":\"search_term_string\"}}],\"inLanguage\":\"fr-FR\"},{\"@type\":\"Organization\",\"@id\":\"https:\/\/findpetgps.com\/fr\/#organization\",\"name\":\"findPetGPS\",\"url\":\"https:\/\/findpetgps.com\/fr\/\",\"logo\":{\"@type\":\"ImageObject\",\"inLanguage\":\"fr-FR\",\"@id\":\"https:\/\/findpetgps.com\/fr\/#\/schema\/logo\/image\/\",\"url\":\"https:\/\/findpetgps.com\/wp-content\/uploads\/2020\/10\/Findpet-Logo-01-200.png\",\"contentUrl\":\"https:\/\/findpetgps.com\/wp-content\/uploads\/2020\/10\/Findpet-Logo-01-200.png\",\"width\":283,\"height\":200,\"caption\":\"findPetGPS\"},\"image\":{\"@id\":\"https:\/\/findpetgps.com\/fr\/#\/schema\/logo\/image\/\"}}]}<\/script>\n<!-- \/ Yoast SEO plugin. -->","yoast_head_json":{"title":"Termes et conditions - findPetGPS","robots":{"index":"index","follow":"follow","max-snippet":"max-snippet:-1","max-image-preview":"max-image-preview:large","max-video-preview":"max-video-preview:-1"},"canonical":"https:\/\/findpetgps.com\/fr\/avis-juridique\/termes-et-conditions\/","og_locale":"fr_FR","og_type":"article","og_title":"Termes et conditions - findPetGPS","og_description":"Conditions d&rsquo;achat du GPS FindPet 1. COMMANDE Toute commande de produits de localisation d&rsquo;animaux FindPet peut \u00eatre effectu\u00e9e en ligne via notre site Web www.FindPetGPS.com. Une fois le processus d&rsquo;achat termin\u00e9, vous recevrez un e-mail de confirmation avec le num\u00e9ro de r\u00e9f\u00e9rence qui identifie votre commande et le r\u00e9capitulatif d&rsquo;achat. Veuillez l&rsquo;examiner et le conserver [&hellip;]","og_url":"https:\/\/findpetgps.com\/fr\/avis-juridique\/termes-et-conditions\/","og_site_name":"findPetGPS","article_modified_time":"2021-07-09T09:52:23+00:00","twitter_card":"summary_large_image","twitter_misc":{"Dur\u00e9e de lecture estim\u00e9e":"6 minutes"},"schema":{"@context":"https:\/\/schema.org","@graph":[{"@type":"WebPage","@id":"https:\/\/findpetgps.com\/fr\/avis-juridique\/termes-et-conditions\/","url":"https:\/\/findpetgps.com\/fr\/avis-juridique\/termes-et-conditions\/","name":"Termes et conditions - findPetGPS","isPartOf":{"@id":"https:\/\/findpetgps.com\/fr\/#website"},"datePublished":"2020-10-16T17:41:41+00:00","dateModified":"2021-07-09T09:52:23+00:00","breadcrumb":{"@id":"https:\/\/findpetgps.com\/fr\/avis-juridique\/termes-et-conditions\/#breadcrumb"},"inLanguage":"fr-FR","potentialAction":[{"@type":"ReadAction","target":["https:\/\/findpetgps.com\/fr\/avis-juridique\/termes-et-conditions\/"]}]},{"@type":"BreadcrumbList","@id":"https:\/\/findpetgps.com\/fr\/avis-juridique\/termes-et-conditions\/#breadcrumb","itemListElement":[{"@type":"ListItem","position":1,"name":"Portada","item":"https:\/\/findpetgps.com\/fr\/"},{"@type":"ListItem","position":2,"name":"Avis juridique","item":"https:\/\/findpetgps.com\/fr\/aviso-legal\/"},{"@type":"ListItem","position":3,"name":"Termes et conditions"}]},{"@type":"WebSite","@id":"https:\/\/findpetgps.com\/fr\/#website","url":"https:\/\/findpetgps.com\/fr\/","name":"findPetGPS","description":"Localisateurs GPS pour chiens et chats","publisher":{"@id":"https:\/\/findpetgps.com\/fr\/#organization"},"potentialAction":[{"@type":"SearchAction","target":{"@type":"EntryPoint","urlTemplate":"https:\/\/findpetgps.com\/fr\/?s={search_term_string}"},"query-input":{"@type":"PropertyValueSpecification","valueRequired":true,"valueName":"search_term_string"}}],"inLanguage":"fr-FR"},{"@type":"Organization","@id":"https:\/\/findpetgps.com\/fr\/#organization","name":"findPetGPS","url":"https:\/\/findpetgps.com\/fr\/","logo":{"@type":"ImageObject","inLanguage":"fr-FR","@id":"https:\/\/findpetgps.com\/fr\/#\/schema\/logo\/image\/","url":"https:\/\/findpetgps.com\/wp-content\/uploads\/2020\/10\/Findpet-Logo-01-200.png","contentUrl":"https:\/\/findpetgps.com\/wp-content\/uploads\/2020\/10\/Findpet-Logo-01-200.png","width":283,"height":200,"caption":"findPetGPS"},"image":{"@id":"https:\/\/findpetgps.com\/fr\/#\/schema\/logo\/image\/"}}]}},"_links":{"self":[{"href":"https:\/\/findpetgps.com\/fr\/wp-json\/wp\/v2\/pages\/2768","targetHints":{"allow":["GET"]}}],"collection":[{"href":"https:\/\/findpetgps.com\/fr\/wp-json\/wp\/v2\/pages"}],"about":[{"href":"https:\/\/findpetgps.com\/fr\/wp-json\/wp\/v2\/types\/page"}],"author":[{"embeddable":true,"href":"https:\/\/findpetgps.com\/fr\/wp-json\/wp\/v2\/users\/1"}],"replies":[{"embeddable":true,"href":"https:\/\/findpetgps.com\/fr\/wp-json\/wp\/v2\/comments?post=2768"}],"version-history":[{"count":0,"href":"https:\/\/findpetgps.com\/fr\/wp-json\/wp\/v2\/pages\/2768\/revisions"}],"up":[{"embeddable":true,"href":"https:\/\/findpetgps.com\/fr\/wp-json\/wp\/v2\/pages\/2780"}],"wp:attachment":[{"href":"https:\/\/findpetgps.com\/fr\/wp-json\/wp\/v2\/media?parent=2768"}],"curies":[{"name":"wp","href":"https:\/\/api.w.org\/{rel}","templated":true}]}}