{"id":2670,"date":"2020-10-15T12:32:53","date_gmt":"2020-10-15T10:32:53","guid":{"rendered":"https:\/\/findpetgps.com\/producto\/findpet-gps-mini-fuer-hunde\/"},"modified":"2022-04-20T18:23:07","modified_gmt":"2022-04-20T16:23:07","slug":"findpet-gps-mini-fur-hunde","status":"publish","type":"product","link":"https:\/\/findpetgps.com\/de\/produkt\/findpet-gps-mini-fur-hunde\/","title":{"rendered":"findPet GPS mini f\u00fcr Hunde"},"content":{"rendered":"<p>findPet GPS Mini-Locator f\u00fcr Hunde<\/p>\n<ul>\n<li>GPS \/ WiFi-Positionierung mit weltweiter Abdeckung<\/li>\n<li>Das leichteste und kleinste auf dem Markt, nur 20gr<\/li>\n<li>Exklusives Design<\/li>\n<li>Eigene App &#8222;findPet&#8220; f\u00fcr Android und IOS<\/li>\n<li>Live-Modus<\/li>\n<li>Konfigurierbare Zeit zwischen Positionen<\/li>\n<li>Aktivit\u00e4tsverfolgung<\/li>\n<li>Extra lange Akkulaufzeit zwischen 2 und 4 Tagen (je nach Konfiguration und Nutzung)<\/li>\n<li>Schutzart gegen Wasser IPx7 (30 Minuten Eintauchen)<\/li>\n<li>Inklusive schwarzer Silikonh\u00fclle, verstellbarem Kragen und magnetischem Ladekabel<\/li>\n<li>Ben\u00f6tigt einen<a href=\"https:\/\/findpetgps.com\/de\/plaene\/\" target=\"_blank\" rel=\"noopener noreferrer\"> Abonnement<\/a> ab 2,99 \u20ac \/ Monat<\/li>\n<\/ul>\n<p>&nbsp;<\/p>\n","protected":false},"excerpt":{"rendered":"<p>FindPet GPS Mini GPS-Ortungsger\u00e4t f\u00fcr Hunde, inklusive Halsband. GPS- und WiFi-Standort- und Aktivit\u00e4ts-Tracking.<\/p>\n<p>Ben\u00f6tigt einen<a href=\"https:\/\/findpetgps.com\/de\/plaene\/\"> Abonnement<\/a><\/p>\n","protected":false},"featured_media":8175,"template":"","meta":[],"product_brand":[],"product_cat":[342,345],"product_tag":[],"class_list":{"0":"post-2670","1":"product","2":"type-product","3":"status-publish","4":"has-post-thumbnail","6":"product_cat-gps-haustiere","7":"product_cat-gps-hunde","9":"first","10":"outofstock","11":"taxable","12":"shipping-taxable","13":"purchasable","14":"product-type-simple"},"bundled_by":[],"bundle_stock_status":"outofstock","bundle_stock_quantity":null,"bundle_virtual":false,"bundle_layout":"","bundle_add_to_cart_form_location":"","bundle_editable_in_cart":false,"bundle_sold_individually_context":"","bundle_item_grouping":"","bundle_min_size":"","bundle_max_size":"","bundle_price":[],"bundled_items":[],"bundle_sell_ids":[],"yoast_head":"<!-- This site is optimized with the Yoast SEO plugin v27.4 - https:\/\/yoast.com\/product\/yoast-seo-wordpress\/ -->\n<title>findPet GPS mini f\u00fcr Hunde - findPetGPS<\/title>\n<meta name=\"description\" content=\"findPet GPS-Tracker f\u00fcr Hunde[GPS Mini 2021] Das leichteste GPS-Halsband der Welt f\u00fcr Hunde und Katzen, 20gr. Standort in Echtzeit und Aktivit\u00e4tstracking 24h.\" \/>\n<meta name=\"robots\" content=\"index, follow, max-snippet:-1, max-image-preview:large, max-video-preview:-1\" \/>\n<link rel=\"canonical\" href=\"https:\/\/findpetgps.com\/de\/produkt\/findpet-gps-mini-fur-hunde\/\" \/>\n<meta property=\"og:locale\" content=\"de_DE\" \/>\n<meta property=\"og:type\" content=\"article\" \/>\n<meta property=\"og:title\" content=\"findPet GPS mini f\u00fcr Hunde - findPetGPS\" \/>\n<meta property=\"og:description\" content=\"findPet GPS-Tracker f\u00fcr Hunde[GPS Mini 2021] Das leichteste GPS-Halsband der Welt f\u00fcr Hunde und Katzen, 20gr. Standort in Echtzeit und Aktivit\u00e4tstracking 24h.\" \/>\n<meta property=\"og:url\" content=\"https:\/\/findpetgps.com\/de\/produkt\/findpet-gps-mini-fur-hunde\/\" \/>\n<meta property=\"og:site_name\" content=\"findPetGPS\" \/>\n<meta property=\"article:modified_time\" content=\"2022-04-20T16:23:07+00:00\" \/>\n<meta property=\"og:image\" content=\"http:\/\/findpetgps.com\/wp-content\/uploads\/2020\/10\/findpet-01-imagen-principal-1.png\" \/>\n\t<meta property=\"og:image:width\" content=\"1200\" \/>\n\t<meta property=\"og:image:height\" content=\"1200\" \/>\n\t<meta property=\"og:image:type\" content=\"image\/png\" \/>\n<meta name=\"twitter:card\" content=\"summary_large_image\" \/>\n<script type=\"application\/ld+json\" class=\"yoast-schema-graph\">{\"@context\":\"https:\\\/\\\/schema.org\",\"@graph\":[{\"@type\":\"WebPage\",\"@id\":\"https:\\\/\\\/findpetgps.com\\\/de\\\/produkt\\\/findpet-gps-mini-fur-hunde\\\/\",\"url\":\"https:\\\/\\\/findpetgps.com\\\/de\\\/produkt\\\/findpet-gps-mini-fur-hunde\\\/\",\"name\":\"findPet GPS mini f\u00fcr Hunde - findPetGPS\",\"isPartOf\":{\"@id\":\"https:\\\/\\\/findpetgps.com\\\/de\\\/#website\"},\"primaryImageOfPage\":{\"@id\":\"https:\\\/\\\/findpetgps.com\\\/de\\\/produkt\\\/findpet-gps-mini-fur-hunde\\\/#primaryimage\"},\"image\":{\"@id\":\"https:\\\/\\\/findpetgps.com\\\/de\\\/produkt\\\/findpet-gps-mini-fur-hunde\\\/#primaryimage\"},\"thumbnailUrl\":\"https:\\\/\\\/findpetgps.com\\\/wp-content\\\/uploads\\\/2020\\\/10\\\/findpet-01-imagen-principal-1.png\",\"datePublished\":\"2020-10-15T10:32:53+00:00\",\"dateModified\":\"2022-04-20T16:23:07+00:00\",\"description\":\"findPet GPS-Tracker f\u00fcr Hunde[GPS Mini 2021] Das leichteste GPS-Halsband der Welt f\u00fcr Hunde und Katzen, 20gr. Standort in Echtzeit und Aktivit\u00e4tstracking 24h.\",\"breadcrumb\":{\"@id\":\"https:\\\/\\\/findpetgps.com\\\/de\\\/produkt\\\/findpet-gps-mini-fur-hunde\\\/#breadcrumb\"},\"inLanguage\":\"de\",\"potentialAction\":[{\"@type\":\"ReadAction\",\"target\":[\"https:\\\/\\\/findpetgps.com\\\/de\\\/produkt\\\/findpet-gps-mini-fur-hunde\\\/\"]}]},{\"@type\":\"ImageObject\",\"inLanguage\":\"de\",\"@id\":\"https:\\\/\\\/findpetgps.com\\\/de\\\/produkt\\\/findpet-gps-mini-fur-hunde\\\/#primaryimage\",\"url\":\"https:\\\/\\\/findpetgps.com\\\/wp-content\\\/uploads\\\/2020\\\/10\\\/findpet-01-imagen-principal-1.png\",\"contentUrl\":\"https:\\\/\\\/findpetgps.com\\\/wp-content\\\/uploads\\\/2020\\\/10\\\/findpet-01-imagen-principal-1.png\",\"width\":1200,\"height\":1200},{\"@type\":\"BreadcrumbList\",\"@id\":\"https:\\\/\\\/findpetgps.com\\\/de\\\/produkt\\\/findpet-gps-mini-fur-hunde\\\/#breadcrumb\",\"itemListElement\":[{\"@type\":\"ListItem\",\"position\":1,\"name\":\"Portada\",\"item\":\"https:\\\/\\\/findpetgps.com\\\/de\\\/\"},{\"@type\":\"ListItem\",\"position\":2,\"name\":\"Gesch\u00e4ft\",\"item\":\"https:\\\/\\\/findpetgps.com\\\/tienda\\\/\"},{\"@type\":\"ListItem\",\"position\":3,\"name\":\"findPet GPS mini f\u00fcr Hunde\"}]},{\"@type\":\"WebSite\",\"@id\":\"https:\\\/\\\/findpetgps.com\\\/de\\\/#website\",\"url\":\"https:\\\/\\\/findpetgps.com\\\/de\\\/\",\"name\":\"findPetGPS\",\"description\":\"GPS-Ortungsger\u00e4te f\u00fcr Hunde und Katzen\",\"publisher\":{\"@id\":\"https:\\\/\\\/findpetgps.com\\\/de\\\/#organization\"},\"potentialAction\":[{\"@type\":\"SearchAction\",\"target\":{\"@type\":\"EntryPoint\",\"urlTemplate\":\"https:\\\/\\\/findpetgps.com\\\/de\\\/?s={search_term_string}\"},\"query-input\":{\"@type\":\"PropertyValueSpecification\",\"valueRequired\":true,\"valueName\":\"search_term_string\"}}],\"inLanguage\":\"de\"},{\"@type\":\"Organization\",\"@id\":\"https:\\\/\\\/findpetgps.com\\\/de\\\/#organization\",\"name\":\"findPetGPS\",\"url\":\"https:\\\/\\\/findpetgps.com\\\/de\\\/\",\"logo\":{\"@type\":\"ImageObject\",\"inLanguage\":\"de\",\"@id\":\"https:\\\/\\\/findpetgps.com\\\/de\\\/#\\\/schema\\\/logo\\\/image\\\/\",\"url\":\"https:\\\/\\\/findpetgps.com\\\/wp-content\\\/uploads\\\/2020\\\/10\\\/Findpet-Logo-01-200.png\",\"contentUrl\":\"https:\\\/\\\/findpetgps.com\\\/wp-content\\\/uploads\\\/2020\\\/10\\\/Findpet-Logo-01-200.png\",\"width\":283,\"height\":200,\"caption\":\"findPetGPS\"},\"image\":{\"@id\":\"https:\\\/\\\/findpetgps.com\\\/de\\\/#\\\/schema\\\/logo\\\/image\\\/\"}}]}<\/script>\n<!-- \/ Yoast SEO plugin. -->","yoast_head_json":{"title":"findPet GPS mini f\u00fcr Hunde - findPetGPS","description":"findPet GPS-Tracker f\u00fcr Hunde[GPS Mini 2021] Das leichteste GPS-Halsband der Welt f\u00fcr Hunde und Katzen, 20gr. Standort in Echtzeit und Aktivit\u00e4tstracking 24h.","robots":{"index":"index","follow":"follow","max-snippet":"max-snippet:-1","max-image-preview":"max-image-preview:large","max-video-preview":"max-video-preview:-1"},"canonical":"https:\/\/findpetgps.com\/de\/produkt\/findpet-gps-mini-fur-hunde\/","og_locale":"de_DE","og_type":"article","og_title":"findPet GPS mini f\u00fcr Hunde - findPetGPS","og_description":"findPet GPS-Tracker f\u00fcr Hunde[GPS Mini 2021] Das leichteste GPS-Halsband der Welt f\u00fcr Hunde und Katzen, 20gr. Standort in Echtzeit und Aktivit\u00e4tstracking 24h.","og_url":"https:\/\/findpetgps.com\/de\/produkt\/findpet-gps-mini-fur-hunde\/","og_site_name":"findPetGPS","article_modified_time":"2022-04-20T16:23:07+00:00","og_image":[{"width":1200,"height":1200,"url":"http:\/\/findpetgps.com\/wp-content\/uploads\/2020\/10\/findpet-01-imagen-principal-1.png","type":"image\/png"}],"twitter_card":"summary_large_image","schema":{"@context":"https:\/\/schema.org","@graph":[{"@type":"WebPage","@id":"https:\/\/findpetgps.com\/de\/produkt\/findpet-gps-mini-fur-hunde\/","url":"https:\/\/findpetgps.com\/de\/produkt\/findpet-gps-mini-fur-hunde\/","name":"findPet GPS mini f\u00fcr Hunde - findPetGPS","isPartOf":{"@id":"https:\/\/findpetgps.com\/de\/#website"},"primaryImageOfPage":{"@id":"https:\/\/findpetgps.com\/de\/produkt\/findpet-gps-mini-fur-hunde\/#primaryimage"},"image":{"@id":"https:\/\/findpetgps.com\/de\/produkt\/findpet-gps-mini-fur-hunde\/#primaryimage"},"thumbnailUrl":"https:\/\/findpetgps.com\/wp-content\/uploads\/2020\/10\/findpet-01-imagen-principal-1.png","datePublished":"2020-10-15T10:32:53+00:00","dateModified":"2022-04-20T16:23:07+00:00","description":"findPet GPS-Tracker f\u00fcr Hunde[GPS Mini 2021] Das leichteste GPS-Halsband der Welt f\u00fcr Hunde und Katzen, 20gr. Standort in Echtzeit und Aktivit\u00e4tstracking 24h.","breadcrumb":{"@id":"https:\/\/findpetgps.com\/de\/produkt\/findpet-gps-mini-fur-hunde\/#breadcrumb"},"inLanguage":"de","potentialAction":[{"@type":"ReadAction","target":["https:\/\/findpetgps.com\/de\/produkt\/findpet-gps-mini-fur-hunde\/"]}]},{"@type":"ImageObject","inLanguage":"de","@id":"https:\/\/findpetgps.com\/de\/produkt\/findpet-gps-mini-fur-hunde\/#primaryimage","url":"https:\/\/findpetgps.com\/wp-content\/uploads\/2020\/10\/findpet-01-imagen-principal-1.png","contentUrl":"https:\/\/findpetgps.com\/wp-content\/uploads\/2020\/10\/findpet-01-imagen-principal-1.png","width":1200,"height":1200},{"@type":"BreadcrumbList","@id":"https:\/\/findpetgps.com\/de\/produkt\/findpet-gps-mini-fur-hunde\/#breadcrumb","itemListElement":[{"@type":"ListItem","position":1,"name":"Portada","item":"https:\/\/findpetgps.com\/de\/"},{"@type":"ListItem","position":2,"name":"Gesch\u00e4ft","item":"https:\/\/findpetgps.com\/tienda\/"},{"@type":"ListItem","position":3,"name":"findPet GPS mini f\u00fcr Hunde"}]},{"@type":"WebSite","@id":"https:\/\/findpetgps.com\/de\/#website","url":"https:\/\/findpetgps.com\/de\/","name":"findPetGPS","description":"GPS-Ortungsger\u00e4te f\u00fcr Hunde und Katzen","publisher":{"@id":"https:\/\/findpetgps.com\/de\/#organization"},"potentialAction":[{"@type":"SearchAction","target":{"@type":"EntryPoint","urlTemplate":"https:\/\/findpetgps.com\/de\/?s={search_term_string}"},"query-input":{"@type":"PropertyValueSpecification","valueRequired":true,"valueName":"search_term_string"}}],"inLanguage":"de"},{"@type":"Organization","@id":"https:\/\/findpetgps.com\/de\/#organization","name":"findPetGPS","url":"https:\/\/findpetgps.com\/de\/","logo":{"@type":"ImageObject","inLanguage":"de","@id":"https:\/\/findpetgps.com\/de\/#\/schema\/logo\/image\/","url":"https:\/\/findpetgps.com\/wp-content\/uploads\/2020\/10\/Findpet-Logo-01-200.png","contentUrl":"https:\/\/findpetgps.com\/wp-content\/uploads\/2020\/10\/Findpet-Logo-01-200.png","width":283,"height":200,"caption":"findPetGPS"},"image":{"@id":"https:\/\/findpetgps.com\/de\/#\/schema\/logo\/image\/"}}]}},"_links":{"self":[{"href":"https:\/\/findpetgps.com\/de\/wp-json\/wp\/v2\/product\/2670","targetHints":{"allow":["GET"]}}],"collection":[{"href":"https:\/\/findpetgps.com\/de\/wp-json\/wp\/v2\/product"}],"about":[{"href":"https:\/\/findpetgps.com\/de\/wp-json\/wp\/v2\/types\/product"}],"wp:featuredmedia":[{"embeddable":true,"href":"https:\/\/findpetgps.com\/de\/wp-json\/wp\/v2\/media\/8175"}],"wp:attachment":[{"href":"https:\/\/findpetgps.com\/de\/wp-json\/wp\/v2\/media?parent=2670"}],"wp:term":[{"taxonomy":"product_brand","embeddable":true,"href":"https:\/\/findpetgps.com\/de\/wp-json\/wp\/v2\/product_brand?post=2670"},{"taxonomy":"product_cat","embeddable":true,"href":"https:\/\/findpetgps.com\/de\/wp-json\/wp\/v2\/product_cat?post=2670"},{"taxonomy":"product_tag","embeddable":true,"href":"https:\/\/findpetgps.com\/de\/wp-json\/wp\/v2\/product_tag?post=2670"}],"curies":[{"name":"wp","href":"https:\/\/api.w.org\/{rel}","templated":true}]}}