{"id":2643,"date":"2020-10-16T00:31:12","date_gmt":"2020-10-15T22:31:12","guid":{"rendered":"https:\/\/findpetgps.com\/producto\/findpet-gps-max-fuer-hunde\/"},"modified":"2023-01-15T00:46:03","modified_gmt":"2023-01-14T23:46:03","slug":"findpet-gps-max-hunde","status":"publish","type":"product","link":"https:\/\/findpetgps.com\/de\/produkt\/findpet-gps-max-hunde\/","title":{"rendered":"findPet GPS Max f\u00fcr Hunde"},"content":{"rendered":"<p>FindPet GPS Max Ortungsger\u00e4t f\u00fcr Hunde<\/p>\n<ul>\n<li>GPS \/ WiFi-Positionierung mit weltweiter Abdeckung<\/li>\n<li>Maximale Akkulaufzeit zwischen 7 und 15 Tagen (je nach Konfiguration und Verwendung).<\/li>\n<li>Leicht, nur 38 gr. Angezeigt f\u00fcr mittlere und gro\u00dfe Hunde<\/li>\n<li>Eigene App &#8222;findPet&#8220; f\u00fcr Android und IOS<\/li>\n<li>Live-Modus<\/li>\n<li>Konfigurierbare Zeit zwischen Positionen<\/li>\n<li>Aktivit\u00e4tsverfolgung<\/li>\n<li>Suchfunktion<\/li>\n<li>Schutzart gegen Wasser IPx7 (30 Minuten Eintauchen)<\/li>\n<li>Inklusive schwarzer Silikonh\u00fclle, verstellbarem Kragen und magnetischem Ladekabel<\/li>\n<li>Ben\u00f6tigt einen<a href=\"https:\/\/findpetgps.com\/de\/plaene\/\" target=\"_blank\" rel=\"noopener noreferrer\"> Abonnement<\/a> ab 2,99 \u20ac \/ Monat<\/li>\n<\/ul>\n<p>&nbsp;<\/p>\n","protected":false},"excerpt":{"rendered":"<p>findPet GPS Max GPS-Ortungsger\u00e4t f\u00fcr Hunde, inklusive Halsband. GPS- und WiFi-Standort- und Aktivit\u00e4ts-Tracking mit extra langer Akkulaufzeit.<\/p>\n<p>Ben\u00f6tigt einen<a href=\"https:\/\/findpetgps.com\/de\/plaene\/\"> Abonnement<\/a><\/p>\n","protected":false},"featured_media":2127,"template":"","meta":[],"product_brand":[],"product_cat":[342,345],"product_tag":[],"class_list":{"0":"post-2643","1":"product","2":"type-product","3":"status-publish","4":"has-post-thumbnail","6":"product_cat-gps-haustiere","7":"product_cat-gps-hunde","9":"first","10":"outofstock","11":"sale","12":"taxable","13":"shipping-taxable","14":"purchasable","15":"product-type-simple"},"bundled_by":[],"bundle_stock_status":"outofstock","bundle_stock_quantity":0,"bundle_virtual":false,"bundle_layout":"","bundle_add_to_cart_form_location":"","bundle_editable_in_cart":false,"bundle_sold_individually_context":"","bundle_item_grouping":"","bundle_min_size":"","bundle_max_size":"","bundle_price":[],"bundled_items":[],"bundle_sell_ids":[],"yoast_head":"<!-- This site is optimized with the Yoast SEO plugin v27.1.1 - https:\/\/yoast.com\/product\/yoast-seo-wordpress\/ -->\n<title>findPet GPS Max f\u00fcr Hunde - findPetGPS<\/title>\n<meta name=\"description\" content=\"findPet GPS-Tracker f\u00fcr Hunde[GPS Perro MAX 2021] . Die Position Ihres Hundes in Echtzeit und Aktivit\u00e4tsverfolgung 24h und Batterie 10-15 Tage ...\" \/>\n<meta name=\"robots\" content=\"index, follow, max-snippet:-1, max-image-preview:large, max-video-preview:-1\" \/>\n<link rel=\"canonical\" href=\"https:\/\/findpetgps.com\/de\/produkt\/findpet-gps-max-hunde\/\" \/>\n<meta property=\"og:locale\" content=\"de_DE\" \/>\n<meta property=\"og:type\" content=\"article\" \/>\n<meta property=\"og:title\" content=\"findPet GPS Max f\u00fcr Hunde - findPetGPS\" \/>\n<meta property=\"og:description\" content=\"findPet GPS-Tracker f\u00fcr Hunde[GPS Perro MAX 2021] . Die Position Ihres Hundes in Echtzeit und Aktivit\u00e4tsverfolgung 24h und Batterie 10-15 Tage ...\" \/>\n<meta property=\"og:url\" content=\"https:\/\/findpetgps.com\/de\/produkt\/findpet-gps-max-hunde\/\" \/>\n<meta property=\"og:site_name\" content=\"findPetGPS\" \/>\n<meta property=\"article:modified_time\" content=\"2023-01-14T23:46:03+00:00\" \/>\n<meta property=\"og:image\" content=\"https:\/\/findpetgps.com\/wp-content\/uploads\/2020\/10\/HTB1swG7X2fsK1RjSszbq6AqBXXao3.jpg\" \/>\n\t<meta property=\"og:image:width\" content=\"560\" \/>\n\t<meta property=\"og:image:height\" content=\"560\" \/>\n\t<meta property=\"og:image:type\" content=\"image\/jpeg\" \/>\n<meta name=\"twitter:card\" content=\"summary_large_image\" \/>\n<meta name=\"twitter:label1\" content=\"Gesch\u00e4tzte Lesezeit\" \/>\n\t<meta name=\"twitter:data1\" content=\"1\u00a0Minute\" \/>\n<script type=\"application\/ld+json\" class=\"yoast-schema-graph\">{\"@context\":\"https:\/\/schema.org\",\"@graph\":[{\"@type\":\"WebPage\",\"@id\":\"https:\/\/findpetgps.com\/de\/produkt\/findpet-gps-max-hunde\/\",\"url\":\"https:\/\/findpetgps.com\/de\/produkt\/findpet-gps-max-hunde\/\",\"name\":\"findPet GPS Max f\u00fcr Hunde - findPetGPS\",\"isPartOf\":{\"@id\":\"https:\/\/findpetgps.com\/de\/#website\"},\"primaryImageOfPage\":{\"@id\":\"https:\/\/findpetgps.com\/de\/produkt\/findpet-gps-max-hunde\/#primaryimage\"},\"image\":{\"@id\":\"https:\/\/findpetgps.com\/de\/produkt\/findpet-gps-max-hunde\/#primaryimage\"},\"thumbnailUrl\":\"https:\/\/findpetgps.com\/wp-content\/uploads\/2020\/10\/HTB1swG7X2fsK1RjSszbq6AqBXXao3.jpg\",\"datePublished\":\"2020-10-15T22:31:12+00:00\",\"dateModified\":\"2023-01-14T23:46:03+00:00\",\"description\":\"findPet GPS-Tracker f\u00fcr Hunde[GPS Perro MAX 2021] . Die Position Ihres Hundes in Echtzeit und Aktivit\u00e4tsverfolgung 24h und Batterie 10-15 Tage ...\",\"breadcrumb\":{\"@id\":\"https:\/\/findpetgps.com\/de\/produkt\/findpet-gps-max-hunde\/#breadcrumb\"},\"inLanguage\":\"de\",\"potentialAction\":[{\"@type\":\"ReadAction\",\"target\":[\"https:\/\/findpetgps.com\/de\/produkt\/findpet-gps-max-hunde\/\"]}]},{\"@type\":\"ImageObject\",\"inLanguage\":\"de\",\"@id\":\"https:\/\/findpetgps.com\/de\/produkt\/findpet-gps-max-hunde\/#primaryimage\",\"url\":\"https:\/\/findpetgps.com\/wp-content\/uploads\/2020\/10\/HTB1swG7X2fsK1RjSszbq6AqBXXao3.jpg\",\"contentUrl\":\"https:\/\/findpetgps.com\/wp-content\/uploads\/2020\/10\/HTB1swG7X2fsK1RjSszbq6AqBXXao3.jpg\",\"width\":560,\"height\":560,\"caption\":\"findpet max gps locator f\u00fcr hunde\"},{\"@type\":\"BreadcrumbList\",\"@id\":\"https:\/\/findpetgps.com\/de\/produkt\/findpet-gps-max-hunde\/#breadcrumb\",\"itemListElement\":[{\"@type\":\"ListItem\",\"position\":1,\"name\":\"Portada\",\"item\":\"https:\/\/findpetgps.com\/de\/\"},{\"@type\":\"ListItem\",\"position\":2,\"name\":\"Gesch\u00e4ft\",\"item\":\"https:\/\/findpetgps.com\/tienda\/\"},{\"@type\":\"ListItem\",\"position\":3,\"name\":\"findPet GPS Max f\u00fcr Hunde\"}]},{\"@type\":\"WebSite\",\"@id\":\"https:\/\/findpetgps.com\/de\/#website\",\"url\":\"https:\/\/findpetgps.com\/de\/\",\"name\":\"findPetGPS\",\"description\":\"GPS-Ortungsger\u00e4te f\u00fcr Hunde und Katzen\",\"publisher\":{\"@id\":\"https:\/\/findpetgps.com\/de\/#organization\"},\"potentialAction\":[{\"@type\":\"SearchAction\",\"target\":{\"@type\":\"EntryPoint\",\"urlTemplate\":\"https:\/\/findpetgps.com\/de\/?s={search_term_string}\"},\"query-input\":{\"@type\":\"PropertyValueSpecification\",\"valueRequired\":true,\"valueName\":\"search_term_string\"}}],\"inLanguage\":\"de\"},{\"@type\":\"Organization\",\"@id\":\"https:\/\/findpetgps.com\/de\/#organization\",\"name\":\"findPetGPS\",\"url\":\"https:\/\/findpetgps.com\/de\/\",\"logo\":{\"@type\":\"ImageObject\",\"inLanguage\":\"de\",\"@id\":\"https:\/\/findpetgps.com\/de\/#\/schema\/logo\/image\/\",\"url\":\"https:\/\/findpetgps.com\/wp-content\/uploads\/2020\/10\/Findpet-Logo-01-200.png\",\"contentUrl\":\"https:\/\/findpetgps.com\/wp-content\/uploads\/2020\/10\/Findpet-Logo-01-200.png\",\"width\":283,\"height\":200,\"caption\":\"findPetGPS\"},\"image\":{\"@id\":\"https:\/\/findpetgps.com\/de\/#\/schema\/logo\/image\/\"}}]}<\/script>\n<!-- \/ Yoast SEO plugin. -->","yoast_head_json":{"title":"findPet GPS Max f\u00fcr Hunde - findPetGPS","description":"findPet GPS-Tracker f\u00fcr Hunde[GPS Perro MAX 2021] . Die Position Ihres Hundes in Echtzeit und Aktivit\u00e4tsverfolgung 24h und Batterie 10-15 Tage ...","robots":{"index":"index","follow":"follow","max-snippet":"max-snippet:-1","max-image-preview":"max-image-preview:large","max-video-preview":"max-video-preview:-1"},"canonical":"https:\/\/findpetgps.com\/de\/produkt\/findpet-gps-max-hunde\/","og_locale":"de_DE","og_type":"article","og_title":"findPet GPS Max f\u00fcr Hunde - findPetGPS","og_description":"findPet GPS-Tracker f\u00fcr Hunde[GPS Perro MAX 2021] . Die Position Ihres Hundes in Echtzeit und Aktivit\u00e4tsverfolgung 24h und Batterie 10-15 Tage ...","og_url":"https:\/\/findpetgps.com\/de\/produkt\/findpet-gps-max-hunde\/","og_site_name":"findPetGPS","article_modified_time":"2023-01-14T23:46:03+00:00","og_image":[{"width":560,"height":560,"url":"https:\/\/findpetgps.com\/wp-content\/uploads\/2020\/10\/HTB1swG7X2fsK1RjSszbq6AqBXXao3.jpg","type":"image\/jpeg"}],"twitter_card":"summary_large_image","twitter_misc":{"Gesch\u00e4tzte Lesezeit":"1\u00a0Minute"},"schema":{"@context":"https:\/\/schema.org","@graph":[{"@type":"WebPage","@id":"https:\/\/findpetgps.com\/de\/produkt\/findpet-gps-max-hunde\/","url":"https:\/\/findpetgps.com\/de\/produkt\/findpet-gps-max-hunde\/","name":"findPet GPS Max f\u00fcr Hunde - findPetGPS","isPartOf":{"@id":"https:\/\/findpetgps.com\/de\/#website"},"primaryImageOfPage":{"@id":"https:\/\/findpetgps.com\/de\/produkt\/findpet-gps-max-hunde\/#primaryimage"},"image":{"@id":"https:\/\/findpetgps.com\/de\/produkt\/findpet-gps-max-hunde\/#primaryimage"},"thumbnailUrl":"https:\/\/findpetgps.com\/wp-content\/uploads\/2020\/10\/HTB1swG7X2fsK1RjSszbq6AqBXXao3.jpg","datePublished":"2020-10-15T22:31:12+00:00","dateModified":"2023-01-14T23:46:03+00:00","description":"findPet GPS-Tracker f\u00fcr Hunde[GPS Perro MAX 2021] . Die Position Ihres Hundes in Echtzeit und Aktivit\u00e4tsverfolgung 24h und Batterie 10-15 Tage ...","breadcrumb":{"@id":"https:\/\/findpetgps.com\/de\/produkt\/findpet-gps-max-hunde\/#breadcrumb"},"inLanguage":"de","potentialAction":[{"@type":"ReadAction","target":["https:\/\/findpetgps.com\/de\/produkt\/findpet-gps-max-hunde\/"]}]},{"@type":"ImageObject","inLanguage":"de","@id":"https:\/\/findpetgps.com\/de\/produkt\/findpet-gps-max-hunde\/#primaryimage","url":"https:\/\/findpetgps.com\/wp-content\/uploads\/2020\/10\/HTB1swG7X2fsK1RjSszbq6AqBXXao3.jpg","contentUrl":"https:\/\/findpetgps.com\/wp-content\/uploads\/2020\/10\/HTB1swG7X2fsK1RjSszbq6AqBXXao3.jpg","width":560,"height":560,"caption":"findpet max gps locator f\u00fcr hunde"},{"@type":"BreadcrumbList","@id":"https:\/\/findpetgps.com\/de\/produkt\/findpet-gps-max-hunde\/#breadcrumb","itemListElement":[{"@type":"ListItem","position":1,"name":"Portada","item":"https:\/\/findpetgps.com\/de\/"},{"@type":"ListItem","position":2,"name":"Gesch\u00e4ft","item":"https:\/\/findpetgps.com\/tienda\/"},{"@type":"ListItem","position":3,"name":"findPet GPS Max f\u00fcr Hunde"}]},{"@type":"WebSite","@id":"https:\/\/findpetgps.com\/de\/#website","url":"https:\/\/findpetgps.com\/de\/","name":"findPetGPS","description":"GPS-Ortungsger\u00e4te f\u00fcr Hunde und Katzen","publisher":{"@id":"https:\/\/findpetgps.com\/de\/#organization"},"potentialAction":[{"@type":"SearchAction","target":{"@type":"EntryPoint","urlTemplate":"https:\/\/findpetgps.com\/de\/?s={search_term_string}"},"query-input":{"@type":"PropertyValueSpecification","valueRequired":true,"valueName":"search_term_string"}}],"inLanguage":"de"},{"@type":"Organization","@id":"https:\/\/findpetgps.com\/de\/#organization","name":"findPetGPS","url":"https:\/\/findpetgps.com\/de\/","logo":{"@type":"ImageObject","inLanguage":"de","@id":"https:\/\/findpetgps.com\/de\/#\/schema\/logo\/image\/","url":"https:\/\/findpetgps.com\/wp-content\/uploads\/2020\/10\/Findpet-Logo-01-200.png","contentUrl":"https:\/\/findpetgps.com\/wp-content\/uploads\/2020\/10\/Findpet-Logo-01-200.png","width":283,"height":200,"caption":"findPetGPS"},"image":{"@id":"https:\/\/findpetgps.com\/de\/#\/schema\/logo\/image\/"}}]}},"_links":{"self":[{"href":"https:\/\/findpetgps.com\/de\/wp-json\/wp\/v2\/product\/2643","targetHints":{"allow":["GET"]}}],"collection":[{"href":"https:\/\/findpetgps.com\/de\/wp-json\/wp\/v2\/product"}],"about":[{"href":"https:\/\/findpetgps.com\/de\/wp-json\/wp\/v2\/types\/product"}],"wp:featuredmedia":[{"embeddable":true,"href":"https:\/\/findpetgps.com\/de\/wp-json\/wp\/v2\/media\/2127"}],"wp:attachment":[{"href":"https:\/\/findpetgps.com\/de\/wp-json\/wp\/v2\/media?parent=2643"}],"wp:term":[{"taxonomy":"product_brand","embeddable":true,"href":"https:\/\/findpetgps.com\/de\/wp-json\/wp\/v2\/product_brand?post=2643"},{"taxonomy":"product_cat","embeddable":true,"href":"https:\/\/findpetgps.com\/de\/wp-json\/wp\/v2\/product_cat?post=2643"},{"taxonomy":"product_tag","embeddable":true,"href":"https:\/\/findpetgps.com\/de\/wp-json\/wp\/v2\/product_tag?post=2643"}],"curies":[{"name":"wp","href":"https:\/\/api.w.org\/{rel}","templated":true}]}}