{"id":5659,"date":"2022-03-16T19:07:41","date_gmt":"2022-03-16T18:07:41","guid":{"rendered":"https:\/\/findpetgps.com\/instrucciones\/"},"modified":"2022-03-19T12:07:26","modified_gmt":"2022-03-19T11:07:26","slug":"gebrauchsanweisung","status":"publish","type":"page","link":"https:\/\/findpetgps.com\/de\/gebrauchsanweisung\/","title":{"rendered":"Gebrauchsanweisung"},"content":{"rendered":"<h3>Aufstellen<\/h3>\n<p>Die Schritte zur Inbetriebnahme des Ger\u00e4ts sind wie folgt:<\/p>\n<p>1- Aktivierung des Ger\u00e4ts. Der bereitgestellte Ortungsdienst erfordert ein aktives Abonnement. Sie k\u00f6nnen <a href=\"https:\/\/findpetgps.com\/de\/aktivieren\/\" target=\"_blank\" rel=\"noopener\">hier auf die verschiedenen Abonnementoptionen zugreifen.<\/a><\/p>\n<p>W\u00e4hrend des Anmeldevorgangs werden Sie nach der IMEI des Ger\u00e4ts gefragt, die sich normalerweise auf der R\u00fcckseite des Ger\u00e4ts befindet. Auf diese Weise stellen wir sicher, dass Ihr Ger\u00e4t aktiviert wird und nicht ein anderes.<\/p>\n<p>Die Ger\u00e4teaktivierung in den Mobilfunknetzen Ihres Landes dauert in der Regel nicht l\u00e4nger als 20-30 Minuten, kann aber in bestimmten F\u00e4llen, je nach Mobilfunknetz und Land, bis zu 2 Stunden dauern. Mach dir keine Sorgen<\/p>\n<p>2.-Laden Sie die <a href=\"https:\/\/findpetgps.com\/download\/\" target=\"_blank\" rel=\"noopener\">\u201efindPet\u201c<\/a> -App herunter und installieren Sie sie auf Ihrem Android- oder iOS-Mobiltelefon<\/p>\n<p>3.- Klicken Sie in der App nach dem Zugriff mit Ihrem Benutzernamen und Passwort beim ersten Zugriff auf &#8222;Ger\u00e4t hinzuf\u00fcgen&#8220; und geben Sie die angeforderten Daten ein, unter denen die IMEI erneut angefordert wird. Die App kann den Barcode lesen, um Ihnen die Arbeit zu erleichtern.<\/p>\n<p>4.- Schalten Sie das Ger\u00e4t ein. Dr\u00fccken Sie einige Sekunden lang die zentrale Taste des Ger\u00e4ts, bis die Einschaltmusik zu h\u00f6ren ist. Im eingeschalteten Zustand blinkt ein blaues Licht, wenn die Taste leicht gedr\u00fcckt wird.<\/p>\n<p>Der Aktivierungsprozess endet mit der Erfassung des ersten GPS-(Satelliten-)Signals. Um den Vorgang zu beschleunigen, ist es praktisch, das Ger\u00e4t au\u00dferhalb eines Geb\u00e4udes zu platzieren. Bis zum Erhalt des ersten Standorts wird in der App \u201eWarten auf GPS-Signal\u201c angezeigt.<\/p>\n<h3>normaler Gebrauch<\/h3>\n<p>Einschalten des <strong>Ger\u00e4ts &#8211;<\/strong> Dr\u00fccken Sie einige Sekunden lang auf die zentrale Taste des Ger\u00e4ts, bis die Einschaltmusik zu h\u00f6ren ist. Im eingeschalteten Zustand blinkt ein blaues Licht, wenn die Taste leicht gedr\u00fcckt wird.<\/p>\n<p>Stellen Sie vor dem Einschalten sicher, dass das Ger\u00e4t \u00fcber gen\u00fcgend Batterieleistung verf\u00fcgt. Wenn es sich nicht einschaltet, m\u00fcssen Sie m\u00f6glicherweise den Akku aufladen.<\/p>\n<p><strong>Herunterfahren<\/strong> des Ger\u00e4ts \u2013 Das Herunterfahren des Ger\u00e4ts kann \u00fcber die App, den Konfigurationsabschnitt (M4), die Ausschalttaste (C5) erfolgen.<\/p>\n<p><strong>Den Standort des Haustiers sofort erkennen &#8211;<\/strong> Verwenden Sie die Schaltfl\u00e4che &#8222;Live&#8220; (A1) auf der Karte, sowohl mit normalem Klick (sofortiger Standort) als auch mit langem Klick (Live f\u00fcr 1 Minute)<\/p>\n<p><strong>Aufladen des Ger\u00e4ts &#8211; Die<\/strong> Akkulaufzeit kann sich je nach Nutzungsbedingungen, Zeitintervall, Mobilfunknetzabdeckung usw. \u00e4ndern. Sie dauert in der Regel zwischen 3 und 5 Tagen. Verwenden Sie zum Aufladen das mitgelieferte Kabel, das Sie an ein Ladeger\u00e4t mit USB-Anschluss und an den GPS-Ladeanschluss anschlie\u00dft. Das Aufladen dauert ca. 2 Stunden. Achten Sie nach dem Einlegen darauf, die Silikonklappe zu schlie\u00dfen, um Schmutz und Wasser zu vermeiden.<\/p>\n<p><strong>\u00c4ndern Sie das Intervall zwischen den Standorten<\/strong> &#8211; Greifen Sie auf das Konfigurationsmen\u00fc (M4), Zeitintervall-Wahlschalter (C8) zu. Bitte beachten Sie, dass sich die Auswahl auf die Akkulaufzeit des GPS auswirkt<\/p>\n<p><strong>Einrichten eines virtuellen Zauns<\/strong> \u2013 Das Einrichten eines virtuellen Zauns mit Benachrichtigungen erfordert zwei Schritte:<\/p>\n<p>1- Errichtung des Zauns. Verwenden Sie die Taste A2 aus dem Kartenmen\u00fc (M1) und befolgen Sie die angezeigten Schritte. Der Zaun kann rund oder polygonal sein.<\/p>\n<p>2- Einrichtung von Benachrichtigungen. Wenn Sie durch Benachrichtigungen auf Ihrem Mobiltelefon benachrichtigt werden m\u00f6chten, wenn Ihr Haustier den markierten Bereich betritt oder verl\u00e4sst, stellen Sie sicher, dass Sie Benachrichtigungen im Konfigurationsmen\u00fc (M4), Benachrichtigungs-Dropdown (C10) aktiviert haben. Au\u00dferdem sollten Sie \u00fcberpr\u00fcfen, ob der Ton\/die Vibration f\u00fcr Benachrichtigungen der \u201efindPet\u201c-App auf Ihrem Mobiltelefon konfiguriert ist.<\/p>\n<h2>App-Betrieb<\/h2>\n<h3><a href=\"https:\/\/findpetgps.com\/wp-content\/uploads\/2022\/03\/findPet-intructions-1.png\"><img fetchpriority=\"high\" decoding=\"async\" class=\"alignleft wp-image-5624\" src=\"https:\/\/findpetgps.com\/wp-content\/uploads\/2022\/03\/findPet-intructions-1-461x600.png\" alt=\"\" width=\"180\" height=\"390\" srcset=\"https:\/\/findpetgps.com\/wp-content\/uploads\/2022\/03\/findPet-intructions-1-138x300.png 138w, https:\/\/findpetgps.com\/wp-content\/uploads\/2022\/03\/findPet-intructions-1-160x347.png 160w, https:\/\/findpetgps.com\/wp-content\/uploads\/2022\/03\/findPet-intructions-1-220x477.png 220w, https:\/\/findpetgps.com\/wp-content\/uploads\/2022\/03\/findPet-intructions-1.png 461w\" sizes=\"(max-width: 180px) 100vw, 180px\" \/><\/a> Hauptmen\u00fc<\/h3>\n<p>Diese Optionen werden in allen Abschnitten angezeigt<\/p>\n<p>M1 &#8211; Karte<\/p>\n<p>M2 &#8211; Aktivit\u00e4t<\/p>\n<p>M3 &#8211; Ereignisse<\/p>\n<p>M4 &#8211; Konfiguration<\/p>\n<p>M5 &#8211; Infos<\/p>\n<h3><\/h3>\n<h3><\/h3>\n<h3 style=\"text-align: left;\">Men\u00fc &#8211; Karte (M1)<\/h3>\n<h4>Angezeigte Informationen:<\/h4>\n<p>I1 &#8211; Zeigt den Standort des Ger\u00e4ts auf der Karte an<\/p>\n<p>I2 &#8211; Bild oder Foto und Name des Haustiers. Klicken Sie, um zu \u00e4ndern. Gr\u00fcner oder roter Kreis je nach Online- oder Offline-Status<\/p>\n<p>I3 &#8211; Klicken Sie hier, um detailliertere Informationen zum Ger\u00e4t zu erhalten: Abonnementstatus, Koordinaten, Satelliten usw. Batteriestatus<\/p>\n<p>I4 &#8211; zeigt die Uhrzeit der letzten Aktualisierung an<\/p>\n<h4>Berichte:<\/h4>\n<p>In den Berichten m\u00fcssen Sie nach dem Klicken das Datum oder den Datumsbereich des Berichts ausw\u00e4hlen<\/p>\n<p>R1 &#8211; Bericht im Heatmap-Modus. nur android<\/p>\n<p>R2 &#8211; Routenbericht auf der Karte<\/p>\n<p>R3 &#8211; Beweglicher Routenbericht, &#8222;Play&#8220;-Modus<\/p>\n<h4>Aktionsschaltfl\u00e4chen.<\/h4>\n<p>Die Karte unterst\u00fctzt Standardsteuerungen wie Fingerzoom, Scrollen usw.<\/p>\n<p>A1 \u2013 NORMALER KLICK \u2013 Sofortiger Standort. Zeigt den Standort des Ger\u00e4ts (mit einer Verz\u00f6gerung von ca. 10 Sekunden) an, solange es online ist<\/p>\n<p>A1 &#8211; KLICKEN SIE 2 SEKUNDEN. \u201eLIVE\u201c-Modus f\u00fcr 1 Minute. Standorte alle 5-10 Sekunden. Nach dieser Zeit kehrt das Ger\u00e4t zu seinem im Konfigurationsabschnitt (M4, Selektor C8) festgelegten Intervall zwischen den Standorten zur\u00fcck.<\/p>\n<p>A2 &#8211; virtuelle Z\u00e4une hinzuf\u00fcgen und\/oder entfernen<\/p>\n<p>A3 &#8211; \u00d6ffnen Sie Google Maps, um zum Standort des Ger\u00e4ts gef\u00fchrt zu werden<\/p>\n<p>A4 \u2013 zeigt (ein\/aus) auf dem Bildschirm in der Tierpositionsmarkierung (I1) den Namen des Tieres<\/p>\n<p>A5 \u2013 zeigt (ein\/aus) die virtuellen Z\u00e4une des Haustiers auf der Karte. Wenn keine virtuellen Z\u00e4une festgelegt sind, wird nichts angezeigt<\/p>\n<p>A6 &#8211; \u00c4ndern Sie den Kartenmodus. Wechseln Sie zwischen Satellitenmodus (Standard) und \u201eGoogle Maps\u201c-Modus<\/p>\n<p>A7 &#8211; zentrieren Sie die Karte auf den Standort des Mobiltelefons<\/p>\n<p>A8 &#8211; zentrieren Sie die Karte auf den Standort des Ger\u00e4ts. Wenn mehrere Ger\u00e4te vorhanden sind, zeigen Sie sie alle an<\/p>\n<h3>Men\u00fc &#8211; Aktivit\u00e4t (M2)<\/h3>\n<p><img decoding=\"async\" class=\"size-medium wp-image-5470 alignnone\" src=\"https:\/\/findpetgps.com\/wp-content\/uploads\/2022\/03\/findPet-6-138x300.jpeg\" alt=\"\" width=\"138\" height=\"300\" srcset=\"https:\/\/findpetgps.com\/wp-content\/uploads\/2022\/03\/findPet-6-138x300.jpeg 138w, https:\/\/findpetgps.com\/wp-content\/uploads\/2022\/03\/findPet-6-473x1024.jpeg 473w, https:\/\/findpetgps.com\/wp-content\/uploads\/2022\/03\/findPet-6-768x1664.jpeg 768w, https:\/\/findpetgps.com\/wp-content\/uploads\/2022\/03\/findPet-6-709x1536.jpeg 709w, https:\/\/findpetgps.com\/wp-content\/uploads\/2022\/03\/findPet-6-160x347.jpeg 160w, https:\/\/findpetgps.com\/wp-content\/uploads\/2022\/03\/findPet-6-220x477.jpeg 220w, https:\/\/findpetgps.com\/wp-content\/uploads\/2022\/03\/findPet-6-640x1387.jpeg 640w, https:\/\/findpetgps.com\/wp-content\/uploads\/2022\/03\/findPet-6-600x1300.jpeg 600w, https:\/\/findpetgps.com\/wp-content\/uploads\/2022\/03\/findPet-6.jpeg 945w\" sizes=\"(max-width: 138px) 100vw, 138px\" \/><\/p>\n<p>Dieser Abschnitt zeigt die Aktivit\u00e4t des Haustiers, gemessen in Entfernung, Schritten und Aktivit\u00e4tszeit.<\/p>\n<p>Sie k\u00f6nnen die Zeitleisten und Karten horizontal scrollen, um andere Anzeigen auszuw\u00e4hlen<\/p>\n<h3>Men\u00fc &#8211; Ereignisse (M3)<\/h3>\n<p><img decoding=\"async\" class=\"size-medium wp-image-5635 alignnone\" src=\"https:\/\/findpetgps.com\/wp-content\/uploads\/2022\/03\/findPet-5-138x300.jpeg\" alt=\"\" width=\"138\" height=\"300\" srcset=\"https:\/\/findpetgps.com\/wp-content\/uploads\/2022\/03\/findPet-5-138x300.jpeg 138w, https:\/\/findpetgps.com\/wp-content\/uploads\/2022\/03\/findPet-5-473x1024.jpeg 473w, https:\/\/findpetgps.com\/wp-content\/uploads\/2022\/03\/findPet-5-768x1664.jpeg 768w, https:\/\/findpetgps.com\/wp-content\/uploads\/2022\/03\/findPet-5-709x1536.jpeg 709w, https:\/\/findpetgps.com\/wp-content\/uploads\/2022\/03\/findPet-5-160x347.jpeg 160w, https:\/\/findpetgps.com\/wp-content\/uploads\/2022\/03\/findPet-5-220x477.jpeg 220w, https:\/\/findpetgps.com\/wp-content\/uploads\/2022\/03\/findPet-5-640x1387.jpeg 640w, https:\/\/findpetgps.com\/wp-content\/uploads\/2022\/03\/findPet-5-600x1300.jpeg 600w, https:\/\/findpetgps.com\/wp-content\/uploads\/2022\/03\/findPet-5.jpeg 945w\" sizes=\"(max-width: 138px) 100vw, 138px\" \/><\/p>\n<p>Im Bereich Ereignisse sehen Sie die Ger\u00e4teereignisse der letzten Tage. Wenn ein Ereignis eine Position enth\u00e4lt, z. B. das Betreten oder Verlassen eines virtuellen Zauns, k\u00f6nnen Sie darauf klicken, um es auf der Karte anzuzeigen.<\/p>\n<h3>Men\u00fc &#8211; Einstellungen (M4)<\/h3>\n<p><a href=\"https:\/\/findpetgps.com\/wp-content\/uploads\/2022\/03\/findPet-intructions-2.png\"><img loading=\"lazy\" decoding=\"async\" class=\"alignleft wp-image-5643\" src=\"https:\/\/findpetgps.com\/wp-content\/uploads\/2022\/03\/findPet-intructions-2.png\" alt=\"\" width=\"180\" height=\"390\" srcset=\"https:\/\/findpetgps.com\/wp-content\/uploads\/2022\/03\/findPet-intructions-2.png 461w, https:\/\/findpetgps.com\/wp-content\/uploads\/2022\/03\/findPet-intructions-2-138x300.png 138w, https:\/\/findpetgps.com\/wp-content\/uploads\/2022\/03\/findPet-intructions-2-160x347.png 160w, https:\/\/findpetgps.com\/wp-content\/uploads\/2022\/03\/findPet-intructions-2-220x477.png 220w\" sizes=\"(max-width: 180px) 100vw, 180px\" \/><\/a><\/p>\n<p>C1 &#8211; Daten \u00e4ndern \/ Passwort \u00e4ndern. Die Passwort\u00e4nderung erfolgt durch Senden einer E-Mail an Ihre E-Mail-Adresse, um Ihre Identit\u00e4t nachzuweisen, und betrifft sowohl den Zugriff auf die App als auch den Zugriff auf \u201eMein Konto\u201c.<\/p>\n<p>C2 &#8211; App-Abmeldung<\/p>\n<p>C3 &#8211; &#8222;Mein Konto&#8220;. Direkter Zugriff auf den Webbereich \u201eMein Konto\u201c, wo Sie den vollst\u00e4ndigen Status Ihrer Abonnements und Bestellungen einsehen, diese \u00e4ndern usw. Es erfordert denselben Benutzernamen und dasselbe Passwort, die f\u00fcr die App verwendet werden. Wenn Sie sich nicht erinnern, k\u00f6nnen Sie Ihr Passwort auf der C1-Taste zur\u00fccksetzen<\/p>\n<p>C4 \u2013 \u00c4ndern Sie das Bild oder nehmen Sie ein Foto auf und geben Sie den Namen des Haustiers ein.<\/p>\n<p>C5 &#8211; Herunterfahren des Ger\u00e4ts (solange es online ist). Die Z\u00fcndung kann nicht \u00fcber die App erfolgen, sie muss \u00fcber die Haupttaste des Ger\u00e4ts erfolgen<\/p>\n<p>C6 &#8211; Ger\u00e4te-Reset<\/p>\n<p>C7- L\u00f6schen des Ger\u00e4ts. ACHTUNG, der gesamte Standortverlauf Ihres Haustieres geht dauerhaft verloren.<\/p>\n<p>C8 &#8211; Auswahl des Intervalls zwischen den Standorten. Dies ist die Zeit, die das Ger\u00e4t ben\u00f6tigt, um seinen Standort normal zu senden. Standardm\u00e4\u00dfig ist sie auf 5 Minuten eingestellt. Ein k\u00fcrzerer Zeitraum bedeutet eine bessere Genauigkeit, aber die Batterielebensdauer wird beeintr\u00e4chtigt.<\/p>\n<p>C9 &#8211; Fenster zum Hinzuf\u00fcgen eines Ger\u00e4ts. Es ist obligatorisch, dies beim Starten der Anwendung nach dem Abonnement zu tun. Sie k\u00f6nnen der App mehrere Ger\u00e4te hinzuf\u00fcgen, jedes Ger\u00e4t ben\u00f6tigt Ihr Abonnement.<\/p>\n<p>C10 &#8211; Auswahl der Benachrichtigungen, die an das Telefon gesendet werden.<\/p>\n<p>Dr\u00fccken Sie , um anzuzeigen, und alle m\u00f6glichen Benachrichtigungen, die Sie auf Ihrem Mobiltelefon erhalten k\u00f6nnen, werden angezeigt:<\/p>\n<ul>\n<li>Alarm. Alarm bei schwacher Batterie (empfohlen)<\/li>\n<li>Das Ger\u00e4t hat einen virtuellen Zaun betreten (empfohlen)<\/li>\n<li>Das Ger\u00e4t hat einen virtuellen Zaun verlassen (empfohlen)<\/li>\n<li>Ger\u00e4t online<\/li>\n<li>Offline-Ger\u00e4t<\/li>\n<\/ul>\n<p>Der Ton und\/oder die Vibration, die Sie empfangen, h\u00e4ngt von den allgemeinen Ton-\/Vibrationseinstellungen Ihres Mobiltelefons ab.<\/p>\n<h3>Men\u00fc &#8211; Info (M5)<\/h3>\n<p><img loading=\"lazy\" decoding=\"async\" class=\"size-medium wp-image-5449 alignleft\" src=\"https:\/\/findpetgps.com\/wp-content\/uploads\/2022\/03\/findPet-8-138x300.jpeg\" alt=\"\" width=\"138\" height=\"300\" srcset=\"https:\/\/findpetgps.com\/wp-content\/uploads\/2022\/03\/findPet-8-138x300.jpeg 138w, https:\/\/findpetgps.com\/wp-content\/uploads\/2022\/03\/findPet-8-473x1024.jpeg 473w, https:\/\/findpetgps.com\/wp-content\/uploads\/2022\/03\/findPet-8-768x1664.jpeg 768w, https:\/\/findpetgps.com\/wp-content\/uploads\/2022\/03\/findPet-8-709x1536.jpeg 709w, https:\/\/findpetgps.com\/wp-content\/uploads\/2022\/03\/findPet-8-160x347.jpeg 160w, https:\/\/findpetgps.com\/wp-content\/uploads\/2022\/03\/findPet-8-220x477.jpeg 220w, https:\/\/findpetgps.com\/wp-content\/uploads\/2022\/03\/findPet-8-640x1387.jpeg 640w, https:\/\/findpetgps.com\/wp-content\/uploads\/2022\/03\/findPet-8-600x1300.jpeg 600w, https:\/\/findpetgps.com\/wp-content\/uploads\/2022\/03\/findPet-8.jpeg 945w\" sizes=\"(max-width: 138px) 100vw, 138px\" \/>In diesem Men\u00fc k\u00f6nnen Sie Folgendes \u00fcberpr\u00fcfen:<\/p>\n<ul>\n<li>Gebrauchsanweisung<\/li>\n<li>Gesch\u00e4ftsbedingungen<\/li>\n<li>Datenschutz-Bestimmungen<\/li>\n<\/ul>\n<p>Sie k\u00f6nnen uns auch kontaktieren per:<\/p>\n<ul>\n<li>Web-Formular<\/li>\n<li>WhatsApp (nur Text- und Bildnachrichten)<\/li>\n<\/ul>\n","protected":false},"excerpt":{"rendered":"<p>Aufstellen Die Schritte zur Inbetriebnahme des Ger\u00e4ts sind wie folgt: 1- Aktivierung des Ger\u00e4ts. Der bereitgestellte Ortungsdienst erfordert ein aktives Abonnement. Sie k\u00f6nnen hier auf die verschiedenen Abonnementoptionen zugreifen. W\u00e4hrend des Anmeldevorgangs werden Sie nach der IMEI des Ger\u00e4ts gefragt, die sich normalerweise auf der R\u00fcckseite des Ger\u00e4ts befindet. Auf diese Weise stellen wir sicher, [&hellip;]<\/p>\n","protected":false},"author":1,"featured_media":0,"parent":0,"menu_order":0,"comment_status":"closed","ping_status":"closed","template":"elementor_header_footer","meta":{"footnotes":"","_elementor_edit_mode":"builder","_elementor_template_type":"wp-page","_elementor_data":"","_elementor_page_settings":null,"_elementor_conditions":[]},"class_list":["post-5659","page","type-page","status-publish","hentry"],"yoast_head":"<!-- This site is optimized with the Yoast SEO plugin v27.1.1 - https:\/\/yoast.com\/product\/yoast-seo-wordpress\/ -->\n<title>Gebrauchsanweisung - findPetGPS<\/title>\n<meta name=\"robots\" content=\"index, follow, max-snippet:-1, max-image-preview:large, max-video-preview:-1\" \/>\n<link rel=\"canonical\" href=\"https:\/\/findpetgps.com\/de\/gebrauchsanweisung\/\" \/>\n<meta property=\"og:locale\" content=\"de_DE\" \/>\n<meta property=\"og:type\" content=\"article\" \/>\n<meta property=\"og:title\" content=\"Gebrauchsanweisung - findPetGPS\" \/>\n<meta property=\"og:description\" content=\"Aufstellen Die Schritte zur Inbetriebnahme des Ger\u00e4ts sind wie folgt: 1- Aktivierung des Ger\u00e4ts. Der bereitgestellte Ortungsdienst erfordert ein aktives Abonnement. Sie k\u00f6nnen hier auf die verschiedenen Abonnementoptionen zugreifen. W\u00e4hrend des Anmeldevorgangs werden Sie nach der IMEI des Ger\u00e4ts gefragt, die sich normalerweise auf der R\u00fcckseite des Ger\u00e4ts befindet. Auf diese Weise stellen wir sicher, [&hellip;]\" \/>\n<meta property=\"og:url\" content=\"https:\/\/findpetgps.com\/de\/gebrauchsanweisung\/\" \/>\n<meta property=\"og:site_name\" content=\"findPetGPS\" \/>\n<meta property=\"article:modified_time\" content=\"2022-03-19T11:07:26+00:00\" \/>\n<meta property=\"og:image\" content=\"https:\/\/findpetgps.com\/wp-content\/uploads\/2022\/03\/findPet-intructions-1-461x600.png\" \/>\n<meta name=\"twitter:card\" content=\"summary_large_image\" \/>\n<meta name=\"twitter:label1\" content=\"Gesch\u00e4tzte Lesezeit\" \/>\n\t<meta name=\"twitter:data1\" content=\"7\u00a0Minuten\" \/>\n<script type=\"application\/ld+json\" class=\"yoast-schema-graph\">{\"@context\":\"https:\/\/schema.org\",\"@graph\":[{\"@type\":\"WebPage\",\"@id\":\"https:\/\/findpetgps.com\/de\/gebrauchsanweisung\/\",\"url\":\"https:\/\/findpetgps.com\/de\/gebrauchsanweisung\/\",\"name\":\"Gebrauchsanweisung - findPetGPS\",\"isPartOf\":{\"@id\":\"https:\/\/findpetgps.com\/de\/#website\"},\"primaryImageOfPage\":{\"@id\":\"https:\/\/findpetgps.com\/de\/gebrauchsanweisung\/#primaryimage\"},\"image\":{\"@id\":\"https:\/\/findpetgps.com\/de\/gebrauchsanweisung\/#primaryimage\"},\"thumbnailUrl\":\"https:\/\/findpetgps.com\/wp-content\/uploads\/2022\/03\/findPet-intructions-1-461x600.png\",\"datePublished\":\"2022-03-16T18:07:41+00:00\",\"dateModified\":\"2022-03-19T11:07:26+00:00\",\"breadcrumb\":{\"@id\":\"https:\/\/findpetgps.com\/de\/gebrauchsanweisung\/#breadcrumb\"},\"inLanguage\":\"de\",\"potentialAction\":[{\"@type\":\"ReadAction\",\"target\":[\"https:\/\/findpetgps.com\/de\/gebrauchsanweisung\/\"]}]},{\"@type\":\"ImageObject\",\"inLanguage\":\"de\",\"@id\":\"https:\/\/findpetgps.com\/de\/gebrauchsanweisung\/#primaryimage\",\"url\":\"https:\/\/findpetgps.com\/wp-content\/uploads\/2022\/03\/findPet-intructions-1-461x600.png\",\"contentUrl\":\"https:\/\/findpetgps.com\/wp-content\/uploads\/2022\/03\/findPet-intructions-1-461x600.png\"},{\"@type\":\"BreadcrumbList\",\"@id\":\"https:\/\/findpetgps.com\/de\/gebrauchsanweisung\/#breadcrumb\",\"itemListElement\":[{\"@type\":\"ListItem\",\"position\":1,\"name\":\"Portada\",\"item\":\"https:\/\/findpetgps.com\/de\/\"},{\"@type\":\"ListItem\",\"position\":2,\"name\":\"Gebrauchsanweisung\"}]},{\"@type\":\"WebSite\",\"@id\":\"https:\/\/findpetgps.com\/de\/#website\",\"url\":\"https:\/\/findpetgps.com\/de\/\",\"name\":\"findPetGPS\",\"description\":\"GPS-Ortungsger\u00e4te f\u00fcr Hunde und Katzen\",\"publisher\":{\"@id\":\"https:\/\/findpetgps.com\/de\/#organization\"},\"potentialAction\":[{\"@type\":\"SearchAction\",\"target\":{\"@type\":\"EntryPoint\",\"urlTemplate\":\"https:\/\/findpetgps.com\/de\/?s={search_term_string}\"},\"query-input\":{\"@type\":\"PropertyValueSpecification\",\"valueRequired\":true,\"valueName\":\"search_term_string\"}}],\"inLanguage\":\"de\"},{\"@type\":\"Organization\",\"@id\":\"https:\/\/findpetgps.com\/de\/#organization\",\"name\":\"findPetGPS\",\"url\":\"https:\/\/findpetgps.com\/de\/\",\"logo\":{\"@type\":\"ImageObject\",\"inLanguage\":\"de\",\"@id\":\"https:\/\/findpetgps.com\/de\/#\/schema\/logo\/image\/\",\"url\":\"https:\/\/findpetgps.com\/wp-content\/uploads\/2020\/10\/Findpet-Logo-01-200.png\",\"contentUrl\":\"https:\/\/findpetgps.com\/wp-content\/uploads\/2020\/10\/Findpet-Logo-01-200.png\",\"width\":283,\"height\":200,\"caption\":\"findPetGPS\"},\"image\":{\"@id\":\"https:\/\/findpetgps.com\/de\/#\/schema\/logo\/image\/\"}}]}<\/script>\n<!-- \/ Yoast SEO plugin. -->","yoast_head_json":{"title":"Gebrauchsanweisung - findPetGPS","robots":{"index":"index","follow":"follow","max-snippet":"max-snippet:-1","max-image-preview":"max-image-preview:large","max-video-preview":"max-video-preview:-1"},"canonical":"https:\/\/findpetgps.com\/de\/gebrauchsanweisung\/","og_locale":"de_DE","og_type":"article","og_title":"Gebrauchsanweisung - findPetGPS","og_description":"Aufstellen Die Schritte zur Inbetriebnahme des Ger\u00e4ts sind wie folgt: 1- Aktivierung des Ger\u00e4ts. Der bereitgestellte Ortungsdienst erfordert ein aktives Abonnement. Sie k\u00f6nnen hier auf die verschiedenen Abonnementoptionen zugreifen. W\u00e4hrend des Anmeldevorgangs werden Sie nach der IMEI des Ger\u00e4ts gefragt, die sich normalerweise auf der R\u00fcckseite des Ger\u00e4ts befindet. Auf diese Weise stellen wir sicher, [&hellip;]","og_url":"https:\/\/findpetgps.com\/de\/gebrauchsanweisung\/","og_site_name":"findPetGPS","article_modified_time":"2022-03-19T11:07:26+00:00","og_image":[{"url":"https:\/\/findpetgps.com\/wp-content\/uploads\/2022\/03\/findPet-intructions-1-461x600.png","type":"","width":"","height":""}],"twitter_card":"summary_large_image","twitter_misc":{"Gesch\u00e4tzte Lesezeit":"7\u00a0Minuten"},"schema":{"@context":"https:\/\/schema.org","@graph":[{"@type":"WebPage","@id":"https:\/\/findpetgps.com\/de\/gebrauchsanweisung\/","url":"https:\/\/findpetgps.com\/de\/gebrauchsanweisung\/","name":"Gebrauchsanweisung - findPetGPS","isPartOf":{"@id":"https:\/\/findpetgps.com\/de\/#website"},"primaryImageOfPage":{"@id":"https:\/\/findpetgps.com\/de\/gebrauchsanweisung\/#primaryimage"},"image":{"@id":"https:\/\/findpetgps.com\/de\/gebrauchsanweisung\/#primaryimage"},"thumbnailUrl":"https:\/\/findpetgps.com\/wp-content\/uploads\/2022\/03\/findPet-intructions-1-461x600.png","datePublished":"2022-03-16T18:07:41+00:00","dateModified":"2022-03-19T11:07:26+00:00","breadcrumb":{"@id":"https:\/\/findpetgps.com\/de\/gebrauchsanweisung\/#breadcrumb"},"inLanguage":"de","potentialAction":[{"@type":"ReadAction","target":["https:\/\/findpetgps.com\/de\/gebrauchsanweisung\/"]}]},{"@type":"ImageObject","inLanguage":"de","@id":"https:\/\/findpetgps.com\/de\/gebrauchsanweisung\/#primaryimage","url":"https:\/\/findpetgps.com\/wp-content\/uploads\/2022\/03\/findPet-intructions-1-461x600.png","contentUrl":"https:\/\/findpetgps.com\/wp-content\/uploads\/2022\/03\/findPet-intructions-1-461x600.png"},{"@type":"BreadcrumbList","@id":"https:\/\/findpetgps.com\/de\/gebrauchsanweisung\/#breadcrumb","itemListElement":[{"@type":"ListItem","position":1,"name":"Portada","item":"https:\/\/findpetgps.com\/de\/"},{"@type":"ListItem","position":2,"name":"Gebrauchsanweisung"}]},{"@type":"WebSite","@id":"https:\/\/findpetgps.com\/de\/#website","url":"https:\/\/findpetgps.com\/de\/","name":"findPetGPS","description":"GPS-Ortungsger\u00e4te f\u00fcr Hunde und Katzen","publisher":{"@id":"https:\/\/findpetgps.com\/de\/#organization"},"potentialAction":[{"@type":"SearchAction","target":{"@type":"EntryPoint","urlTemplate":"https:\/\/findpetgps.com\/de\/?s={search_term_string}"},"query-input":{"@type":"PropertyValueSpecification","valueRequired":true,"valueName":"search_term_string"}}],"inLanguage":"de"},{"@type":"Organization","@id":"https:\/\/findpetgps.com\/de\/#organization","name":"findPetGPS","url":"https:\/\/findpetgps.com\/de\/","logo":{"@type":"ImageObject","inLanguage":"de","@id":"https:\/\/findpetgps.com\/de\/#\/schema\/logo\/image\/","url":"https:\/\/findpetgps.com\/wp-content\/uploads\/2020\/10\/Findpet-Logo-01-200.png","contentUrl":"https:\/\/findpetgps.com\/wp-content\/uploads\/2020\/10\/Findpet-Logo-01-200.png","width":283,"height":200,"caption":"findPetGPS"},"image":{"@id":"https:\/\/findpetgps.com\/de\/#\/schema\/logo\/image\/"}}]}},"_links":{"self":[{"href":"https:\/\/findpetgps.com\/de\/wp-json\/wp\/v2\/pages\/5659","targetHints":{"allow":["GET"]}}],"collection":[{"href":"https:\/\/findpetgps.com\/de\/wp-json\/wp\/v2\/pages"}],"about":[{"href":"https:\/\/findpetgps.com\/de\/wp-json\/wp\/v2\/types\/page"}],"author":[{"embeddable":true,"href":"https:\/\/findpetgps.com\/de\/wp-json\/wp\/v2\/users\/1"}],"replies":[{"embeddable":true,"href":"https:\/\/findpetgps.com\/de\/wp-json\/wp\/v2\/comments?post=5659"}],"version-history":[{"count":0,"href":"https:\/\/findpetgps.com\/de\/wp-json\/wp\/v2\/pages\/5659\/revisions"}],"wp:attachment":[{"href":"https:\/\/findpetgps.com\/de\/wp-json\/wp\/v2\/media?parent=5659"}],"curies":[{"name":"wp","href":"https:\/\/api.w.org\/{rel}","templated":true}]}}