{"id":2952,"date":"2020-10-16T19:54:14","date_gmt":"2020-10-16T17:54:14","guid":{"rendered":"https:\/\/findpetgps.com\/rechtliche-warnung\/datenschutz-bestimmungen\/"},"modified":"2021-07-09T11:51:07","modified_gmt":"2021-07-09T09:51:07","slug":"datenschutz-bestimmungen","status":"publish","type":"page","link":"https:\/\/findpetgps.com\/de\/rechtliche-warnung\/datenschutz-bestimmungen\/","title":{"rendered":"Datenschutz-Bestimmungen"},"content":{"rendered":"\n<p>Konsultieren Sie die Datenschutzrichtlinie bez\u00fcglich des findPet GPS-Shops, der Ger\u00e4te und Dienste<\/p>\n\n<p><strong>  1. ERFASSUNG UND VERARBEITUNG VON PERS\u00d6NLICHEN DATEN.<\/strong><\/p>\n\n<p>Wer ist f\u00fcr die Verarbeitung Ihrer Daten verantwortlich?<\/p>\n\n<p>Eigent\u00fcmer und Verantwortlicher der automatisierten Datei ist findPet, Eigent\u00fcmer GPS Consulting, SL mit CIF B816677783 und Sitz in Boadilla del Monte (Madrid).<\/p>\n\n<p>Zu welchem Zweck verarbeiten wir Ihre personenbezogenen Daten?<\/p>\n\n<p>Bei findPetGPS.com verwenden wir Ihre personenbezogenen Daten nur f\u00fcr die folgenden Zwecke:<\/p>\n\n<p><strong>KAUF \/ REGISTRIERUNG:<\/strong><\/p>\n\n<ul class=\"wp-block-list\"><li>Verwalten Sie Ihre Bestellungen.<\/li><li>Gew\u00e4hrleisten Sie das ordnungsgem\u00e4\u00dfe Funktionieren des Online-Shops, f\u00fcr den wir alle Ihre Fragen beantworten, Sie durch die Prozesse f\u00fchren und Sie kontaktieren k\u00f6nnen, falls beim Kauf eine Anomalie festgestellt wird.<\/li><li>Gehen Sie auf die Zweifel und Anfragen ein, die Sie uns m\u00f6glicherweise senden.<\/li><li>Halten Sie sich \u00fcber Angebote und Aktionen auf dem Laufenden.<\/li><li>Erstellen Sie ein Profil auf unserer Website, indem Sie Ihre Basisdaten in ein Formular eingeben, damit Sie Ihre Eink\u00e4ufe personalisieren und auf alle Produkte und Werbeaktionen im Gesch\u00e4ft zugreifen k\u00f6nnen.<\/li><\/ul>\n\n<p><strong>KONTAKT und UNTERST\u00dcTZUNG:<\/strong><\/p>\n\n<ul class=\"wp-block-list\"><li>Reagieren Sie auf die Zweifel und Anfragen, die Sie uns senden k\u00f6nnen, und leisten Sie auf Anfrage technischen Service.<\/li><\/ul>\n\n<p><strong>NEWSLETTER:<\/strong><\/p>\n\n<ul class=\"wp-block-list\"><li>Senden Sie Informationen zu Neuigkeiten, Angeboten und Werbeaktionen.<\/li><\/ul>\n\n<p>In jedem Fall k\u00f6nnen Sie beim Surfen auf unserer Website Ihre Aktionen verfolgen, um sie zu verbessern, benutzerfreundlicher und sicherer zu machen und Ihnen einen besseren Service und eine bessere Erfahrung darin zu bieten.<\/p>\n\n<p><strong>Was ist die Legitimit\u00e4t f\u00fcr die Verarbeitung Ihrer Daten?<\/strong><\/p>\n\n<p>Rechtsgrundlage f\u00fcr die Verarbeitung Ihrer Daten ist die Einwilligung zur Beantwortung der \u00fcber die Website gestellten Fragen, die die Annahme dieser Bedingungen durch den Interessenten impliziert.<\/p>\n\n<p><strong>An welche Empf\u00e4nger werden Ihre Daten \u00fcbermittelt?<\/strong><\/p>\n\n<p>Personenbezogene Daten werden nicht an Dritte weitergegeben, es sei denn, dies ist gesetzlich vorgeschrieben oder im Rahmen des oben beschriebenen Zwecks, beispielsweise an \u00f6ffentliche Verwaltungen oder andere Stellen, falls dies zur Erf\u00fcllung der Verpflichtungen der Organisation erforderlich ist.<\/p>\n\n<p><strong>Welche Rechte haben Sie, wenn Sie uns Ihre Daten zur Verf\u00fcgung stellen?<\/strong><\/p>\n\n<p>Sie haben das Recht, eine Best\u00e4tigung dar\u00fcber zu erhalten, ob FindPetGPS.com personenbezogene Daten behandelt, die Sie betreffen. Sie haben auch das Recht, auf Ihre personenbezogenen Daten zuzugreifen sowie die Berichtigung ungenauer Daten zu beantragen oder gegebenenfalls deren L\u00f6schung zu beantragen, wenn die Daten unter anderem f\u00fcr die Zwecke, f\u00fcr die sie erhoben wurden, nicht mehr erforderlich sind.<\/p>\n\n<p>Unter bestimmten Umst\u00e4nden k\u00f6nnen Sie die Einschr\u00e4nkung der Verarbeitung Ihrer Daten beantragen. In diesem Fall werden wir diese nur zur Aus\u00fcbung oder Verteidigung von Anspr\u00fcchen aufbewahren. Aus Gr\u00fcnden, die sich auf Ihre spezielle Situation beziehen, k\u00f6nnen Sie auch der Verarbeitung Ihrer Daten widersprechen.<\/p>\n\n<p>FindPetgps.com stellt die Verarbeitung der Daten ein, au\u00dfer aus zwingenden berechtigten Gr\u00fcnden oder zur Aus\u00fcbung oder Verteidigung m\u00f6glicher Anspr\u00fcche. Denken Sie daran, dass Sie jederzeit einen Anspruch bei der Kontrollbeh\u00f6rde einreichen k\u00f6nnen.<\/p>\n\n<p>F\u00fcr Klarstellungen oder Anfragen zur Aus\u00fcbung eines dieser Rechte k\u00f6nnen Sie uns eine Anfrage an senden<a href=\"mailto:info@findpetgps.com\"> info@findpetgps.com<\/a><\/p>\n\n<p><strong>Wie haben wir Ihre Daten erhalten?<\/strong><\/p>\n\n<p>Alle vertraulichen Informationen, die \u00fcber unsere Website gesendet werden, sind verschl\u00fcsselt und daher vor Dritten gesch\u00fctzt. Das Senden dieser Informationen erfolgt \u00fcber das SSL-Sicherheitsprotokoll (Secure Socket Layer), das die von Ihnen gesendeten Informationen verschl\u00fcsselt, bevor sie uns erreichen, um sie vor Dritten zu sch\u00fctzen. In keinem Fall werden die Daten gespeichert, die die Identifizierung des Zahlungsmittels mit der Identit\u00e4t seines Eigent\u00fcmers in Beziehung setzen k\u00f6nnen.<\/p>\n\n<p>Die von uns verarbeiteten personenbezogenen Daten wurden direkt von Ihnen \u00fcber die verschiedenen auf der Website verf\u00fcgbaren Formulare bereitgestellt. Es werden nur die angegebenen Identifikations- und Kontaktdaten verarbeitet.<\/p>\n\n<hr class=\"wp-block-separator\"\/>\n\n<p><strong>2. ZAHLUNGSTOR.<\/strong><\/p>\n\n<p>Alle Zahlungen oder wirtschaftlichen Transaktionen \u00fcber die Website, bei denen der Benutzer seine Kredit- oder Debitkartendaten angeben muss, erfolgen \u00fcber ein Zahlungsgateway-System, das direkt und ausschlie\u00dflich von Strime (Unternehmen, mit dem FindPetgps zusammenarbeitet) verwaltet wird. com hat seine Umsetzung arrangiert). In diesem Fall ist es die Bank, die auf diese Daten zugreift und diese verarbeitet, um die geschuldeten Betr\u00e4ge tats\u00e4chlich zu bezahlen. FindPetgps.com hat keinen Zugriff auf solche Daten.<\/p>\n\n<p><strong>WICHTIG<\/strong> : Die Kreditkartendaten werden direkt auf der sicheren Website der Bank eingegeben, sodass FindPetgps.com diese Daten nicht \u00fcbertr\u00e4gt oder auf ihren Servern speichert.<\/p>\n\n<hr class=\"wp-block-separator\"\/>\n\n<p><strong>3. Recht auf Zugang, Ablehnung, Berichtigung und Stornierung.<\/strong><\/p>\n\n<p>Der Benutzer, der seine pers\u00f6nlichen Daten in die Formulare auf unserer Website eingibt, hat das volle Recht, jederzeit seine Rechte auf Zugang, Widerspruch, Berichtigung und L\u00f6schung auszu\u00fcben, indem er dies anfordert<a href=\"mailto:info@findpetgps.com\"> info@findPetgps.com<\/a> , die immer dem Antrag auf eine Kopie der NIF des Dateninhabers beigef\u00fcgt ist. In jedem Fall verpflichtet sich gps.com, die erhobenen personenbezogenen Daten zu l\u00f6schen, wenn sie f\u00fcr die Zwecke, f\u00fcr die sie erhoben wurden, nicht mehr erforderlich oder relevant sind.<\/p>\n\n<hr class=\"wp-block-separator\"\/>\n\n<p><strong>4. \u00c4NDERUNG DER DATENSCHUTZVORSCHRIFTEN.<\/strong><br\/>findPetgps.com kann die Datenschutzrichtlinie jederzeit gem\u00e4\u00df den \u00c4nderungen der Gesetze und Vorschriften, die diese Angelegenheit regeln und die Rechte des Benutzers sch\u00fctzen, \u00e4ndern oder aktualisieren und sind verbindlich, sobald sie darin ver\u00f6ffentlicht werden . Wenn der Benutzer mit den \u00c4nderungen, die an der Datenschutzrichtlinie vorgenommen werden k\u00f6nnen, nicht einverstanden ist, empfehlen wir, die Nutzung dieser Website einzustellen.<\/p>\n","protected":false},"excerpt":{"rendered":"<p>Konsultieren Sie die Datenschutzrichtlinie bez\u00fcglich des findPet GPS-Shops, der Ger\u00e4te und Dienste 1. ERFASSUNG UND VERARBEITUNG VON PERS\u00d6NLICHEN DATEN. Wer ist f\u00fcr die Verarbeitung Ihrer Daten verantwortlich? Eigent\u00fcmer und Verantwortlicher der automatisierten Datei ist findPet, Eigent\u00fcmer GPS Consulting, SL mit CIF B816677783 und Sitz in Boadilla del Monte (Madrid). Zu welchem Zweck verarbeiten wir Ihre [&hellip;]<\/p>\n","protected":false},"author":1,"featured_media":0,"parent":2786,"menu_order":26,"comment_status":"closed","ping_status":"closed","template":"","meta":{"footnotes":"","_elementor_edit_mode":"","_elementor_template_type":"","_elementor_data":"","_elementor_page_settings":null,"_elementor_conditions":[]},"class_list":["post-2952","page","type-page","status-publish","hentry"],"yoast_head":"<!-- This site is optimized with the Yoast SEO plugin v27.1.1 - https:\/\/yoast.com\/product\/yoast-seo-wordpress\/ -->\n<title>Datenschutz-Bestimmungen - findPetGPS<\/title>\n<meta name=\"robots\" content=\"index, follow, max-snippet:-1, max-image-preview:large, max-video-preview:-1\" \/>\n<link rel=\"canonical\" href=\"https:\/\/findpetgps.com\/de\/rechtliche-warnung\/datenschutz-bestimmungen\/\" \/>\n<meta property=\"og:locale\" content=\"de_DE\" \/>\n<meta property=\"og:type\" content=\"article\" \/>\n<meta property=\"og:title\" content=\"Datenschutz-Bestimmungen - findPetGPS\" \/>\n<meta property=\"og:description\" content=\"Konsultieren Sie die Datenschutzrichtlinie bez\u00fcglich des findPet GPS-Shops, der Ger\u00e4te und Dienste 1. ERFASSUNG UND VERARBEITUNG VON PERS\u00d6NLICHEN DATEN. Wer ist f\u00fcr die Verarbeitung Ihrer Daten verantwortlich? Eigent\u00fcmer und Verantwortlicher der automatisierten Datei ist findPet, Eigent\u00fcmer GPS Consulting, SL mit CIF B816677783 und Sitz in Boadilla del Monte (Madrid). Zu welchem Zweck verarbeiten wir Ihre [&hellip;]\" \/>\n<meta property=\"og:url\" content=\"https:\/\/findpetgps.com\/de\/rechtliche-warnung\/datenschutz-bestimmungen\/\" \/>\n<meta property=\"og:site_name\" content=\"findPetGPS\" \/>\n<meta property=\"article:modified_time\" content=\"2021-07-09T09:51:07+00:00\" \/>\n<meta name=\"twitter:card\" content=\"summary_large_image\" \/>\n<meta name=\"twitter:label1\" content=\"Gesch\u00e4tzte Lesezeit\" \/>\n\t<meta name=\"twitter:data1\" content=\"4\u00a0Minuten\" \/>\n<script type=\"application\/ld+json\" class=\"yoast-schema-graph\">{\"@context\":\"https:\/\/schema.org\",\"@graph\":[{\"@type\":\"WebPage\",\"@id\":\"https:\/\/findpetgps.com\/de\/rechtliche-warnung\/datenschutz-bestimmungen\/\",\"url\":\"https:\/\/findpetgps.com\/de\/rechtliche-warnung\/datenschutz-bestimmungen\/\",\"name\":\"Datenschutz-Bestimmungen - findPetGPS\",\"isPartOf\":{\"@id\":\"https:\/\/findpetgps.com\/de\/#website\"},\"datePublished\":\"2020-10-16T17:54:14+00:00\",\"dateModified\":\"2021-07-09T09:51:07+00:00\",\"breadcrumb\":{\"@id\":\"https:\/\/findpetgps.com\/de\/rechtliche-warnung\/datenschutz-bestimmungen\/#breadcrumb\"},\"inLanguage\":\"de\",\"potentialAction\":[{\"@type\":\"ReadAction\",\"target\":[\"https:\/\/findpetgps.com\/de\/rechtliche-warnung\/datenschutz-bestimmungen\/\"]}]},{\"@type\":\"BreadcrumbList\",\"@id\":\"https:\/\/findpetgps.com\/de\/rechtliche-warnung\/datenschutz-bestimmungen\/#breadcrumb\",\"itemListElement\":[{\"@type\":\"ListItem\",\"position\":1,\"name\":\"Portada\",\"item\":\"https:\/\/findpetgps.com\/de\/\"},{\"@type\":\"ListItem\",\"position\":2,\"name\":\"Rechtliche Warnung\",\"item\":\"https:\/\/findpetgps.com\/de\/aviso-legal\/\"},{\"@type\":\"ListItem\",\"position\":3,\"name\":\"Datenschutz-Bestimmungen\"}]},{\"@type\":\"WebSite\",\"@id\":\"https:\/\/findpetgps.com\/de\/#website\",\"url\":\"https:\/\/findpetgps.com\/de\/\",\"name\":\"findPetGPS\",\"description\":\"GPS-Ortungsger\u00e4te f\u00fcr Hunde und Katzen\",\"publisher\":{\"@id\":\"https:\/\/findpetgps.com\/de\/#organization\"},\"potentialAction\":[{\"@type\":\"SearchAction\",\"target\":{\"@type\":\"EntryPoint\",\"urlTemplate\":\"https:\/\/findpetgps.com\/de\/?s={search_term_string}\"},\"query-input\":{\"@type\":\"PropertyValueSpecification\",\"valueRequired\":true,\"valueName\":\"search_term_string\"}}],\"inLanguage\":\"de\"},{\"@type\":\"Organization\",\"@id\":\"https:\/\/findpetgps.com\/de\/#organization\",\"name\":\"findPetGPS\",\"url\":\"https:\/\/findpetgps.com\/de\/\",\"logo\":{\"@type\":\"ImageObject\",\"inLanguage\":\"de\",\"@id\":\"https:\/\/findpetgps.com\/de\/#\/schema\/logo\/image\/\",\"url\":\"https:\/\/findpetgps.com\/wp-content\/uploads\/2020\/10\/Findpet-Logo-01-200.png\",\"contentUrl\":\"https:\/\/findpetgps.com\/wp-content\/uploads\/2020\/10\/Findpet-Logo-01-200.png\",\"width\":283,\"height\":200,\"caption\":\"findPetGPS\"},\"image\":{\"@id\":\"https:\/\/findpetgps.com\/de\/#\/schema\/logo\/image\/\"}}]}<\/script>\n<!-- \/ Yoast SEO plugin. -->","yoast_head_json":{"title":"Datenschutz-Bestimmungen - findPetGPS","robots":{"index":"index","follow":"follow","max-snippet":"max-snippet:-1","max-image-preview":"max-image-preview:large","max-video-preview":"max-video-preview:-1"},"canonical":"https:\/\/findpetgps.com\/de\/rechtliche-warnung\/datenschutz-bestimmungen\/","og_locale":"de_DE","og_type":"article","og_title":"Datenschutz-Bestimmungen - findPetGPS","og_description":"Konsultieren Sie die Datenschutzrichtlinie bez\u00fcglich des findPet GPS-Shops, der Ger\u00e4te und Dienste 1. ERFASSUNG UND VERARBEITUNG VON PERS\u00d6NLICHEN DATEN. Wer ist f\u00fcr die Verarbeitung Ihrer Daten verantwortlich? Eigent\u00fcmer und Verantwortlicher der automatisierten Datei ist findPet, Eigent\u00fcmer GPS Consulting, SL mit CIF B816677783 und Sitz in Boadilla del Monte (Madrid). Zu welchem Zweck verarbeiten wir Ihre [&hellip;]","og_url":"https:\/\/findpetgps.com\/de\/rechtliche-warnung\/datenschutz-bestimmungen\/","og_site_name":"findPetGPS","article_modified_time":"2021-07-09T09:51:07+00:00","twitter_card":"summary_large_image","twitter_misc":{"Gesch\u00e4tzte Lesezeit":"4\u00a0Minuten"},"schema":{"@context":"https:\/\/schema.org","@graph":[{"@type":"WebPage","@id":"https:\/\/findpetgps.com\/de\/rechtliche-warnung\/datenschutz-bestimmungen\/","url":"https:\/\/findpetgps.com\/de\/rechtliche-warnung\/datenschutz-bestimmungen\/","name":"Datenschutz-Bestimmungen - findPetGPS","isPartOf":{"@id":"https:\/\/findpetgps.com\/de\/#website"},"datePublished":"2020-10-16T17:54:14+00:00","dateModified":"2021-07-09T09:51:07+00:00","breadcrumb":{"@id":"https:\/\/findpetgps.com\/de\/rechtliche-warnung\/datenschutz-bestimmungen\/#breadcrumb"},"inLanguage":"de","potentialAction":[{"@type":"ReadAction","target":["https:\/\/findpetgps.com\/de\/rechtliche-warnung\/datenschutz-bestimmungen\/"]}]},{"@type":"BreadcrumbList","@id":"https:\/\/findpetgps.com\/de\/rechtliche-warnung\/datenschutz-bestimmungen\/#breadcrumb","itemListElement":[{"@type":"ListItem","position":1,"name":"Portada","item":"https:\/\/findpetgps.com\/de\/"},{"@type":"ListItem","position":2,"name":"Rechtliche Warnung","item":"https:\/\/findpetgps.com\/de\/aviso-legal\/"},{"@type":"ListItem","position":3,"name":"Datenschutz-Bestimmungen"}]},{"@type":"WebSite","@id":"https:\/\/findpetgps.com\/de\/#website","url":"https:\/\/findpetgps.com\/de\/","name":"findPetGPS","description":"GPS-Ortungsger\u00e4te f\u00fcr Hunde und Katzen","publisher":{"@id":"https:\/\/findpetgps.com\/de\/#organization"},"potentialAction":[{"@type":"SearchAction","target":{"@type":"EntryPoint","urlTemplate":"https:\/\/findpetgps.com\/de\/?s={search_term_string}"},"query-input":{"@type":"PropertyValueSpecification","valueRequired":true,"valueName":"search_term_string"}}],"inLanguage":"de"},{"@type":"Organization","@id":"https:\/\/findpetgps.com\/de\/#organization","name":"findPetGPS","url":"https:\/\/findpetgps.com\/de\/","logo":{"@type":"ImageObject","inLanguage":"de","@id":"https:\/\/findpetgps.com\/de\/#\/schema\/logo\/image\/","url":"https:\/\/findpetgps.com\/wp-content\/uploads\/2020\/10\/Findpet-Logo-01-200.png","contentUrl":"https:\/\/findpetgps.com\/wp-content\/uploads\/2020\/10\/Findpet-Logo-01-200.png","width":283,"height":200,"caption":"findPetGPS"},"image":{"@id":"https:\/\/findpetgps.com\/de\/#\/schema\/logo\/image\/"}}]}},"_links":{"self":[{"href":"https:\/\/findpetgps.com\/de\/wp-json\/wp\/v2\/pages\/2952","targetHints":{"allow":["GET"]}}],"collection":[{"href":"https:\/\/findpetgps.com\/de\/wp-json\/wp\/v2\/pages"}],"about":[{"href":"https:\/\/findpetgps.com\/de\/wp-json\/wp\/v2\/types\/page"}],"author":[{"embeddable":true,"href":"https:\/\/findpetgps.com\/de\/wp-json\/wp\/v2\/users\/1"}],"replies":[{"embeddable":true,"href":"https:\/\/findpetgps.com\/de\/wp-json\/wp\/v2\/comments?post=2952"}],"version-history":[{"count":0,"href":"https:\/\/findpetgps.com\/de\/wp-json\/wp\/v2\/pages\/2952\/revisions"}],"up":[{"embeddable":true,"href":"https:\/\/findpetgps.com\/de\/wp-json\/wp\/v2\/pages\/2786"}],"wp:attachment":[{"href":"https:\/\/findpetgps.com\/de\/wp-json\/wp\/v2\/media?parent=2952"}],"curies":[{"name":"wp","href":"https:\/\/api.w.org\/{rel}","templated":true}]}}