{"id":2887,"date":"2020-10-16T20:00:31","date_gmt":"2020-10-16T18:00:31","guid":{"rendered":"https:\/\/findpetgps.com\/rechtliche-warnung\/cookie-richtlinie\/"},"modified":"2020-11-06T19:22:45","modified_gmt":"2020-11-06T17:22:45","slug":"cookie-richtlinie","status":"publish","type":"page","link":"https:\/\/findpetgps.com\/de\/rechtliche-warnung\/cookie-richtlinie\/","title":{"rendered":"Cookie-Richtlinie"},"content":{"rendered":"\n<h3 class=\"wp-block-heading\" id=\"h-cookies\">Kekse<\/h3>\n\n<p>EIN<em> Pl\u00e4tzchen<\/em> Es ist eine kleine Textdatei, die in Ihrem Browser gespeichert wird, wenn Sie fast jede Webseite besuchen. Es ist n\u00fctzlich, dass sich das Web an Ihren Besuch erinnern kann, wenn Sie zur\u00fcckkehren, um diese Seite zu durchsuchen. Das<em> Kekse<\/em> Sie speichern normalerweise technische Informationen, pers\u00f6nliche Vorlieben, Personalisierung von Inhalten, Nutzungsstatistiken, Links zu sozialen Netzwerken, Zugriff auf Benutzerkonten usw. Das Ziel der<em> Pl\u00e4tzchen<\/em> ist es, den Inhalt des Webs an Ihr Profil und Ihre Bed\u00fcrfnisse anzupassen, ohne<em> Kekse<\/em> Die von einer Seite angebotenen Dienste w\u00fcrden erheblich reduziert.<\/p>\n\n<p>Wenn Sie einen Kommentar auf unserer Website hinterlassen, k\u00f6nnen Sie Ihren Namen, Ihre E-Mail-Adresse und Ihre Website in Cookies speichern. Dies dient Ihrer Bequemlichkeit, sodass Sie Ihre Daten nicht erneut eingeben m\u00fcssen, wenn Sie einen weiteren Kommentar hinterlassen. Diese Cookies halten ein Jahr lang.<\/p>\n\n<p>Wenn Sie ein Konto haben und eine Verbindung zu dieser Site herstellen, installieren wir ein tempor\u00e4res Cookie, um festzustellen, ob Ihr Browser Cookies akzeptiert. Dieses Cookie enth\u00e4lt keine pers\u00f6nlichen Daten und wird beim Schlie\u00dfen des Browsers gel\u00f6scht.<\/p>\n\n<p>Wenn Sie sich anmelden, installieren wir auch mehrere Cookies, um Ihre Anmeldeinformationen und Ihre Bildschirmanzeigeoptionen zu speichern. Der Zugriff auf Cookies dauert zwei Tage, und die Cookies f\u00fcr Bildschirmoptionen dauern ein Jahr. Wenn Sie &#8222;An mich erinnern&#8220; ausw\u00e4hlen, dauert Ihr Zugriff zwei Wochen. Wenn Sie sich von Ihrem Konto abmelden, werden die Zugriffscookies gel\u00f6scht.<\/p>\n\n<p>Wenn Sie einen Artikel bearbeiten oder ver\u00f6ffentlichen, wird ein zus\u00e4tzliches Cookie in Ihrem Browser gespeichert. Dieses Cookie enth\u00e4lt keine pers\u00f6nlichen Daten und gibt lediglich die ID des Artikels an, den Sie gerade bearbeitet haben. Es l\u00e4uft nach 1 Tag ab.<\/p>\n\n<p>Nach den Richtlinien der spanischen Datenschutzbeh\u00f6rde werden wir die Verwendung von detailliert beschreiben<em> Kekse<\/em> dass diese Website tut, um Sie so genau wie m\u00f6glich zu informieren.<\/p>\n\n<p>Diese Website verwendet Folgendes<strong> eigene Cookies<\/strong> ::<\/p>\n\n<ul class=\"wp-block-list\"><li>Sitzungscookies, um sicherzustellen, dass Benutzer, die Kommentare schreiben und Bestellungen und Formulare im Blog ausf\u00fcllen, menschliche und keine automatisierten Anwendungen sind. Auf diese Weise wird die<em> Spam<\/em> .<\/li><\/ul>\n\n<p>Diese Website verwendet Folgendes<strong> Cookies von Drittanbietern<\/strong> ::<\/p>\n\n<ul class=\"wp-block-list\"><li>Google Analytics: Gesch\u00e4fte<em> Kekse<\/em> um Statistiken \u00fcber den Verkehr und das Volumen der Besuche auf dieser Website zu erstellen. Durch die Nutzung dieser Website stimmen Sie der Verarbeitung von Informationen \u00fcber Sie durch Google zu. Daher muss die Aus\u00fcbung eines Rechts in dieser Hinsicht durch direkte Kommunikation mit Google erfolgen.<\/li><li>Soziale Netzwerke: Jedes soziale Netzwerk verwendet sein eigenes<em> Kekse<\/em> f\u00fcr Sie auf Schaltfl\u00e4chen wie klicken<em> ich mag<\/em> oder<em> Teilen<\/em> .<\/li><\/ul>\n","protected":false},"excerpt":{"rendered":"<p>Kekse EIN Pl\u00e4tzchen Es ist eine kleine Textdatei, die in Ihrem Browser gespeichert wird, wenn Sie fast jede Webseite besuchen. Es ist n\u00fctzlich, dass sich das Web an Ihren Besuch erinnern kann, wenn Sie zur\u00fcckkehren, um diese Seite zu durchsuchen. Das Kekse Sie speichern normalerweise technische Informationen, pers\u00f6nliche Vorlieben, Personalisierung von Inhalten, Nutzungsstatistiken, Links zu [&hellip;]<\/p>\n","protected":false},"author":1,"featured_media":0,"parent":2786,"menu_order":25,"comment_status":"closed","ping_status":"closed","template":"","meta":{"footnotes":"","_elementor_edit_mode":"","_elementor_template_type":"","_elementor_data":"","_elementor_page_settings":null,"_elementor_conditions":[]},"class_list":["post-2887","page","type-page","status-publish","hentry"],"yoast_head":"<!-- This site is optimized with the Yoast SEO plugin v27.1.1 - https:\/\/yoast.com\/product\/yoast-seo-wordpress\/ -->\n<title>Cookie-Richtlinie - findPetGPS<\/title>\n<meta name=\"robots\" content=\"index, follow, max-snippet:-1, max-image-preview:large, max-video-preview:-1\" \/>\n<link rel=\"canonical\" href=\"https:\/\/findpetgps.com\/de\/rechtliche-warnung\/cookie-richtlinie\/\" \/>\n<meta property=\"og:locale\" content=\"de_DE\" \/>\n<meta property=\"og:type\" content=\"article\" \/>\n<meta property=\"og:title\" content=\"Cookie-Richtlinie - findPetGPS\" \/>\n<meta property=\"og:description\" content=\"Kekse EIN Pl\u00e4tzchen Es ist eine kleine Textdatei, die in Ihrem Browser gespeichert wird, wenn Sie fast jede Webseite besuchen. Es ist n\u00fctzlich, dass sich das Web an Ihren Besuch erinnern kann, wenn Sie zur\u00fcckkehren, um diese Seite zu durchsuchen. Das Kekse Sie speichern normalerweise technische Informationen, pers\u00f6nliche Vorlieben, Personalisierung von Inhalten, Nutzungsstatistiken, Links zu [&hellip;]\" \/>\n<meta property=\"og:url\" content=\"https:\/\/findpetgps.com\/de\/rechtliche-warnung\/cookie-richtlinie\/\" \/>\n<meta property=\"og:site_name\" content=\"findPetGPS\" \/>\n<meta property=\"article:modified_time\" content=\"2020-11-06T17:22:45+00:00\" \/>\n<meta name=\"twitter:card\" content=\"summary_large_image\" \/>\n<meta name=\"twitter:label1\" content=\"Gesch\u00e4tzte Lesezeit\" \/>\n\t<meta name=\"twitter:data1\" content=\"2\u00a0Minuten\" \/>\n<script type=\"application\/ld+json\" class=\"yoast-schema-graph\">{\"@context\":\"https:\/\/schema.org\",\"@graph\":[{\"@type\":\"WebPage\",\"@id\":\"https:\/\/findpetgps.com\/de\/rechtliche-warnung\/cookie-richtlinie\/\",\"url\":\"https:\/\/findpetgps.com\/de\/rechtliche-warnung\/cookie-richtlinie\/\",\"name\":\"Cookie-Richtlinie - findPetGPS\",\"isPartOf\":{\"@id\":\"https:\/\/findpetgps.com\/de\/#website\"},\"datePublished\":\"2020-10-16T18:00:31+00:00\",\"dateModified\":\"2020-11-06T17:22:45+00:00\",\"breadcrumb\":{\"@id\":\"https:\/\/findpetgps.com\/de\/rechtliche-warnung\/cookie-richtlinie\/#breadcrumb\"},\"inLanguage\":\"de\",\"potentialAction\":[{\"@type\":\"ReadAction\",\"target\":[\"https:\/\/findpetgps.com\/de\/rechtliche-warnung\/cookie-richtlinie\/\"]}]},{\"@type\":\"BreadcrumbList\",\"@id\":\"https:\/\/findpetgps.com\/de\/rechtliche-warnung\/cookie-richtlinie\/#breadcrumb\",\"itemListElement\":[{\"@type\":\"ListItem\",\"position\":1,\"name\":\"Portada\",\"item\":\"https:\/\/findpetgps.com\/de\/\"},{\"@type\":\"ListItem\",\"position\":2,\"name\":\"Rechtliche Warnung\",\"item\":\"https:\/\/findpetgps.com\/de\/aviso-legal\/\"},{\"@type\":\"ListItem\",\"position\":3,\"name\":\"Cookie-Richtlinie\"}]},{\"@type\":\"WebSite\",\"@id\":\"https:\/\/findpetgps.com\/de\/#website\",\"url\":\"https:\/\/findpetgps.com\/de\/\",\"name\":\"findPetGPS\",\"description\":\"GPS-Ortungsger\u00e4te f\u00fcr Hunde und Katzen\",\"publisher\":{\"@id\":\"https:\/\/findpetgps.com\/de\/#organization\"},\"potentialAction\":[{\"@type\":\"SearchAction\",\"target\":{\"@type\":\"EntryPoint\",\"urlTemplate\":\"https:\/\/findpetgps.com\/de\/?s={search_term_string}\"},\"query-input\":{\"@type\":\"PropertyValueSpecification\",\"valueRequired\":true,\"valueName\":\"search_term_string\"}}],\"inLanguage\":\"de\"},{\"@type\":\"Organization\",\"@id\":\"https:\/\/findpetgps.com\/de\/#organization\",\"name\":\"findPetGPS\",\"url\":\"https:\/\/findpetgps.com\/de\/\",\"logo\":{\"@type\":\"ImageObject\",\"inLanguage\":\"de\",\"@id\":\"https:\/\/findpetgps.com\/de\/#\/schema\/logo\/image\/\",\"url\":\"https:\/\/findpetgps.com\/wp-content\/uploads\/2020\/10\/Findpet-Logo-01-200.png\",\"contentUrl\":\"https:\/\/findpetgps.com\/wp-content\/uploads\/2020\/10\/Findpet-Logo-01-200.png\",\"width\":283,\"height\":200,\"caption\":\"findPetGPS\"},\"image\":{\"@id\":\"https:\/\/findpetgps.com\/de\/#\/schema\/logo\/image\/\"}}]}<\/script>\n<!-- \/ Yoast SEO plugin. -->","yoast_head_json":{"title":"Cookie-Richtlinie - findPetGPS","robots":{"index":"index","follow":"follow","max-snippet":"max-snippet:-1","max-image-preview":"max-image-preview:large","max-video-preview":"max-video-preview:-1"},"canonical":"https:\/\/findpetgps.com\/de\/rechtliche-warnung\/cookie-richtlinie\/","og_locale":"de_DE","og_type":"article","og_title":"Cookie-Richtlinie - findPetGPS","og_description":"Kekse EIN Pl\u00e4tzchen Es ist eine kleine Textdatei, die in Ihrem Browser gespeichert wird, wenn Sie fast jede Webseite besuchen. Es ist n\u00fctzlich, dass sich das Web an Ihren Besuch erinnern kann, wenn Sie zur\u00fcckkehren, um diese Seite zu durchsuchen. Das Kekse Sie speichern normalerweise technische Informationen, pers\u00f6nliche Vorlieben, Personalisierung von Inhalten, Nutzungsstatistiken, Links zu [&hellip;]","og_url":"https:\/\/findpetgps.com\/de\/rechtliche-warnung\/cookie-richtlinie\/","og_site_name":"findPetGPS","article_modified_time":"2020-11-06T17:22:45+00:00","twitter_card":"summary_large_image","twitter_misc":{"Gesch\u00e4tzte Lesezeit":"2\u00a0Minuten"},"schema":{"@context":"https:\/\/schema.org","@graph":[{"@type":"WebPage","@id":"https:\/\/findpetgps.com\/de\/rechtliche-warnung\/cookie-richtlinie\/","url":"https:\/\/findpetgps.com\/de\/rechtliche-warnung\/cookie-richtlinie\/","name":"Cookie-Richtlinie - findPetGPS","isPartOf":{"@id":"https:\/\/findpetgps.com\/de\/#website"},"datePublished":"2020-10-16T18:00:31+00:00","dateModified":"2020-11-06T17:22:45+00:00","breadcrumb":{"@id":"https:\/\/findpetgps.com\/de\/rechtliche-warnung\/cookie-richtlinie\/#breadcrumb"},"inLanguage":"de","potentialAction":[{"@type":"ReadAction","target":["https:\/\/findpetgps.com\/de\/rechtliche-warnung\/cookie-richtlinie\/"]}]},{"@type":"BreadcrumbList","@id":"https:\/\/findpetgps.com\/de\/rechtliche-warnung\/cookie-richtlinie\/#breadcrumb","itemListElement":[{"@type":"ListItem","position":1,"name":"Portada","item":"https:\/\/findpetgps.com\/de\/"},{"@type":"ListItem","position":2,"name":"Rechtliche Warnung","item":"https:\/\/findpetgps.com\/de\/aviso-legal\/"},{"@type":"ListItem","position":3,"name":"Cookie-Richtlinie"}]},{"@type":"WebSite","@id":"https:\/\/findpetgps.com\/de\/#website","url":"https:\/\/findpetgps.com\/de\/","name":"findPetGPS","description":"GPS-Ortungsger\u00e4te f\u00fcr Hunde und Katzen","publisher":{"@id":"https:\/\/findpetgps.com\/de\/#organization"},"potentialAction":[{"@type":"SearchAction","target":{"@type":"EntryPoint","urlTemplate":"https:\/\/findpetgps.com\/de\/?s={search_term_string}"},"query-input":{"@type":"PropertyValueSpecification","valueRequired":true,"valueName":"search_term_string"}}],"inLanguage":"de"},{"@type":"Organization","@id":"https:\/\/findpetgps.com\/de\/#organization","name":"findPetGPS","url":"https:\/\/findpetgps.com\/de\/","logo":{"@type":"ImageObject","inLanguage":"de","@id":"https:\/\/findpetgps.com\/de\/#\/schema\/logo\/image\/","url":"https:\/\/findpetgps.com\/wp-content\/uploads\/2020\/10\/Findpet-Logo-01-200.png","contentUrl":"https:\/\/findpetgps.com\/wp-content\/uploads\/2020\/10\/Findpet-Logo-01-200.png","width":283,"height":200,"caption":"findPetGPS"},"image":{"@id":"https:\/\/findpetgps.com\/de\/#\/schema\/logo\/image\/"}}]}},"_links":{"self":[{"href":"https:\/\/findpetgps.com\/de\/wp-json\/wp\/v2\/pages\/2887","targetHints":{"allow":["GET"]}}],"collection":[{"href":"https:\/\/findpetgps.com\/de\/wp-json\/wp\/v2\/pages"}],"about":[{"href":"https:\/\/findpetgps.com\/de\/wp-json\/wp\/v2\/types\/page"}],"author":[{"embeddable":true,"href":"https:\/\/findpetgps.com\/de\/wp-json\/wp\/v2\/users\/1"}],"replies":[{"embeddable":true,"href":"https:\/\/findpetgps.com\/de\/wp-json\/wp\/v2\/comments?post=2887"}],"version-history":[{"count":0,"href":"https:\/\/findpetgps.com\/de\/wp-json\/wp\/v2\/pages\/2887\/revisions"}],"up":[{"embeddable":true,"href":"https:\/\/findpetgps.com\/de\/wp-json\/wp\/v2\/pages\/2786"}],"wp:attachment":[{"href":"https:\/\/findpetgps.com\/de\/wp-json\/wp\/v2\/media?parent=2887"}],"curies":[{"name":"wp","href":"https:\/\/api.w.org\/{rel}","templated":true}]}}