{"id":2786,"date":"2020-10-16T20:04:52","date_gmt":"2020-10-16T18:04:52","guid":{"rendered":"https:\/\/findpetgps.com\/rechtliche-warnung\/"},"modified":"2021-07-09T11:45:57","modified_gmt":"2021-07-09T09:45:57","slug":"rechtliche-warnung","status":"publish","type":"page","link":"https:\/\/findpetgps.com\/de\/rechtliche-warnung\/","title":{"rendered":"Rechtliche Warnung"},"content":{"rendered":"\n<h6 class=\"wp-block-heading\" id=\"h-1-condiciones-de-uso\">1. Nutzungsbedingungen.<\/h6>\n\n<p>Die hier genannten Bedingungen gelten f\u00fcr alle Transaktionen, die auf der Website www.findpetgps.com durchgef\u00fchrt werden, die von GPS Consulting SL, USt-IdNr. ESB16677783 verwaltet wird.<\/p>\n\n<p>findpetgps bietet seinen Kunden mit dieser Website einen Service. Bitte lesen Sie die Verkaufsbedingungen f\u00fcr unsere Website. Die Nutzung von findpetgps.com durch den Kunden stellt eine Vereinbarung mit den folgenden allgemeinen Gesch\u00e4ftsbedingungen dar. Wenn Sie diesen Bedingungen nicht zustimmen, verwenden Sie die Website bitte nicht.<\/p>\n\n<p>findpetgps kann diese Verkaufsbedingungen und allgemeinen Gesch\u00e4ftsbedingungen unter Ber\u00fccksichtigung m\u00f6glicher \u00c4nderungen der geltenden Gesetze und Vorschriften ganz oder teilweise \u00e4ndern oder aktualisieren. Die neuen Verkaufsbedingungen gelten ab dem Datum ihrer Ver\u00f6ffentlichung auf der Website findpetgps.com. Wir empfehlen, diese Allgemeinen Gesch\u00e4ftsbedingungen regelm\u00e4\u00dfig zu \u00fcberpr\u00fcfen. Wenn Sie mit den vorgenommenen \u00c4nderungen nicht einverstanden sind, verwenden Sie die Website bitte nicht.<\/p>\n\n<h6 class=\"wp-block-heading\" id=\"h-2-contenido-de-la-p-gina-web\">2. Inhalt der Website.<\/h6>\n\n<p>findpetgps versucht immer sicherzustellen, dass der Inhalt \u00fcberpr\u00fcft wird und keine falschen Informationen enth\u00e4lt. Im Falle eines Fehlers dieser Art, den wir nicht kontrollieren k\u00f6nnen, werden wir ihn unverz\u00fcglich korrigieren.<\/p>\n\n<p>Wir behalten uns das Recht vor, Fehler, Auslassungen oder Ungenauigkeiten zu korrigieren und Informationen jederzeit ohne vorherige Ank\u00fcndigung zu \u00e4ndern oder zu aktualisieren. Wir behalten uns das Recht vor, das kommerzielle Angebot unserer Website nach eigenem Ermessen zu \u00e4ndern. Diese \u00c4nderungen wirken sich in keinem Fall auf die bereits get\u00e4tigten K\u00e4ufe aus.<\/p>\n\n<p><a href=\"https:\/\/findpetgps.com\/de\/\">findpetgps.com<\/a> Es kann nicht f\u00fcr die Nutzung des Webs oder seiner Inhalte durch jeden Benutzer verantwortlich gemacht werden, der die geltenden Gesetze und Vorschriften nicht einh\u00e4lt. Der Benutzer ist allein und ausschlie\u00dflich verantwortlich f\u00fcr die Weitergabe falscher, falscher oder verwandter Informationen und Daten an Dritte (falls diese diesbez\u00fcglich keine Einwilligung erteilt haben) sowie f\u00fcr deren fehlerhafte Verwendung.<\/p>\n\n<p>findpetgps hat sich bem\u00fcht, die Farben der im Web angezeigten Produkte so genau wie m\u00f6glich anzuzeigen. In jedem Fall h\u00e4ngen die Farben, die der Benutzer sieht, auch von dem verwendeten Monitor ab. Daher kann findpetgps nicht die Genauigkeit der Farbe garantieren, die der Monitor anzeigt.<\/p>\n\n<h6 class=\"wp-block-heading\" id=\"h-3-derechos-de-propiedad-intelectual\">3. Rechte an geistigem Eigentum.<\/h6>\n\n<p>Der Benutzer erkennt an und r\u00e4umt ein, dass alle Urheberrechte, Designs, Fotos, einschlie\u00dflich Bildrechte, Grafiken, T\u00f6ne, Musik, Video, Audio, Text, Marken und alle anderen Inhalte sowie geistige und materielle Rechte Die hier beschriebenen Inhalte sind durch das Urheberrecht und andere geistige Eigentumsrechte von findpetgps und der anderen Rechteinhaber gesch\u00fctzt.<\/p>\n\n<p>Diese Website ist f\u00fcr den pers\u00f6nlichen und nicht kommerziellen Gebrauch des Benutzers bestimmt. Es ist verboten, Inhalte, Produkte oder Dienstleistungen auf dieser Website zu kopieren, zu \u00e4ndern, zu verteilen, zu \u00fcbertragen, zu ver\u00f6ffentlichen oder kommerziell zu nutzen.<\/p>\n\n<h6 class=\"wp-block-heading\" id=\"h-4-comentarios-de-usuarios\">4. Benutzerkommentare.<\/h6>\n\n<p>Alle Kommentare, Ideen, Meinungen, Kritiken etc. Das Angebot an findpetgps.com sollte Eigentum des Unternehmens bleiben. Die Verwendung von findpetgps f\u00fcr solche Kommentare, Meinungen und andere sollte in keiner Weise f\u00fcr kommerzielle oder andere Zwecke eingeschr\u00e4nkt werden.<\/p>\n\n<p>Der Benutzer erkl\u00e4rt sich damit einverstanden, keine Kommentare abzugeben, die die Rechte Dritter verletzen k\u00f6nnten. Der Benutzer erkl\u00e4rt sich auch damit einverstanden, keine Kommentare abzugeben, die obsz\u00f6ne, illegale oder missbr\u00e4uchliche Konnotationen enthalten k\u00f6nnen. Der Benutzer ist allein verantwortlich f\u00fcr den Inhalt der Kommentare.<\/p>\n\n<h6 class=\"wp-block-heading\" id=\"h-5-enlaces-con-otros-sitios-web\">5. Links zu anderen Websites.<\/h6>\n\n<p>findpetgps kann Links oder Links im Web zu Websites Dritter enthalten. findpetgps \u00fcberpr\u00fcft nicht alle Websites Dritter und f\u00fchrt keine Kontrollen durch. Daher kann findpetgps in keiner Weise f\u00fcr den Inhalt dieser Websites oder die Ma\u00dfnahmen verantwortlich gemacht werden, die sie in Bezug auf den Datenschutz oder die Behandlung der Websites ergreifen personenbezogene Daten des Nutzers.<\/p>\n\n<h6 class=\"wp-block-heading\" id=\"h-6-enlaces-con-findpetgps-com\">6. Links zu findpetgps.com.<\/h6>\n\n<p>Wenn Sie daran interessiert sind, einen Link zu findpetgps.com zu aktivieren, wenden Sie sich bitte \u00fcber die E-Mail-Adresse an findpetgps: info@findpetgps.com<\/p>\n\n<h6 class=\"wp-block-heading\" id=\"h-7-legislaci-n-aplicable-y-jurisdicci-n-competente\">7. Anwendbares Recht und zust\u00e4ndige Gerichtsbarkeit.<\/h6>\n\n<p>Die mit findpetgps.com get\u00e4tigten Eink\u00e4ufe unterliegen der spanischen Gesetzgebung. Die Parteien unterbreiten nach eigenem Ermessen die L\u00f6sung von Konflikten und den Verzicht auf eine andere Zust\u00e4ndigkeit den Gerichten des Wohnsitzes des Nutzers.<\/p>\n\n<h6 class=\"wp-block-heading\" id=\"h-8-uso-de-cookies\">8. Verwendung von Cookies.<\/h6>\n\n<p>Diese Website verwendet Cookies. Wenn Sie m\u00f6chten, k\u00f6nnen Sie die Verarbeitung von Daten oder Informationen ablehnen, indem Sie die Verwendung von Cookies \u00fcber die entsprechende Konfiguration Ihres Internetbrowsers ablehnen. Beachten Sie jedoch, dass Sie in diesem Fall m\u00f6glicherweise nicht alle verwenden k\u00f6nnen die Funktionalit\u00e4t dieser Website.<\/p>\n","protected":false},"excerpt":{"rendered":"<p>1. Nutzungsbedingungen. Die hier genannten Bedingungen gelten f\u00fcr alle Transaktionen, die auf der Website www.findpetgps.com durchgef\u00fchrt werden, die von GPS Consulting SL, USt-IdNr. ESB16677783 verwaltet wird. findpetgps bietet seinen Kunden mit dieser Website einen Service. Bitte lesen Sie die Verkaufsbedingungen f\u00fcr unsere Website. Die Nutzung von findpetgps.com durch den Kunden stellt eine Vereinbarung mit den [&hellip;]<\/p>\n","protected":false},"author":1,"featured_media":0,"parent":0,"menu_order":23,"comment_status":"closed","ping_status":"closed","template":"","meta":{"footnotes":"","_elementor_edit_mode":"","_elementor_template_type":"","_elementor_data":"","_elementor_page_settings":null,"_elementor_conditions":[]},"class_list":["post-2786","page","type-page","status-publish","hentry"],"yoast_head":"<!-- This site is optimized with the Yoast SEO plugin v27.1.1 - https:\/\/yoast.com\/product\/yoast-seo-wordpress\/ -->\n<title>Rechtliche Warnung - findPetGPS<\/title>\n<meta name=\"robots\" content=\"index, follow, max-snippet:-1, max-image-preview:large, max-video-preview:-1\" \/>\n<link rel=\"canonical\" href=\"https:\/\/findpetgps.com\/de\/rechtliche-warnung\/\" \/>\n<meta property=\"og:locale\" content=\"de_DE\" \/>\n<meta property=\"og:type\" content=\"article\" \/>\n<meta property=\"og:title\" content=\"Rechtliche Warnung - findPetGPS\" \/>\n<meta property=\"og:description\" content=\"1. Nutzungsbedingungen. Die hier genannten Bedingungen gelten f\u00fcr alle Transaktionen, die auf der Website www.findpetgps.com durchgef\u00fchrt werden, die von GPS Consulting SL, USt-IdNr. ESB16677783 verwaltet wird. findpetgps bietet seinen Kunden mit dieser Website einen Service. Bitte lesen Sie die Verkaufsbedingungen f\u00fcr unsere Website. Die Nutzung von findpetgps.com durch den Kunden stellt eine Vereinbarung mit den [&hellip;]\" \/>\n<meta property=\"og:url\" content=\"https:\/\/findpetgps.com\/de\/rechtliche-warnung\/\" \/>\n<meta property=\"og:site_name\" content=\"findPetGPS\" \/>\n<meta property=\"article:modified_time\" content=\"2021-07-09T09:45:57+00:00\" \/>\n<meta name=\"twitter:card\" content=\"summary_large_image\" \/>\n<meta name=\"twitter:label1\" content=\"Gesch\u00e4tzte Lesezeit\" \/>\n\t<meta name=\"twitter:data1\" content=\"4\u00a0Minuten\" \/>\n<script type=\"application\/ld+json\" class=\"yoast-schema-graph\">{\"@context\":\"https:\/\/schema.org\",\"@graph\":[{\"@type\":\"WebPage\",\"@id\":\"https:\/\/findpetgps.com\/de\/rechtliche-warnung\/\",\"url\":\"https:\/\/findpetgps.com\/de\/rechtliche-warnung\/\",\"name\":\"Rechtliche Warnung - findPetGPS\",\"isPartOf\":{\"@id\":\"https:\/\/findpetgps.com\/de\/#website\"},\"datePublished\":\"2020-10-16T18:04:52+00:00\",\"dateModified\":\"2021-07-09T09:45:57+00:00\",\"breadcrumb\":{\"@id\":\"https:\/\/findpetgps.com\/de\/rechtliche-warnung\/#breadcrumb\"},\"inLanguage\":\"de\",\"potentialAction\":[{\"@type\":\"ReadAction\",\"target\":[\"https:\/\/findpetgps.com\/de\/rechtliche-warnung\/\"]}]},{\"@type\":\"BreadcrumbList\",\"@id\":\"https:\/\/findpetgps.com\/de\/rechtliche-warnung\/#breadcrumb\",\"itemListElement\":[{\"@type\":\"ListItem\",\"position\":1,\"name\":\"Portada\",\"item\":\"https:\/\/findpetgps.com\/de\/\"},{\"@type\":\"ListItem\",\"position\":2,\"name\":\"Rechtliche Warnung\"}]},{\"@type\":\"WebSite\",\"@id\":\"https:\/\/findpetgps.com\/de\/#website\",\"url\":\"https:\/\/findpetgps.com\/de\/\",\"name\":\"findPetGPS\",\"description\":\"GPS-Ortungsger\u00e4te f\u00fcr Hunde und Katzen\",\"publisher\":{\"@id\":\"https:\/\/findpetgps.com\/de\/#organization\"},\"potentialAction\":[{\"@type\":\"SearchAction\",\"target\":{\"@type\":\"EntryPoint\",\"urlTemplate\":\"https:\/\/findpetgps.com\/de\/?s={search_term_string}\"},\"query-input\":{\"@type\":\"PropertyValueSpecification\",\"valueRequired\":true,\"valueName\":\"search_term_string\"}}],\"inLanguage\":\"de\"},{\"@type\":\"Organization\",\"@id\":\"https:\/\/findpetgps.com\/de\/#organization\",\"name\":\"findPetGPS\",\"url\":\"https:\/\/findpetgps.com\/de\/\",\"logo\":{\"@type\":\"ImageObject\",\"inLanguage\":\"de\",\"@id\":\"https:\/\/findpetgps.com\/de\/#\/schema\/logo\/image\/\",\"url\":\"https:\/\/findpetgps.com\/wp-content\/uploads\/2020\/10\/Findpet-Logo-01-200.png\",\"contentUrl\":\"https:\/\/findpetgps.com\/wp-content\/uploads\/2020\/10\/Findpet-Logo-01-200.png\",\"width\":283,\"height\":200,\"caption\":\"findPetGPS\"},\"image\":{\"@id\":\"https:\/\/findpetgps.com\/de\/#\/schema\/logo\/image\/\"}}]}<\/script>\n<!-- \/ Yoast SEO plugin. -->","yoast_head_json":{"title":"Rechtliche Warnung - findPetGPS","robots":{"index":"index","follow":"follow","max-snippet":"max-snippet:-1","max-image-preview":"max-image-preview:large","max-video-preview":"max-video-preview:-1"},"canonical":"https:\/\/findpetgps.com\/de\/rechtliche-warnung\/","og_locale":"de_DE","og_type":"article","og_title":"Rechtliche Warnung - findPetGPS","og_description":"1. Nutzungsbedingungen. Die hier genannten Bedingungen gelten f\u00fcr alle Transaktionen, die auf der Website www.findpetgps.com durchgef\u00fchrt werden, die von GPS Consulting SL, USt-IdNr. ESB16677783 verwaltet wird. findpetgps bietet seinen Kunden mit dieser Website einen Service. Bitte lesen Sie die Verkaufsbedingungen f\u00fcr unsere Website. Die Nutzung von findpetgps.com durch den Kunden stellt eine Vereinbarung mit den [&hellip;]","og_url":"https:\/\/findpetgps.com\/de\/rechtliche-warnung\/","og_site_name":"findPetGPS","article_modified_time":"2021-07-09T09:45:57+00:00","twitter_card":"summary_large_image","twitter_misc":{"Gesch\u00e4tzte Lesezeit":"4\u00a0Minuten"},"schema":{"@context":"https:\/\/schema.org","@graph":[{"@type":"WebPage","@id":"https:\/\/findpetgps.com\/de\/rechtliche-warnung\/","url":"https:\/\/findpetgps.com\/de\/rechtliche-warnung\/","name":"Rechtliche Warnung - findPetGPS","isPartOf":{"@id":"https:\/\/findpetgps.com\/de\/#website"},"datePublished":"2020-10-16T18:04:52+00:00","dateModified":"2021-07-09T09:45:57+00:00","breadcrumb":{"@id":"https:\/\/findpetgps.com\/de\/rechtliche-warnung\/#breadcrumb"},"inLanguage":"de","potentialAction":[{"@type":"ReadAction","target":["https:\/\/findpetgps.com\/de\/rechtliche-warnung\/"]}]},{"@type":"BreadcrumbList","@id":"https:\/\/findpetgps.com\/de\/rechtliche-warnung\/#breadcrumb","itemListElement":[{"@type":"ListItem","position":1,"name":"Portada","item":"https:\/\/findpetgps.com\/de\/"},{"@type":"ListItem","position":2,"name":"Rechtliche Warnung"}]},{"@type":"WebSite","@id":"https:\/\/findpetgps.com\/de\/#website","url":"https:\/\/findpetgps.com\/de\/","name":"findPetGPS","description":"GPS-Ortungsger\u00e4te f\u00fcr Hunde und Katzen","publisher":{"@id":"https:\/\/findpetgps.com\/de\/#organization"},"potentialAction":[{"@type":"SearchAction","target":{"@type":"EntryPoint","urlTemplate":"https:\/\/findpetgps.com\/de\/?s={search_term_string}"},"query-input":{"@type":"PropertyValueSpecification","valueRequired":true,"valueName":"search_term_string"}}],"inLanguage":"de"},{"@type":"Organization","@id":"https:\/\/findpetgps.com\/de\/#organization","name":"findPetGPS","url":"https:\/\/findpetgps.com\/de\/","logo":{"@type":"ImageObject","inLanguage":"de","@id":"https:\/\/findpetgps.com\/de\/#\/schema\/logo\/image\/","url":"https:\/\/findpetgps.com\/wp-content\/uploads\/2020\/10\/Findpet-Logo-01-200.png","contentUrl":"https:\/\/findpetgps.com\/wp-content\/uploads\/2020\/10\/Findpet-Logo-01-200.png","width":283,"height":200,"caption":"findPetGPS"},"image":{"@id":"https:\/\/findpetgps.com\/de\/#\/schema\/logo\/image\/"}}]}},"_links":{"self":[{"href":"https:\/\/findpetgps.com\/de\/wp-json\/wp\/v2\/pages\/2786","targetHints":{"allow":["GET"]}}],"collection":[{"href":"https:\/\/findpetgps.com\/de\/wp-json\/wp\/v2\/pages"}],"about":[{"href":"https:\/\/findpetgps.com\/de\/wp-json\/wp\/v2\/types\/page"}],"author":[{"embeddable":true,"href":"https:\/\/findpetgps.com\/de\/wp-json\/wp\/v2\/users\/1"}],"replies":[{"embeddable":true,"href":"https:\/\/findpetgps.com\/de\/wp-json\/wp\/v2\/comments?post=2786"}],"version-history":[{"count":0,"href":"https:\/\/findpetgps.com\/de\/wp-json\/wp\/v2\/pages\/2786\/revisions"}],"wp:attachment":[{"href":"https:\/\/findpetgps.com\/de\/wp-json\/wp\/v2\/media?parent=2786"}],"curies":[{"name":"wp","href":"https:\/\/api.w.org\/{rel}","templated":true}]}}