{"id":2772,"date":"2020-10-16T19:41:41","date_gmt":"2020-10-16T17:41:41","guid":{"rendered":"https:\/\/findpetgps.com\/geschaeftsbedingungen\/"},"modified":"2021-07-09T11:47:44","modified_gmt":"2021-07-09T09:47:44","slug":"geschaeftsbedingungen","status":"publish","type":"page","link":"https:\/\/findpetgps.com\/de\/rechtliche-warnung\/geschaeftsbedingungen\/","title":{"rendered":"Gesch\u00e4ftsbedingungen"},"content":{"rendered":"\n<h4 class=\"wp-block-heading\" id=\"h-t-rminos-de-compra-de-findpet-gps\"><strong>FindPet GPS-Kaufbedingungen<\/strong><\/h4>\n\n<h5 class=\"wp-block-heading\" id=\"h-1-pedido\"><strong>1. BESTELLEN<\/strong><\/h5>\n\n<p>Jede Bestellung von GPS FindPet Pet Locator-Produkten kann online \u00fcber unsere Website www.FindPetGPS.com erfolgen.<\/p>\n\n<p>Nach erfolgreichem Abschluss des Kaufvorgangs erhalten Sie eine Best\u00e4tigungs-E-Mail mit der Referenznummer, die Ihre Bestellung identifiziert, und der Kauf\u00fcbersicht. Bitte \u00fcberpr\u00fcfen Sie es und bewahren Sie es als Quittung f\u00fcr das auf, was Sie f\u00fcr die zuk\u00fcnftige Kommunikation kaufen.<\/p>\n\n<hr class=\"wp-block-separator\"\/>\n\n<h5 class=\"wp-block-heading\" id=\"h-2-precio\"><strong>2. PREIS<\/strong><\/h5>\n\n<p>Alle unsere Preise sind in Euro angegeben und enthalten die Mehrwertsteuer f\u00fcr den Verkauf innerhalb der Europ\u00e4ischen Union. Die einzigen anfallenden zus\u00e4tzlichen Kosten sind der Versand. F\u00fcr spezielle Sendungen behalten wir uns das Recht vor, mit Ihrer Annahme die tats\u00e4chlichen Transportkosten in Rechnung zu stellen.<\/p>\n\n<hr class=\"wp-block-separator\"\/>\n\n<h5 class=\"wp-block-heading\" id=\"h-3-pago\"><strong>3. ZAHLUNG<\/strong><\/h5>\n\n<p>Bestellungen werden nach Zahlungseingang und Identifizierung versandt.<\/p>\n\n<ul class=\"wp-block-list\"><li>Kreditkarte. 100% sicherer Gehweg.<\/li><li>PayPal.<\/li><\/ul>\n\n<hr class=\"wp-block-separator\"\/>\n\n<h5 class=\"wp-block-heading\" id=\"h-4-pol-tica-de-env-o\"><strong>4. VERSANDPOLITIK<\/strong><\/h5>\n\n<p>FindPet GPS liefert in Europa.<\/p>\n\n<p>Auf der spanischen Halbinsel und auf den Balearen liefern wir per Expresspost oder Kurier.<\/p>\n\n<ul class=\"wp-block-list\"><li>Die Lieferzeit betr\u00e4gt 1-7 Werktage. Einhaltung von 24-48 Stunden bei den meisten Sendungen auf die Halbinsel und die Balearen mit Ausnahme bestimmter Zeitr\u00e4ume.<\/li><li>Im Falle eines Lagerbruchs werden wir Sie kontaktieren, um den Vorfall zu beheben und Sie \u00fcber die verschiedenen L\u00f6sungen zu informieren.<\/li><\/ul>\n\n<p>Auf den Kanarischen Inseln, Ceuta und Melilla liefern wir \u00fcber die Post.<\/p>\n\n<h6 class=\"wp-block-heading\" id=\"h-todos-los-gastos-de-env-o-son-gratis\"><em><strong>ALLE VERSANDKOSTEN SIND KOSTENLOS *<\/strong><\/em><\/h6>\n\n<h6 class=\"wp-block-heading\" id=\"h-pen-nsula-y-baleares\"><em><strong>* (HALBINSEL UND BALEARISCHE INSELN)<\/strong><\/em><\/h6>\n\n<p>Auf die Kanarischen Inseln, Ceuta, Melilla und andere L\u00e4nder betragen die Versandkosten 5 \u20ac. In jedem Fall werden sie w\u00e4hrend des Kaufvorgangs angezeigt.<\/p>\n\n<h6 class=\"wp-block-heading\" id=\"h-direcciones-incorrectas\">Falsche Adressen:<\/h6>\n\n<p>Bitte \u00fcberpr\u00fcfen Sie, ob Ihre Lieferadresse so vollst\u00e4ndig und genau wie m\u00f6glich ist. Die Telefonnummer und die E-Mail-Adresse sind korrekt.<\/p>\n\n<p><em>Warten Sie nicht l\u00e4nger als 7 Tage ab unserer Benachrichtigung \u00fcber den Versand per E-Mail, ohne die Bestellung in Anspruch zu nehmen. Stellen Sie sicher, dass die von Ihnen angegebene E-Mail-Adresse korrekt ist, damit Sie die Versandbenachrichtigung problemlos erhalten k\u00f6nnen.<\/em><\/p>\n\n<p><em>Durch die Best\u00e4tigung dieser KAUFBEDINGUNGEN verpflichtet sich der Kunde, bei R\u00fccksendungen f\u00fcr unvollst\u00e4ndige Adressen, die nicht von diesen ausgef\u00fcllt wurden, und f\u00fcr nicht rechtzeitig geltend gemachte Sendungen das zweite Porto zu zahlen.<\/em><\/p>\n\n<p><em>FindPet kann nicht daf\u00fcr verantwortlich gemacht werden<\/em> Geographisches Positionierungs System<em> .com, wenn Sie die angeforderte Bestellung aufgrund von Umst\u00e4nden au\u00dferhalb Ihrer Kontrolle nicht versenden k\u00f6nnen, einschlie\u00dflich VERZ\u00d6GERUNGEN durch unsere Lieferanten, Br\u00e4nde, \u00dcberschwemmungen, Streiks, elektrische Probleme usw.<\/em><\/p>\n\n<hr class=\"wp-block-separator\"\/>\n\n<h5 class=\"wp-block-heading\" id=\"h-5-devoluciones\"><strong>5. R\u00dcCKGABE<\/strong><\/h5>\n\n<p>Wenn Sie mit dem Eingang Ihrer Bestellung nicht zufrieden sind, k\u00f6nnen Sie von Ihrem Widerrufsrecht im Allgemeinen Gesetz zur Verteidigung von Verbrauchern und Nutzern Gebrauch machen, indem Sie die R\u00fcckgabe innerhalb einer Frist von <strong>20 Kalendertage<\/strong> ab dem Datum, an dem Sie die Bestellung erhalten haben, unter Verwendung der Originalverpackung, in der Sie Ihre Bestellung erhalten haben. Die zur\u00fcckzugebenden Produkte m\u00fcssen in einwandfreiem Zustand sein, ohne dass ihre Verwendung eingeschr\u00e4nkt ist. Sobald \u00fcberpr\u00fcft wurde, dass diese Bedingungen erf\u00fcllt sind, wird der Gesamtbetrag des betroffenen Produkts oder der betroffenen Produkte zur\u00fcckerstattet. Der Verbraucher hat die Versandkosten f\u00fcr die R\u00fccksendung der Ware zu tragen.<\/p>\n\n<p>F\u00fcr den Fall, dass die R\u00fccksendung m\u00f6glich ist, wird der Kaufpreis entsprechend der geleisteten Zahlungsweise vollst\u00e4ndig zur\u00fcckerstattet. Die Zahlung erfolgt, sobald wir das zur\u00fcckzusendende Produkt erhalten haben und best\u00e4tigt haben, dass es unseren Mindestanforderungen entspricht. Der K\u00e4ufer ist nur f\u00fcr die Postgeb\u00fchren verantwortlich, die bei der R\u00fccksendung der Produkte anfallen.<\/p>\n\n<p>Der Anspruch auf fehlerhafte Sendungen muss innerhalb von maximal 48-72 Stunden nach Erhalt des Pakets geltend gemacht werden.<\/p>\n\n<p>Abonnementdienste werden nicht erstattet, mit Ausnahme Ihres ersten Abonnements, das Sie innerhalb der gesetzlichen Frist von 15 Tagen k\u00fcndigen k\u00f6nnen. Der anteilige Teil der Abonnementtage, die von Anfang an bis zum Eingang Ihrer Widerrufsbelehrung verbraucht wurden, wird von dem zu erstattenden Betrag abgezogen. Die Erneuerung von Abonnements kann nicht gek\u00fcndigt werden.<\/p>\n\n<p>F\u00fcr eine R\u00fcckgabe oder Mitteilung des Widerrufs k\u00f6nnen Sie das nachfolgend abgebildete Muster-Widerrufsformular verwenden:<a href=\"https:\/\/findpetgps.com\/wp-content\/uploads\/FORMULARIO-DE-DESISTIMIENTO.pdf\"> Widerrufsformular<\/a><\/p>\n\n<p>Das Formular muss zusammen mit dem zur\u00fcckgesandten Produkt beigef\u00fcgt, ordnungsgem\u00e4\u00df ausgef\u00fcllt und unterschrieben sein.<\/p>\n\n<hr class=\"wp-block-separator\"\/>\n\n<h5 class=\"wp-block-heading\" id=\"h-6-garant-a\"><strong>6. GARANTIE<\/strong><\/h5>\n\n<p>FindPetgps.com bietet eine zweij\u00e4hrige Garantie, die ab dem Zeitpunkt beginnt, an dem das Produkt an den Kunden geliefert wird. Die Rechnung ist die Garantie, bitte bewahren Sie sie auf. Diese Garantie deckt Herstellungs- und Materialfehler ab, die auftreten k\u00f6nnen, wenn die Produkte gem\u00e4\u00df den Gebrauchsanweisungen verwendet wurden. Die Garantie deckt keine Sch\u00e4den am Produkt ab, die durch unsachgem\u00e4\u00dfe Verwendung, mangelnde Pflege oder \u00c4nderungen entstehen.<\/p>\n\n<p>Wenn ein Defekt auftritt und FindPet innerhalb des entsprechenden Garantiezeitraums eine Garantieaktivierungsanfrage erh\u00e4lt, wird FindPet gem\u00e4\u00df den gesetzlichen Bestimmungen drei Optionen w\u00e4hlen, Produktreparatur (1), Austausch gegen ein neues Produkt (2), Geld zur\u00fcck (3). F\u00fcr jedes Ersatzprodukt gilt eine Garantie f\u00fcr den Rest der urspr\u00fcnglichen Garantie oder f\u00fcr einen Zeitraum von drei\u00dfig (30) Tagen (je nachdem, welcher Zeitraum l\u00e4nger ist) oder f\u00fcr einen zus\u00e4tzlichen Zeitraum, der nach geltendem Recht erforderlich ist.<\/p>\n\n<p>Um technische Unterst\u00fctzung anzufordern, k\u00f6nnen Sie das unten gezeigte Modell des Formulars f\u00fcr technische Unterst\u00fctzung f\u00fcr die Gew\u00e4hrleistungsaktivierung verwenden. <a href=\"https:\/\/findpetgps.com\/wp-content\/uploads\/ASISTENCIA-2020GPS.pdf\" target=\"_blank\" rel=\"noreferrer noopener\">Formular f\u00fcr technischen Service herunterladen. <\/a><\/p>\n\n<p>Dieses Autorisierungsformular f\u00fcr die Gew\u00e4hrleistungsaktivierung muss dem Produkt zur Unterst\u00fctzung beigef\u00fcgt werden. Vergessen Sie nicht, darin Ihre Bestellnummer anzugeben.<\/p>\n\n<h6 class=\"wp-block-heading\" id=\"h-limitaciones\">Einschr\u00e4nkungen:<\/h6>\n\n<p>Diese eingeschr\u00e4nkte Produktgarantie gilt nur f\u00fcr den urspr\u00fcnglichen K\u00e4ufer des Produkts, das bei FindPetgps.com oder einem autorisierten H\u00e4ndler gekauft und von oder f\u00fcr FindPet hergestellt wurde. Diese Garantie gilt weder f\u00fcr ein Produkt oder Teile eines Produkts, die von einer nicht von FindPet autorisierten Person repariert, ver\u00e4ndert, restauriert oder modifiziert wurden, noch f\u00fcr kosmetische Sch\u00e4den wie Kratzer, Beulen und Beulen. Dar\u00fcber hinaus gilt diese eingeschr\u00e4nkte Produktgarantie nicht f\u00fcr Sch\u00e4den oder M\u00e4ngel, die durch verursacht werden (a) Verwendung mit Nicht-FindPet-Produkten; (b) Unfall, Missbrauch, Missbrauch, fehlerhafte Handhabung, \u00dcberschwemmung, Feuer, Erdbeben oder andere \u00e4u\u00dfere Ursachen; (c) normaler Verschlei\u00df oder Alterung des Produkts wie Verf\u00e4rbung oder Dehnung; oder (d) Verwendung des Produkts unabh\u00e4ngig von seinem Verwendungszweck, nicht gem\u00e4\u00df den Anweisungen von FindPet GPS oder mit einer ungeeigneten Spannung oder Stromversorgung.<\/p>\n\n<p>Kein FindPet GPS-H\u00e4ndler, -Distributor, -Vertreter oder -Mitarbeiter ist berechtigt, \u00c4nderungen, Erweiterungen oder Erg\u00e4nzungen dieser eingeschr\u00e4nkten Produktgarantie vorzunehmen. Wenn eine Bestimmung in diesem Dokument als illegal oder nicht durchsetzbar angesehen wird, wird die Rechtm\u00e4\u00dfigkeit oder Anwendbarkeit der \u00fcbrigen Bestimmungen nicht beeintr\u00e4chtigt oder beeintr\u00e4chtigt.<\/p>\n","protected":false},"excerpt":{"rendered":"<p>FindPet GPS-Kaufbedingungen 1. BESTELLEN Jede Bestellung von GPS FindPet Pet Locator-Produkten kann online \u00fcber unsere Website www.FindPetGPS.com erfolgen. Nach erfolgreichem Abschluss des Kaufvorgangs erhalten Sie eine Best\u00e4tigungs-E-Mail mit der Referenznummer, die Ihre Bestellung identifiziert, und der Kauf\u00fcbersicht. Bitte \u00fcberpr\u00fcfen Sie es und bewahren Sie es als Quittung f\u00fcr das auf, was Sie f\u00fcr die zuk\u00fcnftige [&hellip;]<\/p>\n","protected":false},"author":1,"featured_media":0,"parent":2786,"menu_order":24,"comment_status":"closed","ping_status":"closed","template":"","meta":{"footnotes":"","_elementor_edit_mode":"","_elementor_template_type":"","_elementor_data":"","_elementor_page_settings":null,"_elementor_conditions":[]},"class_list":["post-2772","page","type-page","status-publish","hentry"],"yoast_head":"<!-- This site is optimized with the Yoast SEO plugin v27.1.1 - https:\/\/yoast.com\/product\/yoast-seo-wordpress\/ -->\n<title>Gesch\u00e4ftsbedingungen - findPetGPS<\/title>\n<meta name=\"robots\" content=\"index, follow, max-snippet:-1, max-image-preview:large, max-video-preview:-1\" \/>\n<link rel=\"canonical\" href=\"https:\/\/findpetgps.com\/de\/rechtliche-warnung\/geschaeftsbedingungen\/\" \/>\n<meta property=\"og:locale\" content=\"de_DE\" \/>\n<meta property=\"og:type\" content=\"article\" \/>\n<meta property=\"og:title\" content=\"Gesch\u00e4ftsbedingungen - findPetGPS\" \/>\n<meta property=\"og:description\" content=\"FindPet GPS-Kaufbedingungen 1. BESTELLEN Jede Bestellung von GPS FindPet Pet Locator-Produkten kann online \u00fcber unsere Website www.FindPetGPS.com erfolgen. Nach erfolgreichem Abschluss des Kaufvorgangs erhalten Sie eine Best\u00e4tigungs-E-Mail mit der Referenznummer, die Ihre Bestellung identifiziert, und der Kauf\u00fcbersicht. Bitte \u00fcberpr\u00fcfen Sie es und bewahren Sie es als Quittung f\u00fcr das auf, was Sie f\u00fcr die zuk\u00fcnftige [&hellip;]\" \/>\n<meta property=\"og:url\" content=\"https:\/\/findpetgps.com\/de\/rechtliche-warnung\/geschaeftsbedingungen\/\" \/>\n<meta property=\"og:site_name\" content=\"findPetGPS\" \/>\n<meta property=\"article:modified_time\" content=\"2021-07-09T09:47:44+00:00\" \/>\n<meta name=\"twitter:card\" content=\"summary_large_image\" \/>\n<meta name=\"twitter:label1\" content=\"Gesch\u00e4tzte Lesezeit\" \/>\n\t<meta name=\"twitter:data1\" content=\"5\u00a0Minuten\" \/>\n<script type=\"application\/ld+json\" class=\"yoast-schema-graph\">{\"@context\":\"https:\/\/schema.org\",\"@graph\":[{\"@type\":\"WebPage\",\"@id\":\"https:\/\/findpetgps.com\/de\/rechtliche-warnung\/geschaeftsbedingungen\/\",\"url\":\"https:\/\/findpetgps.com\/de\/rechtliche-warnung\/geschaeftsbedingungen\/\",\"name\":\"Gesch\u00e4ftsbedingungen - findPetGPS\",\"isPartOf\":{\"@id\":\"https:\/\/findpetgps.com\/de\/#website\"},\"datePublished\":\"2020-10-16T17:41:41+00:00\",\"dateModified\":\"2021-07-09T09:47:44+00:00\",\"breadcrumb\":{\"@id\":\"https:\/\/findpetgps.com\/de\/rechtliche-warnung\/geschaeftsbedingungen\/#breadcrumb\"},\"inLanguage\":\"de\",\"potentialAction\":[{\"@type\":\"ReadAction\",\"target\":[\"https:\/\/findpetgps.com\/de\/rechtliche-warnung\/geschaeftsbedingungen\/\"]}]},{\"@type\":\"BreadcrumbList\",\"@id\":\"https:\/\/findpetgps.com\/de\/rechtliche-warnung\/geschaeftsbedingungen\/#breadcrumb\",\"itemListElement\":[{\"@type\":\"ListItem\",\"position\":1,\"name\":\"Portada\",\"item\":\"https:\/\/findpetgps.com\/de\/\"},{\"@type\":\"ListItem\",\"position\":2,\"name\":\"Rechtliche Warnung\",\"item\":\"https:\/\/findpetgps.com\/de\/aviso-legal\/\"},{\"@type\":\"ListItem\",\"position\":3,\"name\":\"Gesch\u00e4ftsbedingungen\"}]},{\"@type\":\"WebSite\",\"@id\":\"https:\/\/findpetgps.com\/de\/#website\",\"url\":\"https:\/\/findpetgps.com\/de\/\",\"name\":\"findPetGPS\",\"description\":\"GPS-Ortungsger\u00e4te f\u00fcr Hunde und Katzen\",\"publisher\":{\"@id\":\"https:\/\/findpetgps.com\/de\/#organization\"},\"potentialAction\":[{\"@type\":\"SearchAction\",\"target\":{\"@type\":\"EntryPoint\",\"urlTemplate\":\"https:\/\/findpetgps.com\/de\/?s={search_term_string}\"},\"query-input\":{\"@type\":\"PropertyValueSpecification\",\"valueRequired\":true,\"valueName\":\"search_term_string\"}}],\"inLanguage\":\"de\"},{\"@type\":\"Organization\",\"@id\":\"https:\/\/findpetgps.com\/de\/#organization\",\"name\":\"findPetGPS\",\"url\":\"https:\/\/findpetgps.com\/de\/\",\"logo\":{\"@type\":\"ImageObject\",\"inLanguage\":\"de\",\"@id\":\"https:\/\/findpetgps.com\/de\/#\/schema\/logo\/image\/\",\"url\":\"https:\/\/findpetgps.com\/wp-content\/uploads\/2020\/10\/Findpet-Logo-01-200.png\",\"contentUrl\":\"https:\/\/findpetgps.com\/wp-content\/uploads\/2020\/10\/Findpet-Logo-01-200.png\",\"width\":283,\"height\":200,\"caption\":\"findPetGPS\"},\"image\":{\"@id\":\"https:\/\/findpetgps.com\/de\/#\/schema\/logo\/image\/\"}}]}<\/script>\n<!-- \/ Yoast SEO plugin. -->","yoast_head_json":{"title":"Gesch\u00e4ftsbedingungen - findPetGPS","robots":{"index":"index","follow":"follow","max-snippet":"max-snippet:-1","max-image-preview":"max-image-preview:large","max-video-preview":"max-video-preview:-1"},"canonical":"https:\/\/findpetgps.com\/de\/rechtliche-warnung\/geschaeftsbedingungen\/","og_locale":"de_DE","og_type":"article","og_title":"Gesch\u00e4ftsbedingungen - findPetGPS","og_description":"FindPet GPS-Kaufbedingungen 1. BESTELLEN Jede Bestellung von GPS FindPet Pet Locator-Produkten kann online \u00fcber unsere Website www.FindPetGPS.com erfolgen. Nach erfolgreichem Abschluss des Kaufvorgangs erhalten Sie eine Best\u00e4tigungs-E-Mail mit der Referenznummer, die Ihre Bestellung identifiziert, und der Kauf\u00fcbersicht. Bitte \u00fcberpr\u00fcfen Sie es und bewahren Sie es als Quittung f\u00fcr das auf, was Sie f\u00fcr die zuk\u00fcnftige [&hellip;]","og_url":"https:\/\/findpetgps.com\/de\/rechtliche-warnung\/geschaeftsbedingungen\/","og_site_name":"findPetGPS","article_modified_time":"2021-07-09T09:47:44+00:00","twitter_card":"summary_large_image","twitter_misc":{"Gesch\u00e4tzte Lesezeit":"5\u00a0Minuten"},"schema":{"@context":"https:\/\/schema.org","@graph":[{"@type":"WebPage","@id":"https:\/\/findpetgps.com\/de\/rechtliche-warnung\/geschaeftsbedingungen\/","url":"https:\/\/findpetgps.com\/de\/rechtliche-warnung\/geschaeftsbedingungen\/","name":"Gesch\u00e4ftsbedingungen - findPetGPS","isPartOf":{"@id":"https:\/\/findpetgps.com\/de\/#website"},"datePublished":"2020-10-16T17:41:41+00:00","dateModified":"2021-07-09T09:47:44+00:00","breadcrumb":{"@id":"https:\/\/findpetgps.com\/de\/rechtliche-warnung\/geschaeftsbedingungen\/#breadcrumb"},"inLanguage":"de","potentialAction":[{"@type":"ReadAction","target":["https:\/\/findpetgps.com\/de\/rechtliche-warnung\/geschaeftsbedingungen\/"]}]},{"@type":"BreadcrumbList","@id":"https:\/\/findpetgps.com\/de\/rechtliche-warnung\/geschaeftsbedingungen\/#breadcrumb","itemListElement":[{"@type":"ListItem","position":1,"name":"Portada","item":"https:\/\/findpetgps.com\/de\/"},{"@type":"ListItem","position":2,"name":"Rechtliche Warnung","item":"https:\/\/findpetgps.com\/de\/aviso-legal\/"},{"@type":"ListItem","position":3,"name":"Gesch\u00e4ftsbedingungen"}]},{"@type":"WebSite","@id":"https:\/\/findpetgps.com\/de\/#website","url":"https:\/\/findpetgps.com\/de\/","name":"findPetGPS","description":"GPS-Ortungsger\u00e4te f\u00fcr Hunde und Katzen","publisher":{"@id":"https:\/\/findpetgps.com\/de\/#organization"},"potentialAction":[{"@type":"SearchAction","target":{"@type":"EntryPoint","urlTemplate":"https:\/\/findpetgps.com\/de\/?s={search_term_string}"},"query-input":{"@type":"PropertyValueSpecification","valueRequired":true,"valueName":"search_term_string"}}],"inLanguage":"de"},{"@type":"Organization","@id":"https:\/\/findpetgps.com\/de\/#organization","name":"findPetGPS","url":"https:\/\/findpetgps.com\/de\/","logo":{"@type":"ImageObject","inLanguage":"de","@id":"https:\/\/findpetgps.com\/de\/#\/schema\/logo\/image\/","url":"https:\/\/findpetgps.com\/wp-content\/uploads\/2020\/10\/Findpet-Logo-01-200.png","contentUrl":"https:\/\/findpetgps.com\/wp-content\/uploads\/2020\/10\/Findpet-Logo-01-200.png","width":283,"height":200,"caption":"findPetGPS"},"image":{"@id":"https:\/\/findpetgps.com\/de\/#\/schema\/logo\/image\/"}}]}},"_links":{"self":[{"href":"https:\/\/findpetgps.com\/de\/wp-json\/wp\/v2\/pages\/2772","targetHints":{"allow":["GET"]}}],"collection":[{"href":"https:\/\/findpetgps.com\/de\/wp-json\/wp\/v2\/pages"}],"about":[{"href":"https:\/\/findpetgps.com\/de\/wp-json\/wp\/v2\/types\/page"}],"author":[{"embeddable":true,"href":"https:\/\/findpetgps.com\/de\/wp-json\/wp\/v2\/users\/1"}],"replies":[{"embeddable":true,"href":"https:\/\/findpetgps.com\/de\/wp-json\/wp\/v2\/comments?post=2772"}],"version-history":[{"count":0,"href":"https:\/\/findpetgps.com\/de\/wp-json\/wp\/v2\/pages\/2772\/revisions"}],"up":[{"embeddable":true,"href":"https:\/\/findpetgps.com\/de\/wp-json\/wp\/v2\/pages\/2786"}],"wp:attachment":[{"href":"https:\/\/findpetgps.com\/de\/wp-json\/wp\/v2\/media?parent=2772"}],"curies":[{"name":"wp","href":"https:\/\/api.w.org\/{rel}","templated":true}]}}